{"id":13790,"date":"2016-11-07T16:18:40","date_gmt":"2016-11-07T15:18:40","guid":{"rendered":"https:\/\/dangate.dk.prolinux4.curanetserver.dk\/lucky-hunter\/produkt\/avian-x-graaaender-back-water-lokkeaender\/"},"modified":"2025-10-02T03:54:11","modified_gmt":"2025-10-02T01:54:11","slug":"avian-x-mallards-back-water","status":"publish","type":"product","link":"https:\/\/staging.lucky-hunter.com\/hu\/product\/avian-x-mallards-back-water\/","title":{"rendered":"Avian-X Mallards &#8211; Back Water"},"content":{"rendered":"<div class=\"video video-fit mb\" style=\"padding-top:56.25%;\"><p><iframe width=\"1020\" height=\"574\" src=\"https:\/\/www.youtube.com\/embed\/G-XVP63nNdY?wmode=transparent&amp;rel=0&amp;feature=oembed\" frameborder=\"0\" allowfullscreen><\/iframe><\/p>\n<\/div>\n<h2><strong>The market&#8217;s most natural decoys<\/strong><\/h2>\n<p>American Avian-X has set new standards for production and design of decoys. Now your duck hunting can be an even greater experience.<\/p>\n<p>Avian-X has created this package specially for the European market as there are many drakes in the boxes to the American hunters. Along with the Open Water and Backwater series this is a perfect combination for the autumn and winter hunting.<\/p>\n<p>The decoys have a special designed weight-forward swim keel with two integrated swim clips. You can with a handle, fastening the line in 4 different ways. Your decoys will thus move extremely varied and natural on the water. Avian-X decoys are absolutely fantastic on the water and creates an illusion of a flock of roosting and quacking mallards.<\/p>\n<p>The mallards are oversized for extra visibility. Measure from chest to tail is about 36.83 cm.<\/p>\n<p>Avian-X decoys are made of a soft plastic material that does not crack in cold weather. Also the decoys are painted with a dull and ultra adherent paint that does not peel off.<\/p>\n<p><strong>Sold in packs with 6:<\/strong><\/p>\n<ul>\n<li>2 Drake\u00a0surface feeders<\/li>\n<li>2\u00a0Drake feeders<\/li>\n<li>2 Hen\u00a0feeders.<\/li>\n<\/ul>\n<p>&nbsp;<\/p>\n<p>&nbsp;<\/p>\n","protected":false},"excerpt":{"rendered":"<p>American Avian-X has set new standards for production and design of decoys. Now your duck hunting can be an even greater experience.<\/p>\n","protected":false},"featured_media":25325,"template":"","meta":[],"product_brand":[9525],"product_cat":[8718],"product_tag":[9461],"yoast_head":"<!-- This site is optimized with the Yoast SEO plugin v24.3 - https:\/\/yoast.com\/wordpress\/plugins\/seo\/ -->\n<title>Avian-X Mallards - Back Water. The market&#039;s most natural decoys<\/title>\n<meta name=\"description\" content=\"American Avian-X has set new standards for production and design of decoys. Now your duck hunting can be an even greater experience.\" \/>\n<meta name=\"robots\" content=\"noindex, follow, max-snippet:-1, max-image-preview:large, max-video-preview:-1\" \/>\n<meta property=\"og:locale\" content=\"hu_HU\" \/>\n<meta property=\"og:type\" content=\"article\" \/>\n<meta property=\"og:title\" content=\"Avian-X Mallards - Back Water. The market&#039;s most natural decoys\" \/>\n<meta property=\"og:description\" content=\"American Avian-X has set new standards for production and design of decoys. Now your duck hunting can be an even greater experience.\" \/>\n<meta property=\"og:url\" content=\"https:\/\/staging.lucky-hunter.com\/product\/avian-x-mallards-back-water\/\" \/>\n<meta property=\"og:site_name\" content=\"Lucky-Hunter\" \/>\n<meta property=\"article:modified_time\" content=\"2025-10-02T01:54:11+00:00\" \/>\n<meta property=\"og:image\" content=\"https:\/\/staging.lucky-hunter.com\/wp-content\/uploads\/2016\/11\/lf-305-1-1.png\" \/>\n\t<meta property=\"og:image:width\" content=\"1000\" \/>\n\t<meta property=\"og:image:height\" content=\"1000\" \/>\n\t<meta property=\"og:image:type\" content=\"image\/png\" \/>\n<meta name=\"twitter:card\" content=\"summary_large_image\" \/>\n<meta name=\"twitter:label1\" content=\"Becs\u00fclt olvas\u00e1si id\u0151\" \/>\n\t<meta name=\"twitter:data1\" content=\"1 perc\" \/>\n<script type=\"application\/ld+json\" class=\"yoast-schema-graph\">{\"@context\":\"https:\/\/schema.org\",\"@graph\":[{\"@type\":\"WebPage\",\"@id\":\"https:\/\/staging.lucky-hunter.com\/product\/avian-x-mallards-back-water\/\",\"url\":\"https:\/\/staging.lucky-hunter.com\/product\/avian-x-mallards-back-water\/\",\"name\":\"Avian-X Mallards - Back Water. The market's most natural decoys\",\"isPartOf\":{\"@id\":\"https:\/\/staging.lucky-hunter.com\/#website\"},\"primaryImageOfPage\":{\"@id\":\"https:\/\/staging.lucky-hunter.com\/product\/avian-x-mallards-back-water\/#primaryimage\"},\"image\":{\"@id\":\"https:\/\/staging.lucky-hunter.com\/product\/avian-x-mallards-back-water\/#primaryimage\"},\"thumbnailUrl\":\"https:\/\/staging.lucky-hunter.com\/wp-content\/uploads\/2016\/11\/lf-305-1-1.png\",\"datePublished\":\"2016-11-07T15:18:40+00:00\",\"dateModified\":\"2025-10-02T01:54:11+00:00\",\"description\":\"American Avian-X has set new standards for production and design of decoys. Now your duck hunting can be an even greater experience.\",\"breadcrumb\":{\"@id\":\"https:\/\/staging.lucky-hunter.com\/product\/avian-x-mallards-back-water\/#breadcrumb\"},\"inLanguage\":\"hu\",\"potentialAction\":[{\"@type\":\"ReadAction\",\"target\":[\"https:\/\/staging.lucky-hunter.com\/product\/avian-x-mallards-back-water\/\"]}]},{\"@type\":\"ImageObject\",\"inLanguage\":\"hu\",\"@id\":\"https:\/\/staging.lucky-hunter.com\/product\/avian-x-mallards-back-water\/#primaryimage\",\"url\":\"https:\/\/staging.lucky-hunter.com\/wp-content\/uploads\/2016\/11\/lf-305-1-1.png\",\"contentUrl\":\"https:\/\/staging.lucky-hunter.com\/wp-content\/uploads\/2016\/11\/lf-305-1-1.png\",\"width\":1000,\"height\":1000},{\"@type\":\"BreadcrumbList\",\"@id\":\"https:\/\/staging.lucky-hunter.com\/product\/avian-x-mallards-back-water\/#breadcrumb\",\"itemListElement\":[{\"@type\":\"ListItem\",\"position\":1,\"name\":\"Home\",\"item\":\"https:\/\/staging.lucky-hunter.com\/hu\/\"},{\"@type\":\"ListItem\",\"position\":2,\"name\":\"Shop\",\"item\":\"https:\/\/staging.lucky-hunter.com\/hu\/shop\/\"},{\"@type\":\"ListItem\",\"position\":3,\"name\":\"Avian-X Mallards &#8211; Back Water\"}]},{\"@type\":\"WebSite\",\"@id\":\"https:\/\/staging.lucky-hunter.com\/#website\",\"url\":\"https:\/\/staging.lucky-hunter.com\/\",\"name\":\"Lucky-Hunter\",\"description\":\"Gear Up or Give Up\",\"potentialAction\":[{\"@type\":\"SearchAction\",\"target\":{\"@type\":\"EntryPoint\",\"urlTemplate\":\"https:\/\/staging.lucky-hunter.com\/?s={search_term_string}\"},\"query-input\":{\"@type\":\"PropertyValueSpecification\",\"valueRequired\":true,\"valueName\":\"search_term_string\"}}],\"inLanguage\":\"hu\"}]}<\/script>\n<!-- \/ Yoast SEO plugin. -->","yoast_head_json":{"title":"Avian-X Mallards - Back Water. The market's most natural decoys","description":"American Avian-X has set new standards for production and design of decoys. Now your duck hunting can be an even greater experience.","robots":{"index":"noindex","follow":"follow","max-snippet":"max-snippet:-1","max-image-preview":"max-image-preview:large","max-video-preview":"max-video-preview:-1"},"og_locale":"hu_HU","og_type":"article","og_title":"Avian-X Mallards - Back Water. The market's most natural decoys","og_description":"American Avian-X has set new standards for production and design of decoys. Now your duck hunting can be an even greater experience.","og_url":"https:\/\/staging.lucky-hunter.com\/product\/avian-x-mallards-back-water\/","og_site_name":"Lucky-Hunter","article_modified_time":"2025-10-02T01:54:11+00:00","og_image":[{"width":1000,"height":1000,"url":"https:\/\/staging.lucky-hunter.com\/wp-content\/uploads\/2016\/11\/lf-305-1-1.png","type":"image\/png"}],"twitter_card":"summary_large_image","twitter_misc":{"Becs\u00fclt olvas\u00e1si id\u0151":"1 perc"},"schema":{"@context":"https:\/\/schema.org","@graph":[{"@type":"WebPage","@id":"https:\/\/staging.lucky-hunter.com\/product\/avian-x-mallards-back-water\/","url":"https:\/\/staging.lucky-hunter.com\/product\/avian-x-mallards-back-water\/","name":"Avian-X Mallards - Back Water. The market's most natural decoys","isPartOf":{"@id":"https:\/\/staging.lucky-hunter.com\/#website"},"primaryImageOfPage":{"@id":"https:\/\/staging.lucky-hunter.com\/product\/avian-x-mallards-back-water\/#primaryimage"},"image":{"@id":"https:\/\/staging.lucky-hunter.com\/product\/avian-x-mallards-back-water\/#primaryimage"},"thumbnailUrl":"https:\/\/staging.lucky-hunter.com\/wp-content\/uploads\/2016\/11\/lf-305-1-1.png","datePublished":"2016-11-07T15:18:40+00:00","dateModified":"2025-10-02T01:54:11+00:00","description":"American Avian-X has set new standards for production and design of decoys. Now your duck hunting can be an even greater experience.","breadcrumb":{"@id":"https:\/\/staging.lucky-hunter.com\/product\/avian-x-mallards-back-water\/#breadcrumb"},"inLanguage":"hu","potentialAction":[{"@type":"ReadAction","target":["https:\/\/staging.lucky-hunter.com\/product\/avian-x-mallards-back-water\/"]}]},{"@type":"ImageObject","inLanguage":"hu","@id":"https:\/\/staging.lucky-hunter.com\/product\/avian-x-mallards-back-water\/#primaryimage","url":"https:\/\/staging.lucky-hunter.com\/wp-content\/uploads\/2016\/11\/lf-305-1-1.png","contentUrl":"https:\/\/staging.lucky-hunter.com\/wp-content\/uploads\/2016\/11\/lf-305-1-1.png","width":1000,"height":1000},{"@type":"BreadcrumbList","@id":"https:\/\/staging.lucky-hunter.com\/product\/avian-x-mallards-back-water\/#breadcrumb","itemListElement":[{"@type":"ListItem","position":1,"name":"Home","item":"https:\/\/staging.lucky-hunter.com\/hu\/"},{"@type":"ListItem","position":2,"name":"Shop","item":"https:\/\/staging.lucky-hunter.com\/hu\/shop\/"},{"@type":"ListItem","position":3,"name":"Avian-X Mallards &#8211; Back Water"}]},{"@type":"WebSite","@id":"https:\/\/staging.lucky-hunter.com\/#website","url":"https:\/\/staging.lucky-hunter.com\/","name":"Lucky-Hunter","description":"Gear Up or Give Up","potentialAction":[{"@type":"SearchAction","target":{"@type":"EntryPoint","urlTemplate":"https:\/\/staging.lucky-hunter.com\/?s={search_term_string}"},"query-input":{"@type":"PropertyValueSpecification","valueRequired":true,"valueName":"search_term_string"}}],"inLanguage":"hu"}]}},"_links":{"self":[{"href":"https:\/\/staging.lucky-hunter.com\/hu\/wp-json\/wp\/v2\/product\/13790"}],"collection":[{"href":"https:\/\/staging.lucky-hunter.com\/hu\/wp-json\/wp\/v2\/product"}],"about":[{"href":"https:\/\/staging.lucky-hunter.com\/hu\/wp-json\/wp\/v2\/types\/product"}],"wp:featuredmedia":[{"embeddable":true,"href":"https:\/\/staging.lucky-hunter.com\/hu\/wp-json\/wp\/v2\/media\/25325"}],"wp:attachment":[{"href":"https:\/\/staging.lucky-hunter.com\/hu\/wp-json\/wp\/v2\/media?parent=13790"}],"wp:term":[{"taxonomy":"product_brand","embeddable":true,"href":"https:\/\/staging.lucky-hunter.com\/hu\/wp-json\/wp\/v2\/product_brand?post=13790"},{"taxonomy":"product_cat","embeddable":true,"href":"https:\/\/staging.lucky-hunter.com\/hu\/wp-json\/wp\/v2\/product_cat?post=13790"},{"taxonomy":"product_tag","embeddable":true,"href":"https:\/\/staging.lucky-hunter.com\/hu\/wp-json\/wp\/v2\/product_tag?post=13790"}],"curies":[{"name":"wp","href":"https:\/\/api.w.org\/{rel}","templated":true}]}}