{"id":13623,"date":"2016-11-07T16:10:47","date_gmt":"2016-11-07T15:10:47","guid":{"rendered":"https:\/\/dangate.dk.prolinux4.curanetserver.dk\/lucky-hunter\/produkt\/dan-thompson-lokkekald-raev-pc3-2\/"},"modified":"2025-10-02T04:06:56","modified_gmt":"2025-10-02T02:06:56","slug":"dan-thompson-pc3-fox-call","status":"publish","type":"product","link":"https:\/\/staging.lucky-hunter.com\/hu\/product\/dan-thompson-pc3-fox-call\/","title":{"rendered":"Dan Thompson PC3 Predator Call"},"content":{"rendered":"<h1><strong>Predator lure hunting from a shorter distance<\/strong><\/h1>\n<p>Dan Thompson PC3 is used for lure hunting on foxes and martens that are expected to be present within 200 meters. PC3 can also be used for crow hunting.<\/p>\n<p>Place yourself at the edge of the area, where you have a good overview and start by calling with smaller volume, which is gradually increased.<\/p>\n<p>Call for 1 min. and then pause for 2-3 minutes. Blow 3 short and sharp sequences followed by a longer complaining sound that mimics a wounded hare. A wounded animal screams so you need to give it some force.<\/p>\n<p>Make sure to vary the sound so that it does not become monotonous.<\/p>\n<p>Dan Thompson predator calls are made of exclusive American walnut wood and hand tuned to perfection.<\/p>\n","protected":false},"excerpt":{"rendered":"<p>This 7.5 cm game call reproduces screams from hare and young birds. PC3 is perfect in areas with bushes and scrub when you need to lure the fox from a shorter distance.<\/p>\n","protected":false},"featured_media":20545,"template":"","meta":[],"product_brand":[84],"product_cat":[48],"product_tag":[9149],"yoast_head":"<!-- This site is optimized with the Yoast SEO plugin v24.3 - https:\/\/yoast.com\/wordpress\/plugins\/seo\/ -->\n<title>Dan Thompson PC3 Fox Call- Hand-Tuned, Every Time | Lucky Hunter<\/title>\n<meta name=\"description\" content=\"Call in the prey with Dan Thompson. Hand made, hand tuned premium quality PC3 fox call by Dan Thompson. Make every hunt a success with this by your side.\" \/>\n<meta name=\"robots\" content=\"noindex, follow, max-snippet:-1, max-image-preview:large, max-video-preview:-1\" \/>\n<meta property=\"og:locale\" content=\"hu_HU\" \/>\n<meta property=\"og:type\" content=\"article\" \/>\n<meta property=\"og:title\" content=\"Dan Thompson PC3 Fox Call- Hand-Tuned, Every Time | Lucky Hunter\" \/>\n<meta property=\"og:description\" content=\"Call in the prey with Dan Thompson. Hand made, hand tuned premium quality PC3 fox call by Dan Thompson. Make every hunt a success with this by your side.\" \/>\n<meta property=\"og:url\" content=\"https:\/\/staging.lucky-hunter.com\/product\/dan-thompson-pc3-fox-call\/\" \/>\n<meta property=\"og:site_name\" content=\"Lucky-Hunter\" \/>\n<meta property=\"article:modified_time\" content=\"2025-10-02T02:06:56+00:00\" \/>\n<meta property=\"og:image\" content=\"https:\/\/staging.lucky-hunter.com\/wp-content\/uploads\/2016\/11\/LK-155-1.png\" \/>\n\t<meta property=\"og:image:width\" content=\"1000\" \/>\n\t<meta property=\"og:image:height\" content=\"1000\" \/>\n\t<meta property=\"og:image:type\" content=\"image\/png\" \/>\n<meta name=\"twitter:card\" content=\"summary_large_image\" \/>\n<meta name=\"twitter:label1\" content=\"Becs\u00fclt olvas\u00e1si id\u0151\" \/>\n\t<meta name=\"twitter:data1\" content=\"1 perc\" \/>\n<script type=\"application\/ld+json\" class=\"yoast-schema-graph\">{\"@context\":\"https:\/\/schema.org\",\"@graph\":[{\"@type\":\"WebPage\",\"@id\":\"https:\/\/staging.lucky-hunter.com\/product\/dan-thompson-pc3-fox-call\/\",\"url\":\"https:\/\/staging.lucky-hunter.com\/product\/dan-thompson-pc3-fox-call\/\",\"name\":\"Dan Thompson PC3 Fox Call- Hand-Tuned, Every Time | Lucky Hunter\",\"isPartOf\":{\"@id\":\"https:\/\/staging.lucky-hunter.com\/#website\"},\"primaryImageOfPage\":{\"@id\":\"https:\/\/staging.lucky-hunter.com\/product\/dan-thompson-pc3-fox-call\/#primaryimage\"},\"image\":{\"@id\":\"https:\/\/staging.lucky-hunter.com\/product\/dan-thompson-pc3-fox-call\/#primaryimage\"},\"thumbnailUrl\":\"https:\/\/staging.lucky-hunter.com\/wp-content\/uploads\/2016\/11\/LK-155-1.png\",\"datePublished\":\"2016-11-07T15:10:47+00:00\",\"dateModified\":\"2025-10-02T02:06:56+00:00\",\"description\":\"Call in the prey with Dan Thompson. Hand made, hand tuned premium quality PC3 fox call by Dan Thompson. Make every hunt a success with this by your side.\",\"breadcrumb\":{\"@id\":\"https:\/\/staging.lucky-hunter.com\/product\/dan-thompson-pc3-fox-call\/#breadcrumb\"},\"inLanguage\":\"hu\",\"potentialAction\":[{\"@type\":\"ReadAction\",\"target\":[\"https:\/\/staging.lucky-hunter.com\/product\/dan-thompson-pc3-fox-call\/\"]}]},{\"@type\":\"ImageObject\",\"inLanguage\":\"hu\",\"@id\":\"https:\/\/staging.lucky-hunter.com\/product\/dan-thompson-pc3-fox-call\/#primaryimage\",\"url\":\"https:\/\/staging.lucky-hunter.com\/wp-content\/uploads\/2016\/11\/LK-155-1.png\",\"contentUrl\":\"https:\/\/staging.lucky-hunter.com\/wp-content\/uploads\/2016\/11\/LK-155-1.png\",\"width\":1000,\"height\":1000,\"caption\":\"Image showing PC3 fox call from Dan Thompson in a brown finish\"},{\"@type\":\"BreadcrumbList\",\"@id\":\"https:\/\/staging.lucky-hunter.com\/product\/dan-thompson-pc3-fox-call\/#breadcrumb\",\"itemListElement\":[{\"@type\":\"ListItem\",\"position\":1,\"name\":\"Home\",\"item\":\"https:\/\/staging.lucky-hunter.com\/hu\/\"},{\"@type\":\"ListItem\",\"position\":2,\"name\":\"Shop\",\"item\":\"https:\/\/staging.lucky-hunter.com\/hu\/shop\/\"},{\"@type\":\"ListItem\",\"position\":3,\"name\":\"Dan Thompson PC3 Predator Call\"}]},{\"@type\":\"WebSite\",\"@id\":\"https:\/\/staging.lucky-hunter.com\/#website\",\"url\":\"https:\/\/staging.lucky-hunter.com\/\",\"name\":\"Lucky-Hunter\",\"description\":\"Gear Up or Give Up\",\"potentialAction\":[{\"@type\":\"SearchAction\",\"target\":{\"@type\":\"EntryPoint\",\"urlTemplate\":\"https:\/\/staging.lucky-hunter.com\/?s={search_term_string}\"},\"query-input\":{\"@type\":\"PropertyValueSpecification\",\"valueRequired\":true,\"valueName\":\"search_term_string\"}}],\"inLanguage\":\"hu\"}]}<\/script>\n<!-- \/ Yoast SEO plugin. -->","yoast_head_json":{"title":"Dan Thompson PC3 Fox Call- Hand-Tuned, Every Time | Lucky Hunter","description":"Call in the prey with Dan Thompson. Hand made, hand tuned premium quality PC3 fox call by Dan Thompson. Make every hunt a success with this by your side.","robots":{"index":"noindex","follow":"follow","max-snippet":"max-snippet:-1","max-image-preview":"max-image-preview:large","max-video-preview":"max-video-preview:-1"},"og_locale":"hu_HU","og_type":"article","og_title":"Dan Thompson PC3 Fox Call- Hand-Tuned, Every Time | Lucky Hunter","og_description":"Call in the prey with Dan Thompson. Hand made, hand tuned premium quality PC3 fox call by Dan Thompson. Make every hunt a success with this by your side.","og_url":"https:\/\/staging.lucky-hunter.com\/product\/dan-thompson-pc3-fox-call\/","og_site_name":"Lucky-Hunter","article_modified_time":"2025-10-02T02:06:56+00:00","og_image":[{"width":1000,"height":1000,"url":"https:\/\/staging.lucky-hunter.com\/wp-content\/uploads\/2016\/11\/LK-155-1.png","type":"image\/png"}],"twitter_card":"summary_large_image","twitter_misc":{"Becs\u00fclt olvas\u00e1si id\u0151":"1 perc"},"schema":{"@context":"https:\/\/schema.org","@graph":[{"@type":"WebPage","@id":"https:\/\/staging.lucky-hunter.com\/product\/dan-thompson-pc3-fox-call\/","url":"https:\/\/staging.lucky-hunter.com\/product\/dan-thompson-pc3-fox-call\/","name":"Dan Thompson PC3 Fox Call- Hand-Tuned, Every Time | Lucky Hunter","isPartOf":{"@id":"https:\/\/staging.lucky-hunter.com\/#website"},"primaryImageOfPage":{"@id":"https:\/\/staging.lucky-hunter.com\/product\/dan-thompson-pc3-fox-call\/#primaryimage"},"image":{"@id":"https:\/\/staging.lucky-hunter.com\/product\/dan-thompson-pc3-fox-call\/#primaryimage"},"thumbnailUrl":"https:\/\/staging.lucky-hunter.com\/wp-content\/uploads\/2016\/11\/LK-155-1.png","datePublished":"2016-11-07T15:10:47+00:00","dateModified":"2025-10-02T02:06:56+00:00","description":"Call in the prey with Dan Thompson. Hand made, hand tuned premium quality PC3 fox call by Dan Thompson. Make every hunt a success with this by your side.","breadcrumb":{"@id":"https:\/\/staging.lucky-hunter.com\/product\/dan-thompson-pc3-fox-call\/#breadcrumb"},"inLanguage":"hu","potentialAction":[{"@type":"ReadAction","target":["https:\/\/staging.lucky-hunter.com\/product\/dan-thompson-pc3-fox-call\/"]}]},{"@type":"ImageObject","inLanguage":"hu","@id":"https:\/\/staging.lucky-hunter.com\/product\/dan-thompson-pc3-fox-call\/#primaryimage","url":"https:\/\/staging.lucky-hunter.com\/wp-content\/uploads\/2016\/11\/LK-155-1.png","contentUrl":"https:\/\/staging.lucky-hunter.com\/wp-content\/uploads\/2016\/11\/LK-155-1.png","width":1000,"height":1000,"caption":"Image showing PC3 fox call from Dan Thompson in a brown finish"},{"@type":"BreadcrumbList","@id":"https:\/\/staging.lucky-hunter.com\/product\/dan-thompson-pc3-fox-call\/#breadcrumb","itemListElement":[{"@type":"ListItem","position":1,"name":"Home","item":"https:\/\/staging.lucky-hunter.com\/hu\/"},{"@type":"ListItem","position":2,"name":"Shop","item":"https:\/\/staging.lucky-hunter.com\/hu\/shop\/"},{"@type":"ListItem","position":3,"name":"Dan Thompson PC3 Predator Call"}]},{"@type":"WebSite","@id":"https:\/\/staging.lucky-hunter.com\/#website","url":"https:\/\/staging.lucky-hunter.com\/","name":"Lucky-Hunter","description":"Gear Up or Give Up","potentialAction":[{"@type":"SearchAction","target":{"@type":"EntryPoint","urlTemplate":"https:\/\/staging.lucky-hunter.com\/?s={search_term_string}"},"query-input":{"@type":"PropertyValueSpecification","valueRequired":true,"valueName":"search_term_string"}}],"inLanguage":"hu"}]}},"_links":{"self":[{"href":"https:\/\/staging.lucky-hunter.com\/hu\/wp-json\/wp\/v2\/product\/13623"}],"collection":[{"href":"https:\/\/staging.lucky-hunter.com\/hu\/wp-json\/wp\/v2\/product"}],"about":[{"href":"https:\/\/staging.lucky-hunter.com\/hu\/wp-json\/wp\/v2\/types\/product"}],"wp:featuredmedia":[{"embeddable":true,"href":"https:\/\/staging.lucky-hunter.com\/hu\/wp-json\/wp\/v2\/media\/20545"}],"wp:attachment":[{"href":"https:\/\/staging.lucky-hunter.com\/hu\/wp-json\/wp\/v2\/media?parent=13623"}],"wp:term":[{"taxonomy":"product_brand","embeddable":true,"href":"https:\/\/staging.lucky-hunter.com\/hu\/wp-json\/wp\/v2\/product_brand?post=13623"},{"taxonomy":"product_cat","embeddable":true,"href":"https:\/\/staging.lucky-hunter.com\/hu\/wp-json\/wp\/v2\/product_cat?post=13623"},{"taxonomy":"product_tag","embeddable":true,"href":"https:\/\/staging.lucky-hunter.com\/hu\/wp-json\/wp\/v2\/product_tag?post=13623"}],"curies":[{"name":"wp","href":"https:\/\/api.w.org\/{rel}","templated":true}]}}