{"id":13619,"date":"2016-11-07T16:14:17","date_gmt":"2016-11-07T15:14:17","guid":{"rendered":"https:\/\/dangate.dk.prolinux4.curanetserver.dk\/lucky-hunter\/produkt\/dan-thompson-lokkekald-psc-coyote-2\/"},"modified":"2025-10-02T04:07:46","modified_gmt":"2025-10-02T02:07:46","slug":"dan-thompson-psc-coyote","status":"publish","type":"product","link":"https:\/\/staging.lucky-hunter.com\/hu\/product\/dan-thompson-psc-coyote\/","title":{"rendered":"Dan Thompson PSC Coyote"},"content":{"rendered":"<h2><strong>Dan Thompson PSC Coyote &#8211; predator call from Dan Thompson Calls<\/strong><\/h2>\n<p>Pup squaller coaxer predator call from American Dan Thompson Calls.<\/p>\n<p>You have the effective hare scream at one end and a mouse pipe in the other end to lure the fox up close. Therefore, with this call, you effectively have two calls in one.<\/p>\n<p>Use this fox call when you want to lure the fox from a shorter distance.<\/p>\n<p><strong>Pup squaller:<\/strong><\/p>\n<p>Place the brass tube between the lips and practice with small puffs of air from your diaphragm. Be aware that the tongue or teeth should not be in contact with the brass tube. Blow short and sharp breath of air and you can imitate the sound of rabbit and bird cries. Use your hand in front of the call to make life into your sound.<\/p>\n<p><strong>Coaxer:<\/strong><\/p>\n<p>Blow on the opposite end of the call &#8211; can be used with or without the brass tube (Pup squaller). Then you will produce a perfect mouse whining. Move your head \/ fox call around when you blow to create more life into the sound.<\/p>\n<p>Dan Thompson game calls are made of precious hardwood, which ensures an accurate sound. Due to this, they are also hard wearing and long-lasting.<\/p>\n<p>Dan Thompson calls are among the absolute easiest to use properly, and they are recommended by some of the leading game callers in Europe, for example the Swedish filmmaker Ulf Lindroth.<\/p>\n","protected":false},"excerpt":{"rendered":"<p>Pup squaller coaxer fox call from American Dan Thompson Calls. You have the effective hare scream at one end and a mouse pipe in the other end to lure the fox up close.<\/p>\n","protected":false},"featured_media":20594,"template":"","meta":[],"product_brand":[84],"product_cat":[48],"product_tag":[9149],"yoast_head":"<!-- This site is optimized with the Yoast SEO plugin v24.3 - https:\/\/yoast.com\/wordpress\/plugins\/seo\/ -->\n<title>Dan Thompson PSC Coyote Predator Call | Lucky Hunter<\/title>\n<meta name=\"description\" content=\"Dan Thompson PSC Coyote call features a brass pup squaller on one end and coaxer on the other. Recreate the sound of a hare or mouse in one call.\" \/>\n<meta name=\"robots\" content=\"noindex, follow, max-snippet:-1, max-image-preview:large, max-video-preview:-1\" \/>\n<meta property=\"og:locale\" content=\"hu_HU\" \/>\n<meta property=\"og:type\" content=\"article\" \/>\n<meta property=\"og:title\" content=\"Dan Thompson PSC Coyote Predator Call | Lucky Hunter\" \/>\n<meta property=\"og:description\" content=\"Dan Thompson PSC Coyote call features a brass pup squaller on one end and coaxer on the other. Recreate the sound of a hare or mouse in one call.\" \/>\n<meta property=\"og:url\" content=\"https:\/\/staging.lucky-hunter.com\/product\/dan-thompson-psc-coyote\/\" \/>\n<meta property=\"og:site_name\" content=\"Lucky-Hunter\" \/>\n<meta property=\"article:modified_time\" content=\"2025-10-02T02:07:46+00:00\" \/>\n<meta property=\"og:image\" content=\"https:\/\/staging.lucky-hunter.com\/wp-content\/uploads\/2016\/11\/LK-170-1.png\" \/>\n\t<meta property=\"og:image:width\" content=\"1000\" \/>\n\t<meta property=\"og:image:height\" content=\"1000\" \/>\n\t<meta property=\"og:image:type\" content=\"image\/png\" \/>\n<meta name=\"twitter:card\" content=\"summary_large_image\" \/>\n<meta name=\"twitter:title\" content=\"Dan Thompson PSC Coyote Predator Call | Lucky Hunter\" \/>\n<meta name=\"twitter:description\" content=\"Dan Thompson PSC Coyote call features a brass pup squaller on one end and coaxer on the other. Recreate the sound of a hare or mouse in one call.\" \/>\n<meta name=\"twitter:label1\" content=\"Becs\u00fclt olvas\u00e1si id\u0151\" \/>\n\t<meta name=\"twitter:data1\" content=\"1 perc\" \/>\n<script type=\"application\/ld+json\" class=\"yoast-schema-graph\">{\"@context\":\"https:\/\/schema.org\",\"@graph\":[{\"@type\":\"WebPage\",\"@id\":\"https:\/\/staging.lucky-hunter.com\/product\/dan-thompson-psc-coyote\/\",\"url\":\"https:\/\/staging.lucky-hunter.com\/product\/dan-thompson-psc-coyote\/\",\"name\":\"Dan Thompson PSC Coyote Predator Call | Lucky Hunter\",\"isPartOf\":{\"@id\":\"https:\/\/staging.lucky-hunter.com\/#website\"},\"primaryImageOfPage\":{\"@id\":\"https:\/\/staging.lucky-hunter.com\/product\/dan-thompson-psc-coyote\/#primaryimage\"},\"image\":{\"@id\":\"https:\/\/staging.lucky-hunter.com\/product\/dan-thompson-psc-coyote\/#primaryimage\"},\"thumbnailUrl\":\"https:\/\/staging.lucky-hunter.com\/wp-content\/uploads\/2016\/11\/LK-170-1.png\",\"datePublished\":\"2016-11-07T15:14:17+00:00\",\"dateModified\":\"2025-10-02T02:07:46+00:00\",\"description\":\"Dan Thompson PSC Coyote call features a brass pup squaller on one end and coaxer on the other. Recreate the sound of a hare or mouse in one call.\",\"breadcrumb\":{\"@id\":\"https:\/\/staging.lucky-hunter.com\/product\/dan-thompson-psc-coyote\/#breadcrumb\"},\"inLanguage\":\"hu\",\"potentialAction\":[{\"@type\":\"ReadAction\",\"target\":[\"https:\/\/staging.lucky-hunter.com\/product\/dan-thompson-psc-coyote\/\"]}]},{\"@type\":\"ImageObject\",\"inLanguage\":\"hu\",\"@id\":\"https:\/\/staging.lucky-hunter.com\/product\/dan-thompson-psc-coyote\/#primaryimage\",\"url\":\"https:\/\/staging.lucky-hunter.com\/wp-content\/uploads\/2016\/11\/LK-170-1.png\",\"contentUrl\":\"https:\/\/staging.lucky-hunter.com\/wp-content\/uploads\/2016\/11\/LK-170-1.png\",\"width\":1000,\"height\":1000},{\"@type\":\"BreadcrumbList\",\"@id\":\"https:\/\/staging.lucky-hunter.com\/product\/dan-thompson-psc-coyote\/#breadcrumb\",\"itemListElement\":[{\"@type\":\"ListItem\",\"position\":1,\"name\":\"Home\",\"item\":\"https:\/\/staging.lucky-hunter.com\/hu\/\"},{\"@type\":\"ListItem\",\"position\":2,\"name\":\"Shop\",\"item\":\"https:\/\/staging.lucky-hunter.com\/hu\/shop\/\"},{\"@type\":\"ListItem\",\"position\":3,\"name\":\"Dan Thompson PSC Coyote\"}]},{\"@type\":\"WebSite\",\"@id\":\"https:\/\/staging.lucky-hunter.com\/#website\",\"url\":\"https:\/\/staging.lucky-hunter.com\/\",\"name\":\"Lucky-Hunter\",\"description\":\"Gear Up or Give Up\",\"potentialAction\":[{\"@type\":\"SearchAction\",\"target\":{\"@type\":\"EntryPoint\",\"urlTemplate\":\"https:\/\/staging.lucky-hunter.com\/?s={search_term_string}\"},\"query-input\":{\"@type\":\"PropertyValueSpecification\",\"valueRequired\":true,\"valueName\":\"search_term_string\"}}],\"inLanguage\":\"hu\"}]}<\/script>\n<!-- \/ Yoast SEO plugin. -->","yoast_head_json":{"title":"Dan Thompson PSC Coyote Predator Call | Lucky Hunter","description":"Dan Thompson PSC Coyote call features a brass pup squaller on one end and coaxer on the other. Recreate the sound of a hare or mouse in one call.","robots":{"index":"noindex","follow":"follow","max-snippet":"max-snippet:-1","max-image-preview":"max-image-preview:large","max-video-preview":"max-video-preview:-1"},"og_locale":"hu_HU","og_type":"article","og_title":"Dan Thompson PSC Coyote Predator Call | Lucky Hunter","og_description":"Dan Thompson PSC Coyote call features a brass pup squaller on one end and coaxer on the other. Recreate the sound of a hare or mouse in one call.","og_url":"https:\/\/staging.lucky-hunter.com\/product\/dan-thompson-psc-coyote\/","og_site_name":"Lucky-Hunter","article_modified_time":"2025-10-02T02:07:46+00:00","og_image":[{"width":1000,"height":1000,"url":"https:\/\/staging.lucky-hunter.com\/wp-content\/uploads\/2016\/11\/LK-170-1.png","type":"image\/png"}],"twitter_card":"summary_large_image","twitter_title":"Dan Thompson PSC Coyote Predator Call | Lucky Hunter","twitter_description":"Dan Thompson PSC Coyote call features a brass pup squaller on one end and coaxer on the other. Recreate the sound of a hare or mouse in one call.","twitter_misc":{"Becs\u00fclt olvas\u00e1si id\u0151":"1 perc"},"schema":{"@context":"https:\/\/schema.org","@graph":[{"@type":"WebPage","@id":"https:\/\/staging.lucky-hunter.com\/product\/dan-thompson-psc-coyote\/","url":"https:\/\/staging.lucky-hunter.com\/product\/dan-thompson-psc-coyote\/","name":"Dan Thompson PSC Coyote Predator Call | Lucky Hunter","isPartOf":{"@id":"https:\/\/staging.lucky-hunter.com\/#website"},"primaryImageOfPage":{"@id":"https:\/\/staging.lucky-hunter.com\/product\/dan-thompson-psc-coyote\/#primaryimage"},"image":{"@id":"https:\/\/staging.lucky-hunter.com\/product\/dan-thompson-psc-coyote\/#primaryimage"},"thumbnailUrl":"https:\/\/staging.lucky-hunter.com\/wp-content\/uploads\/2016\/11\/LK-170-1.png","datePublished":"2016-11-07T15:14:17+00:00","dateModified":"2025-10-02T02:07:46+00:00","description":"Dan Thompson PSC Coyote call features a brass pup squaller on one end and coaxer on the other. Recreate the sound of a hare or mouse in one call.","breadcrumb":{"@id":"https:\/\/staging.lucky-hunter.com\/product\/dan-thompson-psc-coyote\/#breadcrumb"},"inLanguage":"hu","potentialAction":[{"@type":"ReadAction","target":["https:\/\/staging.lucky-hunter.com\/product\/dan-thompson-psc-coyote\/"]}]},{"@type":"ImageObject","inLanguage":"hu","@id":"https:\/\/staging.lucky-hunter.com\/product\/dan-thompson-psc-coyote\/#primaryimage","url":"https:\/\/staging.lucky-hunter.com\/wp-content\/uploads\/2016\/11\/LK-170-1.png","contentUrl":"https:\/\/staging.lucky-hunter.com\/wp-content\/uploads\/2016\/11\/LK-170-1.png","width":1000,"height":1000},{"@type":"BreadcrumbList","@id":"https:\/\/staging.lucky-hunter.com\/product\/dan-thompson-psc-coyote\/#breadcrumb","itemListElement":[{"@type":"ListItem","position":1,"name":"Home","item":"https:\/\/staging.lucky-hunter.com\/hu\/"},{"@type":"ListItem","position":2,"name":"Shop","item":"https:\/\/staging.lucky-hunter.com\/hu\/shop\/"},{"@type":"ListItem","position":3,"name":"Dan Thompson PSC Coyote"}]},{"@type":"WebSite","@id":"https:\/\/staging.lucky-hunter.com\/#website","url":"https:\/\/staging.lucky-hunter.com\/","name":"Lucky-Hunter","description":"Gear Up or Give Up","potentialAction":[{"@type":"SearchAction","target":{"@type":"EntryPoint","urlTemplate":"https:\/\/staging.lucky-hunter.com\/?s={search_term_string}"},"query-input":{"@type":"PropertyValueSpecification","valueRequired":true,"valueName":"search_term_string"}}],"inLanguage":"hu"}]}},"_links":{"self":[{"href":"https:\/\/staging.lucky-hunter.com\/hu\/wp-json\/wp\/v2\/product\/13619"}],"collection":[{"href":"https:\/\/staging.lucky-hunter.com\/hu\/wp-json\/wp\/v2\/product"}],"about":[{"href":"https:\/\/staging.lucky-hunter.com\/hu\/wp-json\/wp\/v2\/types\/product"}],"wp:featuredmedia":[{"embeddable":true,"href":"https:\/\/staging.lucky-hunter.com\/hu\/wp-json\/wp\/v2\/media\/20594"}],"wp:attachment":[{"href":"https:\/\/staging.lucky-hunter.com\/hu\/wp-json\/wp\/v2\/media?parent=13619"}],"wp:term":[{"taxonomy":"product_brand","embeddable":true,"href":"https:\/\/staging.lucky-hunter.com\/hu\/wp-json\/wp\/v2\/product_brand?post=13619"},{"taxonomy":"product_cat","embeddable":true,"href":"https:\/\/staging.lucky-hunter.com\/hu\/wp-json\/wp\/v2\/product_cat?post=13619"},{"taxonomy":"product_tag","embeddable":true,"href":"https:\/\/staging.lucky-hunter.com\/hu\/wp-json\/wp\/v2\/product_tag?post=13619"}],"curies":[{"name":"wp","href":"https:\/\/api.w.org\/{rel}","templated":true}]}}