{"id":12497,"date":"2016-11-07T16:17:41","date_gmt":"2016-11-07T15:17:41","guid":{"rendered":"https:\/\/dangate.dk.prolinux4.curanetserver.dk\/lucky-hunter\/produkt\/lokkesvane-til-andejagt-og-gaasejagt\/"},"modified":"2025-10-02T04:03:46","modified_gmt":"2025-10-02T02:03:46","slug":"floating-swan-decoy-with-vacuum-bottom-in-natural-size","status":"publish","type":"product","link":"https:\/\/staging.lucky-hunter.com\/hu\/product\/floating-swan-decoy-with-vacuum-bottom-in-natural-size\/","title":{"rendered":"Swan decoy"},"content":{"rendered":"<p><iframe title=\"Floating Swan decoy | Decoys for goose hunting\" width=\"1020\" height=\"574\" src=\"https:\/\/www.youtube.com\/embed\/RshbPIxFuV8?wmode=transparent&amp;rel=0&amp;feature=oembed&#038;enablejsapi=1&#038;origin=https:\/\/staging.lucky-hunter.com\" frameborder=\"0\" allow=\"accelerometer; autoplay; clipboard-write; encrypted-media; gyroscope; picture-in-picture; web-share\" referrerpolicy=\"strict-origin-when-cross-origin\" allowfullscreen><\/iframe><\/p>\n<p>Floating swan decoy with vacuum bottom in natural size.<\/p>\n<p>When you set up your goose hunting, we recommend this swan between your goose decoys.<\/p>\n<p>The white color provides a natural eye catcher, and it signals to the geese that here is safe to land.<\/p>\n<p>The head can easily be removed, so the decoy are easier to transport.<\/p>\n<p>Sold in pack of 1.<\/p>\n","protected":false},"excerpt":{"rendered":"<p>When you set up your goose hunting, we recommend this swan between your goose decoys.\u00a0The white color provides a natural eye catcher, and it signals to the geese that here is safe to land.<\/p>\n","protected":false},"featured_media":26209,"template":"","meta":[],"product_brand":[],"product_cat":[9139],"product_tag":[],"yoast_head":"<!-- This site is optimized with the Yoast SEO plugin v24.3 - https:\/\/yoast.com\/wordpress\/plugins\/seo\/ -->\n<title>Floating swan decoy with vacuum bottom in natural size.<\/title>\n<meta name=\"description\" content=\"When you set up your goose hunting, we recommend this swan between your goose decoys. The white color provides a natural eye catcher.\" \/>\n<meta name=\"robots\" content=\"noindex, follow, max-snippet:-1, max-image-preview:large, max-video-preview:-1\" \/>\n<meta property=\"og:locale\" content=\"hu_HU\" \/>\n<meta property=\"og:type\" content=\"article\" \/>\n<meta property=\"og:title\" content=\"Floating swan decoy with vacuum bottom in natural size.\" \/>\n<meta property=\"og:description\" content=\"When you set up your goose hunting, we recommend this swan between your goose decoys. The white color provides a natural eye catcher.\" \/>\n<meta property=\"og:url\" content=\"https:\/\/staging.lucky-hunter.com\/product\/floating-swan-decoy-with-vacuum-bottom-in-natural-size\/\" \/>\n<meta property=\"og:site_name\" content=\"Lucky-Hunter\" \/>\n<meta property=\"article:modified_time\" content=\"2025-10-02T02:03:46+00:00\" \/>\n<meta property=\"og:image\" content=\"https:\/\/staging.lucky-hunter.com\/wp-content\/uploads\/2016\/11\/LF-81.png\" \/>\n\t<meta property=\"og:image:width\" content=\"1000\" \/>\n\t<meta property=\"og:image:height\" content=\"1000\" \/>\n\t<meta property=\"og:image:type\" content=\"image\/png\" \/>\n<meta name=\"twitter:card\" content=\"summary_large_image\" \/>\n<meta name=\"twitter:label1\" content=\"Becs\u00fclt olvas\u00e1si id\u0151\" \/>\n\t<meta name=\"twitter:data1\" content=\"1 perc\" \/>\n<script type=\"application\/ld+json\" class=\"yoast-schema-graph\">{\"@context\":\"https:\/\/schema.org\",\"@graph\":[{\"@type\":\"WebPage\",\"@id\":\"https:\/\/staging.lucky-hunter.com\/product\/floating-swan-decoy-with-vacuum-bottom-in-natural-size\/\",\"url\":\"https:\/\/staging.lucky-hunter.com\/product\/floating-swan-decoy-with-vacuum-bottom-in-natural-size\/\",\"name\":\"Floating swan decoy with vacuum bottom in natural size.\",\"isPartOf\":{\"@id\":\"https:\/\/staging.lucky-hunter.com\/#website\"},\"primaryImageOfPage\":{\"@id\":\"https:\/\/staging.lucky-hunter.com\/product\/floating-swan-decoy-with-vacuum-bottom-in-natural-size\/#primaryimage\"},\"image\":{\"@id\":\"https:\/\/staging.lucky-hunter.com\/product\/floating-swan-decoy-with-vacuum-bottom-in-natural-size\/#primaryimage\"},\"thumbnailUrl\":\"https:\/\/staging.lucky-hunter.com\/wp-content\/uploads\/2016\/11\/LF-81.png\",\"datePublished\":\"2016-11-07T15:17:41+00:00\",\"dateModified\":\"2025-10-02T02:03:46+00:00\",\"description\":\"When you set up your goose hunting, we recommend this swan between your goose decoys. The white color provides a natural eye catcher.\",\"breadcrumb\":{\"@id\":\"https:\/\/staging.lucky-hunter.com\/product\/floating-swan-decoy-with-vacuum-bottom-in-natural-size\/#breadcrumb\"},\"inLanguage\":\"hu\",\"potentialAction\":[{\"@type\":\"ReadAction\",\"target\":[\"https:\/\/staging.lucky-hunter.com\/product\/floating-swan-decoy-with-vacuum-bottom-in-natural-size\/\"]}]},{\"@type\":\"ImageObject\",\"inLanguage\":\"hu\",\"@id\":\"https:\/\/staging.lucky-hunter.com\/product\/floating-swan-decoy-with-vacuum-bottom-in-natural-size\/#primaryimage\",\"url\":\"https:\/\/staging.lucky-hunter.com\/wp-content\/uploads\/2016\/11\/LF-81.png\",\"contentUrl\":\"https:\/\/staging.lucky-hunter.com\/wp-content\/uploads\/2016\/11\/LF-81.png\",\"width\":1000,\"height\":1000},{\"@type\":\"BreadcrumbList\",\"@id\":\"https:\/\/staging.lucky-hunter.com\/product\/floating-swan-decoy-with-vacuum-bottom-in-natural-size\/#breadcrumb\",\"itemListElement\":[{\"@type\":\"ListItem\",\"position\":1,\"name\":\"Home\",\"item\":\"https:\/\/staging.lucky-hunter.com\/hu\/\"},{\"@type\":\"ListItem\",\"position\":2,\"name\":\"Shop\",\"item\":\"https:\/\/staging.lucky-hunter.com\/hu\/shop\/\"},{\"@type\":\"ListItem\",\"position\":3,\"name\":\"Swan decoy\"}]},{\"@type\":\"WebSite\",\"@id\":\"https:\/\/staging.lucky-hunter.com\/#website\",\"url\":\"https:\/\/staging.lucky-hunter.com\/\",\"name\":\"Lucky-Hunter\",\"description\":\"Gear Up or Give Up\",\"potentialAction\":[{\"@type\":\"SearchAction\",\"target\":{\"@type\":\"EntryPoint\",\"urlTemplate\":\"https:\/\/staging.lucky-hunter.com\/?s={search_term_string}\"},\"query-input\":{\"@type\":\"PropertyValueSpecification\",\"valueRequired\":true,\"valueName\":\"search_term_string\"}}],\"inLanguage\":\"hu\"}]}<\/script>\n<!-- \/ Yoast SEO plugin. -->","yoast_head_json":{"title":"Floating swan decoy with vacuum bottom in natural size.","description":"When you set up your goose hunting, we recommend this swan between your goose decoys. The white color provides a natural eye catcher.","robots":{"index":"noindex","follow":"follow","max-snippet":"max-snippet:-1","max-image-preview":"max-image-preview:large","max-video-preview":"max-video-preview:-1"},"og_locale":"hu_HU","og_type":"article","og_title":"Floating swan decoy with vacuum bottom in natural size.","og_description":"When you set up your goose hunting, we recommend this swan between your goose decoys. The white color provides a natural eye catcher.","og_url":"https:\/\/staging.lucky-hunter.com\/product\/floating-swan-decoy-with-vacuum-bottom-in-natural-size\/","og_site_name":"Lucky-Hunter","article_modified_time":"2025-10-02T02:03:46+00:00","og_image":[{"width":1000,"height":1000,"url":"https:\/\/staging.lucky-hunter.com\/wp-content\/uploads\/2016\/11\/LF-81.png","type":"image\/png"}],"twitter_card":"summary_large_image","twitter_misc":{"Becs\u00fclt olvas\u00e1si id\u0151":"1 perc"},"schema":{"@context":"https:\/\/schema.org","@graph":[{"@type":"WebPage","@id":"https:\/\/staging.lucky-hunter.com\/product\/floating-swan-decoy-with-vacuum-bottom-in-natural-size\/","url":"https:\/\/staging.lucky-hunter.com\/product\/floating-swan-decoy-with-vacuum-bottom-in-natural-size\/","name":"Floating swan decoy with vacuum bottom in natural size.","isPartOf":{"@id":"https:\/\/staging.lucky-hunter.com\/#website"},"primaryImageOfPage":{"@id":"https:\/\/staging.lucky-hunter.com\/product\/floating-swan-decoy-with-vacuum-bottom-in-natural-size\/#primaryimage"},"image":{"@id":"https:\/\/staging.lucky-hunter.com\/product\/floating-swan-decoy-with-vacuum-bottom-in-natural-size\/#primaryimage"},"thumbnailUrl":"https:\/\/staging.lucky-hunter.com\/wp-content\/uploads\/2016\/11\/LF-81.png","datePublished":"2016-11-07T15:17:41+00:00","dateModified":"2025-10-02T02:03:46+00:00","description":"When you set up your goose hunting, we recommend this swan between your goose decoys. The white color provides a natural eye catcher.","breadcrumb":{"@id":"https:\/\/staging.lucky-hunter.com\/product\/floating-swan-decoy-with-vacuum-bottom-in-natural-size\/#breadcrumb"},"inLanguage":"hu","potentialAction":[{"@type":"ReadAction","target":["https:\/\/staging.lucky-hunter.com\/product\/floating-swan-decoy-with-vacuum-bottom-in-natural-size\/"]}]},{"@type":"ImageObject","inLanguage":"hu","@id":"https:\/\/staging.lucky-hunter.com\/product\/floating-swan-decoy-with-vacuum-bottom-in-natural-size\/#primaryimage","url":"https:\/\/staging.lucky-hunter.com\/wp-content\/uploads\/2016\/11\/LF-81.png","contentUrl":"https:\/\/staging.lucky-hunter.com\/wp-content\/uploads\/2016\/11\/LF-81.png","width":1000,"height":1000},{"@type":"BreadcrumbList","@id":"https:\/\/staging.lucky-hunter.com\/product\/floating-swan-decoy-with-vacuum-bottom-in-natural-size\/#breadcrumb","itemListElement":[{"@type":"ListItem","position":1,"name":"Home","item":"https:\/\/staging.lucky-hunter.com\/hu\/"},{"@type":"ListItem","position":2,"name":"Shop","item":"https:\/\/staging.lucky-hunter.com\/hu\/shop\/"},{"@type":"ListItem","position":3,"name":"Swan decoy"}]},{"@type":"WebSite","@id":"https:\/\/staging.lucky-hunter.com\/#website","url":"https:\/\/staging.lucky-hunter.com\/","name":"Lucky-Hunter","description":"Gear Up or Give Up","potentialAction":[{"@type":"SearchAction","target":{"@type":"EntryPoint","urlTemplate":"https:\/\/staging.lucky-hunter.com\/?s={search_term_string}"},"query-input":{"@type":"PropertyValueSpecification","valueRequired":true,"valueName":"search_term_string"}}],"inLanguage":"hu"}]}},"_links":{"self":[{"href":"https:\/\/staging.lucky-hunter.com\/hu\/wp-json\/wp\/v2\/product\/12497"}],"collection":[{"href":"https:\/\/staging.lucky-hunter.com\/hu\/wp-json\/wp\/v2\/product"}],"about":[{"href":"https:\/\/staging.lucky-hunter.com\/hu\/wp-json\/wp\/v2\/types\/product"}],"wp:featuredmedia":[{"embeddable":true,"href":"https:\/\/staging.lucky-hunter.com\/hu\/wp-json\/wp\/v2\/media\/26209"}],"wp:attachment":[{"href":"https:\/\/staging.lucky-hunter.com\/hu\/wp-json\/wp\/v2\/media?parent=12497"}],"wp:term":[{"taxonomy":"product_brand","embeddable":true,"href":"https:\/\/staging.lucky-hunter.com\/hu\/wp-json\/wp\/v2\/product_brand?post=12497"},{"taxonomy":"product_cat","embeddable":true,"href":"https:\/\/staging.lucky-hunter.com\/hu\/wp-json\/wp\/v2\/product_cat?post=12497"},{"taxonomy":"product_tag","embeddable":true,"href":"https:\/\/staging.lucky-hunter.com\/hu\/wp-json\/wp\/v2\/product_tag?post=12497"}],"curies":[{"name":"wp","href":"https:\/\/api.w.org\/{rel}","templated":true}]}}