{"id":12487,"date":"2016-11-07T16:17:36","date_gmt":"2016-11-07T15:17:36","guid":{"rendered":"https:\/\/dangate.dk.prolinux4.curanetserver.dk\/lucky-hunter\/produkt\/sillosocks-lokkefugl-canadagaas-flapper\/"},"modified":"2025-10-02T03:46:06","modified_gmt":"2025-10-02T01:46:06","slug":"sillosocks-canada-flapper","status":"publish","type":"product","link":"https:\/\/staging.lucky-hunter.com\/hu\/product\/sillosocks-canada-flapper\/","title":{"rendered":"Sillosocks Canada Flapper"},"content":{"rendered":"<p><iframe title=\"Sillosocks Canada Flapper | Goose decoys with moving wings\" width=\"1020\" height=\"574\" src=\"https:\/\/www.youtube.com\/embed\/uP3Q7jXHmXQ?wmode=transparent&amp;rel=0&amp;feature=oembed&#038;enablejsapi=1&#038;origin=https:\/\/staging.lucky-hunter.com\" frameborder=\"0\" allow=\"accelerometer; autoplay; clipboard-write; encrypted-media; gyroscope; picture-in-picture; web-share\" referrerpolicy=\"strict-origin-when-cross-origin\" allowfullscreen><\/iframe><\/p>\n<h2><strong>Sillosocks Canada Flapper &#8211; wind-powered landing goose<\/strong><\/h2>\n<p>The wind-powered flapping motion imitates a landing Canada goose and it has an irresistible lure effect on geese and ducks for miles.<\/p>\n<p>Arrange Canada Goose Flappers up against the wind among with your regular decoys and experience how lifelike they look.<\/p>\n<p>Put up the decoy around 1 meter above the ground so the wings can flutter in the wind.<\/p>\n<p>Includes a 2-piece stick.<\/p>\n<p>Sillosocks weighs and takes up little space when packed together, so they are super easy to carry in large numbers in your decoy bag. Therefore, you can carry many more with you!<\/p>\n<p>Sold in pack of 1.<\/p>\n","protected":false},"excerpt":{"rendered":"<p>The wind-powered flapping motion imitates a landing Canada goose and it has an irresistible lure effect on geese and ducks for miles.<\/p>\n<p>&nbsp;<\/p>\n","protected":false},"featured_media":19524,"template":"","meta":[],"product_brand":[94],"product_cat":[8022,9733],"product_tag":[9146],"yoast_head":"<!-- This site is optimized with the Yoast SEO plugin v24.3 - https:\/\/yoast.com\/wordpress\/plugins\/seo\/ -->\n<title>Sillosocks Canada Flapper - Lightweight Decoys | Lucky Hunter<\/title>\n<meta name=\"description\" content=\"Wind-powered landing goose. Sillosocks Canada Flapper imitates a landing Canada goose and is fully wind powered, adding movement to your flock.\" \/>\n<meta name=\"robots\" content=\"noindex, follow, max-snippet:-1, max-image-preview:large, max-video-preview:-1\" \/>\n<meta property=\"og:locale\" content=\"hu_HU\" \/>\n<meta property=\"og:type\" content=\"article\" \/>\n<meta property=\"og:title\" content=\"Sillosocks Canada Flapper - Lightweight Decoys | Lucky Hunter\" \/>\n<meta property=\"og:description\" content=\"Wind-powered landing goose. Sillosocks Canada Flapper imitates a landing Canada goose and is fully wind powered, adding movement to your flock.\" \/>\n<meta property=\"og:url\" content=\"https:\/\/staging.lucky-hunter.com\/product\/sillosocks-canada-flapper\/\" \/>\n<meta property=\"og:site_name\" content=\"Lucky-Hunter\" \/>\n<meta property=\"article:modified_time\" content=\"2025-10-02T01:46:06+00:00\" \/>\n<meta property=\"og:image\" content=\"https:\/\/staging.lucky-hunter.com\/wp-content\/uploads\/2016\/11\/LF-128.png\" \/>\n\t<meta property=\"og:image:width\" content=\"1000\" \/>\n\t<meta property=\"og:image:height\" content=\"1000\" \/>\n\t<meta property=\"og:image:type\" content=\"image\/png\" \/>\n<meta name=\"twitter:card\" content=\"summary_large_image\" \/>\n<meta name=\"twitter:title\" content=\"Sillosocks Canada Flapper - Lightweight Decoys | Lucky Hunter\" \/>\n<meta name=\"twitter:description\" content=\"Wind-powered landing goose. Sillosocks Canada Flapper imitates a landing Canada goose and is fully wind powered, adding movement to your flock.\" \/>\n<meta name=\"twitter:label1\" content=\"Becs\u00fclt olvas\u00e1si id\u0151\" \/>\n\t<meta name=\"twitter:data1\" content=\"1 perc\" \/>\n<script type=\"application\/ld+json\" class=\"yoast-schema-graph\">{\"@context\":\"https:\/\/schema.org\",\"@graph\":[{\"@type\":\"WebPage\",\"@id\":\"https:\/\/staging.lucky-hunter.com\/product\/sillosocks-canada-flapper\/\",\"url\":\"https:\/\/staging.lucky-hunter.com\/product\/sillosocks-canada-flapper\/\",\"name\":\"Sillosocks Canada Flapper - Lightweight Decoys | Lucky Hunter\",\"isPartOf\":{\"@id\":\"https:\/\/staging.lucky-hunter.com\/#website\"},\"primaryImageOfPage\":{\"@id\":\"https:\/\/staging.lucky-hunter.com\/product\/sillosocks-canada-flapper\/#primaryimage\"},\"image\":{\"@id\":\"https:\/\/staging.lucky-hunter.com\/product\/sillosocks-canada-flapper\/#primaryimage\"},\"thumbnailUrl\":\"https:\/\/staging.lucky-hunter.com\/wp-content\/uploads\/2016\/11\/LF-128.png\",\"datePublished\":\"2016-11-07T15:17:36+00:00\",\"dateModified\":\"2025-10-02T01:46:06+00:00\",\"description\":\"Wind-powered landing goose. Sillosocks Canada Flapper imitates a landing Canada goose and is fully wind powered, adding movement to your flock.\",\"breadcrumb\":{\"@id\":\"https:\/\/staging.lucky-hunter.com\/product\/sillosocks-canada-flapper\/#breadcrumb\"},\"inLanguage\":\"hu\",\"potentialAction\":[{\"@type\":\"ReadAction\",\"target\":[\"https:\/\/staging.lucky-hunter.com\/product\/sillosocks-canada-flapper\/\"]}]},{\"@type\":\"ImageObject\",\"inLanguage\":\"hu\",\"@id\":\"https:\/\/staging.lucky-hunter.com\/product\/sillosocks-canada-flapper\/#primaryimage\",\"url\":\"https:\/\/staging.lucky-hunter.com\/wp-content\/uploads\/2016\/11\/LF-128.png\",\"contentUrl\":\"https:\/\/staging.lucky-hunter.com\/wp-content\/uploads\/2016\/11\/LF-128.png\",\"width\":1000,\"height\":1000,\"caption\":\"Image of Sillosocks Canada Flapper\"},{\"@type\":\"BreadcrumbList\",\"@id\":\"https:\/\/staging.lucky-hunter.com\/product\/sillosocks-canada-flapper\/#breadcrumb\",\"itemListElement\":[{\"@type\":\"ListItem\",\"position\":1,\"name\":\"Home\",\"item\":\"https:\/\/staging.lucky-hunter.com\/hu\/\"},{\"@type\":\"ListItem\",\"position\":2,\"name\":\"Shop\",\"item\":\"https:\/\/staging.lucky-hunter.com\/hu\/shop\/\"},{\"@type\":\"ListItem\",\"position\":3,\"name\":\"Sillosocks Canada Flapper\"}]},{\"@type\":\"WebSite\",\"@id\":\"https:\/\/staging.lucky-hunter.com\/#website\",\"url\":\"https:\/\/staging.lucky-hunter.com\/\",\"name\":\"Lucky-Hunter\",\"description\":\"Gear Up or Give Up\",\"potentialAction\":[{\"@type\":\"SearchAction\",\"target\":{\"@type\":\"EntryPoint\",\"urlTemplate\":\"https:\/\/staging.lucky-hunter.com\/?s={search_term_string}\"},\"query-input\":{\"@type\":\"PropertyValueSpecification\",\"valueRequired\":true,\"valueName\":\"search_term_string\"}}],\"inLanguage\":\"hu\"}]}<\/script>\n<!-- \/ Yoast SEO plugin. -->","yoast_head_json":{"title":"Sillosocks Canada Flapper - Lightweight Decoys | Lucky Hunter","description":"Wind-powered landing goose. Sillosocks Canada Flapper imitates a landing Canada goose and is fully wind powered, adding movement to your flock.","robots":{"index":"noindex","follow":"follow","max-snippet":"max-snippet:-1","max-image-preview":"max-image-preview:large","max-video-preview":"max-video-preview:-1"},"og_locale":"hu_HU","og_type":"article","og_title":"Sillosocks Canada Flapper - Lightweight Decoys | Lucky Hunter","og_description":"Wind-powered landing goose. Sillosocks Canada Flapper imitates a landing Canada goose and is fully wind powered, adding movement to your flock.","og_url":"https:\/\/staging.lucky-hunter.com\/product\/sillosocks-canada-flapper\/","og_site_name":"Lucky-Hunter","article_modified_time":"2025-10-02T01:46:06+00:00","og_image":[{"width":1000,"height":1000,"url":"https:\/\/staging.lucky-hunter.com\/wp-content\/uploads\/2016\/11\/LF-128.png","type":"image\/png"}],"twitter_card":"summary_large_image","twitter_title":"Sillosocks Canada Flapper - Lightweight Decoys | Lucky Hunter","twitter_description":"Wind-powered landing goose. Sillosocks Canada Flapper imitates a landing Canada goose and is fully wind powered, adding movement to your flock.","twitter_misc":{"Becs\u00fclt olvas\u00e1si id\u0151":"1 perc"},"schema":{"@context":"https:\/\/schema.org","@graph":[{"@type":"WebPage","@id":"https:\/\/staging.lucky-hunter.com\/product\/sillosocks-canada-flapper\/","url":"https:\/\/staging.lucky-hunter.com\/product\/sillosocks-canada-flapper\/","name":"Sillosocks Canada Flapper - Lightweight Decoys | Lucky Hunter","isPartOf":{"@id":"https:\/\/staging.lucky-hunter.com\/#website"},"primaryImageOfPage":{"@id":"https:\/\/staging.lucky-hunter.com\/product\/sillosocks-canada-flapper\/#primaryimage"},"image":{"@id":"https:\/\/staging.lucky-hunter.com\/product\/sillosocks-canada-flapper\/#primaryimage"},"thumbnailUrl":"https:\/\/staging.lucky-hunter.com\/wp-content\/uploads\/2016\/11\/LF-128.png","datePublished":"2016-11-07T15:17:36+00:00","dateModified":"2025-10-02T01:46:06+00:00","description":"Wind-powered landing goose. Sillosocks Canada Flapper imitates a landing Canada goose and is fully wind powered, adding movement to your flock.","breadcrumb":{"@id":"https:\/\/staging.lucky-hunter.com\/product\/sillosocks-canada-flapper\/#breadcrumb"},"inLanguage":"hu","potentialAction":[{"@type":"ReadAction","target":["https:\/\/staging.lucky-hunter.com\/product\/sillosocks-canada-flapper\/"]}]},{"@type":"ImageObject","inLanguage":"hu","@id":"https:\/\/staging.lucky-hunter.com\/product\/sillosocks-canada-flapper\/#primaryimage","url":"https:\/\/staging.lucky-hunter.com\/wp-content\/uploads\/2016\/11\/LF-128.png","contentUrl":"https:\/\/staging.lucky-hunter.com\/wp-content\/uploads\/2016\/11\/LF-128.png","width":1000,"height":1000,"caption":"Image of Sillosocks Canada Flapper"},{"@type":"BreadcrumbList","@id":"https:\/\/staging.lucky-hunter.com\/product\/sillosocks-canada-flapper\/#breadcrumb","itemListElement":[{"@type":"ListItem","position":1,"name":"Home","item":"https:\/\/staging.lucky-hunter.com\/hu\/"},{"@type":"ListItem","position":2,"name":"Shop","item":"https:\/\/staging.lucky-hunter.com\/hu\/shop\/"},{"@type":"ListItem","position":3,"name":"Sillosocks Canada Flapper"}]},{"@type":"WebSite","@id":"https:\/\/staging.lucky-hunter.com\/#website","url":"https:\/\/staging.lucky-hunter.com\/","name":"Lucky-Hunter","description":"Gear Up or Give Up","potentialAction":[{"@type":"SearchAction","target":{"@type":"EntryPoint","urlTemplate":"https:\/\/staging.lucky-hunter.com\/?s={search_term_string}"},"query-input":{"@type":"PropertyValueSpecification","valueRequired":true,"valueName":"search_term_string"}}],"inLanguage":"hu"}]}},"_links":{"self":[{"href":"https:\/\/staging.lucky-hunter.com\/hu\/wp-json\/wp\/v2\/product\/12487"}],"collection":[{"href":"https:\/\/staging.lucky-hunter.com\/hu\/wp-json\/wp\/v2\/product"}],"about":[{"href":"https:\/\/staging.lucky-hunter.com\/hu\/wp-json\/wp\/v2\/types\/product"}],"wp:featuredmedia":[{"embeddable":true,"href":"https:\/\/staging.lucky-hunter.com\/hu\/wp-json\/wp\/v2\/media\/19524"}],"wp:attachment":[{"href":"https:\/\/staging.lucky-hunter.com\/hu\/wp-json\/wp\/v2\/media?parent=12487"}],"wp:term":[{"taxonomy":"product_brand","embeddable":true,"href":"https:\/\/staging.lucky-hunter.com\/hu\/wp-json\/wp\/v2\/product_brand?post=12487"},{"taxonomy":"product_cat","embeddable":true,"href":"https:\/\/staging.lucky-hunter.com\/hu\/wp-json\/wp\/v2\/product_cat?post=12487"},{"taxonomy":"product_tag","embeddable":true,"href":"https:\/\/staging.lucky-hunter.com\/hu\/wp-json\/wp\/v2\/product_tag?post=12487"}],"curies":[{"name":"wp","href":"https:\/\/api.w.org\/{rel}","templated":true}]}}