{"id":12429,"date":"2016-11-07T16:17:00","date_gmt":"2016-11-07T15:17:00","guid":{"rendered":"https:\/\/dangate.dk.prolinux4.curanetserver.dk\/lucky-hunter\/produkt\/moonshine-vildsvinslampe\/"},"modified":"2025-10-02T05:17:13","modified_gmt":"2025-10-02T03:17:13","slug":"moonshine-feeder-light","status":"publish","type":"product","link":"https:\/\/staging.lucky-hunter.com\/hu\/product\/moonshine-feeder-light\/","title":{"rendered":"Moonshine Feeder Light"},"content":{"rendered":"<div class=\"video video-fit mb\" style=\"padding-top:56.25%;\"><p><iframe title=\"Moonshine feeder light\" width=\"1020\" height=\"574\" src=\"https:\/\/www.youtube.com\/embed\/UISxEGUAUuk?wmode=transparent&amp;rel=0&amp;feature=oembed\" frameborder=\"0\" allow=\"accelerometer; autoplay; clipboard-write; encrypted-media; gyroscope; picture-in-picture; web-share\" referrerpolicy=\"strict-origin-when-cross-origin\" allowfullscreen><\/iframe><\/p>\n<\/div>\n<h2><strong>Moonshine Feeder Light &#8211; great for night time predator and hog hunting<\/strong><\/h2>\n<p>Moonshine feeder light from Wildgame Innovations has 16 powerful green LED and built-in solar panel.<\/p>\n<p>Attach to your feeder, and the green light will switch on when the built-in motion sensor is tripped.<\/p>\n<p>The light will remain lit as long as there is activity at the feeding site.<\/p>\n<p>Features a built-in solar panel and lithium battery (1000 mAh). With this, you now have the ultimate boar lamp, and you can be sure that there is light at the feeding site most of the year.<\/p>\n<p>In front of the green LED there is an optical prism.<\/p>\n<p>The lamp is splash proof and made of weather-resistant material.<\/p>\n<p>Moonshine feeder light allows shooting vision of approximately 92 meters.<\/p>\n<p>The lamp can be mounted in many different ways thanks to the different mounting options.<\/p>\n<ul>\n<li>Easy installation for any feeder<\/li>\n<li>Set up hardware included<\/li>\n<li>PIR activated<\/li>\n<li>Built-in solar panel<\/li>\n<li>On \/ Off switch when not in use<\/li>\n<li>16 green LED light system<\/li>\n<li>Weather-resistant design<\/li>\n<li>Built-in lithium-ion battery<\/li>\n<li>Includes mounting screws.<\/li>\n<\/ul>\n<p>&nbsp;<\/p>\n<p>&nbsp;<\/p>\n","protected":false},"excerpt":{"rendered":"<p>Moonshine feeder light from Wildgame Innovations has 16 powerful green LED and built-in solar panel. The built-in motion sensor switches the green light when the boars are in the field. The light will be on as long as there is activity at the feeding site.<\/p>\n","protected":false},"featured_media":19768,"template":"","meta":[],"product_brand":[101],"product_cat":[43],"product_tag":[9150],"yoast_head":"<!-- This site is optimized with the Yoast SEO plugin v24.3 - https:\/\/yoast.com\/wordpress\/plugins\/seo\/ -->\n<title>Moonshine Feeder Light - Night Time Predator Hunting | Lucky Hunter<\/title>\n<meta name=\"description\" content=\"Moonshine Feeder Light attaches to your feeding apparatus to illuminate the area without spooking the game! Solar powered with inbuilt motion sensor.\" \/>\n<meta name=\"robots\" content=\"noindex, follow, max-snippet:-1, max-image-preview:large, max-video-preview:-1\" \/>\n<meta property=\"og:locale\" content=\"hu_HU\" \/>\n<meta property=\"og:type\" content=\"article\" \/>\n<meta property=\"og:title\" content=\"Moonshine Feeder Light - Night Time Predator Hunting | Lucky Hunter\" \/>\n<meta property=\"og:description\" content=\"Moonshine Feeder Light attaches to your feeding apparatus to illuminate the area without spooking the game! Solar powered with inbuilt motion sensor.\" \/>\n<meta property=\"og:url\" content=\"https:\/\/staging.lucky-hunter.com\/product\/moonshine-feeder-light\/\" \/>\n<meta property=\"og:site_name\" content=\"Lucky-Hunter\" \/>\n<meta property=\"article:modified_time\" content=\"2025-10-02T03:17:13+00:00\" \/>\n<meta property=\"og:image\" content=\"https:\/\/staging.lucky-hunter.com\/wp-content\/uploads\/2016\/11\/PU-27-1.png\" \/>\n\t<meta property=\"og:image:width\" content=\"1000\" \/>\n\t<meta property=\"og:image:height\" content=\"1000\" \/>\n\t<meta property=\"og:image:type\" content=\"image\/png\" \/>\n<meta name=\"twitter:card\" content=\"summary_large_image\" \/>\n<meta name=\"twitter:label1\" content=\"Becs\u00fclt olvas\u00e1si id\u0151\" \/>\n\t<meta name=\"twitter:data1\" content=\"1 perc\" \/>\n<script type=\"application\/ld+json\" class=\"yoast-schema-graph\">{\"@context\":\"https:\/\/schema.org\",\"@graph\":[{\"@type\":\"WebPage\",\"@id\":\"https:\/\/staging.lucky-hunter.com\/product\/moonshine-feeder-light\/\",\"url\":\"https:\/\/staging.lucky-hunter.com\/product\/moonshine-feeder-light\/\",\"name\":\"Moonshine Feeder Light - Night Time Predator Hunting | Lucky Hunter\",\"isPartOf\":{\"@id\":\"https:\/\/staging.lucky-hunter.com\/#website\"},\"primaryImageOfPage\":{\"@id\":\"https:\/\/staging.lucky-hunter.com\/product\/moonshine-feeder-light\/#primaryimage\"},\"image\":{\"@id\":\"https:\/\/staging.lucky-hunter.com\/product\/moonshine-feeder-light\/#primaryimage\"},\"thumbnailUrl\":\"https:\/\/staging.lucky-hunter.com\/wp-content\/uploads\/2016\/11\/PU-27-1.png\",\"datePublished\":\"2016-11-07T15:17:00+00:00\",\"dateModified\":\"2025-10-02T03:17:13+00:00\",\"description\":\"Moonshine Feeder Light attaches to your feeding apparatus to illuminate the area without spooking the game! Solar powered with inbuilt motion sensor.\",\"breadcrumb\":{\"@id\":\"https:\/\/staging.lucky-hunter.com\/product\/moonshine-feeder-light\/#breadcrumb\"},\"inLanguage\":\"hu\",\"potentialAction\":[{\"@type\":\"ReadAction\",\"target\":[\"https:\/\/staging.lucky-hunter.com\/product\/moonshine-feeder-light\/\"]}]},{\"@type\":\"ImageObject\",\"inLanguage\":\"hu\",\"@id\":\"https:\/\/staging.lucky-hunter.com\/product\/moonshine-feeder-light\/#primaryimage\",\"url\":\"https:\/\/staging.lucky-hunter.com\/wp-content\/uploads\/2016\/11\/PU-27-1.png\",\"contentUrl\":\"https:\/\/staging.lucky-hunter.com\/wp-content\/uploads\/2016\/11\/PU-27-1.png\",\"width\":1000,\"height\":1000},{\"@type\":\"BreadcrumbList\",\"@id\":\"https:\/\/staging.lucky-hunter.com\/product\/moonshine-feeder-light\/#breadcrumb\",\"itemListElement\":[{\"@type\":\"ListItem\",\"position\":1,\"name\":\"Home\",\"item\":\"https:\/\/staging.lucky-hunter.com\/hu\/\"},{\"@type\":\"ListItem\",\"position\":2,\"name\":\"Shop\",\"item\":\"https:\/\/staging.lucky-hunter.com\/hu\/shop\/\"},{\"@type\":\"ListItem\",\"position\":3,\"name\":\"Moonshine Feeder Light\"}]},{\"@type\":\"WebSite\",\"@id\":\"https:\/\/staging.lucky-hunter.com\/#website\",\"url\":\"https:\/\/staging.lucky-hunter.com\/\",\"name\":\"Lucky-Hunter\",\"description\":\"Gear Up or Give Up\",\"potentialAction\":[{\"@type\":\"SearchAction\",\"target\":{\"@type\":\"EntryPoint\",\"urlTemplate\":\"https:\/\/staging.lucky-hunter.com\/?s={search_term_string}\"},\"query-input\":{\"@type\":\"PropertyValueSpecification\",\"valueRequired\":true,\"valueName\":\"search_term_string\"}}],\"inLanguage\":\"hu\"}]}<\/script>\n<!-- \/ Yoast SEO plugin. -->","yoast_head_json":{"title":"Moonshine Feeder Light - Night Time Predator Hunting | Lucky Hunter","description":"Moonshine Feeder Light attaches to your feeding apparatus to illuminate the area without spooking the game! Solar powered with inbuilt motion sensor.","robots":{"index":"noindex","follow":"follow","max-snippet":"max-snippet:-1","max-image-preview":"max-image-preview:large","max-video-preview":"max-video-preview:-1"},"og_locale":"hu_HU","og_type":"article","og_title":"Moonshine Feeder Light - Night Time Predator Hunting | Lucky Hunter","og_description":"Moonshine Feeder Light attaches to your feeding apparatus to illuminate the area without spooking the game! Solar powered with inbuilt motion sensor.","og_url":"https:\/\/staging.lucky-hunter.com\/product\/moonshine-feeder-light\/","og_site_name":"Lucky-Hunter","article_modified_time":"2025-10-02T03:17:13+00:00","og_image":[{"width":1000,"height":1000,"url":"https:\/\/staging.lucky-hunter.com\/wp-content\/uploads\/2016\/11\/PU-27-1.png","type":"image\/png"}],"twitter_card":"summary_large_image","twitter_misc":{"Becs\u00fclt olvas\u00e1si id\u0151":"1 perc"},"schema":{"@context":"https:\/\/schema.org","@graph":[{"@type":"WebPage","@id":"https:\/\/staging.lucky-hunter.com\/product\/moonshine-feeder-light\/","url":"https:\/\/staging.lucky-hunter.com\/product\/moonshine-feeder-light\/","name":"Moonshine Feeder Light - Night Time Predator Hunting | Lucky Hunter","isPartOf":{"@id":"https:\/\/staging.lucky-hunter.com\/#website"},"primaryImageOfPage":{"@id":"https:\/\/staging.lucky-hunter.com\/product\/moonshine-feeder-light\/#primaryimage"},"image":{"@id":"https:\/\/staging.lucky-hunter.com\/product\/moonshine-feeder-light\/#primaryimage"},"thumbnailUrl":"https:\/\/staging.lucky-hunter.com\/wp-content\/uploads\/2016\/11\/PU-27-1.png","datePublished":"2016-11-07T15:17:00+00:00","dateModified":"2025-10-02T03:17:13+00:00","description":"Moonshine Feeder Light attaches to your feeding apparatus to illuminate the area without spooking the game! Solar powered with inbuilt motion sensor.","breadcrumb":{"@id":"https:\/\/staging.lucky-hunter.com\/product\/moonshine-feeder-light\/#breadcrumb"},"inLanguage":"hu","potentialAction":[{"@type":"ReadAction","target":["https:\/\/staging.lucky-hunter.com\/product\/moonshine-feeder-light\/"]}]},{"@type":"ImageObject","inLanguage":"hu","@id":"https:\/\/staging.lucky-hunter.com\/product\/moonshine-feeder-light\/#primaryimage","url":"https:\/\/staging.lucky-hunter.com\/wp-content\/uploads\/2016\/11\/PU-27-1.png","contentUrl":"https:\/\/staging.lucky-hunter.com\/wp-content\/uploads\/2016\/11\/PU-27-1.png","width":1000,"height":1000},{"@type":"BreadcrumbList","@id":"https:\/\/staging.lucky-hunter.com\/product\/moonshine-feeder-light\/#breadcrumb","itemListElement":[{"@type":"ListItem","position":1,"name":"Home","item":"https:\/\/staging.lucky-hunter.com\/hu\/"},{"@type":"ListItem","position":2,"name":"Shop","item":"https:\/\/staging.lucky-hunter.com\/hu\/shop\/"},{"@type":"ListItem","position":3,"name":"Moonshine Feeder Light"}]},{"@type":"WebSite","@id":"https:\/\/staging.lucky-hunter.com\/#website","url":"https:\/\/staging.lucky-hunter.com\/","name":"Lucky-Hunter","description":"Gear Up or Give Up","potentialAction":[{"@type":"SearchAction","target":{"@type":"EntryPoint","urlTemplate":"https:\/\/staging.lucky-hunter.com\/?s={search_term_string}"},"query-input":{"@type":"PropertyValueSpecification","valueRequired":true,"valueName":"search_term_string"}}],"inLanguage":"hu"}]}},"_links":{"self":[{"href":"https:\/\/staging.lucky-hunter.com\/hu\/wp-json\/wp\/v2\/product\/12429"}],"collection":[{"href":"https:\/\/staging.lucky-hunter.com\/hu\/wp-json\/wp\/v2\/product"}],"about":[{"href":"https:\/\/staging.lucky-hunter.com\/hu\/wp-json\/wp\/v2\/types\/product"}],"wp:featuredmedia":[{"embeddable":true,"href":"https:\/\/staging.lucky-hunter.com\/hu\/wp-json\/wp\/v2\/media\/19768"}],"wp:attachment":[{"href":"https:\/\/staging.lucky-hunter.com\/hu\/wp-json\/wp\/v2\/media?parent=12429"}],"wp:term":[{"taxonomy":"product_brand","embeddable":true,"href":"https:\/\/staging.lucky-hunter.com\/hu\/wp-json\/wp\/v2\/product_brand?post=12429"},{"taxonomy":"product_cat","embeddable":true,"href":"https:\/\/staging.lucky-hunter.com\/hu\/wp-json\/wp\/v2\/product_cat?post=12429"},{"taxonomy":"product_tag","embeddable":true,"href":"https:\/\/staging.lucky-hunter.com\/hu\/wp-json\/wp\/v2\/product_tag?post=12429"}],"curies":[{"name":"wp","href":"https:\/\/api.w.org\/{rel}","templated":true}]}}