{"id":12427,"date":"2016-11-07T16:16:59","date_gmt":"2016-11-07T15:16:59","guid":{"rendered":"https:\/\/dangate.dk.prolinux4.curanetserver.dk\/lucky-hunter\/produkt\/lokkekald-nordik-barrborn-pro-crow\/"},"modified":"2025-10-02T04:08:43","modified_gmt":"2025-10-02T02:08:43","slug":"nordik-barrborn-pro-crow","status":"publish","type":"product","link":"https:\/\/staging.lucky-hunter.com\/hu\/product\/nordik-barrborn-pro-crow\/","title":{"rendered":"Nordik Barrborn Pro Crow"},"content":{"rendered":"<p>Pro is one of two game calls in the series \u201d<strong>Nordik Barrborn Crow<\/strong>\u201d. The calls are developed and designed by Roger Barrborn in cooperation with Nordik Predator.<\/p>\n<p>The calls are developed specially to be able to produce a wide variety of different calls and sounds of crows. The design makes the call very easy to use.<\/p>\n<p>With the <strong>Nordik Barrborn Pro<\/strong> call you can make a make a series of calls that attracts and annoys crows.<\/p>\n<p>To use the call, place the mouth piece between your lips in front of your front teeth while keeping a distance between your upper and lower front teeth of 3-4 mm. Start off by making a coarse R-sound without using too much force, you will soon learn the basic sound that you can start to vary.<\/p>\n<p>Once you have learned to make a life like sound that can be used as a contact call you can easily start learning how to vary your calls.<\/p>\n<p>By altering how hard you pinch or bite on the mouth piece you will soon notice how the pitch changes, to add even more variation use your hand in front of the sound chamber, opening and closing your cupped hand.<\/p>\n<p>Advice! When you feel comfortable with calling we advise you to use two different calls. I use the <strong>Basic<\/strong> and the <strong>Pro<\/strong> calls together, alternating between them to create a \u201cduetto\u201d of calls. With access to both calls, vary the softer sounds from the <strong>Basic<\/strong> call with the aggressive calls from the <strong>Pro<\/strong> call.<\/p>\n","protected":false},"excerpt":{"rendered":"<p>Pro is one of two game calls in the series \u201dNordik Barrborn Crow\u201d. The calls are developed by Roger Barrborn in cooperation with Nordik Predator.\u00a0You can make a make a series of calls that attracts and annoys crows.<\/p>\n","protected":false},"featured_media":19745,"template":"","meta":[],"product_brand":[46],"product_cat":[8733],"product_tag":[9459],"yoast_head":"<!-- This site is optimized with the Yoast SEO plugin v24.3 - https:\/\/yoast.com\/wordpress\/plugins\/seo\/ -->\n<title>Nordik Barrborn Pro Crow<\/title>\n<meta name=\"description\" content=\"Pro is one of two game calls in the series \u201dNordik Barrborn Crow\u201d. The calls are developed by Roger Barrborn in cooperation with Nordik Predator.\" \/>\n<meta name=\"robots\" content=\"noindex, follow, max-snippet:-1, max-image-preview:large, max-video-preview:-1\" \/>\n<meta property=\"og:locale\" content=\"hu_HU\" \/>\n<meta property=\"og:type\" content=\"article\" \/>\n<meta property=\"og:title\" content=\"Nordik Barrborn Pro Crow\" \/>\n<meta property=\"og:description\" content=\"Pro is one of two game calls in the series \u201dNordik Barrborn Crow\u201d. The calls are developed by Roger Barrborn in cooperation with Nordik Predator.\" \/>\n<meta property=\"og:url\" content=\"https:\/\/staging.lucky-hunter.com\/product\/nordik-barrborn-pro-crow\/\" \/>\n<meta property=\"og:site_name\" content=\"Lucky-Hunter\" \/>\n<meta property=\"article:modified_time\" content=\"2025-10-02T02:08:43+00:00\" \/>\n<meta property=\"og:image\" content=\"https:\/\/staging.lucky-hunter.com\/wp-content\/uploads\/2016\/11\/LK-21.png\" \/>\n\t<meta property=\"og:image:width\" content=\"1000\" \/>\n\t<meta property=\"og:image:height\" content=\"1000\" \/>\n\t<meta property=\"og:image:type\" content=\"image\/png\" \/>\n<meta name=\"twitter:card\" content=\"summary_large_image\" \/>\n<meta name=\"twitter:label1\" content=\"Becs\u00fclt olvas\u00e1si id\u0151\" \/>\n\t<meta name=\"twitter:data1\" content=\"1 perc\" \/>\n<script type=\"application\/ld+json\" class=\"yoast-schema-graph\">{\"@context\":\"https:\/\/schema.org\",\"@graph\":[{\"@type\":\"WebPage\",\"@id\":\"https:\/\/staging.lucky-hunter.com\/product\/nordik-barrborn-pro-crow\/\",\"url\":\"https:\/\/staging.lucky-hunter.com\/product\/nordik-barrborn-pro-crow\/\",\"name\":\"Nordik Barrborn Pro Crow\",\"isPartOf\":{\"@id\":\"https:\/\/staging.lucky-hunter.com\/#website\"},\"primaryImageOfPage\":{\"@id\":\"https:\/\/staging.lucky-hunter.com\/product\/nordik-barrborn-pro-crow\/#primaryimage\"},\"image\":{\"@id\":\"https:\/\/staging.lucky-hunter.com\/product\/nordik-barrborn-pro-crow\/#primaryimage\"},\"thumbnailUrl\":\"https:\/\/staging.lucky-hunter.com\/wp-content\/uploads\/2016\/11\/LK-21.png\",\"datePublished\":\"2016-11-07T15:16:59+00:00\",\"dateModified\":\"2025-10-02T02:08:43+00:00\",\"description\":\"Pro is one of two game calls in the series \u201dNordik Barrborn Crow\u201d. The calls are developed by Roger Barrborn in cooperation with Nordik Predator.\",\"breadcrumb\":{\"@id\":\"https:\/\/staging.lucky-hunter.com\/product\/nordik-barrborn-pro-crow\/#breadcrumb\"},\"inLanguage\":\"hu\",\"potentialAction\":[{\"@type\":\"ReadAction\",\"target\":[\"https:\/\/staging.lucky-hunter.com\/product\/nordik-barrborn-pro-crow\/\"]}]},{\"@type\":\"ImageObject\",\"inLanguage\":\"hu\",\"@id\":\"https:\/\/staging.lucky-hunter.com\/product\/nordik-barrborn-pro-crow\/#primaryimage\",\"url\":\"https:\/\/staging.lucky-hunter.com\/wp-content\/uploads\/2016\/11\/LK-21.png\",\"contentUrl\":\"https:\/\/staging.lucky-hunter.com\/wp-content\/uploads\/2016\/11\/LK-21.png\",\"width\":1000,\"height\":1000},{\"@type\":\"BreadcrumbList\",\"@id\":\"https:\/\/staging.lucky-hunter.com\/product\/nordik-barrborn-pro-crow\/#breadcrumb\",\"itemListElement\":[{\"@type\":\"ListItem\",\"position\":1,\"name\":\"Home\",\"item\":\"https:\/\/staging.lucky-hunter.com\/hu\/\"},{\"@type\":\"ListItem\",\"position\":2,\"name\":\"Shop\",\"item\":\"https:\/\/staging.lucky-hunter.com\/hu\/shop\/\"},{\"@type\":\"ListItem\",\"position\":3,\"name\":\"Nordik Barrborn Pro Crow\"}]},{\"@type\":\"WebSite\",\"@id\":\"https:\/\/staging.lucky-hunter.com\/#website\",\"url\":\"https:\/\/staging.lucky-hunter.com\/\",\"name\":\"Lucky-Hunter\",\"description\":\"Gear Up or Give Up\",\"potentialAction\":[{\"@type\":\"SearchAction\",\"target\":{\"@type\":\"EntryPoint\",\"urlTemplate\":\"https:\/\/staging.lucky-hunter.com\/?s={search_term_string}\"},\"query-input\":{\"@type\":\"PropertyValueSpecification\",\"valueRequired\":true,\"valueName\":\"search_term_string\"}}],\"inLanguage\":\"hu\"}]}<\/script>\n<!-- \/ Yoast SEO plugin. -->","yoast_head_json":{"title":"Nordik Barrborn Pro Crow","description":"Pro is one of two game calls in the series \u201dNordik Barrborn Crow\u201d. The calls are developed by Roger Barrborn in cooperation with Nordik Predator.","robots":{"index":"noindex","follow":"follow","max-snippet":"max-snippet:-1","max-image-preview":"max-image-preview:large","max-video-preview":"max-video-preview:-1"},"og_locale":"hu_HU","og_type":"article","og_title":"Nordik Barrborn Pro Crow","og_description":"Pro is one of two game calls in the series \u201dNordik Barrborn Crow\u201d. The calls are developed by Roger Barrborn in cooperation with Nordik Predator.","og_url":"https:\/\/staging.lucky-hunter.com\/product\/nordik-barrborn-pro-crow\/","og_site_name":"Lucky-Hunter","article_modified_time":"2025-10-02T02:08:43+00:00","og_image":[{"width":1000,"height":1000,"url":"https:\/\/staging.lucky-hunter.com\/wp-content\/uploads\/2016\/11\/LK-21.png","type":"image\/png"}],"twitter_card":"summary_large_image","twitter_misc":{"Becs\u00fclt olvas\u00e1si id\u0151":"1 perc"},"schema":{"@context":"https:\/\/schema.org","@graph":[{"@type":"WebPage","@id":"https:\/\/staging.lucky-hunter.com\/product\/nordik-barrborn-pro-crow\/","url":"https:\/\/staging.lucky-hunter.com\/product\/nordik-barrborn-pro-crow\/","name":"Nordik Barrborn Pro Crow","isPartOf":{"@id":"https:\/\/staging.lucky-hunter.com\/#website"},"primaryImageOfPage":{"@id":"https:\/\/staging.lucky-hunter.com\/product\/nordik-barrborn-pro-crow\/#primaryimage"},"image":{"@id":"https:\/\/staging.lucky-hunter.com\/product\/nordik-barrborn-pro-crow\/#primaryimage"},"thumbnailUrl":"https:\/\/staging.lucky-hunter.com\/wp-content\/uploads\/2016\/11\/LK-21.png","datePublished":"2016-11-07T15:16:59+00:00","dateModified":"2025-10-02T02:08:43+00:00","description":"Pro is one of two game calls in the series \u201dNordik Barrborn Crow\u201d. The calls are developed by Roger Barrborn in cooperation with Nordik Predator.","breadcrumb":{"@id":"https:\/\/staging.lucky-hunter.com\/product\/nordik-barrborn-pro-crow\/#breadcrumb"},"inLanguage":"hu","potentialAction":[{"@type":"ReadAction","target":["https:\/\/staging.lucky-hunter.com\/product\/nordik-barrborn-pro-crow\/"]}]},{"@type":"ImageObject","inLanguage":"hu","@id":"https:\/\/staging.lucky-hunter.com\/product\/nordik-barrborn-pro-crow\/#primaryimage","url":"https:\/\/staging.lucky-hunter.com\/wp-content\/uploads\/2016\/11\/LK-21.png","contentUrl":"https:\/\/staging.lucky-hunter.com\/wp-content\/uploads\/2016\/11\/LK-21.png","width":1000,"height":1000},{"@type":"BreadcrumbList","@id":"https:\/\/staging.lucky-hunter.com\/product\/nordik-barrborn-pro-crow\/#breadcrumb","itemListElement":[{"@type":"ListItem","position":1,"name":"Home","item":"https:\/\/staging.lucky-hunter.com\/hu\/"},{"@type":"ListItem","position":2,"name":"Shop","item":"https:\/\/staging.lucky-hunter.com\/hu\/shop\/"},{"@type":"ListItem","position":3,"name":"Nordik Barrborn Pro Crow"}]},{"@type":"WebSite","@id":"https:\/\/staging.lucky-hunter.com\/#website","url":"https:\/\/staging.lucky-hunter.com\/","name":"Lucky-Hunter","description":"Gear Up or Give Up","potentialAction":[{"@type":"SearchAction","target":{"@type":"EntryPoint","urlTemplate":"https:\/\/staging.lucky-hunter.com\/?s={search_term_string}"},"query-input":{"@type":"PropertyValueSpecification","valueRequired":true,"valueName":"search_term_string"}}],"inLanguage":"hu"}]}},"_links":{"self":[{"href":"https:\/\/staging.lucky-hunter.com\/hu\/wp-json\/wp\/v2\/product\/12427"}],"collection":[{"href":"https:\/\/staging.lucky-hunter.com\/hu\/wp-json\/wp\/v2\/product"}],"about":[{"href":"https:\/\/staging.lucky-hunter.com\/hu\/wp-json\/wp\/v2\/types\/product"}],"wp:featuredmedia":[{"embeddable":true,"href":"https:\/\/staging.lucky-hunter.com\/hu\/wp-json\/wp\/v2\/media\/19745"}],"wp:attachment":[{"href":"https:\/\/staging.lucky-hunter.com\/hu\/wp-json\/wp\/v2\/media?parent=12427"}],"wp:term":[{"taxonomy":"product_brand","embeddable":true,"href":"https:\/\/staging.lucky-hunter.com\/hu\/wp-json\/wp\/v2\/product_brand?post=12427"},{"taxonomy":"product_cat","embeddable":true,"href":"https:\/\/staging.lucky-hunter.com\/hu\/wp-json\/wp\/v2\/product_cat?post=12427"},{"taxonomy":"product_tag","embeddable":true,"href":"https:\/\/staging.lucky-hunter.com\/hu\/wp-json\/wp\/v2\/product_tag?post=12427"}],"curies":[{"name":"wp","href":"https:\/\/api.w.org\/{rel}","templated":true}]}}