{"id":12416,"date":"2016-11-07T16:16:01","date_gmt":"2016-11-07T15:16:01","guid":{"rendered":"https:\/\/dangate.dk.prolinux4.curanetserver.dk\/lucky-hunter\/produkt\/baeretaske-til-lokkegaes\/"},"modified":"2025-10-02T03:46:20","modified_gmt":"2025-10-02T01:46:20","slug":"goose-decoy-bag","status":"publish","type":"product","link":"https:\/\/staging.lucky-hunter.com\/hu\/product\/goose-decoy-bag\/","title":{"rendered":"Goose Decoy Bag"},"content":{"rendered":"<p><iframe title=\"Dangate Goose Decoy Bag\" width=\"1020\" height=\"574\" src=\"https:\/\/www.youtube.com\/embed\/ofj-2dVSEco?wmode=transparent&amp;rel=0&amp;feature=oembed&#038;enablejsapi=1&#038;origin=https:\/\/staging.lucky-hunter.com\" frameborder=\"0\" allow=\"accelerometer; autoplay; clipboard-write; encrypted-media; gyroscope; picture-in-picture; web-share\" referrerpolicy=\"strict-origin-when-cross-origin\" allowfullscreen><\/iframe><\/p>\n<p>With this popular carrying bag you can easily transport your goose decoys from the car and out to the hunting spot.<\/p>\n<p>It is a great advantage that you can have your hands free to carry your guns and other hunting gear\u00a0that you will need on the goose hunt.<\/p>\n<p>The bag is made of strong canvas fabric and has 6 separate compartments, allowing up to 6 pieces\u00a0of\u00a0goose decoys in Avian-X full body size.<\/p>\n<p>There is a net in the bottom of the bag, so water can run off the decoys\u00a0before you put\u00a0them back\u00a0into storage.<\/p>\n<p>The goose bag\u00a0is lined with black nylon fabric, which can be pulled over the decoys\u00a0for added protection during transport.<\/p>\n<p>The bag has a large pocket on the side for storage of mounting sticks or wind decoys. Then you no longer have to worry if they are hurting your flocked decoys.<\/p>\n<p>Color: Olive<\/p>\n","protected":false},"excerpt":{"rendered":"<p>This 6 slot decoy bag is made of a really durable canvas quality and is super convenient when you need to transport your decoys from the car and out to the hunting area.<\/p>\n","protected":false},"featured_media":110471,"template":"","meta":[],"product_brand":[32],"product_cat":[9109],"product_tag":[9146],"yoast_head":"<!-- This site is optimized with the Yoast SEO plugin v24.3 - https:\/\/yoast.com\/wordpress\/plugins\/seo\/ -->\n<title>Goose Decoy Bag - your decoys stay beautiful for many years<\/title>\n<meta name=\"description\" content=\"This 6 slot decoy bag is made of a really durable canvas quality and is super convenient when you need to transport your decoys.\" \/>\n<meta name=\"robots\" content=\"noindex, follow, max-snippet:-1, max-image-preview:large, max-video-preview:-1\" \/>\n<meta property=\"og:locale\" content=\"hu_HU\" \/>\n<meta property=\"og:type\" content=\"article\" \/>\n<meta property=\"og:title\" content=\"Goose Decoy Bag - your decoys stay beautiful for many years\" \/>\n<meta property=\"og:description\" content=\"This 6 slot decoy bag is made of a really durable canvas quality and is super convenient when you need to transport your decoys.\" \/>\n<meta property=\"og:url\" content=\"https:\/\/staging.lucky-hunter.com\/product\/goose-decoy-bag\/\" \/>\n<meta property=\"og:site_name\" content=\"Lucky-Hunter\" \/>\n<meta property=\"article:modified_time\" content=\"2025-10-02T01:46:20+00:00\" \/>\n<meta property=\"og:image\" content=\"https:\/\/staging.lucky-hunter.com\/wp-content\/uploads\/2016\/11\/LF-130-removebg-preview.png\" \/>\n\t<meta property=\"og:image:width\" content=\"501\" \/>\n\t<meta property=\"og:image:height\" content=\"498\" \/>\n\t<meta property=\"og:image:type\" content=\"image\/png\" \/>\n<meta name=\"twitter:card\" content=\"summary_large_image\" \/>\n<meta name=\"twitter:label1\" content=\"Becs\u00fclt olvas\u00e1si id\u0151\" \/>\n\t<meta name=\"twitter:data1\" content=\"1 perc\" \/>\n<script type=\"application\/ld+json\" class=\"yoast-schema-graph\">{\"@context\":\"https:\/\/schema.org\",\"@graph\":[{\"@type\":\"WebPage\",\"@id\":\"https:\/\/staging.lucky-hunter.com\/product\/goose-decoy-bag\/\",\"url\":\"https:\/\/staging.lucky-hunter.com\/product\/goose-decoy-bag\/\",\"name\":\"Goose Decoy Bag - your decoys stay beautiful for many years\",\"isPartOf\":{\"@id\":\"https:\/\/staging.lucky-hunter.com\/#website\"},\"primaryImageOfPage\":{\"@id\":\"https:\/\/staging.lucky-hunter.com\/product\/goose-decoy-bag\/#primaryimage\"},\"image\":{\"@id\":\"https:\/\/staging.lucky-hunter.com\/product\/goose-decoy-bag\/#primaryimage\"},\"thumbnailUrl\":\"https:\/\/staging.lucky-hunter.com\/wp-content\/uploads\/2016\/11\/LF-130-removebg-preview.png\",\"datePublished\":\"2016-11-07T15:16:01+00:00\",\"dateModified\":\"2025-10-02T01:46:20+00:00\",\"description\":\"This 6 slot decoy bag is made of a really durable canvas quality and is super convenient when you need to transport your decoys.\",\"breadcrumb\":{\"@id\":\"https:\/\/staging.lucky-hunter.com\/product\/goose-decoy-bag\/#breadcrumb\"},\"inLanguage\":\"hu\",\"potentialAction\":[{\"@type\":\"ReadAction\",\"target\":[\"https:\/\/staging.lucky-hunter.com\/product\/goose-decoy-bag\/\"]}]},{\"@type\":\"ImageObject\",\"inLanguage\":\"hu\",\"@id\":\"https:\/\/staging.lucky-hunter.com\/product\/goose-decoy-bag\/#primaryimage\",\"url\":\"https:\/\/staging.lucky-hunter.com\/wp-content\/uploads\/2016\/11\/LF-130-removebg-preview.png\",\"contentUrl\":\"https:\/\/staging.lucky-hunter.com\/wp-content\/uploads\/2016\/11\/LF-130-removebg-preview.png\",\"width\":501,\"height\":498},{\"@type\":\"BreadcrumbList\",\"@id\":\"https:\/\/staging.lucky-hunter.com\/product\/goose-decoy-bag\/#breadcrumb\",\"itemListElement\":[{\"@type\":\"ListItem\",\"position\":1,\"name\":\"Home\",\"item\":\"https:\/\/staging.lucky-hunter.com\/hu\/\"},{\"@type\":\"ListItem\",\"position\":2,\"name\":\"Shop\",\"item\":\"https:\/\/staging.lucky-hunter.com\/hu\/shop\/\"},{\"@type\":\"ListItem\",\"position\":3,\"name\":\"Goose Decoy Bag\"}]},{\"@type\":\"WebSite\",\"@id\":\"https:\/\/staging.lucky-hunter.com\/#website\",\"url\":\"https:\/\/staging.lucky-hunter.com\/\",\"name\":\"Lucky-Hunter\",\"description\":\"Gear Up or Give Up\",\"potentialAction\":[{\"@type\":\"SearchAction\",\"target\":{\"@type\":\"EntryPoint\",\"urlTemplate\":\"https:\/\/staging.lucky-hunter.com\/?s={search_term_string}\"},\"query-input\":{\"@type\":\"PropertyValueSpecification\",\"valueRequired\":true,\"valueName\":\"search_term_string\"}}],\"inLanguage\":\"hu\"}]}<\/script>\n<!-- \/ Yoast SEO plugin. -->","yoast_head_json":{"title":"Goose Decoy Bag - your decoys stay beautiful for many years","description":"This 6 slot decoy bag is made of a really durable canvas quality and is super convenient when you need to transport your decoys.","robots":{"index":"noindex","follow":"follow","max-snippet":"max-snippet:-1","max-image-preview":"max-image-preview:large","max-video-preview":"max-video-preview:-1"},"og_locale":"hu_HU","og_type":"article","og_title":"Goose Decoy Bag - your decoys stay beautiful for many years","og_description":"This 6 slot decoy bag is made of a really durable canvas quality and is super convenient when you need to transport your decoys.","og_url":"https:\/\/staging.lucky-hunter.com\/product\/goose-decoy-bag\/","og_site_name":"Lucky-Hunter","article_modified_time":"2025-10-02T01:46:20+00:00","og_image":[{"width":501,"height":498,"url":"https:\/\/staging.lucky-hunter.com\/wp-content\/uploads\/2016\/11\/LF-130-removebg-preview.png","type":"image\/png"}],"twitter_card":"summary_large_image","twitter_misc":{"Becs\u00fclt olvas\u00e1si id\u0151":"1 perc"},"schema":{"@context":"https:\/\/schema.org","@graph":[{"@type":"WebPage","@id":"https:\/\/staging.lucky-hunter.com\/product\/goose-decoy-bag\/","url":"https:\/\/staging.lucky-hunter.com\/product\/goose-decoy-bag\/","name":"Goose Decoy Bag - your decoys stay beautiful for many years","isPartOf":{"@id":"https:\/\/staging.lucky-hunter.com\/#website"},"primaryImageOfPage":{"@id":"https:\/\/staging.lucky-hunter.com\/product\/goose-decoy-bag\/#primaryimage"},"image":{"@id":"https:\/\/staging.lucky-hunter.com\/product\/goose-decoy-bag\/#primaryimage"},"thumbnailUrl":"https:\/\/staging.lucky-hunter.com\/wp-content\/uploads\/2016\/11\/LF-130-removebg-preview.png","datePublished":"2016-11-07T15:16:01+00:00","dateModified":"2025-10-02T01:46:20+00:00","description":"This 6 slot decoy bag is made of a really durable canvas quality and is super convenient when you need to transport your decoys.","breadcrumb":{"@id":"https:\/\/staging.lucky-hunter.com\/product\/goose-decoy-bag\/#breadcrumb"},"inLanguage":"hu","potentialAction":[{"@type":"ReadAction","target":["https:\/\/staging.lucky-hunter.com\/product\/goose-decoy-bag\/"]}]},{"@type":"ImageObject","inLanguage":"hu","@id":"https:\/\/staging.lucky-hunter.com\/product\/goose-decoy-bag\/#primaryimage","url":"https:\/\/staging.lucky-hunter.com\/wp-content\/uploads\/2016\/11\/LF-130-removebg-preview.png","contentUrl":"https:\/\/staging.lucky-hunter.com\/wp-content\/uploads\/2016\/11\/LF-130-removebg-preview.png","width":501,"height":498},{"@type":"BreadcrumbList","@id":"https:\/\/staging.lucky-hunter.com\/product\/goose-decoy-bag\/#breadcrumb","itemListElement":[{"@type":"ListItem","position":1,"name":"Home","item":"https:\/\/staging.lucky-hunter.com\/hu\/"},{"@type":"ListItem","position":2,"name":"Shop","item":"https:\/\/staging.lucky-hunter.com\/hu\/shop\/"},{"@type":"ListItem","position":3,"name":"Goose Decoy Bag"}]},{"@type":"WebSite","@id":"https:\/\/staging.lucky-hunter.com\/#website","url":"https:\/\/staging.lucky-hunter.com\/","name":"Lucky-Hunter","description":"Gear Up or Give Up","potentialAction":[{"@type":"SearchAction","target":{"@type":"EntryPoint","urlTemplate":"https:\/\/staging.lucky-hunter.com\/?s={search_term_string}"},"query-input":{"@type":"PropertyValueSpecification","valueRequired":true,"valueName":"search_term_string"}}],"inLanguage":"hu"}]}},"_links":{"self":[{"href":"https:\/\/staging.lucky-hunter.com\/hu\/wp-json\/wp\/v2\/product\/12416"}],"collection":[{"href":"https:\/\/staging.lucky-hunter.com\/hu\/wp-json\/wp\/v2\/product"}],"about":[{"href":"https:\/\/staging.lucky-hunter.com\/hu\/wp-json\/wp\/v2\/types\/product"}],"wp:featuredmedia":[{"embeddable":true,"href":"https:\/\/staging.lucky-hunter.com\/hu\/wp-json\/wp\/v2\/media\/110471"}],"wp:attachment":[{"href":"https:\/\/staging.lucky-hunter.com\/hu\/wp-json\/wp\/v2\/media?parent=12416"}],"wp:term":[{"taxonomy":"product_brand","embeddable":true,"href":"https:\/\/staging.lucky-hunter.com\/hu\/wp-json\/wp\/v2\/product_brand?post=12416"},{"taxonomy":"product_cat","embeddable":true,"href":"https:\/\/staging.lucky-hunter.com\/hu\/wp-json\/wp\/v2\/product_cat?post=12416"},{"taxonomy":"product_tag","embeddable":true,"href":"https:\/\/staging.lucky-hunter.com\/hu\/wp-json\/wp\/v2\/product_tag?post=12416"}],"curies":[{"name":"wp","href":"https:\/\/api.w.org\/{rel}","templated":true}]}}