{"id":12251,"date":"2016-11-07T16:14:17","date_gmt":"2016-11-07T15:14:17","guid":{"rendered":"https:\/\/dangate.dk.prolinux4.curanetserver.dk\/lucky-hunter\/produkt\/tarmudtager-til-vildt\/"},"modified":"2025-10-02T03:01:24","modified_gmt":"2025-10-02T01:01:24","slug":"a-hole-remover","status":"publish","type":"product","link":"https:\/\/staging.lucky-hunter.com\/hu\/product\/a-hole-remover\/","title":{"rendered":"A-hole remover"},"content":{"rendered":"<p>Easy handling of the game.<\/p>\n<p>With A-hole remover you can easily remove the intestine of red deer, bears and wild boars.<\/p>\n<p><strong>Application:<\/strong><\/p>\n<ol>\n<li>Place the game on the side. Insert A-hole remover in the rectum and make sure that the remover is flush with the opening.<\/li>\n<\/ol>\n<ol start=\"2\">\n<li>Turn the handle until you feel that there is a grab on the intestine. Wring then a half turn more.<\/li>\n<\/ol>\n<ol start=\"3\">\n<li>Gently pull out the A-hole remover from the rectum. Do not pull too hard. The game can now be placed on its back, and you can continue the work of cleaning the game.<\/li>\n<\/ol>\n<h2><\/h2>\n","protected":false},"excerpt":{"rendered":"<p>With A-hole remover you can easily remove the intestine of red deer, bears and wild boars. Easy handling of the game.<\/p>\n","protected":false},"featured_media":57927,"template":"","meta":[],"product_brand":[82],"product_cat":[56],"product_tag":[9150,9143,9144],"yoast_head":"<!-- This site is optimized with the Yoast SEO plugin v24.3 - https:\/\/yoast.com\/wordpress\/plugins\/seo\/ -->\n<title>A-hole remover - Easy handling of the game<\/title>\n<meta name=\"description\" content=\"With A-hole remover you can easily remove the intestine of red deer, bears and wild boars.\" \/>\n<meta name=\"robots\" content=\"noindex, follow, max-snippet:-1, max-image-preview:large, max-video-preview:-1\" \/>\n<meta property=\"og:locale\" content=\"hu_HU\" \/>\n<meta property=\"og:type\" content=\"article\" \/>\n<meta property=\"og:title\" content=\"A-hole remover - Easy handling of the game\" \/>\n<meta property=\"og:description\" content=\"With A-hole remover you can easily remove the intestine of red deer, bears and wild boars.\" \/>\n<meta property=\"og:url\" content=\"https:\/\/staging.lucky-hunter.com\/product\/a-hole-remover\/\" \/>\n<meta property=\"og:site_name\" content=\"Lucky-Hunter\" \/>\n<meta property=\"article:modified_time\" content=\"2025-10-02T01:01:24+00:00\" \/>\n<meta property=\"og:image\" content=\"https:\/\/staging.lucky-hunter.com\/wp-content\/uploads\/2016\/11\/7200631-1.png\" \/>\n\t<meta property=\"og:image:width\" content=\"1000\" \/>\n\t<meta property=\"og:image:height\" content=\"1000\" \/>\n\t<meta property=\"og:image:type\" content=\"image\/png\" \/>\n<meta name=\"twitter:card\" content=\"summary_large_image\" \/>\n<meta name=\"twitter:label1\" content=\"Becs\u00fclt olvas\u00e1si id\u0151\" \/>\n\t<meta name=\"twitter:data1\" content=\"1 perc\" \/>\n<script type=\"application\/ld+json\" class=\"yoast-schema-graph\">{\"@context\":\"https:\/\/schema.org\",\"@graph\":[{\"@type\":\"WebPage\",\"@id\":\"https:\/\/staging.lucky-hunter.com\/product\/a-hole-remover\/\",\"url\":\"https:\/\/staging.lucky-hunter.com\/product\/a-hole-remover\/\",\"name\":\"A-hole remover - Easy handling of the game\",\"isPartOf\":{\"@id\":\"https:\/\/staging.lucky-hunter.com\/#website\"},\"primaryImageOfPage\":{\"@id\":\"https:\/\/staging.lucky-hunter.com\/product\/a-hole-remover\/#primaryimage\"},\"image\":{\"@id\":\"https:\/\/staging.lucky-hunter.com\/product\/a-hole-remover\/#primaryimage\"},\"thumbnailUrl\":\"https:\/\/staging.lucky-hunter.com\/wp-content\/uploads\/2016\/11\/7200631-1.png\",\"datePublished\":\"2016-11-07T15:14:17+00:00\",\"dateModified\":\"2025-10-02T01:01:24+00:00\",\"description\":\"With A-hole remover you can easily remove the intestine of red deer, bears and wild boars.\",\"breadcrumb\":{\"@id\":\"https:\/\/staging.lucky-hunter.com\/product\/a-hole-remover\/#breadcrumb\"},\"inLanguage\":\"hu\",\"potentialAction\":[{\"@type\":\"ReadAction\",\"target\":[\"https:\/\/staging.lucky-hunter.com\/product\/a-hole-remover\/\"]}]},{\"@type\":\"ImageObject\",\"inLanguage\":\"hu\",\"@id\":\"https:\/\/staging.lucky-hunter.com\/product\/a-hole-remover\/#primaryimage\",\"url\":\"https:\/\/staging.lucky-hunter.com\/wp-content\/uploads\/2016\/11\/7200631-1.png\",\"contentUrl\":\"https:\/\/staging.lucky-hunter.com\/wp-content\/uploads\/2016\/11\/7200631-1.png\",\"width\":1000,\"height\":1000,\"caption\":\"A-hole remover\"},{\"@type\":\"BreadcrumbList\",\"@id\":\"https:\/\/staging.lucky-hunter.com\/product\/a-hole-remover\/#breadcrumb\",\"itemListElement\":[{\"@type\":\"ListItem\",\"position\":1,\"name\":\"Home\",\"item\":\"https:\/\/staging.lucky-hunter.com\/hu\/\"},{\"@type\":\"ListItem\",\"position\":2,\"name\":\"Shop\",\"item\":\"https:\/\/staging.lucky-hunter.com\/hu\/shop\/\"},{\"@type\":\"ListItem\",\"position\":3,\"name\":\"A-hole remover\"}]},{\"@type\":\"WebSite\",\"@id\":\"https:\/\/staging.lucky-hunter.com\/#website\",\"url\":\"https:\/\/staging.lucky-hunter.com\/\",\"name\":\"Lucky-Hunter\",\"description\":\"Gear Up or Give Up\",\"potentialAction\":[{\"@type\":\"SearchAction\",\"target\":{\"@type\":\"EntryPoint\",\"urlTemplate\":\"https:\/\/staging.lucky-hunter.com\/?s={search_term_string}\"},\"query-input\":{\"@type\":\"PropertyValueSpecification\",\"valueRequired\":true,\"valueName\":\"search_term_string\"}}],\"inLanguage\":\"hu\"}]}<\/script>\n<!-- \/ Yoast SEO plugin. -->","yoast_head_json":{"title":"A-hole remover - Easy handling of the game","description":"With A-hole remover you can easily remove the intestine of red deer, bears and wild boars.","robots":{"index":"noindex","follow":"follow","max-snippet":"max-snippet:-1","max-image-preview":"max-image-preview:large","max-video-preview":"max-video-preview:-1"},"og_locale":"hu_HU","og_type":"article","og_title":"A-hole remover - Easy handling of the game","og_description":"With A-hole remover you can easily remove the intestine of red deer, bears and wild boars.","og_url":"https:\/\/staging.lucky-hunter.com\/product\/a-hole-remover\/","og_site_name":"Lucky-Hunter","article_modified_time":"2025-10-02T01:01:24+00:00","og_image":[{"width":1000,"height":1000,"url":"https:\/\/staging.lucky-hunter.com\/wp-content\/uploads\/2016\/11\/7200631-1.png","type":"image\/png"}],"twitter_card":"summary_large_image","twitter_misc":{"Becs\u00fclt olvas\u00e1si id\u0151":"1 perc"},"schema":{"@context":"https:\/\/schema.org","@graph":[{"@type":"WebPage","@id":"https:\/\/staging.lucky-hunter.com\/product\/a-hole-remover\/","url":"https:\/\/staging.lucky-hunter.com\/product\/a-hole-remover\/","name":"A-hole remover - Easy handling of the game","isPartOf":{"@id":"https:\/\/staging.lucky-hunter.com\/#website"},"primaryImageOfPage":{"@id":"https:\/\/staging.lucky-hunter.com\/product\/a-hole-remover\/#primaryimage"},"image":{"@id":"https:\/\/staging.lucky-hunter.com\/product\/a-hole-remover\/#primaryimage"},"thumbnailUrl":"https:\/\/staging.lucky-hunter.com\/wp-content\/uploads\/2016\/11\/7200631-1.png","datePublished":"2016-11-07T15:14:17+00:00","dateModified":"2025-10-02T01:01:24+00:00","description":"With A-hole remover you can easily remove the intestine of red deer, bears and wild boars.","breadcrumb":{"@id":"https:\/\/staging.lucky-hunter.com\/product\/a-hole-remover\/#breadcrumb"},"inLanguage":"hu","potentialAction":[{"@type":"ReadAction","target":["https:\/\/staging.lucky-hunter.com\/product\/a-hole-remover\/"]}]},{"@type":"ImageObject","inLanguage":"hu","@id":"https:\/\/staging.lucky-hunter.com\/product\/a-hole-remover\/#primaryimage","url":"https:\/\/staging.lucky-hunter.com\/wp-content\/uploads\/2016\/11\/7200631-1.png","contentUrl":"https:\/\/staging.lucky-hunter.com\/wp-content\/uploads\/2016\/11\/7200631-1.png","width":1000,"height":1000,"caption":"A-hole remover"},{"@type":"BreadcrumbList","@id":"https:\/\/staging.lucky-hunter.com\/product\/a-hole-remover\/#breadcrumb","itemListElement":[{"@type":"ListItem","position":1,"name":"Home","item":"https:\/\/staging.lucky-hunter.com\/hu\/"},{"@type":"ListItem","position":2,"name":"Shop","item":"https:\/\/staging.lucky-hunter.com\/hu\/shop\/"},{"@type":"ListItem","position":3,"name":"A-hole remover"}]},{"@type":"WebSite","@id":"https:\/\/staging.lucky-hunter.com\/#website","url":"https:\/\/staging.lucky-hunter.com\/","name":"Lucky-Hunter","description":"Gear Up or Give Up","potentialAction":[{"@type":"SearchAction","target":{"@type":"EntryPoint","urlTemplate":"https:\/\/staging.lucky-hunter.com\/?s={search_term_string}"},"query-input":{"@type":"PropertyValueSpecification","valueRequired":true,"valueName":"search_term_string"}}],"inLanguage":"hu"}]}},"_links":{"self":[{"href":"https:\/\/staging.lucky-hunter.com\/hu\/wp-json\/wp\/v2\/product\/12251"}],"collection":[{"href":"https:\/\/staging.lucky-hunter.com\/hu\/wp-json\/wp\/v2\/product"}],"about":[{"href":"https:\/\/staging.lucky-hunter.com\/hu\/wp-json\/wp\/v2\/types\/product"}],"wp:featuredmedia":[{"embeddable":true,"href":"https:\/\/staging.lucky-hunter.com\/hu\/wp-json\/wp\/v2\/media\/57927"}],"wp:attachment":[{"href":"https:\/\/staging.lucky-hunter.com\/hu\/wp-json\/wp\/v2\/media?parent=12251"}],"wp:term":[{"taxonomy":"product_brand","embeddable":true,"href":"https:\/\/staging.lucky-hunter.com\/hu\/wp-json\/wp\/v2\/product_brand?post=12251"},{"taxonomy":"product_cat","embeddable":true,"href":"https:\/\/staging.lucky-hunter.com\/hu\/wp-json\/wp\/v2\/product_cat?post=12251"},{"taxonomy":"product_tag","embeddable":true,"href":"https:\/\/staging.lucky-hunter.com\/hu\/wp-json\/wp\/v2\/product_tag?post=12251"}],"curies":[{"name":"wp","href":"https:\/\/api.w.org\/{rel}","templated":true}]}}