{"id":11798,"date":"2016-11-07T16:03:50","date_gmt":"2016-11-07T15:03:50","guid":{"rendered":"https:\/\/dangate.dk.prolinux4.curanetserver.dk\/lucky-hunter\/produkt\/dangate-jagtstige-hs-62\/"},"modified":"2025-10-02T03:24:34","modified_gmt":"2025-10-02T01:24:34","slug":"aluminum-lightweight-high-seat-hs-62","status":"publish","type":"product","link":"https:\/\/staging.lucky-hunter.com\/hu\/product\/aluminum-lightweight-high-seat-hs-62\/","title":{"rendered":"High Seat HS-62"},"content":{"rendered":"<h2>Aluminium lightweight\u00a0high seat HS-62 hunting ladder<\/h2>\n<p>New edition of this\u00a0popular aluminum high seat with adjustable shooting bar.<\/p>\n<p>HS-62 is a very flexible and easy hunting ladder to carried on the hunt. The adjustable shooting bar makes it easy to set to the correct shooting height.<\/p>\n<p>You can put up the hunting ladder quickly and without noise in your preferred location. If you want to hunt in different locations this ladder is all you need.<\/p>\n<p>The ladder has a comfortable moulded seat and a good backrest.<\/p>\n<p>The HS-62 ladder is made of light weight aluminum and weighs only 9 kg, so it is super easy to handle and store.<\/p>\n<p><strong>Specifications:<\/strong><\/p>\n<ul>\n<li>Height: 2 metres<\/li>\n<li>Weight: 9 kg<\/li>\n<li>Weight capacity: 125 kg<\/li>\n<li>Material: Aluminum<\/li>\n<li>Surface: Powder coating<\/li>\n<li>Supplied assembled.\u00b4<\/li>\n<li>A2 stainless steel bolts and screws.<\/li>\n<\/ul>\n<p><strong><em>Please note that gun holders on the picture are not included.<\/em><\/strong><\/p>\n","protected":false},"excerpt":{"rendered":"<p>HS-62\u00a0treestand is a very flexible and easy hunting ladder to carried on the hunt. The adjustable shooting bar makes it easy to set the correct shooting height.<\/p>\n","protected":false},"featured_media":20888,"template":"","meta":[],"product_brand":[32],"product_cat":[33],"product_tag":[],"yoast_head":"<!-- This site is optimized with the Yoast SEO plugin v24.3 - https:\/\/yoast.com\/wordpress\/plugins\/seo\/ -->\n<title>Aluminium High Seat HS-62 with Adjustable Shooting Bar | Lucky Hunter<\/title>\n<meta name=\"description\" content=\"Adjustable shooting bar for your comfort. The HS-62 aluminium high seat features an adjustable shooting bar. Also super lightweight at just 9kg.\" \/>\n<meta name=\"robots\" content=\"noindex, follow, max-snippet:-1, max-image-preview:large, max-video-preview:-1\" \/>\n<meta property=\"og:locale\" content=\"hu_HU\" \/>\n<meta property=\"og:type\" content=\"article\" \/>\n<meta property=\"og:title\" content=\"Aluminium High Seat HS-62 with Adjustable Shooting Bar | Lucky Hunter\" \/>\n<meta property=\"og:description\" content=\"Adjustable shooting bar for your comfort. The HS-62 aluminium high seat features an adjustable shooting bar. Also super lightweight at just 9kg.\" \/>\n<meta property=\"og:url\" content=\"https:\/\/staging.lucky-hunter.com\/product\/aluminum-lightweight-high-seat-hs-62\/\" \/>\n<meta property=\"og:site_name\" content=\"Lucky-Hunter\" \/>\n<meta property=\"article:modified_time\" content=\"2025-10-02T01:24:34+00:00\" \/>\n<meta property=\"og:image\" content=\"https:\/\/staging.lucky-hunter.com\/wp-content\/uploads\/2016\/11\/hs-62-2.jpg\" \/>\n<meta name=\"twitter:card\" content=\"summary_large_image\" \/>\n<meta name=\"twitter:title\" content=\"Aluminium High Seat HS-62 with Adjustable Shooting Bar | Lucky Hunter\" \/>\n<meta name=\"twitter:description\" content=\"Adjustable shooting bar for your comfort. The HS-62 aluminium high seat features an adjustable shooting bar. Also super lightweight at just 9kg.\" \/>\n<meta name=\"twitter:label1\" content=\"Becs\u00fclt olvas\u00e1si id\u0151\" \/>\n\t<meta name=\"twitter:data1\" content=\"1 perc\" \/>\n<script type=\"application\/ld+json\" class=\"yoast-schema-graph\">{\"@context\":\"https:\/\/schema.org\",\"@graph\":[{\"@type\":\"WebPage\",\"@id\":\"https:\/\/staging.lucky-hunter.com\/product\/aluminum-lightweight-high-seat-hs-62\/\",\"url\":\"https:\/\/staging.lucky-hunter.com\/product\/aluminum-lightweight-high-seat-hs-62\/\",\"name\":\"Aluminium High Seat HS-62 with Adjustable Shooting Bar | Lucky Hunter\",\"isPartOf\":{\"@id\":\"https:\/\/staging.lucky-hunter.com\/#website\"},\"primaryImageOfPage\":{\"@id\":\"https:\/\/staging.lucky-hunter.com\/product\/aluminum-lightweight-high-seat-hs-62\/#primaryimage\"},\"image\":{\"@id\":\"https:\/\/staging.lucky-hunter.com\/product\/aluminum-lightweight-high-seat-hs-62\/#primaryimage\"},\"thumbnailUrl\":\"https:\/\/staging.lucky-hunter.com\/wp-content\/uploads\/2016\/11\/HS-62-1.png\",\"datePublished\":\"2016-11-07T15:03:50+00:00\",\"dateModified\":\"2025-10-02T01:24:34+00:00\",\"description\":\"Adjustable shooting bar for your comfort. The HS-62 aluminium high seat features an adjustable shooting bar. Also super lightweight at just 9kg.\",\"breadcrumb\":{\"@id\":\"https:\/\/staging.lucky-hunter.com\/product\/aluminum-lightweight-high-seat-hs-62\/#breadcrumb\"},\"inLanguage\":\"hu\",\"potentialAction\":[{\"@type\":\"ReadAction\",\"target\":[\"https:\/\/staging.lucky-hunter.com\/product\/aluminum-lightweight-high-seat-hs-62\/\"]}]},{\"@type\":\"ImageObject\",\"inLanguage\":\"hu\",\"@id\":\"https:\/\/staging.lucky-hunter.com\/product\/aluminum-lightweight-high-seat-hs-62\/#primaryimage\",\"url\":\"https:\/\/staging.lucky-hunter.com\/wp-content\/uploads\/2016\/11\/HS-62-1.png\",\"contentUrl\":\"https:\/\/staging.lucky-hunter.com\/wp-content\/uploads\/2016\/11\/HS-62-1.png\",\"width\":1000,\"height\":1000,\"caption\":\"Image of the Aluminium High Seat HS-62 with Adjustable Shooting Bar\"},{\"@type\":\"BreadcrumbList\",\"@id\":\"https:\/\/staging.lucky-hunter.com\/product\/aluminum-lightweight-high-seat-hs-62\/#breadcrumb\",\"itemListElement\":[{\"@type\":\"ListItem\",\"position\":1,\"name\":\"Home\",\"item\":\"https:\/\/staging.lucky-hunter.com\/hu\/\"},{\"@type\":\"ListItem\",\"position\":2,\"name\":\"Shop\",\"item\":\"https:\/\/staging.lucky-hunter.com\/hu\/shop\/\"},{\"@type\":\"ListItem\",\"position\":3,\"name\":\"High Seat HS-62\"}]},{\"@type\":\"WebSite\",\"@id\":\"https:\/\/staging.lucky-hunter.com\/#website\",\"url\":\"https:\/\/staging.lucky-hunter.com\/\",\"name\":\"Lucky-Hunter\",\"description\":\"Gear Up or Give Up\",\"potentialAction\":[{\"@type\":\"SearchAction\",\"target\":{\"@type\":\"EntryPoint\",\"urlTemplate\":\"https:\/\/staging.lucky-hunter.com\/?s={search_term_string}\"},\"query-input\":{\"@type\":\"PropertyValueSpecification\",\"valueRequired\":true,\"valueName\":\"search_term_string\"}}],\"inLanguage\":\"hu\"}]}<\/script>\n<!-- \/ Yoast SEO plugin. -->","yoast_head_json":{"title":"Aluminium High Seat HS-62 with Adjustable Shooting Bar | Lucky Hunter","description":"Adjustable shooting bar for your comfort. The HS-62 aluminium high seat features an adjustable shooting bar. Also super lightweight at just 9kg.","robots":{"index":"noindex","follow":"follow","max-snippet":"max-snippet:-1","max-image-preview":"max-image-preview:large","max-video-preview":"max-video-preview:-1"},"og_locale":"hu_HU","og_type":"article","og_title":"Aluminium High Seat HS-62 with Adjustable Shooting Bar | Lucky Hunter","og_description":"Adjustable shooting bar for your comfort. The HS-62 aluminium high seat features an adjustable shooting bar. Also super lightweight at just 9kg.","og_url":"https:\/\/staging.lucky-hunter.com\/product\/aluminum-lightweight-high-seat-hs-62\/","og_site_name":"Lucky-Hunter","article_modified_time":"2025-10-02T01:24:34+00:00","og_image":[{"url":"https:\/\/staging.lucky-hunter.com\/wp-content\/uploads\/2016\/11\/hs-62-2.jpg","type":"","width":"","height":""}],"twitter_card":"summary_large_image","twitter_title":"Aluminium High Seat HS-62 with Adjustable Shooting Bar | Lucky Hunter","twitter_description":"Adjustable shooting bar for your comfort. The HS-62 aluminium high seat features an adjustable shooting bar. Also super lightweight at just 9kg.","twitter_misc":{"Becs\u00fclt olvas\u00e1si id\u0151":"1 perc"},"schema":{"@context":"https:\/\/schema.org","@graph":[{"@type":"WebPage","@id":"https:\/\/staging.lucky-hunter.com\/product\/aluminum-lightweight-high-seat-hs-62\/","url":"https:\/\/staging.lucky-hunter.com\/product\/aluminum-lightweight-high-seat-hs-62\/","name":"Aluminium High Seat HS-62 with Adjustable Shooting Bar | Lucky Hunter","isPartOf":{"@id":"https:\/\/staging.lucky-hunter.com\/#website"},"primaryImageOfPage":{"@id":"https:\/\/staging.lucky-hunter.com\/product\/aluminum-lightweight-high-seat-hs-62\/#primaryimage"},"image":{"@id":"https:\/\/staging.lucky-hunter.com\/product\/aluminum-lightweight-high-seat-hs-62\/#primaryimage"},"thumbnailUrl":"https:\/\/staging.lucky-hunter.com\/wp-content\/uploads\/2016\/11\/HS-62-1.png","datePublished":"2016-11-07T15:03:50+00:00","dateModified":"2025-10-02T01:24:34+00:00","description":"Adjustable shooting bar for your comfort. The HS-62 aluminium high seat features an adjustable shooting bar. Also super lightweight at just 9kg.","breadcrumb":{"@id":"https:\/\/staging.lucky-hunter.com\/product\/aluminum-lightweight-high-seat-hs-62\/#breadcrumb"},"inLanguage":"hu","potentialAction":[{"@type":"ReadAction","target":["https:\/\/staging.lucky-hunter.com\/product\/aluminum-lightweight-high-seat-hs-62\/"]}]},{"@type":"ImageObject","inLanguage":"hu","@id":"https:\/\/staging.lucky-hunter.com\/product\/aluminum-lightweight-high-seat-hs-62\/#primaryimage","url":"https:\/\/staging.lucky-hunter.com\/wp-content\/uploads\/2016\/11\/HS-62-1.png","contentUrl":"https:\/\/staging.lucky-hunter.com\/wp-content\/uploads\/2016\/11\/HS-62-1.png","width":1000,"height":1000,"caption":"Image of the Aluminium High Seat HS-62 with Adjustable Shooting Bar"},{"@type":"BreadcrumbList","@id":"https:\/\/staging.lucky-hunter.com\/product\/aluminum-lightweight-high-seat-hs-62\/#breadcrumb","itemListElement":[{"@type":"ListItem","position":1,"name":"Home","item":"https:\/\/staging.lucky-hunter.com\/hu\/"},{"@type":"ListItem","position":2,"name":"Shop","item":"https:\/\/staging.lucky-hunter.com\/hu\/shop\/"},{"@type":"ListItem","position":3,"name":"High Seat HS-62"}]},{"@type":"WebSite","@id":"https:\/\/staging.lucky-hunter.com\/#website","url":"https:\/\/staging.lucky-hunter.com\/","name":"Lucky-Hunter","description":"Gear Up or Give Up","potentialAction":[{"@type":"SearchAction","target":{"@type":"EntryPoint","urlTemplate":"https:\/\/staging.lucky-hunter.com\/?s={search_term_string}"},"query-input":{"@type":"PropertyValueSpecification","valueRequired":true,"valueName":"search_term_string"}}],"inLanguage":"hu"}]}},"_links":{"self":[{"href":"https:\/\/staging.lucky-hunter.com\/hu\/wp-json\/wp\/v2\/product\/11798"}],"collection":[{"href":"https:\/\/staging.lucky-hunter.com\/hu\/wp-json\/wp\/v2\/product"}],"about":[{"href":"https:\/\/staging.lucky-hunter.com\/hu\/wp-json\/wp\/v2\/types\/product"}],"wp:featuredmedia":[{"embeddable":true,"href":"https:\/\/staging.lucky-hunter.com\/hu\/wp-json\/wp\/v2\/media\/20888"}],"wp:attachment":[{"href":"https:\/\/staging.lucky-hunter.com\/hu\/wp-json\/wp\/v2\/media?parent=11798"}],"wp:term":[{"taxonomy":"product_brand","embeddable":true,"href":"https:\/\/staging.lucky-hunter.com\/hu\/wp-json\/wp\/v2\/product_brand?post=11798"},{"taxonomy":"product_cat","embeddable":true,"href":"https:\/\/staging.lucky-hunter.com\/hu\/wp-json\/wp\/v2\/product_cat?post=11798"},{"taxonomy":"product_tag","embeddable":true,"href":"https:\/\/staging.lucky-hunter.com\/hu\/wp-json\/wp\/v2\/product_tag?post=11798"}],"curies":[{"name":"wp","href":"https:\/\/api.w.org\/{rel}","templated":true}]}}