{"id":11754,"date":"2016-11-07T16:03:30","date_gmt":"2016-11-07T15:03:30","guid":{"rendered":"https:\/\/dangate.dk.prolinux4.curanetserver.dk\/lucky-hunter\/produkt\/raevekald-crying-bird-raevejagt\/"},"modified":"2025-10-02T02:23:40","modified_gmt":"2025-10-02T00:23:40","slug":"weisskirchen-bird-distress-call","status":"publish","type":"product","link":"https:\/\/staging.lucky-hunter.com\/hu\/product\/weisskirchen-bird-distress-call\/","title":{"rendered":"Weisskirchen Bird Distress Call"},"content":{"rendered":"<p>This game call is specially designed to imitate bird distress calls. The sound is very effective to call in young foxes.<\/p>\n<p>Young foxes may be a little difficult to lure with rabbit sounds. Often the young fox is not familiar with this sound, while a bird&#8217;s cry is a familiar sound when the mother often bring birds to the home during their childhood.<\/p>\n<p>This game call is effective up to 500 meters depending on the wind.<\/p>\n<p><strong>Bird in distress<\/strong><\/p>\n<p>To mimic a bird in distress: short and intense breath of air or hard trrr, trrr, trrr. This sound is hard to resist for most small predators.<\/p>\n<p><strong>Little bird in distress<\/strong><\/p>\n<p>To mimic small birds: let the air go both in and out through the game call.<\/p>\n<p><strong>Rabbit in distress<\/strong><\/p>\n<p>To mimic a rabbit in distress: if you blow a short steady stream of air through the call, you will get a very realistic rabbit scream. Call 15-30 seconds and sit quiet for 1-2 minutes and repeat after 15-25 minutes.<\/p>\n<p>This game call provokes the food envy of the fox, marten, raccoon dog and more.<\/p>\n","protected":false},"excerpt":{"rendered":"<p>This game call is specially designed to imitate bird distress calls. The sound is very effective to call in young foxes. This game call is effective up to 500 meters.<\/p>\n","protected":false},"featured_media":19680,"template":"","meta":[],"product_brand":[57],"product_cat":[48],"product_tag":[9149],"yoast_head":"<!-- This site is optimized with the Yoast SEO plugin v24.3 - https:\/\/yoast.com\/wordpress\/plugins\/seo\/ -->\n<title>Weisskirchen Bird Distress Call - Effective up to 500 meters<\/title>\n<meta name=\"description\" content=\"This game call from Klaus Weisskirchen is specially designed to imitate bird distress calls. The sound is very effective to call in young foxes.\" \/>\n<meta name=\"robots\" content=\"noindex, follow, max-snippet:-1, max-image-preview:large, max-video-preview:-1\" \/>\n<meta property=\"og:locale\" content=\"hu_HU\" \/>\n<meta property=\"og:type\" content=\"article\" \/>\n<meta property=\"og:title\" content=\"Weisskirchen Bird Distress Call - Effective up to 500 meters\" \/>\n<meta property=\"og:description\" content=\"This game call from Klaus Weisskirchen is specially designed to imitate bird distress calls. The sound is very effective to call in young foxes.\" \/>\n<meta property=\"og:url\" content=\"https:\/\/staging.lucky-hunter.com\/ro\/product\/weisskirchen-bird-distress-call\/\" \/>\n<meta property=\"og:site_name\" content=\"Lucky-Hunter\" \/>\n<meta property=\"article:modified_time\" content=\"2025-10-02T00:23:40+00:00\" \/>\n<meta property=\"og:image\" content=\"https:\/\/staging.lucky-hunter.com\/wp-content\/uploads\/2016\/11\/510512-1.png\" \/>\n\t<meta property=\"og:image:width\" content=\"1000\" \/>\n\t<meta property=\"og:image:height\" content=\"1000\" \/>\n\t<meta property=\"og:image:type\" content=\"image\/png\" \/>\n<meta name=\"twitter:card\" content=\"summary_large_image\" \/>\n<meta name=\"twitter:label1\" content=\"Becs\u00fclt olvas\u00e1si id\u0151\" \/>\n\t<meta name=\"twitter:data1\" content=\"1 perc\" \/>\n<script type=\"application\/ld+json\" class=\"yoast-schema-graph\">{\"@context\":\"https:\/\/schema.org\",\"@graph\":[{\"@type\":\"WebPage\",\"@id\":\"https:\/\/staging.lucky-hunter.com\/ro\/product\/weisskirchen-bird-distress-call\/\",\"url\":\"https:\/\/staging.lucky-hunter.com\/ro\/product\/weisskirchen-bird-distress-call\/\",\"name\":\"Weisskirchen Bird Distress Call - Effective up to 500 meters\",\"isPartOf\":{\"@id\":\"https:\/\/staging.lucky-hunter.com\/#website\"},\"primaryImageOfPage\":{\"@id\":\"https:\/\/staging.lucky-hunter.com\/ro\/product\/weisskirchen-bird-distress-call\/#primaryimage\"},\"image\":{\"@id\":\"https:\/\/staging.lucky-hunter.com\/ro\/product\/weisskirchen-bird-distress-call\/#primaryimage\"},\"thumbnailUrl\":\"https:\/\/staging.lucky-hunter.com\/wp-content\/uploads\/2016\/11\/510512-1.png\",\"datePublished\":\"2016-11-07T15:03:30+00:00\",\"dateModified\":\"2025-10-02T00:23:40+00:00\",\"description\":\"This game call from Klaus Weisskirchen is specially designed to imitate bird distress calls. The sound is very effective to call in young foxes.\",\"breadcrumb\":{\"@id\":\"https:\/\/staging.lucky-hunter.com\/ro\/product\/weisskirchen-bird-distress-call\/#breadcrumb\"},\"inLanguage\":\"hu\",\"potentialAction\":[{\"@type\":\"ReadAction\",\"target\":[\"https:\/\/staging.lucky-hunter.com\/ro\/product\/weisskirchen-bird-distress-call\/\"]}]},{\"@type\":\"ImageObject\",\"inLanguage\":\"hu\",\"@id\":\"https:\/\/staging.lucky-hunter.com\/ro\/product\/weisskirchen-bird-distress-call\/#primaryimage\",\"url\":\"https:\/\/staging.lucky-hunter.com\/wp-content\/uploads\/2016\/11\/510512-1.png\",\"contentUrl\":\"https:\/\/staging.lucky-hunter.com\/wp-content\/uploads\/2016\/11\/510512-1.png\",\"width\":1000,\"height\":1000},{\"@type\":\"BreadcrumbList\",\"@id\":\"https:\/\/staging.lucky-hunter.com\/ro\/product\/weisskirchen-bird-distress-call\/#breadcrumb\",\"itemListElement\":[{\"@type\":\"ListItem\",\"position\":1,\"name\":\"Home\",\"item\":\"https:\/\/staging.lucky-hunter.com\/hu\/\"},{\"@type\":\"ListItem\",\"position\":2,\"name\":\"Shop\",\"item\":\"https:\/\/staging.lucky-hunter.com\/hu\/shop\/\"},{\"@type\":\"ListItem\",\"position\":3,\"name\":\"Weisskirchen Bird Distress Call\"}]},{\"@type\":\"WebSite\",\"@id\":\"https:\/\/staging.lucky-hunter.com\/#website\",\"url\":\"https:\/\/staging.lucky-hunter.com\/\",\"name\":\"Lucky-Hunter\",\"description\":\"Gear Up or Give Up\",\"potentialAction\":[{\"@type\":\"SearchAction\",\"target\":{\"@type\":\"EntryPoint\",\"urlTemplate\":\"https:\/\/staging.lucky-hunter.com\/?s={search_term_string}\"},\"query-input\":{\"@type\":\"PropertyValueSpecification\",\"valueRequired\":true,\"valueName\":\"search_term_string\"}}],\"inLanguage\":\"hu\"}]}<\/script>\n<!-- \/ Yoast SEO plugin. -->","yoast_head_json":{"title":"Weisskirchen Bird Distress Call - Effective up to 500 meters","description":"This game call from Klaus Weisskirchen is specially designed to imitate bird distress calls. The sound is very effective to call in young foxes.","robots":{"index":"noindex","follow":"follow","max-snippet":"max-snippet:-1","max-image-preview":"max-image-preview:large","max-video-preview":"max-video-preview:-1"},"og_locale":"hu_HU","og_type":"article","og_title":"Weisskirchen Bird Distress Call - Effective up to 500 meters","og_description":"This game call from Klaus Weisskirchen is specially designed to imitate bird distress calls. The sound is very effective to call in young foxes.","og_url":"https:\/\/staging.lucky-hunter.com\/ro\/product\/weisskirchen-bird-distress-call\/","og_site_name":"Lucky-Hunter","article_modified_time":"2025-10-02T00:23:40+00:00","og_image":[{"width":1000,"height":1000,"url":"https:\/\/staging.lucky-hunter.com\/wp-content\/uploads\/2016\/11\/510512-1.png","type":"image\/png"}],"twitter_card":"summary_large_image","twitter_misc":{"Becs\u00fclt olvas\u00e1si id\u0151":"1 perc"},"schema":{"@context":"https:\/\/schema.org","@graph":[{"@type":"WebPage","@id":"https:\/\/staging.lucky-hunter.com\/ro\/product\/weisskirchen-bird-distress-call\/","url":"https:\/\/staging.lucky-hunter.com\/ro\/product\/weisskirchen-bird-distress-call\/","name":"Weisskirchen Bird Distress Call - Effective up to 500 meters","isPartOf":{"@id":"https:\/\/staging.lucky-hunter.com\/#website"},"primaryImageOfPage":{"@id":"https:\/\/staging.lucky-hunter.com\/ro\/product\/weisskirchen-bird-distress-call\/#primaryimage"},"image":{"@id":"https:\/\/staging.lucky-hunter.com\/ro\/product\/weisskirchen-bird-distress-call\/#primaryimage"},"thumbnailUrl":"https:\/\/staging.lucky-hunter.com\/wp-content\/uploads\/2016\/11\/510512-1.png","datePublished":"2016-11-07T15:03:30+00:00","dateModified":"2025-10-02T00:23:40+00:00","description":"This game call from Klaus Weisskirchen is specially designed to imitate bird distress calls. The sound is very effective to call in young foxes.","breadcrumb":{"@id":"https:\/\/staging.lucky-hunter.com\/ro\/product\/weisskirchen-bird-distress-call\/#breadcrumb"},"inLanguage":"hu","potentialAction":[{"@type":"ReadAction","target":["https:\/\/staging.lucky-hunter.com\/ro\/product\/weisskirchen-bird-distress-call\/"]}]},{"@type":"ImageObject","inLanguage":"hu","@id":"https:\/\/staging.lucky-hunter.com\/ro\/product\/weisskirchen-bird-distress-call\/#primaryimage","url":"https:\/\/staging.lucky-hunter.com\/wp-content\/uploads\/2016\/11\/510512-1.png","contentUrl":"https:\/\/staging.lucky-hunter.com\/wp-content\/uploads\/2016\/11\/510512-1.png","width":1000,"height":1000},{"@type":"BreadcrumbList","@id":"https:\/\/staging.lucky-hunter.com\/ro\/product\/weisskirchen-bird-distress-call\/#breadcrumb","itemListElement":[{"@type":"ListItem","position":1,"name":"Home","item":"https:\/\/staging.lucky-hunter.com\/hu\/"},{"@type":"ListItem","position":2,"name":"Shop","item":"https:\/\/staging.lucky-hunter.com\/hu\/shop\/"},{"@type":"ListItem","position":3,"name":"Weisskirchen Bird Distress Call"}]},{"@type":"WebSite","@id":"https:\/\/staging.lucky-hunter.com\/#website","url":"https:\/\/staging.lucky-hunter.com\/","name":"Lucky-Hunter","description":"Gear Up or Give Up","potentialAction":[{"@type":"SearchAction","target":{"@type":"EntryPoint","urlTemplate":"https:\/\/staging.lucky-hunter.com\/?s={search_term_string}"},"query-input":{"@type":"PropertyValueSpecification","valueRequired":true,"valueName":"search_term_string"}}],"inLanguage":"hu"}]}},"_links":{"self":[{"href":"https:\/\/staging.lucky-hunter.com\/hu\/wp-json\/wp\/v2\/product\/11754"}],"collection":[{"href":"https:\/\/staging.lucky-hunter.com\/hu\/wp-json\/wp\/v2\/product"}],"about":[{"href":"https:\/\/staging.lucky-hunter.com\/hu\/wp-json\/wp\/v2\/types\/product"}],"wp:featuredmedia":[{"embeddable":true,"href":"https:\/\/staging.lucky-hunter.com\/hu\/wp-json\/wp\/v2\/media\/19680"}],"wp:attachment":[{"href":"https:\/\/staging.lucky-hunter.com\/hu\/wp-json\/wp\/v2\/media?parent=11754"}],"wp:term":[{"taxonomy":"product_brand","embeddable":true,"href":"https:\/\/staging.lucky-hunter.com\/hu\/wp-json\/wp\/v2\/product_brand?post=11754"},{"taxonomy":"product_cat","embeddable":true,"href":"https:\/\/staging.lucky-hunter.com\/hu\/wp-json\/wp\/v2\/product_cat?post=11754"},{"taxonomy":"product_tag","embeddable":true,"href":"https:\/\/staging.lucky-hunter.com\/hu\/wp-json\/wp\/v2\/product_tag?post=11754"}],"curies":[{"name":"wp","href":"https:\/\/api.w.org\/{rel}","templated":true}]}}