{"id":65061,"date":"2023-11-08T12:22:20","date_gmt":"2023-11-08T11:22:20","guid":{"rendered":"https:\/\/staging.lucky-hunter.com\/klimakompenzalt-szallitasok\/"},"modified":"2023-11-21T15:53:37","modified_gmt":"2023-11-21T14:53:37","slug":"klimakompenzalt-szallitasok","status":"publish","type":"page","link":"https:\/\/staging.lucky-hunter.com\/hu\/klimakompenzalt-szallitasok\/","title":{"rendered":"Klimakompenzalt-szallitasok"},"content":{"rendered":"\n<div class=\"row\"  id=\"row-620559571\">\n\n\n\t<div id=\"col-1289213302\" class=\"col medium-1 small-12 large-1\"  >\n\t\t\t\t<div class=\"col-inner\"  >\n\t\t\t\n\t\t\t\n\n\n\t\t<\/div>\n\t\t\t\t\t<\/div>\n\n\t\n\n\t<div id=\"col-1668637508\" class=\"col medium-10 small-12 large-10\"  >\n\t\t\t\t<div class=\"col-inner\"  >\n\t\t\t\n\t\t\t\n\n<div class=\"text-center\"><div class=\"is-divider divider clearfix\" style=\"background-color:rgb(230, 230, 240);\"><\/div><\/div>\r\n\r\n\r\n\r\n<div style=\"text-align: justify;\">\r\n<h1 style=\"text-align: center;\">Kl\u00edmakompenz\u00e1lt Sz\u00e1ll\u00edt\u00e1sok<\/h1>\r\n<p style=\"text-align: center;\"><strong>Lucky Hunter el\u0151nyben r\u00e9szes\u00edti a kl\u00edmakompenz\u00e1lt kisz\u00e1ll\u00edt\u00e1st \u00e9s a fenntarthat\u00f3 csomagol\u00e1st<\/strong><\/p>\r\n<p>Amikor vad\u00e1szfelszerel\u00e9st v\u00e1s\u00e1rol a Lucky Huntert\u0151l, kl\u00edmakompenz\u00e1lt sz\u00e1ll\u00edt\u00e1st kap alap\u00e9rtelmez\u00e9s szerint <strong>k\u00fcl\u00f6n k\u00f6lts\u00e9g n\u00e9lk\u00fcl<\/strong>, \u00edgy \u00d6n, mint v\u00e1s\u00e1rl\u00f3, k\u00f6nnyed\u00e9n t\u00e1mogathatja azokat az kezdem\u00e9nyez\u00e9seket, amelyek c\u00e9lja k\u00f6rnyezeti l\u00e1bnyomunk cs\u00f6kkent\u00e9se. Biztos\u00edtjuk, hogy sz\u00e1ll\u00edt\u00e1si \u00e9s logisztikai partnereink c\u00e9lzottan cs\u00f6kkentik a CO2-kibocs\u00e1t\u00e1st, \u00e9s kl\u00edmav\u00e9delmi kompenz\u00e1ci\u00f3t k\u00edn\u00e1lnak az \u00e1ltaluk ny\u00fajtott sz\u00e1ll\u00edt\u00e1s\u00e9rt.<\/p>\r\n<p>A kl\u00edmakompenz\u00e1ci\u00f3 nem az ide\u00e1lis megold\u00e1s, de am\u00edg a jelenlegi technol\u00f3gia \u00e9s infrastrukt\u00fara nem k\u00e9pes teljes m\u00e9rt\u00e9kben cs\u00f6kkenteni a CO2-kibocs\u00e1t\u00e1st kezdetekt\u0151l fogva, addig ez az egyik legjobb lehet\u0151s\u00e9g a sz\u00e1ll\u00edt\u00e1si szektorban a CO2-l\u00e1bnyom kompenz\u00e1l\u00e1s\u00e1ra. Tov\u00e1bbi inform\u00e1ci\u00f3k a k\u00fcl\u00f6nb\u00f6z\u0151 fuvaroz\u00f3k kl\u00edma-ir\u00e1nyults\u00e1g\u00e1r\u00f3l az al\u00e1bbiakban:<\/p>\r\n<ul>\r\n<li><a href=\"https:\/\/gls-group.com\/DK\/en\/about-gls\/sustainability\/additional-initiatives\/\">GLS<\/a><\/li>\r\n<li><a href=\"https:\/\/www.dsv.com\/en-gb\/sustainability-esg\">DSV<\/a><\/li>\r\n<\/ul>\r\n<p>A Lucky Hunter \u00e9vek \u00f3ta elfogad kartondobozokat \u00e9s csomagol\u00f3anyagokat a v\u00e1ros keresked\u0151it\u0151l vagy azokt\u00f3l az \u00e1llampolg\u00e1rokt\u00f3l, akik haszn\u00e1lt csomagol\u00e1saikat hozz\u00e1k el hozz\u00e1nk. Ezeket felhaszn\u00e1ljuk sz\u00e1ll\u00edt\u00e1sainkhoz, jelent\u0151sen cs\u00f6kkentve az \u00faj csomagol\u00f3anyagok v\u00e1s\u00e1rl\u00e1s\u00e1nak sz\u00fcks\u00e9gess\u00e9g\u00e9t. Ha n\u00e9ha azon t\u0171n\u0151dik, mi\u00e9rt \u00e9rkezik a Lucky Hunter csomagja fodr\u00e1szcikkek vagy boros\u00fcvegek doboz\u00e1ban, akkor \u00d6n egy kisebb kl\u00edma-l\u00e1bnyom\u00fa csomagot kapott. V\u00e9g\u00fcl is csak egy dobozr\u00f3l van sz\u00f3, amelynek c\u00e9lja, hogy biztons\u00e1gosan sz\u00e1ll\u00edtsa megrendelt \u00e1ruit rakt\u00e1runkb\u00f3l \u00d6nh\u00f6z!<\/p>\r\n<p>Ha van vadkamera vagy fontolgatja a beszerz\u00e9s\u00e9t, akkor vannak olyan modelleink, amelyek \u00fajrat\u00f6lthet\u0151 akkumul\u00e1torokkal vagy k\u00eds\u00e9r\u0151 powerbankokkal \u00e9s napelemekkel m\u0171k\u00f6dnek, amelyek kiv\u00e1ltj\u00e1k a sok eldoband\u00f3 akkumul\u00e1tor sz\u00fcks\u00e9gess\u00e9g\u00e9t a haszn\u00e1lat ut\u00e1n.<\/p>\r\n<p>Lucky Hunter min\u0151s\u00e9gi term\u00e9kekkel kereskedik, amelyek \u00e9veken \u00e1t b\u00edrj\u00e1k a haszn\u00e1latot. A hossz\u00fa \u00e9lettartam\u00fa vad\u00e1szfelszerel\u00e9s nem csak a vad\u00e1szaton okoz t\u00f6bb \u00f6r\u00f6met, hanem a kevesebb hullad\u00e9k cs\u00f6kkenti a kl\u00edm\u00e1nkra gyakorolt terhel\u00e9st is.<\/p>\r\n<\/div>\r\n\n\n\t\t<\/div>\n\t\t\t\t\t<\/div>\n\n\t\n\n\t<div id=\"col-948235033\" class=\"col medium-1 small-12 large-1\"  >\n\t\t\t\t<div class=\"col-inner\"  >\n\t\t\t\n\t\t\t\n\n\n\t\t<\/div>\n\t\t\t\t\t<\/div>\n\n\t\n\n<\/div>\n\n","protected":false},"excerpt":{"rendered":"","protected":false},"author":17864,"featured_media":0,"parent":0,"menu_order":0,"comment_status":"closed","ping_status":"closed","template":"","meta":{"footnotes":""},"yoast_head":"<!-- This site is optimized with the Yoast SEO plugin v24.3 - https:\/\/yoast.com\/wordpress\/plugins\/seo\/ -->\n<title>Klimakompenzalt-szallitasok - Lucky-Hunter<\/title>\n<meta name=\"robots\" content=\"noindex, follow, max-snippet:-1, max-image-preview:large, max-video-preview:-1\" \/>\n<meta property=\"og:locale\" content=\"hu_HU\" \/>\n<meta property=\"og:type\" content=\"article\" \/>\n<meta property=\"og:title\" content=\"Klimakompenzalt-szallitasok - Lucky-Hunter\" \/>\n<meta property=\"og:url\" content=\"https:\/\/staging.lucky-hunter.com\/hu\/klimakompenzalt-szallitasok\/\" \/>\n<meta property=\"og:site_name\" content=\"Lucky-Hunter\" \/>\n<meta property=\"article:modified_time\" content=\"2023-11-21T14:53:37+00:00\" \/>\n<meta name=\"twitter:card\" content=\"summary_large_image\" \/>\n<meta name=\"twitter:label1\" content=\"Becs\u00fclt olvas\u00e1si id\u0151\" \/>\n\t<meta name=\"twitter:data1\" content=\"2 perc\" \/>\n<script type=\"application\/ld+json\" class=\"yoast-schema-graph\">{\"@context\":\"https:\/\/schema.org\",\"@graph\":[{\"@type\":\"WebPage\",\"@id\":\"https:\/\/staging.lucky-hunter.com\/hu\/klimakompenzalt-szallitasok\/\",\"url\":\"https:\/\/staging.lucky-hunter.com\/hu\/klimakompenzalt-szallitasok\/\",\"name\":\"Klimakompenzalt-szallitasok - Lucky-Hunter\",\"isPartOf\":{\"@id\":\"https:\/\/staging.lucky-hunter.com\/#website\"},\"datePublished\":\"2023-11-08T11:22:20+00:00\",\"dateModified\":\"2023-11-21T14:53:37+00:00\",\"breadcrumb\":{\"@id\":\"https:\/\/staging.lucky-hunter.com\/hu\/klimakompenzalt-szallitasok\/#breadcrumb\"},\"inLanguage\":\"hu\",\"potentialAction\":[{\"@type\":\"ReadAction\",\"target\":[\"https:\/\/staging.lucky-hunter.com\/hu\/klimakompenzalt-szallitasok\/\"]}]},{\"@type\":\"BreadcrumbList\",\"@id\":\"https:\/\/staging.lucky-hunter.com\/hu\/klimakompenzalt-szallitasok\/#breadcrumb\",\"itemListElement\":[{\"@type\":\"ListItem\",\"position\":1,\"name\":\"Home\",\"item\":\"https:\/\/staging.lucky-hunter.com\/hu\/\"},{\"@type\":\"ListItem\",\"position\":2,\"name\":\"Klimakompenzalt-szallitasok\"}]},{\"@type\":\"WebSite\",\"@id\":\"https:\/\/staging.lucky-hunter.com\/#website\",\"url\":\"https:\/\/staging.lucky-hunter.com\/\",\"name\":\"Lucky-Hunter\",\"description\":\"Gear Up or Give Up\",\"potentialAction\":[{\"@type\":\"SearchAction\",\"target\":{\"@type\":\"EntryPoint\",\"urlTemplate\":\"https:\/\/staging.lucky-hunter.com\/?s={search_term_string}\"},\"query-input\":{\"@type\":\"PropertyValueSpecification\",\"valueRequired\":true,\"valueName\":\"search_term_string\"}}],\"inLanguage\":\"hu\"}]}<\/script>\n<!-- \/ Yoast SEO plugin. -->","yoast_head_json":{"title":"Klimakompenzalt-szallitasok - Lucky-Hunter","robots":{"index":"noindex","follow":"follow","max-snippet":"max-snippet:-1","max-image-preview":"max-image-preview:large","max-video-preview":"max-video-preview:-1"},"og_locale":"hu_HU","og_type":"article","og_title":"Klimakompenzalt-szallitasok - Lucky-Hunter","og_url":"https:\/\/staging.lucky-hunter.com\/hu\/klimakompenzalt-szallitasok\/","og_site_name":"Lucky-Hunter","article_modified_time":"2023-11-21T14:53:37+00:00","twitter_card":"summary_large_image","twitter_misc":{"Becs\u00fclt olvas\u00e1si id\u0151":"2 perc"},"schema":{"@context":"https:\/\/schema.org","@graph":[{"@type":"WebPage","@id":"https:\/\/staging.lucky-hunter.com\/hu\/klimakompenzalt-szallitasok\/","url":"https:\/\/staging.lucky-hunter.com\/hu\/klimakompenzalt-szallitasok\/","name":"Klimakompenzalt-szallitasok - Lucky-Hunter","isPartOf":{"@id":"https:\/\/staging.lucky-hunter.com\/#website"},"datePublished":"2023-11-08T11:22:20+00:00","dateModified":"2023-11-21T14:53:37+00:00","breadcrumb":{"@id":"https:\/\/staging.lucky-hunter.com\/hu\/klimakompenzalt-szallitasok\/#breadcrumb"},"inLanguage":"hu","potentialAction":[{"@type":"ReadAction","target":["https:\/\/staging.lucky-hunter.com\/hu\/klimakompenzalt-szallitasok\/"]}]},{"@type":"BreadcrumbList","@id":"https:\/\/staging.lucky-hunter.com\/hu\/klimakompenzalt-szallitasok\/#breadcrumb","itemListElement":[{"@type":"ListItem","position":1,"name":"Home","item":"https:\/\/staging.lucky-hunter.com\/hu\/"},{"@type":"ListItem","position":2,"name":"Klimakompenzalt-szallitasok"}]},{"@type":"WebSite","@id":"https:\/\/staging.lucky-hunter.com\/#website","url":"https:\/\/staging.lucky-hunter.com\/","name":"Lucky-Hunter","description":"Gear Up or Give Up","potentialAction":[{"@type":"SearchAction","target":{"@type":"EntryPoint","urlTemplate":"https:\/\/staging.lucky-hunter.com\/?s={search_term_string}"},"query-input":{"@type":"PropertyValueSpecification","valueRequired":true,"valueName":"search_term_string"}}],"inLanguage":"hu"}]}},"_links":{"self":[{"href":"https:\/\/staging.lucky-hunter.com\/hu\/wp-json\/wp\/v2\/pages\/65061"}],"collection":[{"href":"https:\/\/staging.lucky-hunter.com\/hu\/wp-json\/wp\/v2\/pages"}],"about":[{"href":"https:\/\/staging.lucky-hunter.com\/hu\/wp-json\/wp\/v2\/types\/page"}],"author":[{"embeddable":true,"href":"https:\/\/staging.lucky-hunter.com\/hu\/wp-json\/wp\/v2\/users\/17864"}],"replies":[{"embeddable":true,"href":"https:\/\/staging.lucky-hunter.com\/hu\/wp-json\/wp\/v2\/comments?post=65061"}],"version-history":[{"count":1,"href":"https:\/\/staging.lucky-hunter.com\/hu\/wp-json\/wp\/v2\/pages\/65061\/revisions"}],"predecessor-version":[{"id":65062,"href":"https:\/\/staging.lucky-hunter.com\/hu\/wp-json\/wp\/v2\/pages\/65061\/revisions\/65062"}],"wp:attachment":[{"href":"https:\/\/staging.lucky-hunter.com\/hu\/wp-json\/wp\/v2\/media?parent=65061"}],"curies":[{"name":"wp","href":"https:\/\/api.w.org\/{rel}","templated":true}]}}