{"id":50872,"date":"2017-06-26T12:44:41","date_gmt":"2017-06-26T10:44:41","guid":{"rendered":"https:\/\/staging.lucky-hunter.com\/contact-us\/"},"modified":"2022-09-26T13:23:36","modified_gmt":"2022-09-26T11:23:36","slug":"contact-us","status":"publish","type":"page","link":"https:\/\/staging.lucky-hunter.com\/hu\/contact-us\/","title":{"rendered":"Contact us"},"content":{"rendered":"\n<div class=\"row\"  id=\"row-1108694034\">\n\n\n\t<div id=\"col-1701745084\" class=\"col medium-4 small-12 large-4\"  >\n\t\t\t\t<div class=\"col-inner\"  >\n\t\t\t\n\t\t\t\n\n<div class=\"container section-title-container\" ><h3 class=\"section-title section-title-center\"><b><\/b><span class=\"section-title-main\" ><i class=\"icon-envelop\" ><\/i>Need help?<\/span><b><\/b><\/h3><\/div>\n\n<p data-animate=\"fadeIn\" data-animated=\"true\">Do you have questions regarding our webshop, or our products? Then please feel free to contact us for support.<\/p>\n\n\t\t<\/div>\n\t\t\t\t\t<\/div>\n\n\t\n\n\t<div id=\"col-1994046720\" class=\"col medium-4 small-12 large-4\"  >\n\t\t\t\t<div class=\"col-inner\"  >\n\t\t\t\n\t\t\t\n\n<div class=\"container section-title-container\" ><h3 class=\"section-title section-title-center\"><b><\/b><span class=\"section-title-main\" ><i class=\"icon-envelop\" ><\/i>EMAIL<\/span><b><\/b><\/h3><\/div>\n\n<a data-animate=\"bounceIn\" href=\"mailto:info@lucky-hunter.com\" target=\"_self\" class=\"button primary expand\"  >\n    <span>INFO@LUCKY-HUNTER.COM<\/span>\n  <\/a>\n\n\n\n\t\t<\/div>\n\t\t\t\t\n<style>\n#col-1994046720 > .col-inner {\n  padding: 0px 0px 0px 0px;\n  margin: 0px 0px 0px 0px;\n}\n<\/style>\n\t<\/div>\n\n\t\n\n\t<div id=\"col-1607525524\" class=\"col medium-4 small-12 large-4\"  >\n\t\t\t\t<div class=\"col-inner\"  >\n\t\t\t\n\t\t\t\n\n<div class=\"container section-title-container\" ><h3 class=\"section-title section-title-center\"><b><\/b><span class=\"section-title-main\" ><i class=\"icon-envelop\" ><\/i>ADDRESS<\/span><b><\/b><\/h3><\/div>\n\n<p style=\"text-align: center;\" data-animate=\"fadeIn\" data-animated=\"true\"><strong>LUCKY HUNTER<br><\/strong><br>CVR: 33042620<br>Hadsundvej 22b<br>9575 Terndrup<br>Denmark<\/p>\n<p style=\"text-align: center;\" data-animate=\"fadeIn\" data-animated=\"true\"><a href=\"tel:+4587769973\">+45 87769973<\/a><\/p>\n\n\t\t<\/div>\n\t\t\t\t\n<style>\n#col-1607525524 > .col-inner {\n  padding: 0px 0px 0px 0px;\n  margin: 0px 0px -44px 0px;\n}\n<\/style>\n\t<\/div>\n\n\t\n\n\n<style>\n#row-1108694034 > .col > .col-inner {\n  padding: 26px 0px 0px 0px;\n}\n<\/style>\n<\/div>\n\n  <div class=\"banner has-hover\" id=\"banner-1665860548\">\n          <div class=\"banner-inner fill\">\n        <div class=\"banner-bg fill\" >\n            <div class=\"bg fill bg-fill bg-loaded\"><\/div>\n                                    \n                    <\/div>\n\t\t\n        <div class=\"banner-layers container\">\n            <div class=\"fill banner-link\"><\/div>            \n\n   <div id=\"text-box-112279373\" class=\"text-box banner-layer x50 md-x50 lg-x50 y95 md-y95 lg-y95 res-text\">\n                     <div data-animate=\"fadeInUp\">           <div class=\"text-box-content text \">\n              \n              <div class=\"text-inner text-center\">\n                  \n\n<h1><span style=\"font-size: 90%;\">The LUCKY HUNTER team<\/span><\/h1>\n<p><span style=\"font-size: 130%;\">is standing ready to help you with your order, product support<br>or any questions you may have regarding our range of products.<\/span><\/p>\n<h3><span style=\"font-size: 85%;\">Feel free to contact us directly on Email or Phone<\/span><\/h3>\n\n              <\/div>\n           <\/div>\n       <\/div>                     \n<style>\n#text-box-112279373 .text-box-content {\n  background-color: rgba(255, 255, 255, 0.65);\n  font-size: 100%;\n}\n#text-box-112279373 .text-inner {\n  padding: 0px 0px 13px 0px;\n}\n#text-box-112279373 {\n  width: 79%;\n}\n<\/style>\n    <\/div>\n \n\n        <\/div>\n      <\/div>\n\n            \n<style>\n#banner-1665860548 {\n  padding-top: 593px;\n}\n#banner-1665860548 .bg.bg-loaded {\n  background-image: url(https:\/\/staging.lucky-hunter.com\/wp-content\/uploads\/2021\/08\/TeamDangate.png);\n}\n#banner-1665860548 .bg {\n  background-position: 10% 0%;\n}\n<\/style>\n  <\/div>\n\n\n","protected":false},"excerpt":{"rendered":"","protected":false},"author":1705,"featured_media":0,"parent":0,"menu_order":0,"comment_status":"closed","ping_status":"closed","template":"","meta":{"footnotes":""},"yoast_head":"<!-- This site is optimized with the Yoast SEO plugin v24.3 - https:\/\/yoast.com\/wordpress\/plugins\/seo\/ -->\n<title>Contact us - Lucky-Hunter<\/title>\n<meta name=\"robots\" content=\"noindex, follow, max-snippet:-1, max-image-preview:large, max-video-preview:-1\" \/>\n<meta property=\"og:locale\" content=\"hu_HU\" \/>\n<meta property=\"og:type\" content=\"article\" \/>\n<meta property=\"og:title\" content=\"Contact us - Lucky-Hunter\" \/>\n<meta property=\"og:url\" content=\"https:\/\/staging.lucky-hunter.com\/contact-us\/\" \/>\n<meta property=\"og:site_name\" content=\"Lucky-Hunter\" \/>\n<meta property=\"article:modified_time\" content=\"2022-09-26T11:23:36+00:00\" \/>\n<meta name=\"twitter:card\" content=\"summary_large_image\" \/>\n<meta name=\"twitter:label1\" content=\"Becs\u00fclt olvas\u00e1si id\u0151\" \/>\n\t<meta name=\"twitter:data1\" content=\"1 perc\" \/>\n<script type=\"application\/ld+json\" class=\"yoast-schema-graph\">{\"@context\":\"https:\/\/schema.org\",\"@graph\":[{\"@type\":\"WebPage\",\"@id\":\"https:\/\/staging.lucky-hunter.com\/contact-us\/\",\"url\":\"https:\/\/staging.lucky-hunter.com\/contact-us\/\",\"name\":\"Contact us - Lucky-Hunter\",\"isPartOf\":{\"@id\":\"https:\/\/staging.lucky-hunter.com\/#website\"},\"datePublished\":\"2017-06-26T10:44:41+00:00\",\"dateModified\":\"2022-09-26T11:23:36+00:00\",\"breadcrumb\":{\"@id\":\"https:\/\/staging.lucky-hunter.com\/contact-us\/#breadcrumb\"},\"inLanguage\":\"hu\",\"potentialAction\":[{\"@type\":\"ReadAction\",\"target\":[\"https:\/\/staging.lucky-hunter.com\/contact-us\/\"]}]},{\"@type\":\"BreadcrumbList\",\"@id\":\"https:\/\/staging.lucky-hunter.com\/contact-us\/#breadcrumb\",\"itemListElement\":[{\"@type\":\"ListItem\",\"position\":1,\"name\":\"Home\",\"item\":\"https:\/\/staging.lucky-hunter.com\/hu\/\"},{\"@type\":\"ListItem\",\"position\":2,\"name\":\"Contact us\"}]},{\"@type\":\"WebSite\",\"@id\":\"https:\/\/staging.lucky-hunter.com\/#website\",\"url\":\"https:\/\/staging.lucky-hunter.com\/\",\"name\":\"Lucky-Hunter\",\"description\":\"Gear Up or Give Up\",\"potentialAction\":[{\"@type\":\"SearchAction\",\"target\":{\"@type\":\"EntryPoint\",\"urlTemplate\":\"https:\/\/staging.lucky-hunter.com\/?s={search_term_string}\"},\"query-input\":{\"@type\":\"PropertyValueSpecification\",\"valueRequired\":true,\"valueName\":\"search_term_string\"}}],\"inLanguage\":\"hu\"}]}<\/script>\n<!-- \/ Yoast SEO plugin. -->","yoast_head_json":{"title":"Contact us - Lucky-Hunter","robots":{"index":"noindex","follow":"follow","max-snippet":"max-snippet:-1","max-image-preview":"max-image-preview:large","max-video-preview":"max-video-preview:-1"},"og_locale":"hu_HU","og_type":"article","og_title":"Contact us - Lucky-Hunter","og_url":"https:\/\/staging.lucky-hunter.com\/contact-us\/","og_site_name":"Lucky-Hunter","article_modified_time":"2022-09-26T11:23:36+00:00","twitter_card":"summary_large_image","twitter_misc":{"Becs\u00fclt olvas\u00e1si id\u0151":"1 perc"},"schema":{"@context":"https:\/\/schema.org","@graph":[{"@type":"WebPage","@id":"https:\/\/staging.lucky-hunter.com\/contact-us\/","url":"https:\/\/staging.lucky-hunter.com\/contact-us\/","name":"Contact us - Lucky-Hunter","isPartOf":{"@id":"https:\/\/staging.lucky-hunter.com\/#website"},"datePublished":"2017-06-26T10:44:41+00:00","dateModified":"2022-09-26T11:23:36+00:00","breadcrumb":{"@id":"https:\/\/staging.lucky-hunter.com\/contact-us\/#breadcrumb"},"inLanguage":"hu","potentialAction":[{"@type":"ReadAction","target":["https:\/\/staging.lucky-hunter.com\/contact-us\/"]}]},{"@type":"BreadcrumbList","@id":"https:\/\/staging.lucky-hunter.com\/contact-us\/#breadcrumb","itemListElement":[{"@type":"ListItem","position":1,"name":"Home","item":"https:\/\/staging.lucky-hunter.com\/hu\/"},{"@type":"ListItem","position":2,"name":"Contact us"}]},{"@type":"WebSite","@id":"https:\/\/staging.lucky-hunter.com\/#website","url":"https:\/\/staging.lucky-hunter.com\/","name":"Lucky-Hunter","description":"Gear Up or Give Up","potentialAction":[{"@type":"SearchAction","target":{"@type":"EntryPoint","urlTemplate":"https:\/\/staging.lucky-hunter.com\/?s={search_term_string}"},"query-input":{"@type":"PropertyValueSpecification","valueRequired":true,"valueName":"search_term_string"}}],"inLanguage":"hu"}]}},"_links":{"self":[{"href":"https:\/\/staging.lucky-hunter.com\/hu\/wp-json\/wp\/v2\/pages\/50872"}],"collection":[{"href":"https:\/\/staging.lucky-hunter.com\/hu\/wp-json\/wp\/v2\/pages"}],"about":[{"href":"https:\/\/staging.lucky-hunter.com\/hu\/wp-json\/wp\/v2\/types\/page"}],"author":[{"embeddable":true,"href":"https:\/\/staging.lucky-hunter.com\/hu\/wp-json\/wp\/v2\/users\/1705"}],"replies":[{"embeddable":true,"href":"https:\/\/staging.lucky-hunter.com\/hu\/wp-json\/wp\/v2\/comments?post=50872"}],"version-history":[{"count":1,"href":"https:\/\/staging.lucky-hunter.com\/hu\/wp-json\/wp\/v2\/pages\/50872\/revisions"}],"predecessor-version":[{"id":50879,"href":"https:\/\/staging.lucky-hunter.com\/hu\/wp-json\/wp\/v2\/pages\/50872\/revisions\/50879"}],"wp:attachment":[{"href":"https:\/\/staging.lucky-hunter.com\/hu\/wp-json\/wp\/v2\/media?parent=50872"}],"curies":[{"name":"wp","href":"https:\/\/api.w.org\/{rel}","templated":true}]}}