{"id":50763,"date":"2021-09-08T09:33:39","date_gmt":"2021-09-08T07:33:39","guid":{"rendered":"https:\/\/staging.lucky-hunter.com\/shipping-cost\/"},"modified":"2024-01-18T22:09:16","modified_gmt":"2024-01-18T21:09:16","slug":"shipping-cost","status":"publish","type":"page","link":"https:\/\/staging.lucky-hunter.com\/hu\/shipping-cost\/","title":{"rendered":"Sz\u00e1ll\u00edt\u00e1si k\u00f6lts\u00e9gek"},"content":{"rendered":"\n<div class=\"row row-collapse align-equal align-center\"  id=\"row-1707277687\">\r\n\r\n\n\t<div id=\"col-1672896226\" class=\"col medium-4 small-6 large-4\"  >\n\t\t\t\t<div class=\"col-inner\"  >\n\t\t\t\n\t\t\t\r\n\r\n\t<div id=\"text-2001047214\" class=\"text\">\n\t\t\r\n\r\n<h6 style=\"text-align: center;\"><span style=\"font-size: 150%;\">S\u00faly<\/span><\/h6>\r\n\t\t\n<style>\n#text-2001047214 {\n  font-size: 1rem;\n  color: rgb(0,0,0);\n}\n#text-2001047214 > * {\n  color: rgb(0,0,0);\n}\n<\/style>\n\t<\/div>\n\t\r\n\r\n\t\t<\/div>\n\t\t\t\t\t<\/div>\n\n\t\r\n\n\t<div id=\"col-1521562802\" class=\"col medium-4 small-6 large-4\"  >\n\t\t\t\t<div class=\"col-inner\"  >\n\t\t\t\n\t\t\t\r\n\r\n\t<div id=\"text-563361194\" class=\"text\">\n\t\t\r\n\r\n<h6 style=\"text-align: center;\"><span style=\"font-size: 150%;\">K\u00f6lts\u00e9g<\/span><\/h6>\r\n\t\t\n<style>\n#text-563361194 {\n  font-size: 1rem;\n  color: rgb(0,0,0);\n}\n#text-563361194 > * {\n  color: rgb(0,0,0);\n}\n<\/style>\n\t<\/div>\n\t\r\n\r\n\t\t<\/div>\n\t\t\t\t\t<\/div>\n\n\t\r\n\r\n<\/div>\r\n<div class=\"row row-collapse align-equal align-center\"  id=\"row-2026379126\">\r\n\r\n\n\t<div id=\"col-409278791\" class=\"col medium-4 small-6 large-4\"  >\n\t\t\t\t<div class=\"col-inner dark\"  >\n\t\t\t\n\t\t\t\r\n\r\n\t<div id=\"text-2666829922\" class=\"text\">\n\t\t\r\n\r\n<p style=\"text-align: center;\"><span style=\"font-size: 150%;\">0-1 kg<\/span><\/p>\r\n\t\t\n<style>\n#text-2666829922 {\n  line-height: 0.75;\n}\n<\/style>\n\t<\/div>\n\t\r\n\r\n\t\t<\/div>\n\t\t\t\t\n<style>\n#col-409278791 > .col-inner {\n  padding: 15px 0px 0px 0px;\n  margin: 0px 0px 0px 0px;\n}\n<\/style>\n\t<\/div>\n\n\t\r\n\n\t<div id=\"col-1231718789\" class=\"col medium-4 small-6 large-4\"  >\n\t\t\t\t<div class=\"col-inner dark\"  >\n\t\t\t\n\t\t\t\r\n\r\n\t<div id=\"text-1197336388\" class=\"text\">\n\t\t\r\n\r\n<p style=\"text-align: center;\"><span style=\"font-size: 150%;\">\u20ac10<\/span><\/p>\r\n\t\t\n<style>\n#text-1197336388 {\n  line-height: 0.75;\n}\n<\/style>\n\t<\/div>\n\t\r\n\r\n\t\t<\/div>\n\t\t\t\t\n<style>\n#col-1231718789 > .col-inner {\n  padding: 15px 0px 0px 0px;\n  margin: 0px 0px 0px 0px;\n}\n<\/style>\n\t<\/div>\n\n\t\r\n\r\n\n<style>\n#row-2026379126 > .col > .col-inner {\n  background-color: #303040;\n}\n<\/style>\n<\/div>\r\n<div class=\"row row-collapse align-equal align-center\"  id=\"row-1665580139\">\r\n\r\n\n\t<div id=\"col-1907928822\" class=\"col medium-4 small-6 large-4\"  >\n\t\t\t\t<div class=\"col-inner\"  >\n\t\t\t\n\t\t\t\r\n\r\n\t<div id=\"text-1943742739\" class=\"text\">\n\t\t\r\n\r\n<p style=\"text-align: center;\"><span style=\"font-size: 150%;\">1-5 kg<\/span><\/p>\r\n\t\t\n<style>\n#text-1943742739 {\n  line-height: 0.75;\n}\n<\/style>\n\t<\/div>\n\t\r\n\r\n\t\t<\/div>\n\t\t\t\t\n<style>\n#col-1907928822 > .col-inner {\n  padding: 15px 0px 0px 0px;\n  margin: 0px 0px 0px 0px;\n}\n<\/style>\n\t<\/div>\n\n\t\r\n\n\t<div id=\"col-476965567\" class=\"col medium-4 small-6 large-4\"  >\n\t\t\t\t<div class=\"col-inner\"  >\n\t\t\t\n\t\t\t\r\n\r\n\t<div id=\"text-3481420938\" class=\"text\">\n\t\t\r\n\r\n<p style=\"text-align: center;\"><span style=\"font-size: 150%;\">\u20ac12<\/span><\/p>\r\n\t\t\n<style>\n#text-3481420938 {\n  line-height: 0.75;\n}\n<\/style>\n\t<\/div>\n\t\r\n\r\n\t\t<\/div>\n\t\t\t\t\n<style>\n#col-476965567 > .col-inner {\n  padding: 15px 0px 0px 0px;\n  margin: 0px 0px 0px 0px;\n}\n<\/style>\n\t<\/div>\n\n\t\r\n\r\n<\/div>\r\n<div class=\"row row-collapse align-equal align-center\"  id=\"row-1247688611\">\r\n\r\n\n\t<div id=\"col-916390560\" class=\"col medium-4 small-6 large-4\"  >\n\t\t\t\t<div class=\"col-inner dark\"  >\n\t\t\t\n\t\t\t\r\n\r\n\t<div id=\"text-4225475244\" class=\"text\">\n\t\t\r\n\r\n<p style=\"text-align: center;\"><span style=\"font-size: 150%;\">5-10 kg<\/span><\/p>\r\n\t\t\n<style>\n#text-4225475244 {\n  line-height: 0.75;\n}\n<\/style>\n\t<\/div>\n\t\r\n\r\n\t\t<\/div>\n\t\t\t\t\n<style>\n#col-916390560 > .col-inner {\n  padding: 15px 0px 0px 0px;\n  margin: 0px 0px 0px 0px;\n}\n<\/style>\n\t<\/div>\n\n\t\r\n\n\t<div id=\"col-1657275588\" class=\"col medium-4 small-6 large-4\"  >\n\t\t\t\t<div class=\"col-inner dark\"  >\n\t\t\t\n\t\t\t\r\n\r\n\t<div id=\"text-751369496\" class=\"text\">\n\t\t\r\n\r\n<p style=\"text-align: center;\"><span style=\"font-size: 150%;\">\u20ac13<\/span><\/p>\r\n\t\t\n<style>\n#text-751369496 {\n  line-height: 0.75;\n}\n<\/style>\n\t<\/div>\n\t\r\n\r\n\t\t<\/div>\n\t\t\t\t\n<style>\n#col-1657275588 > .col-inner {\n  padding: 15px 0px 0px 0px;\n  margin: 0px 0px 0px 0px;\n}\n<\/style>\n\t<\/div>\n\n\t\r\n\r\n\n<style>\n#row-1247688611 > .col > .col-inner {\n  background-color: #303040;\n}\n<\/style>\n<\/div>\r\n<div class=\"row row-collapse align-equal align-center\"  id=\"row-777120152\">\r\n\r\n\n\t<div id=\"col-5896432\" class=\"col medium-4 small-6 large-4\"  >\n\t\t\t\t<div class=\"col-inner\"  >\n\t\t\t\n\t\t\t\r\n\r\n\t<div id=\"text-875794145\" class=\"text\">\n\t\t\r\n\r\n<p style=\"text-align: center;\"><span style=\"font-size: 150%;\">10-15 kg<\/span><\/p>\r\n\t\t\n<style>\n#text-875794145 {\n  line-height: 0.75;\n}\n<\/style>\n\t<\/div>\n\t\r\n\r\n\t\t<\/div>\n\t\t\t\t\n<style>\n#col-5896432 > .col-inner {\n  padding: 15px 0px 0px 0px;\n  margin: 0px 0px 0px 0px;\n}\n<\/style>\n\t<\/div>\n\n\t\r\n\n\t<div id=\"col-1218337778\" class=\"col medium-4 small-6 large-4\"  >\n\t\t\t\t<div class=\"col-inner\"  >\n\t\t\t\n\t\t\t\r\n\r\n\t<div id=\"text-2491022324\" class=\"text\">\n\t\t\r\n\r\n<p style=\"text-align: center;\"><span style=\"font-size: 150%;\">\u20ac14<\/span><\/p>\r\n\r\n\t\t\n<style>\n#text-2491022324 {\n  line-height: 0.75;\n}\n<\/style>\n\t<\/div>\n\t\r\n\r\n\t\t<\/div>\n\t\t\t\t\n<style>\n#col-1218337778 > .col-inner {\n  padding: 15px 0px 0px 0px;\n  margin: 0px 0px 0px 0px;\n}\n<\/style>\n\t<\/div>\n\n\t\r\n\r\n<\/div>\r\n<div class=\"row row-collapse align-equal align-center\"  id=\"row-1157236994\">\r\n\r\n\n\t<div id=\"col-95385601\" class=\"col medium-4 small-6 large-4\"  >\n\t\t\t\t<div class=\"col-inner dark\"  >\n\t\t\t\n\t\t\t\r\n\r\n\t<div id=\"text-3748603891\" class=\"text\">\n\t\t\r\n\r\n<p style=\"text-align: center;\"><span style=\"font-size: 150%;\">15-20 kg<\/span><\/p>\r\n\t\t\n<style>\n#text-3748603891 {\n  line-height: 0.75;\n}\n<\/style>\n\t<\/div>\n\t\r\n\r\n\t\t<\/div>\n\t\t\t\t\n<style>\n#col-95385601 > .col-inner {\n  padding: 15px 0px 0px 0px;\n  margin: 0px 0px 0px 0px;\n}\n<\/style>\n\t<\/div>\n\n\t\r\n\n\t<div id=\"col-1980792006\" class=\"col medium-4 small-6 large-4\"  >\n\t\t\t\t<div class=\"col-inner dark\"  >\n\t\t\t\n\t\t\t\r\n\r\n\t<div id=\"text-4280017551\" class=\"text\">\n\t\t\r\n\r\n<p style=\"text-align: center;\"><span style=\"font-size: 150%;\">\u20ac43<\/span><\/p>\r\n\t\t\n<style>\n#text-4280017551 {\n  line-height: 0.75;\n}\n<\/style>\n\t<\/div>\n\t\r\n\r\n\t\t<\/div>\n\t\t\t\t\n<style>\n#col-1980792006 > .col-inner {\n  padding: 15px 0px 0px 0px;\n  margin: 0px 0px 0px 0px;\n}\n<\/style>\n\t<\/div>\n\n\t\r\n\r\n\n<style>\n#row-1157236994 > .col > .col-inner {\n  background-color: #303040;\n}\n<\/style>\n<\/div>\r\n<div class=\"row row-collapse align-equal align-center\"  id=\"row-1158235536\">\r\n\r\n\n\t<div id=\"col-798161748\" class=\"col medium-4 small-6 large-4\"  >\n\t\t\t\t<div class=\"col-inner\"  >\n\t\t\t\n\t\t\t\r\n\r\n\t<div id=\"text-1981285285\" class=\"text\">\n\t\t\r\n\r\n<p style=\"text-align: center;\"><span style=\"font-size: 150%;\">20-25 kg<\/span><\/p>\r\n\t\t\n<style>\n#text-1981285285 {\n  line-height: 0.75;\n}\n<\/style>\n\t<\/div>\n\t\r\n\r\n\t\t<\/div>\n\t\t\t\t\n<style>\n#col-798161748 > .col-inner {\n  padding: 15px 0px 0px 0px;\n  margin: 0px 0px 0px 0px;\n}\n<\/style>\n\t<\/div>\n\n\t\r\n\n\t<div id=\"col-34929146\" class=\"col medium-4 small-6 large-4\"  >\n\t\t\t\t<div class=\"col-inner\"  >\n\t\t\t\n\t\t\t\r\n\r\n\t<div id=\"text-515186881\" class=\"text\">\n\t\t\r\n\r\n<p style=\"text-align: center;\"><span style=\"font-size: 150%;\">\u20ac58<\/span><\/p>\r\n\t\t\n<style>\n#text-515186881 {\n  line-height: 0.75;\n}\n<\/style>\n\t<\/div>\n\t\r\n\r\n\t\t<\/div>\n\t\t\t\t\n<style>\n#col-34929146 > .col-inner {\n  padding: 15px 0px 0px 0px;\n  margin: 0px 0px 0px 0px;\n}\n<\/style>\n\t<\/div>\n\n\t\r\n\r\n<\/div>\r\n<div class=\"row row-collapse align-equal align-center\"  id=\"row-170017389\">\r\n\r\n\n\t<div id=\"col-913149927\" class=\"col medium-4 small-6 large-4\"  >\n\t\t\t\t<div class=\"col-inner dark\"  >\n\t\t\t\n\t\t\t\r\n\r\n\t<div id=\"text-3293301067\" class=\"text\">\n\t\t\r\n\r\n<p style=\"text-align: center;\"><span style=\"font-size: 150%;\">25-30 kg<\/span><\/p>\r\n\t\t\n<style>\n#text-3293301067 {\n  line-height: 0.75;\n}\n<\/style>\n\t<\/div>\n\t\r\n\r\n\t\t<\/div>\n\t\t\t\t\n<style>\n#col-913149927 > .col-inner {\n  padding: 15px 0px 0px 0px;\n  margin: 0px 0px 0px 0px;\n}\n<\/style>\n\t<\/div>\n\n\t\r\n\n\t<div id=\"col-1324452786\" class=\"col medium-4 small-6 large-4\"  >\n\t\t\t\t<div class=\"col-inner dark\"  >\n\t\t\t\n\t\t\t\r\n\r\n\t<div id=\"text-2654139219\" class=\"text\">\n\t\t\r\n\r\n<p style=\"text-align: center;\"><span style=\"font-size: 150%;\">\u20ac65<\/span><\/p>\r\n\t\t\n<style>\n#text-2654139219 {\n  line-height: 0.75;\n}\n<\/style>\n\t<\/div>\n\t\r\n\r\n\t\t<\/div>\n\t\t\t\t\n<style>\n#col-1324452786 > .col-inner {\n  padding: 15px 0px 0px 0px;\n  margin: 0px 0px 0px 0px;\n}\n<\/style>\n\t<\/div>\n\n\t\r\n\r\n\n<style>\n#row-170017389 > .col > .col-inner {\n  background-color: #303040;\n}\n<\/style>\n<\/div>\n\n<div class=\"text-center\"><div class=\"is-divider divider clearfix\" ><\/div><\/div>\n\n\n","protected":false},"excerpt":{"rendered":"","protected":false},"author":1705,"featured_media":0,"parent":0,"menu_order":0,"comment_status":"closed","ping_status":"closed","template":"page-blank-title-center.php","meta":{"footnotes":""},"yoast_head":"<!-- This site is optimized with the Yoast SEO plugin v24.3 - https:\/\/yoast.com\/wordpress\/plugins\/seo\/ -->\n<title>Sz\u00e1ll\u00edt\u00e1si k\u00f6lts\u00e9gek - Lucky-Hunter<\/title>\n<meta name=\"robots\" content=\"noindex, follow, max-snippet:-1, max-image-preview:large, max-video-preview:-1\" \/>\n<meta property=\"og:locale\" content=\"hu_HU\" \/>\n<meta property=\"og:type\" content=\"article\" \/>\n<meta property=\"og:title\" content=\"Sz\u00e1ll\u00edt\u00e1si k\u00f6lts\u00e9gek - Lucky-Hunter\" \/>\n<meta property=\"og:url\" content=\"https:\/\/staging.lucky-hunter.com\/shipping-cost\/\" \/>\n<meta property=\"og:site_name\" content=\"Lucky-Hunter\" \/>\n<meta property=\"article:modified_time\" content=\"2024-01-18T21:09:16+00:00\" \/>\n<meta name=\"twitter:card\" content=\"summary_large_image\" \/>\n<meta name=\"twitter:label1\" content=\"Becs\u00fclt olvas\u00e1si id\u0151\" \/>\n\t<meta name=\"twitter:data1\" content=\"1 perc\" \/>\n<script type=\"application\/ld+json\" class=\"yoast-schema-graph\">{\"@context\":\"https:\/\/schema.org\",\"@graph\":[{\"@type\":\"WebPage\",\"@id\":\"https:\/\/staging.lucky-hunter.com\/shipping-cost\/\",\"url\":\"https:\/\/staging.lucky-hunter.com\/shipping-cost\/\",\"name\":\"Sz\u00e1ll\u00edt\u00e1si k\u00f6lts\u00e9gek - Lucky-Hunter\",\"isPartOf\":{\"@id\":\"https:\/\/staging.lucky-hunter.com\/#website\"},\"datePublished\":\"2021-09-08T07:33:39+00:00\",\"dateModified\":\"2024-01-18T21:09:16+00:00\",\"breadcrumb\":{\"@id\":\"https:\/\/staging.lucky-hunter.com\/shipping-cost\/#breadcrumb\"},\"inLanguage\":\"hu\",\"potentialAction\":[{\"@type\":\"ReadAction\",\"target\":[\"https:\/\/staging.lucky-hunter.com\/shipping-cost\/\"]}]},{\"@type\":\"BreadcrumbList\",\"@id\":\"https:\/\/staging.lucky-hunter.com\/shipping-cost\/#breadcrumb\",\"itemListElement\":[{\"@type\":\"ListItem\",\"position\":1,\"name\":\"Home\",\"item\":\"https:\/\/staging.lucky-hunter.com\/hu\/\"},{\"@type\":\"ListItem\",\"position\":2,\"name\":\"Sz\u00e1ll\u00edt\u00e1si k\u00f6lts\u00e9gek\"}]},{\"@type\":\"WebSite\",\"@id\":\"https:\/\/staging.lucky-hunter.com\/#website\",\"url\":\"https:\/\/staging.lucky-hunter.com\/\",\"name\":\"Lucky-Hunter\",\"description\":\"Gear Up or Give Up\",\"potentialAction\":[{\"@type\":\"SearchAction\",\"target\":{\"@type\":\"EntryPoint\",\"urlTemplate\":\"https:\/\/staging.lucky-hunter.com\/?s={search_term_string}\"},\"query-input\":{\"@type\":\"PropertyValueSpecification\",\"valueRequired\":true,\"valueName\":\"search_term_string\"}}],\"inLanguage\":\"hu\"}]}<\/script>\n<!-- \/ Yoast SEO plugin. -->","yoast_head_json":{"title":"Sz\u00e1ll\u00edt\u00e1si k\u00f6lts\u00e9gek - Lucky-Hunter","robots":{"index":"noindex","follow":"follow","max-snippet":"max-snippet:-1","max-image-preview":"max-image-preview:large","max-video-preview":"max-video-preview:-1"},"og_locale":"hu_HU","og_type":"article","og_title":"Sz\u00e1ll\u00edt\u00e1si k\u00f6lts\u00e9gek - Lucky-Hunter","og_url":"https:\/\/staging.lucky-hunter.com\/shipping-cost\/","og_site_name":"Lucky-Hunter","article_modified_time":"2024-01-18T21:09:16+00:00","twitter_card":"summary_large_image","twitter_misc":{"Becs\u00fclt olvas\u00e1si id\u0151":"1 perc"},"schema":{"@context":"https:\/\/schema.org","@graph":[{"@type":"WebPage","@id":"https:\/\/staging.lucky-hunter.com\/shipping-cost\/","url":"https:\/\/staging.lucky-hunter.com\/shipping-cost\/","name":"Sz\u00e1ll\u00edt\u00e1si k\u00f6lts\u00e9gek - Lucky-Hunter","isPartOf":{"@id":"https:\/\/staging.lucky-hunter.com\/#website"},"datePublished":"2021-09-08T07:33:39+00:00","dateModified":"2024-01-18T21:09:16+00:00","breadcrumb":{"@id":"https:\/\/staging.lucky-hunter.com\/shipping-cost\/#breadcrumb"},"inLanguage":"hu","potentialAction":[{"@type":"ReadAction","target":["https:\/\/staging.lucky-hunter.com\/shipping-cost\/"]}]},{"@type":"BreadcrumbList","@id":"https:\/\/staging.lucky-hunter.com\/shipping-cost\/#breadcrumb","itemListElement":[{"@type":"ListItem","position":1,"name":"Home","item":"https:\/\/staging.lucky-hunter.com\/hu\/"},{"@type":"ListItem","position":2,"name":"Sz\u00e1ll\u00edt\u00e1si k\u00f6lts\u00e9gek"}]},{"@type":"WebSite","@id":"https:\/\/staging.lucky-hunter.com\/#website","url":"https:\/\/staging.lucky-hunter.com\/","name":"Lucky-Hunter","description":"Gear Up or Give Up","potentialAction":[{"@type":"SearchAction","target":{"@type":"EntryPoint","urlTemplate":"https:\/\/staging.lucky-hunter.com\/?s={search_term_string}"},"query-input":{"@type":"PropertyValueSpecification","valueRequired":true,"valueName":"search_term_string"}}],"inLanguage":"hu"}]}},"_links":{"self":[{"href":"https:\/\/staging.lucky-hunter.com\/hu\/wp-json\/wp\/v2\/pages\/50763"}],"collection":[{"href":"https:\/\/staging.lucky-hunter.com\/hu\/wp-json\/wp\/v2\/pages"}],"about":[{"href":"https:\/\/staging.lucky-hunter.com\/hu\/wp-json\/wp\/v2\/types\/page"}],"author":[{"embeddable":true,"href":"https:\/\/staging.lucky-hunter.com\/hu\/wp-json\/wp\/v2\/users\/1705"}],"replies":[{"embeddable":true,"href":"https:\/\/staging.lucky-hunter.com\/hu\/wp-json\/wp\/v2\/comments?post=50763"}],"version-history":[{"count":27,"href":"https:\/\/staging.lucky-hunter.com\/hu\/wp-json\/wp\/v2\/pages\/50763\/revisions"}],"predecessor-version":[{"id":66140,"href":"https:\/\/staging.lucky-hunter.com\/hu\/wp-json\/wp\/v2\/pages\/50763\/revisions\/66140"}],"wp:attachment":[{"href":"https:\/\/staging.lucky-hunter.com\/hu\/wp-json\/wp\/v2\/media?parent=50763"}],"curies":[{"name":"wp","href":"https:\/\/api.w.org\/{rel}","templated":true}]}}