{"id":907587,"date":"2025-06-03T12:11:53","date_gmt":"2025-06-03T10:11:53","guid":{"rendered":"https:\/\/staging.lucky-hunter.com\/product\/spypoint-flex-dark-avec-carte-sd-32-gb\/"},"modified":"2025-06-23T13:52:44","modified_gmt":"2025-06-23T11:52:44","slug":"spypoint-flex-dark-avec-carte-sd-32-gb","status":"publish","type":"product","link":"https:\/\/staging.lucky-hunter.com\/fr\/product\/spypoint-flex-dark-avec-carte-sd-32-gb\/","title":{"rendered":"Spypoint FLEX-DARK avec carte SD 32 GB"},"content":{"rendered":"<p><iframe title=\"The SPYPOINT FLEX-DARK\" width=\"1020\" height=\"574\" src=\"https:\/\/www.youtube.com\/embed\/Otxy6U4mZd8?wmode=transparent&amp;rel=0&amp;feature=oembed&#038;enablejsapi=1&#038;origin=https:\/\/staging.lucky-hunter.com\" frameborder=\"0\" allow=\"accelerometer; autoplay; clipboard-write; encrypted-media; gyroscope; picture-in-picture; web-share\" referrerpolicy=\"strict-origin-when-cross-origin\" allowfullscreen><\/iframe><\/p>\n<h2><strong>SPYPOINT FLEX-DARK &#8211; Vos yeux et vos oreilles cach\u00e9s sur le terrain<\/strong><\/h2>\n<div>Le nouveau Spypoint FLEX-DARK est une \u00e9volution de la s\u00e9rie FLEX, avec de nombreuses am\u00e9liorations, notamment en termes d&#8217;antenne, de vitesse d&#8217;enregistrement, de port\u00e9e, de lumi\u00e8re infrarouge, de r\u00e9solution vid\u00e9o, etc.<\/div>\n<div><\/div>\n<div>Vous pouvez choisir d&#8217;enregistrer vos images avec des LED noires invisibles ou d&#8217;obtenir une port\u00e9e plus \u00e9tendue avec des LED Low Glow visibles ; vous pouvez facilement modifier ce choix dans l&#8217;application Spypoint.<\/div>\n<div><\/div>\n<div>Les images sont enregistr\u00e9es en qualit\u00e9 40 m\u00e9gapixels et b\u00e9n\u00e9ficient de la technologie sans fil la plus r\u00e9cente. La cam\u00e9ra configure automatiquement ses param\u00e8tres en fonction des conditions d&#8217;enregistrement, pour une qualit\u00e9 optimale.<\/div>\n<div><\/div>\n<div>La FLEX-DARK est dot\u00e9e d&#8217;une nouvelle antenne flexible avec des raccords en laiton antid\u00e9rapants, incassables et ind\u00e9montables. La fermeture a \u00e9t\u00e9 am\u00e9lior\u00e9e et renforc\u00e9e, garantissant ainsi une transmission optimale, m\u00eame par mauvais temps.<\/div>\n<div><\/div>\n<div>La carte SIM incluse doit \u00eatre activ\u00e9e, puis vous devez choisir le forfait SIM adapt\u00e9 \u00e0 vos besoins : https:\/\/www.spypoint.com\/en\/spypoint-experience\/plans<\/div>\n<div><\/div>\n<div>Remarque : Vous ne pouvez pas utiliser de cartes SIM d&#8217;autres op\u00e9rateurs avec cette cam\u00e9ra, car Spypoint g\u00e8re tout, y compris votre compte Spypoint (webapp.spypoint.com), les param\u00e8tres de la cam\u00e9ra et les photos via une application gratuite.<\/div>\n<div><\/div>\n<div>L&#8217;application vous permet de communiquer facilement avec la cam\u00e9ra et de modifier les param\u00e8tres, de visualiser les photos, de v\u00e9rifier si la cam\u00e9ra a boug\u00e9, de consulter la temp\u00e9rature, etc.<\/div>\n<div><\/div>\n<div>Caract\u00e9ristiques :<\/div>\n<div><\/div>\n<div>40 m\u00e9gapixels<\/div>\n<div>\u00c9cran 2 pouces<\/div>\n<div>Technologie infrarouge boost optimisant l&#8217;\u00e9clairage nocturne<\/div>\n<div>Images en couleur pour le jour et en noir et blanc pour la nuit<\/div>\n<div>Date, heure, phases de lune et temp\u00e9rature sur toutes les images<\/div>\n<div>Time-Lapse (enregistrement \u00e0 intervalles)<\/div>\n<div>Prise de vue multiple (jusqu&#8217;\u00e0 3 images par enregistrement)<\/div>\n<div>Port\u00e9e du capteur jusqu&#8217;\u00e0 30 m\u00e8tres<\/div>\n<div>Vitesse d&#8217;enregistrement ultra-rapide : 0,3 seconde<\/div>\n<div>Enregistrement vid\u00e9o 1080p<\/div>\n<div>Audio pendant l&#8217;enregistrement vid\u00e9o<\/div>\n<div>LED Black Flash (invisible) ou LED Low Glow (port\u00e9e plus longue) : changement facile via l&#8217;application<\/div>\n<div>Transmission LTE rapide des images<\/div>\n<div>Application gratuite<\/div>\n<div>Les images sont disponibles dans l&#8217;application pendant 30 jours<\/div>\n<div>Carte Micro SD 32 Go incluse<\/div>\n<div>Alimentation : 8 piles AA de bonne qualit\u00e9<\/div>\n<div>Utilisation possible d&#8217;une batterie lithium rechargeable Spypoint LIT-22 (non fournie)<\/div>\n<div>Spypoint 12 Panneau solaire 12 V utilisable.<\/div>\n<div>Port\u00e9e du capteur jusqu&#8217;\u00e0 30 m\u00e8tres.<\/div>\n<div>5 zones de d\u00e9tection.<\/div>\n<div>R\u00e9glage automatique de la lumi\u00e8re infrarouge.<\/div>\n<div>Format compact.<\/div>\n<div><\/div>\n<div>Vous pouvez enregistrer vos cam\u00e9ras SPYPOINT via l&#8217;application sur votre t\u00e9l\u00e9phone ou votre ordinateur \u00e0 l&#8217;adresse https:\/\/www.myspypoint.com\/.<\/div>\n","protected":false},"excerpt":{"rendered":"<p>Spypoint FLEX-DARK est une \u00e9volution de la s\u00e9rie FLEX, avec de nombreuses am\u00e9liorations, notamment en termes d&#8217;antenne, de vitesse d&#8217;enregistrement, de port\u00e9e, de lumi\u00e8re infrarouge etc.<\/p>\n","protected":false},"featured_media":907552,"template":"","meta":[],"product_brand":[8209],"product_cat":[8241],"product_tag":[],"yoast_head":"<!-- This site is optimized with the Yoast SEO plugin v24.3 - https:\/\/yoast.com\/wordpress\/plugins\/seo\/ -->\n<title>Spypoint FLEX-DARK avec carte SD 32 GB - Lucky-Hunter<\/title>\n<meta name=\"description\" content=\"Spypoint FLEX-DARK est une \u00e9volution de la s\u00e9rie FLEX avec un certain nombre d&#039;am\u00e9liorations, notamment l&#039;antenne, la vitesse d&#039;enregistrement, la port\u00e9e, la lumi\u00e8re IR, etc.\" \/>\n<meta name=\"robots\" content=\"noindex, follow, max-snippet:-1, max-image-preview:large, max-video-preview:-1\" \/>\n<meta property=\"og:locale\" content=\"fr_FR\" \/>\n<meta property=\"og:type\" content=\"article\" \/>\n<meta property=\"og:title\" content=\"Spypoint FLEX-DARK avec carte SD 32 GB - Lucky-Hunter\" \/>\n<meta property=\"og:description\" content=\"Spypoint FLEX-DARK est une \u00e9volution de la s\u00e9rie FLEX avec un certain nombre d&#039;am\u00e9liorations, notamment l&#039;antenne, la vitesse d&#039;enregistrement, la port\u00e9e, la lumi\u00e8re IR, etc.\" \/>\n<meta property=\"og:url\" content=\"https:\/\/staging.lucky-hunter.com\/fr\/product\/spypoint-flex-dark-avec-carte-sd-32-gb\/\" \/>\n<meta property=\"og:site_name\" content=\"Lucky-Hunter\" \/>\n<meta property=\"article:modified_time\" content=\"2025-06-23T11:52:44+00:00\" \/>\n<meta property=\"og:image\" content=\"https:\/\/staging.lucky-hunter.com\/wp-content\/uploads\/2025\/06\/680621-removebg.png\" \/>\n\t<meta property=\"og:image:width\" content=\"1200\" \/>\n\t<meta property=\"og:image:height\" content=\"1200\" \/>\n\t<meta property=\"og:image:type\" content=\"image\/png\" \/>\n<meta name=\"twitter:card\" content=\"summary_large_image\" \/>\n<meta name=\"twitter:label1\" content=\"Dur\u00e9e de lecture estim\u00e9e\" \/>\n\t<meta name=\"twitter:data1\" content=\"2 minutes\" \/>\n<script type=\"application\/ld+json\" class=\"yoast-schema-graph\">{\"@context\":\"https:\/\/schema.org\",\"@graph\":[{\"@type\":\"WebPage\",\"@id\":\"https:\/\/staging.lucky-hunter.com\/fr\/product\/spypoint-flex-dark-avec-carte-sd-32-gb\/\",\"url\":\"https:\/\/staging.lucky-hunter.com\/fr\/product\/spypoint-flex-dark-avec-carte-sd-32-gb\/\",\"name\":\"Spypoint FLEX-DARK avec carte SD 32 GB - Lucky-Hunter\",\"isPartOf\":{\"@id\":\"https:\/\/staging.lucky-hunter.com\/#website\"},\"primaryImageOfPage\":{\"@id\":\"https:\/\/staging.lucky-hunter.com\/fr\/product\/spypoint-flex-dark-avec-carte-sd-32-gb\/#primaryimage\"},\"image\":{\"@id\":\"https:\/\/staging.lucky-hunter.com\/fr\/product\/spypoint-flex-dark-avec-carte-sd-32-gb\/#primaryimage\"},\"thumbnailUrl\":\"https:\/\/staging.lucky-hunter.com\/wp-content\/uploads\/2025\/06\/680621-removebg.png\",\"datePublished\":\"2025-06-03T10:11:53+00:00\",\"dateModified\":\"2025-06-23T11:52:44+00:00\",\"description\":\"Spypoint FLEX-DARK est une \u00e9volution de la s\u00e9rie FLEX avec un certain nombre d'am\u00e9liorations, notamment l'antenne, la vitesse d'enregistrement, la port\u00e9e, la lumi\u00e8re IR, etc.\",\"breadcrumb\":{\"@id\":\"https:\/\/staging.lucky-hunter.com\/fr\/product\/spypoint-flex-dark-avec-carte-sd-32-gb\/#breadcrumb\"},\"inLanguage\":\"fr-FR\",\"potentialAction\":[{\"@type\":\"ReadAction\",\"target\":[\"https:\/\/staging.lucky-hunter.com\/fr\/product\/spypoint-flex-dark-avec-carte-sd-32-gb\/\"]}]},{\"@type\":\"ImageObject\",\"inLanguage\":\"fr-FR\",\"@id\":\"https:\/\/staging.lucky-hunter.com\/fr\/product\/spypoint-flex-dark-avec-carte-sd-32-gb\/#primaryimage\",\"url\":\"https:\/\/staging.lucky-hunter.com\/wp-content\/uploads\/2025\/06\/680621-removebg.png\",\"contentUrl\":\"https:\/\/staging.lucky-hunter.com\/wp-content\/uploads\/2025\/06\/680621-removebg.png\",\"width\":1200,\"height\":1200},{\"@type\":\"BreadcrumbList\",\"@id\":\"https:\/\/staging.lucky-hunter.com\/fr\/product\/spypoint-flex-dark-avec-carte-sd-32-gb\/#breadcrumb\",\"itemListElement\":[{\"@type\":\"ListItem\",\"position\":1,\"name\":\"Home\",\"item\":\"https:\/\/staging.lucky-hunter.com\/fr\/\"},{\"@type\":\"ListItem\",\"position\":2,\"name\":\"Boutique\",\"item\":\"https:\/\/staging.lucky-hunter.com\/fr\/shop\/\"},{\"@type\":\"ListItem\",\"position\":3,\"name\":\"Spypoint FLEX-DARK avec carte SD 32 GB\"}]},{\"@type\":\"WebSite\",\"@id\":\"https:\/\/staging.lucky-hunter.com\/#website\",\"url\":\"https:\/\/staging.lucky-hunter.com\/\",\"name\":\"Lucky-Hunter\",\"description\":\"Gear Up or Give Up\",\"potentialAction\":[{\"@type\":\"SearchAction\",\"target\":{\"@type\":\"EntryPoint\",\"urlTemplate\":\"https:\/\/staging.lucky-hunter.com\/?s={search_term_string}\"},\"query-input\":{\"@type\":\"PropertyValueSpecification\",\"valueRequired\":true,\"valueName\":\"search_term_string\"}}],\"inLanguage\":\"fr-FR\"}]}<\/script>\n<!-- \/ Yoast SEO plugin. -->","yoast_head_json":{"title":"Spypoint FLEX-DARK avec carte SD 32 GB - Lucky-Hunter","description":"Spypoint FLEX-DARK est une \u00e9volution de la s\u00e9rie FLEX avec un certain nombre d'am\u00e9liorations, notamment l'antenne, la vitesse d'enregistrement, la port\u00e9e, la lumi\u00e8re IR, etc.","robots":{"index":"noindex","follow":"follow","max-snippet":"max-snippet:-1","max-image-preview":"max-image-preview:large","max-video-preview":"max-video-preview:-1"},"og_locale":"fr_FR","og_type":"article","og_title":"Spypoint FLEX-DARK avec carte SD 32 GB - Lucky-Hunter","og_description":"Spypoint FLEX-DARK est une \u00e9volution de la s\u00e9rie FLEX avec un certain nombre d'am\u00e9liorations, notamment l'antenne, la vitesse d'enregistrement, la port\u00e9e, la lumi\u00e8re IR, etc.","og_url":"https:\/\/staging.lucky-hunter.com\/fr\/product\/spypoint-flex-dark-avec-carte-sd-32-gb\/","og_site_name":"Lucky-Hunter","article_modified_time":"2025-06-23T11:52:44+00:00","og_image":[{"width":1200,"height":1200,"url":"https:\/\/staging.lucky-hunter.com\/wp-content\/uploads\/2025\/06\/680621-removebg.png","type":"image\/png"}],"twitter_card":"summary_large_image","twitter_misc":{"Dur\u00e9e de lecture estim\u00e9e":"2 minutes"},"schema":{"@context":"https:\/\/schema.org","@graph":[{"@type":"WebPage","@id":"https:\/\/staging.lucky-hunter.com\/fr\/product\/spypoint-flex-dark-avec-carte-sd-32-gb\/","url":"https:\/\/staging.lucky-hunter.com\/fr\/product\/spypoint-flex-dark-avec-carte-sd-32-gb\/","name":"Spypoint FLEX-DARK avec carte SD 32 GB - Lucky-Hunter","isPartOf":{"@id":"https:\/\/staging.lucky-hunter.com\/#website"},"primaryImageOfPage":{"@id":"https:\/\/staging.lucky-hunter.com\/fr\/product\/spypoint-flex-dark-avec-carte-sd-32-gb\/#primaryimage"},"image":{"@id":"https:\/\/staging.lucky-hunter.com\/fr\/product\/spypoint-flex-dark-avec-carte-sd-32-gb\/#primaryimage"},"thumbnailUrl":"https:\/\/staging.lucky-hunter.com\/wp-content\/uploads\/2025\/06\/680621-removebg.png","datePublished":"2025-06-03T10:11:53+00:00","dateModified":"2025-06-23T11:52:44+00:00","description":"Spypoint FLEX-DARK est une \u00e9volution de la s\u00e9rie FLEX avec un certain nombre d'am\u00e9liorations, notamment l'antenne, la vitesse d'enregistrement, la port\u00e9e, la lumi\u00e8re IR, etc.","breadcrumb":{"@id":"https:\/\/staging.lucky-hunter.com\/fr\/product\/spypoint-flex-dark-avec-carte-sd-32-gb\/#breadcrumb"},"inLanguage":"fr-FR","potentialAction":[{"@type":"ReadAction","target":["https:\/\/staging.lucky-hunter.com\/fr\/product\/spypoint-flex-dark-avec-carte-sd-32-gb\/"]}]},{"@type":"ImageObject","inLanguage":"fr-FR","@id":"https:\/\/staging.lucky-hunter.com\/fr\/product\/spypoint-flex-dark-avec-carte-sd-32-gb\/#primaryimage","url":"https:\/\/staging.lucky-hunter.com\/wp-content\/uploads\/2025\/06\/680621-removebg.png","contentUrl":"https:\/\/staging.lucky-hunter.com\/wp-content\/uploads\/2025\/06\/680621-removebg.png","width":1200,"height":1200},{"@type":"BreadcrumbList","@id":"https:\/\/staging.lucky-hunter.com\/fr\/product\/spypoint-flex-dark-avec-carte-sd-32-gb\/#breadcrumb","itemListElement":[{"@type":"ListItem","position":1,"name":"Home","item":"https:\/\/staging.lucky-hunter.com\/fr\/"},{"@type":"ListItem","position":2,"name":"Boutique","item":"https:\/\/staging.lucky-hunter.com\/fr\/shop\/"},{"@type":"ListItem","position":3,"name":"Spypoint FLEX-DARK avec carte SD 32 GB"}]},{"@type":"WebSite","@id":"https:\/\/staging.lucky-hunter.com\/#website","url":"https:\/\/staging.lucky-hunter.com\/","name":"Lucky-Hunter","description":"Gear Up or Give Up","potentialAction":[{"@type":"SearchAction","target":{"@type":"EntryPoint","urlTemplate":"https:\/\/staging.lucky-hunter.com\/?s={search_term_string}"},"query-input":{"@type":"PropertyValueSpecification","valueRequired":true,"valueName":"search_term_string"}}],"inLanguage":"fr-FR"}]}},"_links":{"self":[{"href":"https:\/\/staging.lucky-hunter.com\/fr\/wp-json\/wp\/v2\/product\/907587"}],"collection":[{"href":"https:\/\/staging.lucky-hunter.com\/fr\/wp-json\/wp\/v2\/product"}],"about":[{"href":"https:\/\/staging.lucky-hunter.com\/fr\/wp-json\/wp\/v2\/types\/product"}],"wp:featuredmedia":[{"embeddable":true,"href":"https:\/\/staging.lucky-hunter.com\/fr\/wp-json\/wp\/v2\/media\/907552"}],"wp:attachment":[{"href":"https:\/\/staging.lucky-hunter.com\/fr\/wp-json\/wp\/v2\/media?parent=907587"}],"wp:term":[{"taxonomy":"product_brand","embeddable":true,"href":"https:\/\/staging.lucky-hunter.com\/fr\/wp-json\/wp\/v2\/product_brand?post=907587"},{"taxonomy":"product_cat","embeddable":true,"href":"https:\/\/staging.lucky-hunter.com\/fr\/wp-json\/wp\/v2\/product_cat?post=907587"},{"taxonomy":"product_tag","embeddable":true,"href":"https:\/\/staging.lucky-hunter.com\/fr\/wp-json\/wp\/v2\/product_tag?post=907587"}],"curies":[{"name":"wp","href":"https:\/\/api.w.org\/{rel}","templated":true}]}}