{"id":852925,"date":"2025-05-22T10:55:19","date_gmt":"2025-05-22T08:55:19","guid":{"rendered":"https:\/\/staging.lucky-hunter.com\/product\/cuissardes-isolantes-banded-phantom-x-max7\/"},"modified":"2025-06-23T13:54:31","modified_gmt":"2025-06-23T11:54:31","slug":"cuissardes-isolantes-banded-phantom-x-max7","status":"publish","type":"product","link":"https:\/\/staging.lucky-hunter.com\/fr\/product\/cuissardes-isolantes-banded-phantom-x-max7\/","title":{"rendered":"Cuissardes isolantes &#8211; Banded Phantom X MAX7"},"content":{"rendered":"<p><iframe title=\"Banded PHANTOM X Series Waders\" width=\"1020\" height=\"574\" src=\"https:\/\/www.youtube.com\/embed\/yoGX-Pm9oSg?wmode=transparent&amp;rel=0&amp;feature=oembed&#038;enablejsapi=1&#038;origin=https:\/\/staging.lucky-hunter.com\" frameborder=\"0\" allow=\"accelerometer; autoplay; clipboard-write; encrypted-media; gyroscope; picture-in-picture; web-share\" referrerpolicy=\"strict-origin-when-cross-origin\" allowfullscreen><\/iframe><\/p>\n<h2><strong>Cuissardes isol\u00e9es de Banded &#8211; Une nouvelle \u00e8re de confort et de mobilit\u00e9<\/strong><\/h2>\n<div>Banded est constamment \u00e0 la recherche de nouvelles perfections dans le d\u00e9veloppement de produits et de v\u00eatements capables de r\u00e9pondre aux besoins \u00e9volutifs du chasseur passionn\u00e9.<\/div>\n<div><\/div>\n<div>Les cuissardes Phantom X Series constituent une avanc\u00e9e r\u00e9volutionnaire dans la conception des cuissardes avec le syst\u00e8me r\u00e9volutionnaire FlexFit, sp\u00e9cialement con\u00e7u pour le chasseur qui se d\u00e9place d\u00e9lib\u00e9r\u00e9ment dans l&#8217;eau. Avec les cuissardes Phantom X, chaque pas sera beaucoup plus fluide et sans effort.<\/div>\n<div><\/div>\n<div>Disponible en taille 43\/44 (taille US 10)<\/div>\n<div><\/div>\n<div><strong>Caract\u00e9ristiques<\/strong><\/div>\n<ul>\n<li>Construction PHANTOM FLEX-FIT pour une glisse facile dans l&#8217;eau<\/li>\n<li>Couture d&#8217;entrejambe sans couture et soud\u00e9e \u00e0 l&#8217;arc pour une durabilit\u00e9 am\u00e9lior\u00e9e<\/li>\n<li>Cartographie des coutures anatomiques reconfigur\u00e9e qui refl\u00e8te les mouvements du corps et r\u00e9duit consid\u00e9rablement la fatigue des coutures<\/li>\n<li>La conception \u00e0 couture unique GO-FLATSEAM offre une surface ultra-lisse et plate<\/li>\n<li>La botte RZ-TRACTION est de forme anatomique pour s&#8217;adapter aux mouvements du pied avec un motif unique et rainur\u00e9 profond qui adh\u00e8re, fl\u00e9chit et r\u00e9agit pour une traction et une stabilit\u00e9 maximales.<\/li>\n<li>La construction en tissu GO-3LAYER est l\u00e9g\u00e8re et offre une durabilit\u00e9 et des performances sup\u00e9rieures.<\/li>\n<li>SHEDS\u2122 Technologie imperm\u00e9able et respirante.<\/li>\n<li>Technologie d&#8217;isolation HARS\u2122<\/li>\n<li>Botte isol\u00e9e Thinsulate\u2122 de 1600 grammes.<\/li>\n<li>Conception de genou articul\u00e9e am\u00e9liorant la mobilit\u00e9.<\/li>\n<li>Poche poitrine doubl\u00e9e en polaire<\/li>\n<li>Indice de confort : -4\u00b0C \u00e0 10\u00b0C.<\/li>\n<\/ul>\n","protected":false},"excerpt":{"rendered":"<p>Les cuissardes Phantom X Series constituent une avanc\u00e9e r\u00e9volutionnaire dans la conception des cuissardes avec le syst\u00e8me r\u00e9volutionnaire FlexFit.<\/p>\n","protected":false},"featured_media":852893,"template":"","meta":[],"product_brand":[6608],"product_cat":[8266],"product_tag":[],"yoast_head":"<!-- This site is optimized with the Yoast SEO plugin v24.3 - https:\/\/yoast.com\/wordpress\/plugins\/seo\/ -->\n<title>Cuissardes isolantes - Banded Phantom X MAX7 - Lucky-Hunter<\/title>\n<meta name=\"description\" content=\"Les cuissardes Phantom X Series constituent une avanc\u00e9e r\u00e9volutionnaire dans la conception des cuissardes avec le syst\u00e8me r\u00e9volutionnaire FlexFit.\" \/>\n<meta name=\"robots\" content=\"noindex, follow, max-snippet:-1, max-image-preview:large, max-video-preview:-1\" \/>\n<meta property=\"og:locale\" content=\"fr_FR\" \/>\n<meta property=\"og:type\" content=\"article\" \/>\n<meta property=\"og:title\" content=\"Cuissardes isolantes - Banded Phantom X MAX7 - Lucky-Hunter\" \/>\n<meta property=\"og:description\" content=\"Les cuissardes Phantom X Series constituent une avanc\u00e9e r\u00e9volutionnaire dans la conception des cuissardes avec le syst\u00e8me r\u00e9volutionnaire FlexFit.\" \/>\n<meta property=\"og:url\" content=\"https:\/\/staging.lucky-hunter.com\/fr\/product\/cuissardes-isolantes-banded-phantom-x-max7\/\" \/>\n<meta property=\"og:site_name\" content=\"Lucky-Hunter\" \/>\n<meta property=\"article:modified_time\" content=\"2025-06-23T11:54:31+00:00\" \/>\n<meta property=\"og:image\" content=\"https:\/\/staging.lucky-hunter.com\/wp-content\/uploads\/2025\/05\/PU-691-removebg.png\" \/>\n\t<meta property=\"og:image:width\" content=\"750\" \/>\n\t<meta property=\"og:image:height\" content=\"938\" \/>\n\t<meta property=\"og:image:type\" content=\"image\/png\" \/>\n<meta name=\"twitter:card\" content=\"summary_large_image\" \/>\n<meta name=\"twitter:label1\" content=\"Dur\u00e9e de lecture estim\u00e9e\" \/>\n\t<meta name=\"twitter:data1\" content=\"2 minutes\" \/>\n<script type=\"application\/ld+json\" class=\"yoast-schema-graph\">{\"@context\":\"https:\/\/schema.org\",\"@graph\":[{\"@type\":\"WebPage\",\"@id\":\"https:\/\/staging.lucky-hunter.com\/fr\/product\/cuissardes-isolantes-banded-phantom-x-max7\/\",\"url\":\"https:\/\/staging.lucky-hunter.com\/fr\/product\/cuissardes-isolantes-banded-phantom-x-max7\/\",\"name\":\"Cuissardes isolantes - Banded Phantom X MAX7 - Lucky-Hunter\",\"isPartOf\":{\"@id\":\"https:\/\/staging.lucky-hunter.com\/#website\"},\"primaryImageOfPage\":{\"@id\":\"https:\/\/staging.lucky-hunter.com\/fr\/product\/cuissardes-isolantes-banded-phantom-x-max7\/#primaryimage\"},\"image\":{\"@id\":\"https:\/\/staging.lucky-hunter.com\/fr\/product\/cuissardes-isolantes-banded-phantom-x-max7\/#primaryimage\"},\"thumbnailUrl\":\"https:\/\/staging.lucky-hunter.com\/wp-content\/uploads\/2025\/05\/PU-691-removebg.png\",\"datePublished\":\"2025-05-22T08:55:19+00:00\",\"dateModified\":\"2025-06-23T11:54:31+00:00\",\"description\":\"Les cuissardes Phantom X Series constituent une avanc\u00e9e r\u00e9volutionnaire dans la conception des cuissardes avec le syst\u00e8me r\u00e9volutionnaire FlexFit.\",\"breadcrumb\":{\"@id\":\"https:\/\/staging.lucky-hunter.com\/fr\/product\/cuissardes-isolantes-banded-phantom-x-max7\/#breadcrumb\"},\"inLanguage\":\"fr-FR\",\"potentialAction\":[{\"@type\":\"ReadAction\",\"target\":[\"https:\/\/staging.lucky-hunter.com\/fr\/product\/cuissardes-isolantes-banded-phantom-x-max7\/\"]}]},{\"@type\":\"ImageObject\",\"inLanguage\":\"fr-FR\",\"@id\":\"https:\/\/staging.lucky-hunter.com\/fr\/product\/cuissardes-isolantes-banded-phantom-x-max7\/#primaryimage\",\"url\":\"https:\/\/staging.lucky-hunter.com\/wp-content\/uploads\/2025\/05\/PU-691-removebg.png\",\"contentUrl\":\"https:\/\/staging.lucky-hunter.com\/wp-content\/uploads\/2025\/05\/PU-691-removebg.png\",\"width\":750,\"height\":938},{\"@type\":\"BreadcrumbList\",\"@id\":\"https:\/\/staging.lucky-hunter.com\/fr\/product\/cuissardes-isolantes-banded-phantom-x-max7\/#breadcrumb\",\"itemListElement\":[{\"@type\":\"ListItem\",\"position\":1,\"name\":\"Home\",\"item\":\"https:\/\/staging.lucky-hunter.com\/fr\/\"},{\"@type\":\"ListItem\",\"position\":2,\"name\":\"Boutique\",\"item\":\"https:\/\/staging.lucky-hunter.com\/fr\/shop\/\"},{\"@type\":\"ListItem\",\"position\":3,\"name\":\"Cuissardes isolantes &#8211; Banded Phantom X MAX7\"}]},{\"@type\":\"WebSite\",\"@id\":\"https:\/\/staging.lucky-hunter.com\/#website\",\"url\":\"https:\/\/staging.lucky-hunter.com\/\",\"name\":\"Lucky-Hunter\",\"description\":\"Gear Up or Give Up\",\"potentialAction\":[{\"@type\":\"SearchAction\",\"target\":{\"@type\":\"EntryPoint\",\"urlTemplate\":\"https:\/\/staging.lucky-hunter.com\/?s={search_term_string}\"},\"query-input\":{\"@type\":\"PropertyValueSpecification\",\"valueRequired\":true,\"valueName\":\"search_term_string\"}}],\"inLanguage\":\"fr-FR\"}]}<\/script>\n<!-- \/ Yoast SEO plugin. -->","yoast_head_json":{"title":"Cuissardes isolantes - Banded Phantom X MAX7 - Lucky-Hunter","description":"Les cuissardes Phantom X Series constituent une avanc\u00e9e r\u00e9volutionnaire dans la conception des cuissardes avec le syst\u00e8me r\u00e9volutionnaire FlexFit.","robots":{"index":"noindex","follow":"follow","max-snippet":"max-snippet:-1","max-image-preview":"max-image-preview:large","max-video-preview":"max-video-preview:-1"},"og_locale":"fr_FR","og_type":"article","og_title":"Cuissardes isolantes - Banded Phantom X MAX7 - Lucky-Hunter","og_description":"Les cuissardes Phantom X Series constituent une avanc\u00e9e r\u00e9volutionnaire dans la conception des cuissardes avec le syst\u00e8me r\u00e9volutionnaire FlexFit.","og_url":"https:\/\/staging.lucky-hunter.com\/fr\/product\/cuissardes-isolantes-banded-phantom-x-max7\/","og_site_name":"Lucky-Hunter","article_modified_time":"2025-06-23T11:54:31+00:00","og_image":[{"width":750,"height":938,"url":"https:\/\/staging.lucky-hunter.com\/wp-content\/uploads\/2025\/05\/PU-691-removebg.png","type":"image\/png"}],"twitter_card":"summary_large_image","twitter_misc":{"Dur\u00e9e de lecture estim\u00e9e":"2 minutes"},"schema":{"@context":"https:\/\/schema.org","@graph":[{"@type":"WebPage","@id":"https:\/\/staging.lucky-hunter.com\/fr\/product\/cuissardes-isolantes-banded-phantom-x-max7\/","url":"https:\/\/staging.lucky-hunter.com\/fr\/product\/cuissardes-isolantes-banded-phantom-x-max7\/","name":"Cuissardes isolantes - Banded Phantom X MAX7 - Lucky-Hunter","isPartOf":{"@id":"https:\/\/staging.lucky-hunter.com\/#website"},"primaryImageOfPage":{"@id":"https:\/\/staging.lucky-hunter.com\/fr\/product\/cuissardes-isolantes-banded-phantom-x-max7\/#primaryimage"},"image":{"@id":"https:\/\/staging.lucky-hunter.com\/fr\/product\/cuissardes-isolantes-banded-phantom-x-max7\/#primaryimage"},"thumbnailUrl":"https:\/\/staging.lucky-hunter.com\/wp-content\/uploads\/2025\/05\/PU-691-removebg.png","datePublished":"2025-05-22T08:55:19+00:00","dateModified":"2025-06-23T11:54:31+00:00","description":"Les cuissardes Phantom X Series constituent une avanc\u00e9e r\u00e9volutionnaire dans la conception des cuissardes avec le syst\u00e8me r\u00e9volutionnaire FlexFit.","breadcrumb":{"@id":"https:\/\/staging.lucky-hunter.com\/fr\/product\/cuissardes-isolantes-banded-phantom-x-max7\/#breadcrumb"},"inLanguage":"fr-FR","potentialAction":[{"@type":"ReadAction","target":["https:\/\/staging.lucky-hunter.com\/fr\/product\/cuissardes-isolantes-banded-phantom-x-max7\/"]}]},{"@type":"ImageObject","inLanguage":"fr-FR","@id":"https:\/\/staging.lucky-hunter.com\/fr\/product\/cuissardes-isolantes-banded-phantom-x-max7\/#primaryimage","url":"https:\/\/staging.lucky-hunter.com\/wp-content\/uploads\/2025\/05\/PU-691-removebg.png","contentUrl":"https:\/\/staging.lucky-hunter.com\/wp-content\/uploads\/2025\/05\/PU-691-removebg.png","width":750,"height":938},{"@type":"BreadcrumbList","@id":"https:\/\/staging.lucky-hunter.com\/fr\/product\/cuissardes-isolantes-banded-phantom-x-max7\/#breadcrumb","itemListElement":[{"@type":"ListItem","position":1,"name":"Home","item":"https:\/\/staging.lucky-hunter.com\/fr\/"},{"@type":"ListItem","position":2,"name":"Boutique","item":"https:\/\/staging.lucky-hunter.com\/fr\/shop\/"},{"@type":"ListItem","position":3,"name":"Cuissardes isolantes &#8211; Banded Phantom X MAX7"}]},{"@type":"WebSite","@id":"https:\/\/staging.lucky-hunter.com\/#website","url":"https:\/\/staging.lucky-hunter.com\/","name":"Lucky-Hunter","description":"Gear Up or Give Up","potentialAction":[{"@type":"SearchAction","target":{"@type":"EntryPoint","urlTemplate":"https:\/\/staging.lucky-hunter.com\/?s={search_term_string}"},"query-input":{"@type":"PropertyValueSpecification","valueRequired":true,"valueName":"search_term_string"}}],"inLanguage":"fr-FR"}]}},"_links":{"self":[{"href":"https:\/\/staging.lucky-hunter.com\/fr\/wp-json\/wp\/v2\/product\/852925"}],"collection":[{"href":"https:\/\/staging.lucky-hunter.com\/fr\/wp-json\/wp\/v2\/product"}],"about":[{"href":"https:\/\/staging.lucky-hunter.com\/fr\/wp-json\/wp\/v2\/types\/product"}],"wp:featuredmedia":[{"embeddable":true,"href":"https:\/\/staging.lucky-hunter.com\/fr\/wp-json\/wp\/v2\/media\/852893"}],"wp:attachment":[{"href":"https:\/\/staging.lucky-hunter.com\/fr\/wp-json\/wp\/v2\/media?parent=852925"}],"wp:term":[{"taxonomy":"product_brand","embeddable":true,"href":"https:\/\/staging.lucky-hunter.com\/fr\/wp-json\/wp\/v2\/product_brand?post=852925"},{"taxonomy":"product_cat","embeddable":true,"href":"https:\/\/staging.lucky-hunter.com\/fr\/wp-json\/wp\/v2\/product_cat?post=852925"},{"taxonomy":"product_tag","embeddable":true,"href":"https:\/\/staging.lucky-hunter.com\/fr\/wp-json\/wp\/v2\/product_tag?post=852925"}],"curies":[{"name":"wp","href":"https:\/\/api.w.org\/{rel}","templated":true}]}}