{"id":818748,"date":"2025-05-15T10:56:15","date_gmt":"2025-05-15T08:56:15","guid":{"rendered":"https:\/\/staging.lucky-hunter.com\/product\/leurres-de-silhouette-de-cormoran-aux-ailes-deployees-4-pieces-big-als\/"},"modified":"2025-06-23T13:56:50","modified_gmt":"2025-06-23T11:56:50","slug":"leurres-de-silhouette-de-cormoran-aux-ailes-deployees-4-pieces-big-als","status":"publish","type":"product","link":"https:\/\/staging.lucky-hunter.com\/fr\/product\/leurres-de-silhouette-de-cormoran-aux-ailes-deployees-4-pieces-big-als\/","title":{"rendered":"Formes de silhouette de cormoran aux ailes d\u00e9ploy\u00e9es &#8211; 4 pi\u00e8ces Big Al&#8217;s"},"content":{"rendered":"<h2><strong>Formes Silhouette tr\u00e8s efficace pour la chasse au cormoran<\/strong><\/h2>\n<div><span style=\"color: #ed1c24;\"><strong>Pr\u00e9commandez d\u00e8s maintenant &#8211; Livraison en ao\u00fbt<\/strong><\/span><\/div>\n<div><\/div>\n<div>Achetez ici un pack de 4 cormorans debout aux ailes d\u00e9ploy\u00e9es, fabriqu\u00e9 par Big Al&#8217;s Decoys, leader dans la fabrication de formes Silhouette.<\/div>\n<div><\/div>\n<div>Livr\u00e9 avec 4 piquets m\u00e9talliques.<\/div>\n<div><\/div>\n<div>Dimensions : 87 cm d&#8217;une extr\u00e9mit\u00e9 \u00e0 l&#8217;autre<\/div>\n<div>Hauteur : 50 cm<\/div>\n<div><\/div>\n<div>Les silhouettes sont fabriqu\u00e9es dans un plastique tr\u00e8s r\u00e9sistant qui r\u00e9siste \u00e0 la chasse par tous les temps. Nous vous recommandons toutefois de les ranger et de les transporter dans un sac afin d&#8217;\u00e9viter qu&#8217;elles ne se coincent entre des objets lourds et ne se plient.<\/div>\n<div><\/div>\n<div><strong>\u00c0 propos du fabricant :<\/strong><\/div>\n<div><\/div>\n<div>Big Al a grandi dans l&#8217;Ohio au sein d&#8217;une famille de passionn\u00e9s de chasse au gibier d&#8217;eau. Depuis le d\u00e9but des ann\u00e9es 1970, il chasse et \u00e9tudie de magnifiques gibiers \u00e0 plumes, et le d\u00e9veloppement de leurres r\u00e9alistes est progressivement devenu sa grande passion. Depuis, avec le nom de Big Al&#8217;s Decoys, il est devenu une r\u00e9f\u00e9rence dans le domaine des leurres aux \u00c9tats-Unis, o\u00f9 ses leurres silhouettes sont r\u00e9put\u00e9s pour leur tr\u00e8s haute qualit\u00e9 de mat\u00e9riaux, de d\u00e9tails, de couleurs et d&#8217;imprim\u00e9s.<\/div>\n<div><\/div>\n<div>Big Al reste l&#8217;acteur principal du processus de conception et d&#8217;impression.<\/div>\n","protected":false},"excerpt":{"rendered":"<p>Pack de 4 cormorans debout aux ailes d\u00e9ploy\u00e9es, fabriqu\u00e9 par Big Al&#8217;s Decoys, leader dans la fabrication de formes Silhouette.<\/p>\n","protected":false},"featured_media":818590,"template":"","meta":[],"product_brand":[8135],"product_cat":[8276],"product_tag":[],"yoast_head":"<!-- This site is optimized with the Yoast SEO plugin v24.3 - https:\/\/yoast.com\/wordpress\/plugins\/seo\/ -->\n<title>Formes de silhouette de cormoran aux ailes d\u00e9ploy\u00e9es - 4 pi\u00e8ces Big Al&#039;s - Lucky-Hunter<\/title>\n<meta name=\"description\" content=\"Pack de 4 cormorans debout aux ailes d\u00e9ploy\u00e9es, fabriqu\u00e9 par Big Al&#039;s Decoys, leader dans la fabrication de formes Silhouette.\" \/>\n<meta name=\"robots\" content=\"noindex, follow, max-snippet:-1, max-image-preview:large, max-video-preview:-1\" \/>\n<meta property=\"og:locale\" content=\"fr_FR\" \/>\n<meta property=\"og:type\" content=\"article\" \/>\n<meta property=\"og:title\" content=\"Formes de silhouette de cormoran aux ailes d\u00e9ploy\u00e9es - 4 pi\u00e8ces Big Al&#039;s - Lucky-Hunter\" \/>\n<meta property=\"og:description\" content=\"Pack de 4 cormorans debout aux ailes d\u00e9ploy\u00e9es, fabriqu\u00e9 par Big Al&#039;s Decoys, leader dans la fabrication de formes Silhouette.\" \/>\n<meta property=\"og:url\" content=\"https:\/\/staging.lucky-hunter.com\/fr\/product\/leurres-de-silhouette-de-cormoran-aux-ailes-deployees-4-pieces-big-als\/\" \/>\n<meta property=\"og:site_name\" content=\"Lucky-Hunter\" \/>\n<meta property=\"article:modified_time\" content=\"2025-06-23T11:56:50+00:00\" \/>\n<meta property=\"og:image\" content=\"https:\/\/staging.lucky-hunter.com\/wp-content\/uploads\/2025\/05\/LF-644-removebg-e1747299713854.png\" \/>\n\t<meta property=\"og:image:width\" content=\"1000\" \/>\n\t<meta property=\"og:image:height\" content=\"1333\" \/>\n\t<meta property=\"og:image:type\" content=\"image\/png\" \/>\n<meta name=\"twitter:card\" content=\"summary_large_image\" \/>\n<meta name=\"twitter:label1\" content=\"Dur\u00e9e de lecture estim\u00e9e\" \/>\n\t<meta name=\"twitter:data1\" content=\"2 minutes\" \/>\n<script type=\"application\/ld+json\" class=\"yoast-schema-graph\">{\"@context\":\"https:\/\/schema.org\",\"@graph\":[{\"@type\":\"WebPage\",\"@id\":\"https:\/\/staging.lucky-hunter.com\/fr\/product\/leurres-de-silhouette-de-cormoran-aux-ailes-deployees-4-pieces-big-als\/\",\"url\":\"https:\/\/staging.lucky-hunter.com\/fr\/product\/leurres-de-silhouette-de-cormoran-aux-ailes-deployees-4-pieces-big-als\/\",\"name\":\"Formes de silhouette de cormoran aux ailes d\u00e9ploy\u00e9es - 4 pi\u00e8ces Big Al's - Lucky-Hunter\",\"isPartOf\":{\"@id\":\"https:\/\/staging.lucky-hunter.com\/#website\"},\"primaryImageOfPage\":{\"@id\":\"https:\/\/staging.lucky-hunter.com\/fr\/product\/leurres-de-silhouette-de-cormoran-aux-ailes-deployees-4-pieces-big-als\/#primaryimage\"},\"image\":{\"@id\":\"https:\/\/staging.lucky-hunter.com\/fr\/product\/leurres-de-silhouette-de-cormoran-aux-ailes-deployees-4-pieces-big-als\/#primaryimage\"},\"thumbnailUrl\":\"https:\/\/staging.lucky-hunter.com\/wp-content\/uploads\/2025\/05\/LF-644-removebg-e1747299713854.png\",\"datePublished\":\"2025-05-15T08:56:15+00:00\",\"dateModified\":\"2025-06-23T11:56:50+00:00\",\"description\":\"Pack de 4 cormorans debout aux ailes d\u00e9ploy\u00e9es, fabriqu\u00e9 par Big Al's Decoys, leader dans la fabrication de formes Silhouette.\",\"breadcrumb\":{\"@id\":\"https:\/\/staging.lucky-hunter.com\/fr\/product\/leurres-de-silhouette-de-cormoran-aux-ailes-deployees-4-pieces-big-als\/#breadcrumb\"},\"inLanguage\":\"fr-FR\",\"potentialAction\":[{\"@type\":\"ReadAction\",\"target\":[\"https:\/\/staging.lucky-hunter.com\/fr\/product\/leurres-de-silhouette-de-cormoran-aux-ailes-deployees-4-pieces-big-als\/\"]}]},{\"@type\":\"ImageObject\",\"inLanguage\":\"fr-FR\",\"@id\":\"https:\/\/staging.lucky-hunter.com\/fr\/product\/leurres-de-silhouette-de-cormoran-aux-ailes-deployees-4-pieces-big-als\/#primaryimage\",\"url\":\"https:\/\/staging.lucky-hunter.com\/wp-content\/uploads\/2025\/05\/LF-644-removebg-e1747299713854.png\",\"contentUrl\":\"https:\/\/staging.lucky-hunter.com\/wp-content\/uploads\/2025\/05\/LF-644-removebg-e1747299713854.png\",\"width\":1000,\"height\":1333},{\"@type\":\"BreadcrumbList\",\"@id\":\"https:\/\/staging.lucky-hunter.com\/fr\/product\/leurres-de-silhouette-de-cormoran-aux-ailes-deployees-4-pieces-big-als\/#breadcrumb\",\"itemListElement\":[{\"@type\":\"ListItem\",\"position\":1,\"name\":\"Home\",\"item\":\"https:\/\/staging.lucky-hunter.com\/fr\/\"},{\"@type\":\"ListItem\",\"position\":2,\"name\":\"Boutique\",\"item\":\"https:\/\/staging.lucky-hunter.com\/fr\/shop\/\"},{\"@type\":\"ListItem\",\"position\":3,\"name\":\"Formes de silhouette de cormoran aux ailes d\u00e9ploy\u00e9es &#8211; 4 pi\u00e8ces Big Al&#8217;s\"}]},{\"@type\":\"WebSite\",\"@id\":\"https:\/\/staging.lucky-hunter.com\/#website\",\"url\":\"https:\/\/staging.lucky-hunter.com\/\",\"name\":\"Lucky-Hunter\",\"description\":\"Gear Up or Give Up\",\"potentialAction\":[{\"@type\":\"SearchAction\",\"target\":{\"@type\":\"EntryPoint\",\"urlTemplate\":\"https:\/\/staging.lucky-hunter.com\/?s={search_term_string}\"},\"query-input\":{\"@type\":\"PropertyValueSpecification\",\"valueRequired\":true,\"valueName\":\"search_term_string\"}}],\"inLanguage\":\"fr-FR\"}]}<\/script>\n<!-- \/ Yoast SEO plugin. -->","yoast_head_json":{"title":"Formes de silhouette de cormoran aux ailes d\u00e9ploy\u00e9es - 4 pi\u00e8ces Big Al's - Lucky-Hunter","description":"Pack de 4 cormorans debout aux ailes d\u00e9ploy\u00e9es, fabriqu\u00e9 par Big Al's Decoys, leader dans la fabrication de formes Silhouette.","robots":{"index":"noindex","follow":"follow","max-snippet":"max-snippet:-1","max-image-preview":"max-image-preview:large","max-video-preview":"max-video-preview:-1"},"og_locale":"fr_FR","og_type":"article","og_title":"Formes de silhouette de cormoran aux ailes d\u00e9ploy\u00e9es - 4 pi\u00e8ces Big Al's - Lucky-Hunter","og_description":"Pack de 4 cormorans debout aux ailes d\u00e9ploy\u00e9es, fabriqu\u00e9 par Big Al's Decoys, leader dans la fabrication de formes Silhouette.","og_url":"https:\/\/staging.lucky-hunter.com\/fr\/product\/leurres-de-silhouette-de-cormoran-aux-ailes-deployees-4-pieces-big-als\/","og_site_name":"Lucky-Hunter","article_modified_time":"2025-06-23T11:56:50+00:00","og_image":[{"url":"https:\/\/staging.lucky-hunter.com\/wp-content\/uploads\/2025\/05\/LF-644-removebg-e1747299713854.png","width":1000,"height":1333,"type":"image\/png"}],"twitter_card":"summary_large_image","twitter_misc":{"Dur\u00e9e de lecture estim\u00e9e":"2 minutes"},"schema":{"@context":"https:\/\/schema.org","@graph":[{"@type":"WebPage","@id":"https:\/\/staging.lucky-hunter.com\/fr\/product\/leurres-de-silhouette-de-cormoran-aux-ailes-deployees-4-pieces-big-als\/","url":"https:\/\/staging.lucky-hunter.com\/fr\/product\/leurres-de-silhouette-de-cormoran-aux-ailes-deployees-4-pieces-big-als\/","name":"Formes de silhouette de cormoran aux ailes d\u00e9ploy\u00e9es - 4 pi\u00e8ces Big Al's - Lucky-Hunter","isPartOf":{"@id":"https:\/\/staging.lucky-hunter.com\/#website"},"primaryImageOfPage":{"@id":"https:\/\/staging.lucky-hunter.com\/fr\/product\/leurres-de-silhouette-de-cormoran-aux-ailes-deployees-4-pieces-big-als\/#primaryimage"},"image":{"@id":"https:\/\/staging.lucky-hunter.com\/fr\/product\/leurres-de-silhouette-de-cormoran-aux-ailes-deployees-4-pieces-big-als\/#primaryimage"},"thumbnailUrl":"https:\/\/staging.lucky-hunter.com\/wp-content\/uploads\/2025\/05\/LF-644-removebg-e1747299713854.png","datePublished":"2025-05-15T08:56:15+00:00","dateModified":"2025-06-23T11:56:50+00:00","description":"Pack de 4 cormorans debout aux ailes d\u00e9ploy\u00e9es, fabriqu\u00e9 par Big Al's Decoys, leader dans la fabrication de formes Silhouette.","breadcrumb":{"@id":"https:\/\/staging.lucky-hunter.com\/fr\/product\/leurres-de-silhouette-de-cormoran-aux-ailes-deployees-4-pieces-big-als\/#breadcrumb"},"inLanguage":"fr-FR","potentialAction":[{"@type":"ReadAction","target":["https:\/\/staging.lucky-hunter.com\/fr\/product\/leurres-de-silhouette-de-cormoran-aux-ailes-deployees-4-pieces-big-als\/"]}]},{"@type":"ImageObject","inLanguage":"fr-FR","@id":"https:\/\/staging.lucky-hunter.com\/fr\/product\/leurres-de-silhouette-de-cormoran-aux-ailes-deployees-4-pieces-big-als\/#primaryimage","url":"https:\/\/staging.lucky-hunter.com\/wp-content\/uploads\/2025\/05\/LF-644-removebg-e1747299713854.png","contentUrl":"https:\/\/staging.lucky-hunter.com\/wp-content\/uploads\/2025\/05\/LF-644-removebg-e1747299713854.png","width":1000,"height":1333},{"@type":"BreadcrumbList","@id":"https:\/\/staging.lucky-hunter.com\/fr\/product\/leurres-de-silhouette-de-cormoran-aux-ailes-deployees-4-pieces-big-als\/#breadcrumb","itemListElement":[{"@type":"ListItem","position":1,"name":"Home","item":"https:\/\/staging.lucky-hunter.com\/fr\/"},{"@type":"ListItem","position":2,"name":"Boutique","item":"https:\/\/staging.lucky-hunter.com\/fr\/shop\/"},{"@type":"ListItem","position":3,"name":"Formes de silhouette de cormoran aux ailes d\u00e9ploy\u00e9es &#8211; 4 pi\u00e8ces Big Al&#8217;s"}]},{"@type":"WebSite","@id":"https:\/\/staging.lucky-hunter.com\/#website","url":"https:\/\/staging.lucky-hunter.com\/","name":"Lucky-Hunter","description":"Gear Up or Give Up","potentialAction":[{"@type":"SearchAction","target":{"@type":"EntryPoint","urlTemplate":"https:\/\/staging.lucky-hunter.com\/?s={search_term_string}"},"query-input":{"@type":"PropertyValueSpecification","valueRequired":true,"valueName":"search_term_string"}}],"inLanguage":"fr-FR"}]}},"_links":{"self":[{"href":"https:\/\/staging.lucky-hunter.com\/fr\/wp-json\/wp\/v2\/product\/818748"}],"collection":[{"href":"https:\/\/staging.lucky-hunter.com\/fr\/wp-json\/wp\/v2\/product"}],"about":[{"href":"https:\/\/staging.lucky-hunter.com\/fr\/wp-json\/wp\/v2\/types\/product"}],"wp:featuredmedia":[{"embeddable":true,"href":"https:\/\/staging.lucky-hunter.com\/fr\/wp-json\/wp\/v2\/media\/818590"}],"wp:attachment":[{"href":"https:\/\/staging.lucky-hunter.com\/fr\/wp-json\/wp\/v2\/media?parent=818748"}],"wp:term":[{"taxonomy":"product_brand","embeddable":true,"href":"https:\/\/staging.lucky-hunter.com\/fr\/wp-json\/wp\/v2\/product_brand?post=818748"},{"taxonomy":"product_cat","embeddable":true,"href":"https:\/\/staging.lucky-hunter.com\/fr\/wp-json\/wp\/v2\/product_cat?post=818748"},{"taxonomy":"product_tag","embeddable":true,"href":"https:\/\/staging.lucky-hunter.com\/fr\/wp-json\/wp\/v2\/product_tag?post=818748"}],"curies":[{"name":"wp","href":"https:\/\/api.w.org\/{rel}","templated":true}]}}