{"id":76609,"date":"2024-02-08T12:54:16","date_gmt":"2024-02-08T11:54:16","guid":{"rendered":"https:\/\/staging.lucky-hunter.com\/?post_type=product&#038;p=76609"},"modified":"2025-06-23T15:06:25","modified_gmt":"2025-06-23T13:06:25","slug":"batterie-lithium-lucky-duck-pour-lucky-agitator-hdi","status":"publish","type":"product","link":"https:\/\/staging.lucky-hunter.com\/fr\/product\/batterie-lithium-lucky-duck-pour-lucky-agitator-hdi\/","title":{"rendered":"Batterie Lithium pour Lucky Duck Agitator HDI"},"content":{"rendered":"<div>Batterie lithium rechargeable d&#8217;origine pour votre leurre Lucky Duck Agitator HDI.<\/div>\n<div><\/div>\n<div>Compatible avec les mod\u00e8les Mallard (article LF-278) et Oie du Canada (article LF-282).<\/div>\n<div><\/div>\n<div><strong>Caract\u00e9ristiques :<\/strong><\/div>\n<ul>\n<li>Batterie Lithium-Ion (11,1V \/ 4000 mAh)<\/li>\n<li>NE remplace PAS une batterie au plomb<\/li>\n<\/ul>\n","protected":false},"excerpt":{"rendered":"<p>Batterie lithium rechargeable d&#8217;origine pour votre leurre Lucky Duck Agitator HDI. Compatible avec les mod\u00e8les Mallard et Oie du Canada.<\/p>\n","protected":false},"featured_media":249950,"template":"","meta":[],"product_brand":[8124],"product_cat":[8165],"product_tag":[],"yoast_head":"<!-- This site is optimized with the Yoast SEO plugin v24.3 - https:\/\/yoast.com\/wordpress\/plugins\/seo\/ -->\n<title>Batterie Lithium Lucky Duck pour Lucky Agitator HDI | Lucky Hunter<\/title>\n<meta name=\"description\" content=\"Batterie lithium rechargeable d&#039;origine pour votre leurre \u00e0 ailes rotatives Lucky Duck XHDi. Batterie lithium 7,4V \/ 4000 mAh.\" \/>\n<meta name=\"robots\" content=\"noindex, follow, max-snippet:-1, max-image-preview:large, max-video-preview:-1\" \/>\n<meta property=\"og:locale\" content=\"fr_FR\" \/>\n<meta property=\"og:type\" content=\"article\" \/>\n<meta property=\"og:title\" content=\"Pile au lithium Spypoint\u00a0: Rechargeable longue dur\u00e9e | Chasseur chanceux\" \/>\n<meta property=\"og:description\" content=\"Batterie lithium rechargeable d&#039;origine pour votre leurre Lucky Duck Agitator HDI. Compatible avec les mod\u00e8les Mallard et Oie du Canada.\" \/>\n<meta property=\"og:url\" content=\"https:\/\/staging.lucky-hunter.com\/fr\/product\/batterie-lithium-lucky-duck-pour-lucky-agitator-hdi\/\" \/>\n<meta property=\"og:site_name\" content=\"Lucky-Hunter\" \/>\n<meta property=\"article:modified_time\" content=\"2025-06-23T13:06:25+00:00\" \/>\n<meta property=\"og:image\" content=\"https:\/\/staging.lucky-hunter.com\/wp-content\/uploads\/2024\/02\/LF-272-removebg.png\" \/>\n\t<meta property=\"og:image:width\" content=\"1280\" \/>\n\t<meta property=\"og:image:height\" content=\"924\" \/>\n\t<meta property=\"og:image:type\" content=\"image\/png\" \/>\n<meta name=\"twitter:card\" content=\"summary_large_image\" \/>\n<meta name=\"twitter:title\" content=\"Batterie Lithium Lucky Duck pour Lucky Agitator HDI | Lucky Hunter\" \/>\n<meta name=\"twitter:description\" content=\"Batterie lithium rechargeable d&#039;origine pour votre leurre Lucky Duck Agitator HDI. Compatible avec les mod\u00e8les Mallard et Oie du Canada.\" \/>\n<meta name=\"twitter:label1\" content=\"Dur\u00e9e de lecture estim\u00e9e\" \/>\n\t<meta name=\"twitter:data1\" content=\"1 minute\" \/>\n<script type=\"application\/ld+json\" class=\"yoast-schema-graph\">{\"@context\":\"https:\/\/schema.org\",\"@graph\":[{\"@type\":\"WebPage\",\"@id\":\"https:\/\/staging.lucky-hunter.com\/fr\/product\/batterie-lithium-lucky-duck-pour-lucky-agitator-hdi\/\",\"url\":\"https:\/\/staging.lucky-hunter.com\/fr\/product\/batterie-lithium-lucky-duck-pour-lucky-agitator-hdi\/\",\"name\":\"Batterie Lithium Lucky Duck pour Lucky Agitator HDI | Lucky Hunter\",\"isPartOf\":{\"@id\":\"https:\/\/staging.lucky-hunter.com\/#website\"},\"primaryImageOfPage\":{\"@id\":\"https:\/\/staging.lucky-hunter.com\/fr\/product\/batterie-lithium-lucky-duck-pour-lucky-agitator-hdi\/#primaryimage\"},\"image\":{\"@id\":\"https:\/\/staging.lucky-hunter.com\/fr\/product\/batterie-lithium-lucky-duck-pour-lucky-agitator-hdi\/#primaryimage\"},\"thumbnailUrl\":\"https:\/\/staging.lucky-hunter.com\/wp-content\/uploads\/2024\/02\/LF-272-removebg.png\",\"datePublished\":\"2024-02-08T11:54:16+00:00\",\"dateModified\":\"2025-06-23T13:06:25+00:00\",\"description\":\"Batterie lithium rechargeable d'origine pour votre leurre \u00e0 ailes rotatives Lucky Duck XHDi. Batterie lithium 7,4V \/ 4000 mAh.\",\"breadcrumb\":{\"@id\":\"https:\/\/staging.lucky-hunter.com\/fr\/product\/batterie-lithium-lucky-duck-pour-lucky-agitator-hdi\/#breadcrumb\"},\"inLanguage\":\"fr-FR\",\"potentialAction\":[{\"@type\":\"ReadAction\",\"target\":[\"https:\/\/staging.lucky-hunter.com\/fr\/product\/batterie-lithium-lucky-duck-pour-lucky-agitator-hdi\/\"]}]},{\"@type\":\"ImageObject\",\"inLanguage\":\"fr-FR\",\"@id\":\"https:\/\/staging.lucky-hunter.com\/fr\/product\/batterie-lithium-lucky-duck-pour-lucky-agitator-hdi\/#primaryimage\",\"url\":\"https:\/\/staging.lucky-hunter.com\/wp-content\/uploads\/2024\/02\/LF-272-removebg.png\",\"contentUrl\":\"https:\/\/staging.lucky-hunter.com\/wp-content\/uploads\/2024\/02\/LF-272-removebg.png\",\"width\":1280,\"height\":924},{\"@type\":\"BreadcrumbList\",\"@id\":\"https:\/\/staging.lucky-hunter.com\/fr\/product\/batterie-lithium-lucky-duck-pour-lucky-agitator-hdi\/#breadcrumb\",\"itemListElement\":[{\"@type\":\"ListItem\",\"position\":1,\"name\":\"Home\",\"item\":\"https:\/\/staging.lucky-hunter.com\/fr\/\"},{\"@type\":\"ListItem\",\"position\":2,\"name\":\"Boutique\",\"item\":\"https:\/\/staging.lucky-hunter.com\/fr\/shop\/\"},{\"@type\":\"ListItem\",\"position\":3,\"name\":\"Batterie Lithium pour Lucky Duck Agitator HDI\"}]},{\"@type\":\"WebSite\",\"@id\":\"https:\/\/staging.lucky-hunter.com\/#website\",\"url\":\"https:\/\/staging.lucky-hunter.com\/\",\"name\":\"Lucky-Hunter\",\"description\":\"Gear Up or Give Up\",\"potentialAction\":[{\"@type\":\"SearchAction\",\"target\":{\"@type\":\"EntryPoint\",\"urlTemplate\":\"https:\/\/staging.lucky-hunter.com\/?s={search_term_string}\"},\"query-input\":{\"@type\":\"PropertyValueSpecification\",\"valueRequired\":true,\"valueName\":\"search_term_string\"}}],\"inLanguage\":\"fr-FR\"}]}<\/script>\n<!-- \/ Yoast SEO plugin. -->","yoast_head_json":{"title":"Batterie Lithium Lucky Duck pour Lucky Agitator HDI | Lucky Hunter","description":"Batterie lithium rechargeable d'origine pour votre leurre \u00e0 ailes rotatives Lucky Duck XHDi. Batterie lithium 7,4V \/ 4000 mAh.","robots":{"index":"noindex","follow":"follow","max-snippet":"max-snippet:-1","max-image-preview":"max-image-preview:large","max-video-preview":"max-video-preview:-1"},"og_locale":"fr_FR","og_type":"article","og_title":"Pile au lithium Spypoint\u00a0: Rechargeable longue dur\u00e9e | Chasseur chanceux","og_description":"Batterie lithium rechargeable d'origine pour votre leurre Lucky Duck Agitator HDI. Compatible avec les mod\u00e8les Mallard et Oie du Canada.","og_url":"https:\/\/staging.lucky-hunter.com\/fr\/product\/batterie-lithium-lucky-duck-pour-lucky-agitator-hdi\/","og_site_name":"Lucky-Hunter","article_modified_time":"2025-06-23T13:06:25+00:00","og_image":[{"width":1280,"height":924,"url":"https:\/\/staging.lucky-hunter.com\/wp-content\/uploads\/2024\/02\/LF-272-removebg.png","type":"image\/png"}],"twitter_card":"summary_large_image","twitter_title":"Batterie Lithium Lucky Duck pour Lucky Agitator HDI | Lucky Hunter","twitter_description":"Batterie lithium rechargeable d'origine pour votre leurre Lucky Duck Agitator HDI. Compatible avec les mod\u00e8les Mallard et Oie du Canada.","twitter_misc":{"Dur\u00e9e de lecture estim\u00e9e":"1 minute"},"schema":{"@context":"https:\/\/schema.org","@graph":[{"@type":"WebPage","@id":"https:\/\/staging.lucky-hunter.com\/fr\/product\/batterie-lithium-lucky-duck-pour-lucky-agitator-hdi\/","url":"https:\/\/staging.lucky-hunter.com\/fr\/product\/batterie-lithium-lucky-duck-pour-lucky-agitator-hdi\/","name":"Batterie Lithium Lucky Duck pour Lucky Agitator HDI | Lucky Hunter","isPartOf":{"@id":"https:\/\/staging.lucky-hunter.com\/#website"},"primaryImageOfPage":{"@id":"https:\/\/staging.lucky-hunter.com\/fr\/product\/batterie-lithium-lucky-duck-pour-lucky-agitator-hdi\/#primaryimage"},"image":{"@id":"https:\/\/staging.lucky-hunter.com\/fr\/product\/batterie-lithium-lucky-duck-pour-lucky-agitator-hdi\/#primaryimage"},"thumbnailUrl":"https:\/\/staging.lucky-hunter.com\/wp-content\/uploads\/2024\/02\/LF-272-removebg.png","datePublished":"2024-02-08T11:54:16+00:00","dateModified":"2025-06-23T13:06:25+00:00","description":"Batterie lithium rechargeable d'origine pour votre leurre \u00e0 ailes rotatives Lucky Duck XHDi. Batterie lithium 7,4V \/ 4000 mAh.","breadcrumb":{"@id":"https:\/\/staging.lucky-hunter.com\/fr\/product\/batterie-lithium-lucky-duck-pour-lucky-agitator-hdi\/#breadcrumb"},"inLanguage":"fr-FR","potentialAction":[{"@type":"ReadAction","target":["https:\/\/staging.lucky-hunter.com\/fr\/product\/batterie-lithium-lucky-duck-pour-lucky-agitator-hdi\/"]}]},{"@type":"ImageObject","inLanguage":"fr-FR","@id":"https:\/\/staging.lucky-hunter.com\/fr\/product\/batterie-lithium-lucky-duck-pour-lucky-agitator-hdi\/#primaryimage","url":"https:\/\/staging.lucky-hunter.com\/wp-content\/uploads\/2024\/02\/LF-272-removebg.png","contentUrl":"https:\/\/staging.lucky-hunter.com\/wp-content\/uploads\/2024\/02\/LF-272-removebg.png","width":1280,"height":924},{"@type":"BreadcrumbList","@id":"https:\/\/staging.lucky-hunter.com\/fr\/product\/batterie-lithium-lucky-duck-pour-lucky-agitator-hdi\/#breadcrumb","itemListElement":[{"@type":"ListItem","position":1,"name":"Home","item":"https:\/\/staging.lucky-hunter.com\/fr\/"},{"@type":"ListItem","position":2,"name":"Boutique","item":"https:\/\/staging.lucky-hunter.com\/fr\/shop\/"},{"@type":"ListItem","position":3,"name":"Batterie Lithium pour Lucky Duck Agitator HDI"}]},{"@type":"WebSite","@id":"https:\/\/staging.lucky-hunter.com\/#website","url":"https:\/\/staging.lucky-hunter.com\/","name":"Lucky-Hunter","description":"Gear Up or Give Up","potentialAction":[{"@type":"SearchAction","target":{"@type":"EntryPoint","urlTemplate":"https:\/\/staging.lucky-hunter.com\/?s={search_term_string}"},"query-input":{"@type":"PropertyValueSpecification","valueRequired":true,"valueName":"search_term_string"}}],"inLanguage":"fr-FR"}]}},"_links":{"self":[{"href":"https:\/\/staging.lucky-hunter.com\/fr\/wp-json\/wp\/v2\/product\/76609"}],"collection":[{"href":"https:\/\/staging.lucky-hunter.com\/fr\/wp-json\/wp\/v2\/product"}],"about":[{"href":"https:\/\/staging.lucky-hunter.com\/fr\/wp-json\/wp\/v2\/types\/product"}],"wp:featuredmedia":[{"embeddable":true,"href":"https:\/\/staging.lucky-hunter.com\/fr\/wp-json\/wp\/v2\/media\/249950"}],"wp:attachment":[{"href":"https:\/\/staging.lucky-hunter.com\/fr\/wp-json\/wp\/v2\/media?parent=76609"}],"wp:term":[{"taxonomy":"product_brand","embeddable":true,"href":"https:\/\/staging.lucky-hunter.com\/fr\/wp-json\/wp\/v2\/product_brand?post=76609"},{"taxonomy":"product_cat","embeddable":true,"href":"https:\/\/staging.lucky-hunter.com\/fr\/wp-json\/wp\/v2\/product_cat?post=76609"},{"taxonomy":"product_tag","embeddable":true,"href":"https:\/\/staging.lucky-hunter.com\/fr\/wp-json\/wp\/v2\/product_tag?post=76609"}],"curies":[{"name":"wp","href":"https:\/\/api.w.org\/{rel}","templated":true}]}}