{"id":75868,"date":"2024-02-07T15:07:38","date_gmt":"2024-02-07T14:07:38","guid":{"rendered":"https:\/\/staging.lucky-hunter.com\/?post_type=product&#038;p=75868"},"modified":"2024-09-19T13:44:23","modified_gmt":"2024-09-19T11:44:23","slug":"avian-x-power-shaker-motion-femelle-colvert-prener","status":"publish","type":"product","link":"https:\/\/staging.lucky-hunter.com\/fr\/product\/avian-x-power-shaker-motion-femelle-colvert-prener\/","title":{"rendered":"Avian-X Power Shaker Motion Femelle Colvert Prener"},"content":{"rendered":"<p><iframe title=\"Avian X Power Shaker Drake Mallard Surface Feeder\" width=\"1020\" height=\"574\" src=\"https:\/\/www.youtube.com\/embed\/bVoU9rsddfk?wmode=transparent&amp;rel=0&amp;feature=oembed&#038;enablejsapi=1&#038;origin=https:\/\/staging.lucky-hunter.com\" frameborder=\"0\" allow=\"accelerometer; autoplay; clipboard-write; encrypted-media; gyroscope; picture-in-picture; web-share\" referrerpolicy=\"strict-origin-when-cross-origin\" allowfullscreen><\/iframe><\/p>\n<h2><strong>Forme Avian-X avec mouvement pour la chasse au canard les jours sans vent<\/strong><\/h2>\n<div>Le nouvel Avian-X Power Shaker Motion Colvert est \u00e0 la hauteur de la qualit\u00e9 intransigeante que vous connaissez de vos formes Avian-X.<\/div>\n<div><\/div>\n<div>Avian-X est sans aucun doute la marque la plus innovante du march\u00e9, avec pour objectif de d\u00e9velopper des formes qui ressemblent \u00e0 s&#8217;y m\u00e9prendre aux canards volant au-dessus de vous.<\/div>\n<div><\/div>\n<div>Cette forme de canard est con\u00e7ue pour recr\u00e9er le mouvement r\u00e9aliste d&#8217;une femelle colvert en train de lisser ses plumes. Elle est donc id\u00e9ale pour la chasse aux canards dans les lacs, marais et eaux peu profondes, o\u00f9 les canards se reposent et se nourrissent.<\/div>\n<div><\/div>\n<div>La forme est remplie de mousse, ce qui la rend insubmersible, et elle fonctionne avec 4 piles AA de bonne qualit\u00e9 (non incluses).<\/div>\n<div><\/div>\n<div>Dur\u00e9e de fonctionnement : environ 10 heures, selon les piles et la temp\u00e9rature.<\/div>\n","protected":false},"excerpt":{"rendered":"<p>Forme Avian-X con\u00e7ue pour recr\u00e9er le mouvement r\u00e9aliste d&#8217;une femelle colvert lissant ses plumes. Parfait pour la chasse aux canards les jours calmes.<\/p>\n","protected":false},"featured_media":266496,"template":"","meta":[],"product_brand":[8132],"product_cat":[8180,9737],"product_tag":[9235],"yoast_head":"<!-- This site is optimized with the Yoast SEO plugin v24.3 - https:\/\/yoast.com\/wordpress\/plugins\/seo\/ -->\n<title>Avian-X Power Shaker Motion Femelle Colvert Prener<\/title>\n<meta name=\"description\" content=\"Forme Avian-X con\u00e7ue pour recr\u00e9er le mouvement r\u00e9aliste d&#039;une femelle colvert lissant ses plumes. Id\u00e9ale pour la chasse aux canards les jours calmes.\" \/>\n<meta name=\"robots\" content=\"noindex, follow, max-snippet:-1, max-image-preview:large, max-video-preview:-1\" \/>\n<meta property=\"og:locale\" content=\"fr_FR\" \/>\n<meta property=\"og:type\" content=\"article\" \/>\n<meta property=\"og:title\" content=\"Avian-X Power Shaker Motion Femelle Colvert Prener\" \/>\n<meta property=\"og:description\" content=\"Forme Avian-X con\u00e7ue pour recr\u00e9er le mouvement r\u00e9aliste d&#039;une femelle colvert lissant ses plumes. Id\u00e9ale pour la chasse aux canards les jours calmes.\" \/>\n<meta property=\"og:url\" content=\"https:\/\/staging.lucky-hunter.com\/fr\/product\/avian-x-power-shaker-motion-femelle-colvert-prener\/\" \/>\n<meta property=\"og:site_name\" content=\"Lucky-Hunter\" \/>\n<meta property=\"article:modified_time\" content=\"2024-09-19T11:44:23+00:00\" \/>\n<meta property=\"og:image\" content=\"https:\/\/staging.lucky-hunter.com\/wp-content\/uploads\/2024\/02\/IMG_4357-removebg-e1729772028616.png\" \/>\n\t<meta property=\"og:image:width\" content=\"3024\" \/>\n\t<meta property=\"og:image:height\" content=\"4032\" \/>\n\t<meta property=\"og:image:type\" content=\"image\/png\" \/>\n<meta name=\"twitter:card\" content=\"summary_large_image\" \/>\n<meta name=\"twitter:label1\" content=\"Dur\u00e9e de lecture estim\u00e9e\" \/>\n\t<meta name=\"twitter:data1\" content=\"1 minute\" \/>\n<script type=\"application\/ld+json\" class=\"yoast-schema-graph\">{\"@context\":\"https:\/\/schema.org\",\"@graph\":[{\"@type\":\"WebPage\",\"@id\":\"https:\/\/staging.lucky-hunter.com\/fr\/product\/avian-x-power-shaker-motion-femelle-colvert-prener\/\",\"url\":\"https:\/\/staging.lucky-hunter.com\/fr\/product\/avian-x-power-shaker-motion-femelle-colvert-prener\/\",\"name\":\"Avian-X Power Shaker Motion Femelle Colvert Prener\",\"isPartOf\":{\"@id\":\"https:\/\/staging.lucky-hunter.com\/#website\"},\"primaryImageOfPage\":{\"@id\":\"https:\/\/staging.lucky-hunter.com\/fr\/product\/avian-x-power-shaker-motion-femelle-colvert-prener\/#primaryimage\"},\"image\":{\"@id\":\"https:\/\/staging.lucky-hunter.com\/fr\/product\/avian-x-power-shaker-motion-femelle-colvert-prener\/#primaryimage\"},\"thumbnailUrl\":\"https:\/\/staging.lucky-hunter.com\/wp-content\/uploads\/2024\/02\/IMG_4357-removebg-e1729772028616.png\",\"datePublished\":\"2024-02-07T14:07:38+00:00\",\"dateModified\":\"2024-09-19T11:44:23+00:00\",\"description\":\"Forme Avian-X con\u00e7ue pour recr\u00e9er le mouvement r\u00e9aliste d'une femelle colvert lissant ses plumes. Id\u00e9ale pour la chasse aux canards les jours calmes.\",\"breadcrumb\":{\"@id\":\"https:\/\/staging.lucky-hunter.com\/fr\/product\/avian-x-power-shaker-motion-femelle-colvert-prener\/#breadcrumb\"},\"inLanguage\":\"fr-FR\",\"potentialAction\":[{\"@type\":\"ReadAction\",\"target\":[\"https:\/\/staging.lucky-hunter.com\/fr\/product\/avian-x-power-shaker-motion-femelle-colvert-prener\/\"]}]},{\"@type\":\"ImageObject\",\"inLanguage\":\"fr-FR\",\"@id\":\"https:\/\/staging.lucky-hunter.com\/fr\/product\/avian-x-power-shaker-motion-femelle-colvert-prener\/#primaryimage\",\"url\":\"https:\/\/staging.lucky-hunter.com\/wp-content\/uploads\/2024\/02\/IMG_4357-removebg-e1729772028616.png\",\"contentUrl\":\"https:\/\/staging.lucky-hunter.com\/wp-content\/uploads\/2024\/02\/IMG_4357-removebg-e1729772028616.png\",\"width\":3024,\"height\":4032},{\"@type\":\"BreadcrumbList\",\"@id\":\"https:\/\/staging.lucky-hunter.com\/fr\/product\/avian-x-power-shaker-motion-femelle-colvert-prener\/#breadcrumb\",\"itemListElement\":[{\"@type\":\"ListItem\",\"position\":1,\"name\":\"Home\",\"item\":\"https:\/\/staging.lucky-hunter.com\/fr\/\"},{\"@type\":\"ListItem\",\"position\":2,\"name\":\"Boutique\",\"item\":\"https:\/\/staging.lucky-hunter.com\/fr\/shop\/\"},{\"@type\":\"ListItem\",\"position\":3,\"name\":\"Avian-X Power Shaker Motion Femelle Colvert Prener\"}]},{\"@type\":\"WebSite\",\"@id\":\"https:\/\/staging.lucky-hunter.com\/#website\",\"url\":\"https:\/\/staging.lucky-hunter.com\/\",\"name\":\"Lucky-Hunter\",\"description\":\"Gear Up or Give Up\",\"potentialAction\":[{\"@type\":\"SearchAction\",\"target\":{\"@type\":\"EntryPoint\",\"urlTemplate\":\"https:\/\/staging.lucky-hunter.com\/?s={search_term_string}\"},\"query-input\":{\"@type\":\"PropertyValueSpecification\",\"valueRequired\":true,\"valueName\":\"search_term_string\"}}],\"inLanguage\":\"fr-FR\"}]}<\/script>\n<!-- \/ Yoast SEO plugin. -->","yoast_head_json":{"title":"Avian-X Power Shaker Motion Femelle Colvert Prener","description":"Forme Avian-X con\u00e7ue pour recr\u00e9er le mouvement r\u00e9aliste d'une femelle colvert lissant ses plumes. Id\u00e9ale pour la chasse aux canards les jours calmes.","robots":{"index":"noindex","follow":"follow","max-snippet":"max-snippet:-1","max-image-preview":"max-image-preview:large","max-video-preview":"max-video-preview:-1"},"og_locale":"fr_FR","og_type":"article","og_title":"Avian-X Power Shaker Motion Femelle Colvert Prener","og_description":"Forme Avian-X con\u00e7ue pour recr\u00e9er le mouvement r\u00e9aliste d'une femelle colvert lissant ses plumes. Id\u00e9ale pour la chasse aux canards les jours calmes.","og_url":"https:\/\/staging.lucky-hunter.com\/fr\/product\/avian-x-power-shaker-motion-femelle-colvert-prener\/","og_site_name":"Lucky-Hunter","article_modified_time":"2024-09-19T11:44:23+00:00","og_image":[{"url":"https:\/\/staging.lucky-hunter.com\/wp-content\/uploads\/2024\/02\/IMG_4357-removebg-e1729772028616.png","width":3024,"height":4032,"type":"image\/png"}],"twitter_card":"summary_large_image","twitter_misc":{"Dur\u00e9e de lecture estim\u00e9e":"1 minute"},"schema":{"@context":"https:\/\/schema.org","@graph":[{"@type":"WebPage","@id":"https:\/\/staging.lucky-hunter.com\/fr\/product\/avian-x-power-shaker-motion-femelle-colvert-prener\/","url":"https:\/\/staging.lucky-hunter.com\/fr\/product\/avian-x-power-shaker-motion-femelle-colvert-prener\/","name":"Avian-X Power Shaker Motion Femelle Colvert Prener","isPartOf":{"@id":"https:\/\/staging.lucky-hunter.com\/#website"},"primaryImageOfPage":{"@id":"https:\/\/staging.lucky-hunter.com\/fr\/product\/avian-x-power-shaker-motion-femelle-colvert-prener\/#primaryimage"},"image":{"@id":"https:\/\/staging.lucky-hunter.com\/fr\/product\/avian-x-power-shaker-motion-femelle-colvert-prener\/#primaryimage"},"thumbnailUrl":"https:\/\/staging.lucky-hunter.com\/wp-content\/uploads\/2024\/02\/IMG_4357-removebg-e1729772028616.png","datePublished":"2024-02-07T14:07:38+00:00","dateModified":"2024-09-19T11:44:23+00:00","description":"Forme Avian-X con\u00e7ue pour recr\u00e9er le mouvement r\u00e9aliste d'une femelle colvert lissant ses plumes. Id\u00e9ale pour la chasse aux canards les jours calmes.","breadcrumb":{"@id":"https:\/\/staging.lucky-hunter.com\/fr\/product\/avian-x-power-shaker-motion-femelle-colvert-prener\/#breadcrumb"},"inLanguage":"fr-FR","potentialAction":[{"@type":"ReadAction","target":["https:\/\/staging.lucky-hunter.com\/fr\/product\/avian-x-power-shaker-motion-femelle-colvert-prener\/"]}]},{"@type":"ImageObject","inLanguage":"fr-FR","@id":"https:\/\/staging.lucky-hunter.com\/fr\/product\/avian-x-power-shaker-motion-femelle-colvert-prener\/#primaryimage","url":"https:\/\/staging.lucky-hunter.com\/wp-content\/uploads\/2024\/02\/IMG_4357-removebg-e1729772028616.png","contentUrl":"https:\/\/staging.lucky-hunter.com\/wp-content\/uploads\/2024\/02\/IMG_4357-removebg-e1729772028616.png","width":3024,"height":4032},{"@type":"BreadcrumbList","@id":"https:\/\/staging.lucky-hunter.com\/fr\/product\/avian-x-power-shaker-motion-femelle-colvert-prener\/#breadcrumb","itemListElement":[{"@type":"ListItem","position":1,"name":"Home","item":"https:\/\/staging.lucky-hunter.com\/fr\/"},{"@type":"ListItem","position":2,"name":"Boutique","item":"https:\/\/staging.lucky-hunter.com\/fr\/shop\/"},{"@type":"ListItem","position":3,"name":"Avian-X Power Shaker Motion Femelle Colvert Prener"}]},{"@type":"WebSite","@id":"https:\/\/staging.lucky-hunter.com\/#website","url":"https:\/\/staging.lucky-hunter.com\/","name":"Lucky-Hunter","description":"Gear Up or Give Up","potentialAction":[{"@type":"SearchAction","target":{"@type":"EntryPoint","urlTemplate":"https:\/\/staging.lucky-hunter.com\/?s={search_term_string}"},"query-input":{"@type":"PropertyValueSpecification","valueRequired":true,"valueName":"search_term_string"}}],"inLanguage":"fr-FR"}]}},"_links":{"self":[{"href":"https:\/\/staging.lucky-hunter.com\/fr\/wp-json\/wp\/v2\/product\/75868"}],"collection":[{"href":"https:\/\/staging.lucky-hunter.com\/fr\/wp-json\/wp\/v2\/product"}],"about":[{"href":"https:\/\/staging.lucky-hunter.com\/fr\/wp-json\/wp\/v2\/types\/product"}],"wp:featuredmedia":[{"embeddable":true,"href":"https:\/\/staging.lucky-hunter.com\/fr\/wp-json\/wp\/v2\/media\/266496"}],"wp:attachment":[{"href":"https:\/\/staging.lucky-hunter.com\/fr\/wp-json\/wp\/v2\/media?parent=75868"}],"wp:term":[{"taxonomy":"product_brand","embeddable":true,"href":"https:\/\/staging.lucky-hunter.com\/fr\/wp-json\/wp\/v2\/product_brand?post=75868"},{"taxonomy":"product_cat","embeddable":true,"href":"https:\/\/staging.lucky-hunter.com\/fr\/wp-json\/wp\/v2\/product_cat?post=75868"},{"taxonomy":"product_tag","embeddable":true,"href":"https:\/\/staging.lucky-hunter.com\/fr\/wp-json\/wp\/v2\/product_tag?post=75868"}],"curies":[{"name":"wp","href":"https:\/\/api.w.org\/{rel}","templated":true}]}}