{"id":75689,"date":"2024-02-07T14:24:58","date_gmt":"2024-02-07T13:24:58","guid":{"rendered":"https:\/\/staging.lucky-hunter.com\/?post_type=product&#038;p=75689"},"modified":"2025-06-23T15:09:56","modified_gmt":"2025-06-23T13:09:56","slug":"sangle-a-gibier-final-approach","status":"publish","type":"product","link":"https:\/\/staging.lucky-hunter.com\/fr\/product\/sangle-a-gibier-final-approach\/","title":{"rendered":"Sangle \u00e0 gibier &#8211; Final Approach"},"content":{"rendered":"<h2><strong>Sangle en m\u00e9tal FA Hang&#8217;Em pour canards<\/strong><\/h2>\n<div>Cette sangle moul\u00e9e de Final Approach est un excellent moyen de transporter plusieurs canards sur votre \u00e9paule, vous laissant les mains libres pour porter le fusil et la chaise de chasse.<\/div>\n","protected":false},"excerpt":{"rendered":"<p>Cette sangle moul\u00e9e de Final Approach est un excellent moyen de transporter plusieurs canards sur votre \u00e9paule, vous laissant les mains libres.<\/p>\n","protected":false},"featured_media":275428,"template":"","meta":[],"product_brand":[8136],"product_cat":[9354],"product_tag":[9446,9235],"yoast_head":"<!-- This site is optimized with the Yoast SEO plugin v24.3 - https:\/\/yoast.com\/wordpress\/plugins\/seo\/ -->\n<title>Sangle en m\u00e9tal FA Hang&#039;Em pour canards<\/title>\n<meta name=\"description\" content=\"Cette sangle moul\u00e9e de Final Approach est un excellent moyen de transporter plusieurs canards sur votre \u00e9paule, vous laissant les mains libres.\" \/>\n<meta name=\"robots\" content=\"noindex, follow, max-snippet:-1, max-image-preview:large, max-video-preview:-1\" \/>\n<meta property=\"og:locale\" content=\"fr_FR\" \/>\n<meta property=\"og:type\" content=\"article\" \/>\n<meta property=\"og:title\" content=\"Sangle en m\u00e9tal FA Hang&#039;Em pour canards\" \/>\n<meta property=\"og:description\" content=\"Cette sangle moul\u00e9e de Final Approach est un excellent moyen de transporter plusieurs canards sur votre \u00e9paule, vous laissant les mains libres.\" \/>\n<meta property=\"og:url\" content=\"https:\/\/staging.lucky-hunter.com\/product\/fa-metal-hangem-duck-strap\/\" \/>\n<meta property=\"og:site_name\" content=\"Lucky-Hunter\" \/>\n<meta property=\"article:modified_time\" content=\"2025-06-23T13:09:56+00:00\" \/>\n<meta property=\"og:image\" content=\"https:\/\/staging.lucky-hunter.com\/wp-content\/uploads\/2024\/02\/LF-418.png\" \/>\n\t<meta property=\"og:image:width\" content=\"1080\" \/>\n\t<meta property=\"og:image:height\" content=\"1080\" \/>\n\t<meta property=\"og:image:type\" content=\"image\/png\" \/>\n<meta name=\"twitter:card\" content=\"summary_large_image\" \/>\n<meta name=\"twitter:label1\" content=\"Dur\u00e9e de lecture estim\u00e9e\" \/>\n\t<meta name=\"twitter:data1\" content=\"1 minute\" \/>\n<script type=\"application\/ld+json\" class=\"yoast-schema-graph\">{\"@context\":\"https:\/\/schema.org\",\"@graph\":[{\"@type\":\"WebPage\",\"@id\":\"https:\/\/staging.lucky-hunter.com\/product\/fa-metal-hangem-duck-strap\/\",\"url\":\"https:\/\/staging.lucky-hunter.com\/product\/fa-metal-hangem-duck-strap\/\",\"name\":\"Sangle en m\u00e9tal FA Hang'Em pour canards\",\"isPartOf\":{\"@id\":\"https:\/\/staging.lucky-hunter.com\/#website\"},\"primaryImageOfPage\":{\"@id\":\"https:\/\/staging.lucky-hunter.com\/product\/fa-metal-hangem-duck-strap\/#primaryimage\"},\"image\":{\"@id\":\"https:\/\/staging.lucky-hunter.com\/product\/fa-metal-hangem-duck-strap\/#primaryimage\"},\"thumbnailUrl\":\"https:\/\/staging.lucky-hunter.com\/wp-content\/uploads\/2024\/02\/LF-418.png\",\"datePublished\":\"2024-02-07T13:24:58+00:00\",\"dateModified\":\"2025-06-23T13:09:56+00:00\",\"description\":\"Cette sangle moul\u00e9e de Final Approach est un excellent moyen de transporter plusieurs canards sur votre \u00e9paule, vous laissant les mains libres.\",\"breadcrumb\":{\"@id\":\"https:\/\/staging.lucky-hunter.com\/product\/fa-metal-hangem-duck-strap\/#breadcrumb\"},\"inLanguage\":\"fr-FR\",\"potentialAction\":[{\"@type\":\"ReadAction\",\"target\":[\"https:\/\/staging.lucky-hunter.com\/product\/fa-metal-hangem-duck-strap\/\"]}]},{\"@type\":\"ImageObject\",\"inLanguage\":\"fr-FR\",\"@id\":\"https:\/\/staging.lucky-hunter.com\/product\/fa-metal-hangem-duck-strap\/#primaryimage\",\"url\":\"https:\/\/staging.lucky-hunter.com\/wp-content\/uploads\/2024\/02\/LF-418.png\",\"contentUrl\":\"https:\/\/staging.lucky-hunter.com\/wp-content\/uploads\/2024\/02\/LF-418.png\",\"width\":1080,\"height\":1080},{\"@type\":\"BreadcrumbList\",\"@id\":\"https:\/\/staging.lucky-hunter.com\/product\/fa-metal-hangem-duck-strap\/#breadcrumb\",\"itemListElement\":[{\"@type\":\"ListItem\",\"position\":1,\"name\":\"Home\",\"item\":\"https:\/\/staging.lucky-hunter.com\/fr\/\"},{\"@type\":\"ListItem\",\"position\":2,\"name\":\"Boutique\",\"item\":\"https:\/\/staging.lucky-hunter.com\/fr\/shop\/\"},{\"@type\":\"ListItem\",\"position\":3,\"name\":\"Sangle \u00e0 gibier &#8211; Final Approach\"}]},{\"@type\":\"WebSite\",\"@id\":\"https:\/\/staging.lucky-hunter.com\/#website\",\"url\":\"https:\/\/staging.lucky-hunter.com\/\",\"name\":\"Lucky-Hunter\",\"description\":\"Gear Up or Give Up\",\"potentialAction\":[{\"@type\":\"SearchAction\",\"target\":{\"@type\":\"EntryPoint\",\"urlTemplate\":\"https:\/\/staging.lucky-hunter.com\/?s={search_term_string}\"},\"query-input\":{\"@type\":\"PropertyValueSpecification\",\"valueRequired\":true,\"valueName\":\"search_term_string\"}}],\"inLanguage\":\"fr-FR\"}]}<\/script>\n<!-- \/ Yoast SEO plugin. -->","yoast_head_json":{"title":"Sangle en m\u00e9tal FA Hang'Em pour canards","description":"Cette sangle moul\u00e9e de Final Approach est un excellent moyen de transporter plusieurs canards sur votre \u00e9paule, vous laissant les mains libres.","robots":{"index":"noindex","follow":"follow","max-snippet":"max-snippet:-1","max-image-preview":"max-image-preview:large","max-video-preview":"max-video-preview:-1"},"og_locale":"fr_FR","og_type":"article","og_title":"Sangle en m\u00e9tal FA Hang'Em pour canards","og_description":"Cette sangle moul\u00e9e de Final Approach est un excellent moyen de transporter plusieurs canards sur votre \u00e9paule, vous laissant les mains libres.","og_url":"https:\/\/staging.lucky-hunter.com\/product\/fa-metal-hangem-duck-strap\/","og_site_name":"Lucky-Hunter","article_modified_time":"2025-06-23T13:09:56+00:00","og_image":[{"width":1080,"height":1080,"url":"https:\/\/staging.lucky-hunter.com\/wp-content\/uploads\/2024\/02\/LF-418.png","type":"image\/png"}],"twitter_card":"summary_large_image","twitter_misc":{"Dur\u00e9e de lecture estim\u00e9e":"1 minute"},"schema":{"@context":"https:\/\/schema.org","@graph":[{"@type":"WebPage","@id":"https:\/\/staging.lucky-hunter.com\/product\/fa-metal-hangem-duck-strap\/","url":"https:\/\/staging.lucky-hunter.com\/product\/fa-metal-hangem-duck-strap\/","name":"Sangle en m\u00e9tal FA Hang'Em pour canards","isPartOf":{"@id":"https:\/\/staging.lucky-hunter.com\/#website"},"primaryImageOfPage":{"@id":"https:\/\/staging.lucky-hunter.com\/product\/fa-metal-hangem-duck-strap\/#primaryimage"},"image":{"@id":"https:\/\/staging.lucky-hunter.com\/product\/fa-metal-hangem-duck-strap\/#primaryimage"},"thumbnailUrl":"https:\/\/staging.lucky-hunter.com\/wp-content\/uploads\/2024\/02\/LF-418.png","datePublished":"2024-02-07T13:24:58+00:00","dateModified":"2025-06-23T13:09:56+00:00","description":"Cette sangle moul\u00e9e de Final Approach est un excellent moyen de transporter plusieurs canards sur votre \u00e9paule, vous laissant les mains libres.","breadcrumb":{"@id":"https:\/\/staging.lucky-hunter.com\/product\/fa-metal-hangem-duck-strap\/#breadcrumb"},"inLanguage":"fr-FR","potentialAction":[{"@type":"ReadAction","target":["https:\/\/staging.lucky-hunter.com\/product\/fa-metal-hangem-duck-strap\/"]}]},{"@type":"ImageObject","inLanguage":"fr-FR","@id":"https:\/\/staging.lucky-hunter.com\/product\/fa-metal-hangem-duck-strap\/#primaryimage","url":"https:\/\/staging.lucky-hunter.com\/wp-content\/uploads\/2024\/02\/LF-418.png","contentUrl":"https:\/\/staging.lucky-hunter.com\/wp-content\/uploads\/2024\/02\/LF-418.png","width":1080,"height":1080},{"@type":"BreadcrumbList","@id":"https:\/\/staging.lucky-hunter.com\/product\/fa-metal-hangem-duck-strap\/#breadcrumb","itemListElement":[{"@type":"ListItem","position":1,"name":"Home","item":"https:\/\/staging.lucky-hunter.com\/fr\/"},{"@type":"ListItem","position":2,"name":"Boutique","item":"https:\/\/staging.lucky-hunter.com\/fr\/shop\/"},{"@type":"ListItem","position":3,"name":"Sangle \u00e0 gibier &#8211; Final Approach"}]},{"@type":"WebSite","@id":"https:\/\/staging.lucky-hunter.com\/#website","url":"https:\/\/staging.lucky-hunter.com\/","name":"Lucky-Hunter","description":"Gear Up or Give Up","potentialAction":[{"@type":"SearchAction","target":{"@type":"EntryPoint","urlTemplate":"https:\/\/staging.lucky-hunter.com\/?s={search_term_string}"},"query-input":{"@type":"PropertyValueSpecification","valueRequired":true,"valueName":"search_term_string"}}],"inLanguage":"fr-FR"}]}},"_links":{"self":[{"href":"https:\/\/staging.lucky-hunter.com\/fr\/wp-json\/wp\/v2\/product\/75689"}],"collection":[{"href":"https:\/\/staging.lucky-hunter.com\/fr\/wp-json\/wp\/v2\/product"}],"about":[{"href":"https:\/\/staging.lucky-hunter.com\/fr\/wp-json\/wp\/v2\/types\/product"}],"wp:featuredmedia":[{"embeddable":true,"href":"https:\/\/staging.lucky-hunter.com\/fr\/wp-json\/wp\/v2\/media\/275428"}],"wp:attachment":[{"href":"https:\/\/staging.lucky-hunter.com\/fr\/wp-json\/wp\/v2\/media?parent=75689"}],"wp:term":[{"taxonomy":"product_brand","embeddable":true,"href":"https:\/\/staging.lucky-hunter.com\/fr\/wp-json\/wp\/v2\/product_brand?post=75689"},{"taxonomy":"product_cat","embeddable":true,"href":"https:\/\/staging.lucky-hunter.com\/fr\/wp-json\/wp\/v2\/product_cat?post=75689"},{"taxonomy":"product_tag","embeddable":true,"href":"https:\/\/staging.lucky-hunter.com\/fr\/wp-json\/wp\/v2\/product_tag?post=75689"}],"curies":[{"name":"wp","href":"https:\/\/api.w.org\/{rel}","templated":true}]}}