{"id":75559,"date":"2024-02-07T13:58:42","date_gmt":"2024-02-07T12:58:42","guid":{"rendered":"https:\/\/staging.lucky-hunter.com\/?post_type=product&#038;p=75559"},"modified":"2025-06-23T15:11:12","modified_gmt":"2025-06-23T13:11:12","slug":"approche-finale-sac-flottant-aveugle","status":"publish","type":"product","link":"https:\/\/staging.lucky-hunter.com\/fr\/product\/approche-finale-sac-flottant-aveugle\/","title":{"rendered":"Sac Flottant Aveugle &#8211; Final Approach"},"content":{"rendered":"<p><iframe title=\"Final Approach Floating Blind Bag\" width=\"1020\" height=\"574\" src=\"https:\/\/www.youtube.com\/embed\/jgOA8exY7hQ?wmode=transparent&amp;rel=0&amp;feature=oembed&#038;enablejsapi=1&#038;origin=https:\/\/staging.lucky-hunter.com\" frameborder=\"0\" allow=\"accelerometer; autoplay; clipboard-write; encrypted-media; gyroscope; picture-in-picture; web-share\" referrerpolicy=\"strict-origin-when-cross-origin\" allowfullscreen><\/iframe><\/p>\n<h2><strong>Sac polyvalent pour tous types de chasse<\/strong><\/h2>\n<div>Un sac tr\u00e8s agr\u00e9able et pratique con\u00e7u pour toutes les situations de chasse.<\/div>\n<div><\/div>\n<div>Le sac dispose d\u2019un compartiment en deux parties (25 x 38 x 32 cm), o\u00f9 les cartouches, gants, leurres, encas, etc. peuvent \u00eatre rang\u00e9s de mani\u00e8re facilement accessible. De plus, il y a 2 poches internes \u00e9tanches o\u00f9, par exemple, votre t\u00e9l\u00e9phone peut rester au sec.<\/div>\n<div><\/div>\n<div>Sur le devant et \u00e0 chaque extr\u00e9mit\u00e9 du sac, il y a des poches ext\u00e9rieures pour le petit mat\u00e9riel qui se cache g\u00e9n\u00e9ralement dans la masse.<\/div>\n<div><\/div>\n<div>Final Approach a fabriqu\u00e9 le sac en mat\u00e9riau robuste 600D avec un fond moul\u00e9 imperm\u00e9able, de sorte qu&#8217;il peut \u00eatre pos\u00e9 sur un sol humide sans que l&#8217;humidit\u00e9 ne p\u00e9n\u00e8tre dans vos affaires.<\/div>\n<div><\/div>\n<div>La bandouli\u00e8re est rembourr\u00e9e, large et confortable.<\/div>\n<div><\/div>\n<div>Camouflage Mossy Oak Bottomland.<\/div>\n","protected":false},"excerpt":{"rendered":"<p>Un sac tr\u00e8s agr\u00e9able et pratique con\u00e7u pour toutes les situations de chasse. Fabriqu\u00e9 en mat\u00e9riau 600D durable avec un fond moul\u00e9 imperm\u00e9able.<\/p>\n","protected":false},"featured_media":236385,"template":"","meta":[],"product_brand":[8136],"product_cat":[8174],"product_tag":[9446,9235],"yoast_head":"<!-- This site is optimized with the Yoast SEO plugin v24.3 - https:\/\/yoast.com\/wordpress\/plugins\/seo\/ -->\n<title>Approche Finale Sac Flottant Aveugle<\/title>\n<meta name=\"description\" content=\"Un sac tr\u00e8s agr\u00e9able et pratique con\u00e7u pour toutes les situations de chasse. Fabriqu\u00e9 en mat\u00e9riau 600D durable avec un fond moul\u00e9 imperm\u00e9able.\" \/>\n<meta name=\"robots\" content=\"noindex, follow, max-snippet:-1, max-image-preview:large, max-video-preview:-1\" \/>\n<meta property=\"og:locale\" content=\"fr_FR\" \/>\n<meta property=\"og:type\" content=\"article\" \/>\n<meta property=\"og:title\" content=\"{1&gt;Sac \u00e0 aff\u00fbt Rig&#039;Em Right Shell Shocker&lt;1}\" \/>\n<meta property=\"og:description\" content=\"Prot\u00e9g\u00e9, organis\u00e9 et facilement accessible. Le Rig&#039;Em Right Shell Shocker Blind Bag est le sac de chasse parfait. Nouveau motif Optifade Marsh.\" \/>\n<meta property=\"og:url\" content=\"https:\/\/staging.lucky-hunter.com\/fr\/product\/approche-finale-sac-flottant-aveugle\/\" \/>\n<meta property=\"og:site_name\" content=\"Lucky-Hunter\" \/>\n<meta property=\"article:modified_time\" content=\"2025-06-23T13:11:12+00:00\" \/>\n<meta property=\"og:image\" content=\"https:\/\/staging.lucky-hunter.com\/wp-content\/uploads\/2024\/02\/LF-419-removebg-1.png\" \/>\n\t<meta property=\"og:image:width\" content=\"1200\" \/>\n\t<meta property=\"og:image:height\" content=\"1200\" \/>\n\t<meta property=\"og:image:type\" content=\"image\/png\" \/>\n<meta name=\"twitter:card\" content=\"summary_large_image\" \/>\n<meta name=\"twitter:title\" content=\"{1&gt;Sac \u00e0 aff\u00fbt Rig&#039;Em Right Shell Shocker&lt;1}\" \/>\n<meta name=\"twitter:description\" content=\"Prot\u00e9g\u00e9, organis\u00e9 et facilement accessible. Le Rig&#039;Em Right Shell Shocker Blind Bag est le sac de chasse parfait. Nouveau motif Optifade Marsh.\" \/>\n<meta name=\"twitter:label1\" content=\"Dur\u00e9e de lecture estim\u00e9e\" \/>\n\t<meta name=\"twitter:data1\" content=\"1 minute\" \/>\n<script type=\"application\/ld+json\" class=\"yoast-schema-graph\">{\"@context\":\"https:\/\/schema.org\",\"@graph\":[{\"@type\":\"WebPage\",\"@id\":\"https:\/\/staging.lucky-hunter.com\/fr\/product\/approche-finale-sac-flottant-aveugle\/\",\"url\":\"https:\/\/staging.lucky-hunter.com\/fr\/product\/approche-finale-sac-flottant-aveugle\/\",\"name\":\"Approche Finale Sac Flottant Aveugle\",\"isPartOf\":{\"@id\":\"https:\/\/staging.lucky-hunter.com\/#website\"},\"primaryImageOfPage\":{\"@id\":\"https:\/\/staging.lucky-hunter.com\/fr\/product\/approche-finale-sac-flottant-aveugle\/#primaryimage\"},\"image\":{\"@id\":\"https:\/\/staging.lucky-hunter.com\/fr\/product\/approche-finale-sac-flottant-aveugle\/#primaryimage\"},\"thumbnailUrl\":\"https:\/\/staging.lucky-hunter.com\/wp-content\/uploads\/2024\/02\/LF-419-removebg-1.png\",\"datePublished\":\"2024-02-07T12:58:42+00:00\",\"dateModified\":\"2025-06-23T13:11:12+00:00\",\"description\":\"Un sac tr\u00e8s agr\u00e9able et pratique con\u00e7u pour toutes les situations de chasse. Fabriqu\u00e9 en mat\u00e9riau 600D durable avec un fond moul\u00e9 imperm\u00e9able.\",\"breadcrumb\":{\"@id\":\"https:\/\/staging.lucky-hunter.com\/fr\/product\/approche-finale-sac-flottant-aveugle\/#breadcrumb\"},\"inLanguage\":\"fr-FR\",\"potentialAction\":[{\"@type\":\"ReadAction\",\"target\":[\"https:\/\/staging.lucky-hunter.com\/fr\/product\/approche-finale-sac-flottant-aveugle\/\"]}]},{\"@type\":\"ImageObject\",\"inLanguage\":\"fr-FR\",\"@id\":\"https:\/\/staging.lucky-hunter.com\/fr\/product\/approche-finale-sac-flottant-aveugle\/#primaryimage\",\"url\":\"https:\/\/staging.lucky-hunter.com\/wp-content\/uploads\/2024\/02\/LF-419-removebg-1.png\",\"contentUrl\":\"https:\/\/staging.lucky-hunter.com\/wp-content\/uploads\/2024\/02\/LF-419-removebg-1.png\",\"width\":1200,\"height\":1200},{\"@type\":\"BreadcrumbList\",\"@id\":\"https:\/\/staging.lucky-hunter.com\/fr\/product\/approche-finale-sac-flottant-aveugle\/#breadcrumb\",\"itemListElement\":[{\"@type\":\"ListItem\",\"position\":1,\"name\":\"Home\",\"item\":\"https:\/\/staging.lucky-hunter.com\/fr\/\"},{\"@type\":\"ListItem\",\"position\":2,\"name\":\"Boutique\",\"item\":\"https:\/\/staging.lucky-hunter.com\/fr\/shop\/\"},{\"@type\":\"ListItem\",\"position\":3,\"name\":\"Sac Flottant Aveugle &#8211; Final Approach\"}]},{\"@type\":\"WebSite\",\"@id\":\"https:\/\/staging.lucky-hunter.com\/#website\",\"url\":\"https:\/\/staging.lucky-hunter.com\/\",\"name\":\"Lucky-Hunter\",\"description\":\"Gear Up or Give Up\",\"potentialAction\":[{\"@type\":\"SearchAction\",\"target\":{\"@type\":\"EntryPoint\",\"urlTemplate\":\"https:\/\/staging.lucky-hunter.com\/?s={search_term_string}\"},\"query-input\":{\"@type\":\"PropertyValueSpecification\",\"valueRequired\":true,\"valueName\":\"search_term_string\"}}],\"inLanguage\":\"fr-FR\"}]}<\/script>\n<!-- \/ Yoast SEO plugin. -->","yoast_head_json":{"title":"Approche Finale Sac Flottant Aveugle","description":"Un sac tr\u00e8s agr\u00e9able et pratique con\u00e7u pour toutes les situations de chasse. Fabriqu\u00e9 en mat\u00e9riau 600D durable avec un fond moul\u00e9 imperm\u00e9able.","robots":{"index":"noindex","follow":"follow","max-snippet":"max-snippet:-1","max-image-preview":"max-image-preview:large","max-video-preview":"max-video-preview:-1"},"og_locale":"fr_FR","og_type":"article","og_title":"{1>Sac \u00e0 aff\u00fbt Rig'Em Right Shell Shocker&lt;1}","og_description":"Prot\u00e9g\u00e9, organis\u00e9 et facilement accessible. Le Rig'Em Right Shell Shocker Blind Bag est le sac de chasse parfait. Nouveau motif Optifade Marsh.","og_url":"https:\/\/staging.lucky-hunter.com\/fr\/product\/approche-finale-sac-flottant-aveugle\/","og_site_name":"Lucky-Hunter","article_modified_time":"2025-06-23T13:11:12+00:00","og_image":[{"width":1200,"height":1200,"url":"https:\/\/staging.lucky-hunter.com\/wp-content\/uploads\/2024\/02\/LF-419-removebg-1.png","type":"image\/png"}],"twitter_card":"summary_large_image","twitter_title":"{1>Sac \u00e0 aff\u00fbt Rig'Em Right Shell Shocker&lt;1}","twitter_description":"Prot\u00e9g\u00e9, organis\u00e9 et facilement accessible. Le Rig'Em Right Shell Shocker Blind Bag est le sac de chasse parfait. Nouveau motif Optifade Marsh.","twitter_misc":{"Dur\u00e9e de lecture estim\u00e9e":"1 minute"},"schema":{"@context":"https:\/\/schema.org","@graph":[{"@type":"WebPage","@id":"https:\/\/staging.lucky-hunter.com\/fr\/product\/approche-finale-sac-flottant-aveugle\/","url":"https:\/\/staging.lucky-hunter.com\/fr\/product\/approche-finale-sac-flottant-aveugle\/","name":"Approche Finale Sac Flottant Aveugle","isPartOf":{"@id":"https:\/\/staging.lucky-hunter.com\/#website"},"primaryImageOfPage":{"@id":"https:\/\/staging.lucky-hunter.com\/fr\/product\/approche-finale-sac-flottant-aveugle\/#primaryimage"},"image":{"@id":"https:\/\/staging.lucky-hunter.com\/fr\/product\/approche-finale-sac-flottant-aveugle\/#primaryimage"},"thumbnailUrl":"https:\/\/staging.lucky-hunter.com\/wp-content\/uploads\/2024\/02\/LF-419-removebg-1.png","datePublished":"2024-02-07T12:58:42+00:00","dateModified":"2025-06-23T13:11:12+00:00","description":"Un sac tr\u00e8s agr\u00e9able et pratique con\u00e7u pour toutes les situations de chasse. Fabriqu\u00e9 en mat\u00e9riau 600D durable avec un fond moul\u00e9 imperm\u00e9able.","breadcrumb":{"@id":"https:\/\/staging.lucky-hunter.com\/fr\/product\/approche-finale-sac-flottant-aveugle\/#breadcrumb"},"inLanguage":"fr-FR","potentialAction":[{"@type":"ReadAction","target":["https:\/\/staging.lucky-hunter.com\/fr\/product\/approche-finale-sac-flottant-aveugle\/"]}]},{"@type":"ImageObject","inLanguage":"fr-FR","@id":"https:\/\/staging.lucky-hunter.com\/fr\/product\/approche-finale-sac-flottant-aveugle\/#primaryimage","url":"https:\/\/staging.lucky-hunter.com\/wp-content\/uploads\/2024\/02\/LF-419-removebg-1.png","contentUrl":"https:\/\/staging.lucky-hunter.com\/wp-content\/uploads\/2024\/02\/LF-419-removebg-1.png","width":1200,"height":1200},{"@type":"BreadcrumbList","@id":"https:\/\/staging.lucky-hunter.com\/fr\/product\/approche-finale-sac-flottant-aveugle\/#breadcrumb","itemListElement":[{"@type":"ListItem","position":1,"name":"Home","item":"https:\/\/staging.lucky-hunter.com\/fr\/"},{"@type":"ListItem","position":2,"name":"Boutique","item":"https:\/\/staging.lucky-hunter.com\/fr\/shop\/"},{"@type":"ListItem","position":3,"name":"Sac Flottant Aveugle &#8211; Final Approach"}]},{"@type":"WebSite","@id":"https:\/\/staging.lucky-hunter.com\/#website","url":"https:\/\/staging.lucky-hunter.com\/","name":"Lucky-Hunter","description":"Gear Up or Give Up","potentialAction":[{"@type":"SearchAction","target":{"@type":"EntryPoint","urlTemplate":"https:\/\/staging.lucky-hunter.com\/?s={search_term_string}"},"query-input":{"@type":"PropertyValueSpecification","valueRequired":true,"valueName":"search_term_string"}}],"inLanguage":"fr-FR"}]}},"_links":{"self":[{"href":"https:\/\/staging.lucky-hunter.com\/fr\/wp-json\/wp\/v2\/product\/75559"}],"collection":[{"href":"https:\/\/staging.lucky-hunter.com\/fr\/wp-json\/wp\/v2\/product"}],"about":[{"href":"https:\/\/staging.lucky-hunter.com\/fr\/wp-json\/wp\/v2\/types\/product"}],"wp:featuredmedia":[{"embeddable":true,"href":"https:\/\/staging.lucky-hunter.com\/fr\/wp-json\/wp\/v2\/media\/236385"}],"wp:attachment":[{"href":"https:\/\/staging.lucky-hunter.com\/fr\/wp-json\/wp\/v2\/media?parent=75559"}],"wp:term":[{"taxonomy":"product_brand","embeddable":true,"href":"https:\/\/staging.lucky-hunter.com\/fr\/wp-json\/wp\/v2\/product_brand?post=75559"},{"taxonomy":"product_cat","embeddable":true,"href":"https:\/\/staging.lucky-hunter.com\/fr\/wp-json\/wp\/v2\/product_cat?post=75559"},{"taxonomy":"product_tag","embeddable":true,"href":"https:\/\/staging.lucky-hunter.com\/fr\/wp-json\/wp\/v2\/product_tag?post=75559"}],"curies":[{"name":"wp","href":"https:\/\/api.w.org\/{rel}","templated":true}]}}