{"id":75404,"date":"2024-02-07T11:42:38","date_gmt":"2024-02-07T10:42:38","guid":{"rendered":"https:\/\/staging.lucky-hunter.com\/?post_type=product&#038;p=75404"},"modified":"2025-06-23T15:20:20","modified_gmt":"2025-06-23T13:20:20","slug":"etui-flottant-132-cm-final-approach","status":"publish","type":"product","link":"https:\/\/staging.lucky-hunter.com\/fr\/product\/etui-flottant-132-cm-final-approach\/","title":{"rendered":"\u00c9tui Flottant 132 cm &#8211; Final Approach"},"content":{"rendered":"<h2><strong>\u00c9tui flottant r\u00e9sistant \u00e0 l&#8217;eau Final Approach<\/strong><\/h2>\n<div>Prot\u00e9gez votre investissement sur le terrain !<\/div>\n<div><\/div>\n<div>Cet \u00e9tui flottant Final Approach est r\u00e9sistant \u00e0 l&#8217;eau et dispose de toutes les fonctionnalit\u00e9s essentielles. La fermeture \u00e9clair imperm\u00e9able sur \u00be de la longueur et la fermeture \u00e0 boucle permettent de glisser facilement votre arme \u00e0 l&#8217;int\u00e9rieur et \u00e0 l&#8217;ext\u00e9rieur de l&#8217;\u00e9tui.<\/div>\n<div><\/div>\n<div>L&#8217;\u00e9tui est \u00e9quip\u00e9 \u00e0 la fois d&#8217;une poign\u00e9e de transport et d&#8217;une bandouli\u00e8re r\u00e9glable. \u00c0 l&#8217;avant, une poche \u00e0 tube de choke avec fermeture Velcro. Lorsque vous \u00eates \u00e0 la chasse, cet \u00e9tui se plie en trois pour un rangement facile dans tous les abris.<\/div>\n<div><\/div>\n<div>Camouflage Bottomland.<\/div>\n<div><\/div>\n<div>Longueur : 132 cm.<\/div>\n","protected":false},"excerpt":{"rendered":"<p>Cet \u00e9tui flottant Final Approach est r\u00e9sistant \u00e0 l&#8217;eau et dispose de toutes les fonctionnalit\u00e9s essentielles. Bandouli\u00e8re r\u00e9glable et fermeture \u00e9clair imperm\u00e9able.<\/p>\n","protected":false},"featured_media":131082,"template":"","meta":[],"product_brand":[8136],"product_cat":[9355],"product_tag":[],"yoast_head":"<!-- This site is optimized with the Yoast SEO plugin v24.3 - https:\/\/yoast.com\/wordpress\/plugins\/seo\/ -->\n<title>\u00c9tui Flottant 132 cm - Final Approach<\/title>\n<meta name=\"description\" content=\"Cet \u00e9tui flottant Final Approach est r\u00e9sistant \u00e0 l&#039;eau et dispose de toutes les fonctionnalit\u00e9s essentielles. Bandouli\u00e8re r\u00e9glable et fermeture \u00e9clair imperm\u00e9able.\" \/>\n<meta name=\"robots\" content=\"noindex, follow, max-snippet:-1, max-image-preview:large, max-video-preview:-1\" \/>\n<meta property=\"og:locale\" content=\"fr_FR\" \/>\n<meta property=\"og:type\" content=\"article\" \/>\n<meta property=\"og:title\" content=\"\u00c9tui Flottant 132 cm - Final Approach\" \/>\n<meta property=\"og:description\" content=\"Cet \u00e9tui flottant Final Approach est r\u00e9sistant \u00e0 l&#039;eau et dispose de toutes les fonctionnalit\u00e9s essentielles. Bandouli\u00e8re r\u00e9glable et fermeture \u00e9clair imperm\u00e9able.\" \/>\n<meta property=\"og:url\" content=\"https:\/\/staging.lucky-hunter.com\/product\/fa-floating-sheath-132-cm\/\" \/>\n<meta property=\"og:site_name\" content=\"Lucky-Hunter\" \/>\n<meta property=\"article:modified_time\" content=\"2025-06-23T13:20:20+00:00\" \/>\n<meta property=\"og:image\" content=\"https:\/\/staging.lucky-hunter.com\/wp-content\/uploads\/2024\/02\/LF-421-removebg.png\" \/>\n\t<meta property=\"og:image:width\" content=\"1200\" \/>\n\t<meta property=\"og:image:height\" content=\"1200\" \/>\n\t<meta property=\"og:image:type\" content=\"image\/png\" \/>\n<meta name=\"twitter:card\" content=\"summary_large_image\" \/>\n<meta name=\"twitter:label1\" content=\"Dur\u00e9e de lecture estim\u00e9e\" \/>\n\t<meta name=\"twitter:data1\" content=\"1 minute\" \/>\n<script type=\"application\/ld+json\" class=\"yoast-schema-graph\">{\"@context\":\"https:\/\/schema.org\",\"@graph\":[{\"@type\":\"WebPage\",\"@id\":\"https:\/\/staging.lucky-hunter.com\/product\/fa-floating-sheath-132-cm\/\",\"url\":\"https:\/\/staging.lucky-hunter.com\/product\/fa-floating-sheath-132-cm\/\",\"name\":\"\u00c9tui Flottant 132 cm - Final Approach\",\"isPartOf\":{\"@id\":\"https:\/\/staging.lucky-hunter.com\/#website\"},\"primaryImageOfPage\":{\"@id\":\"https:\/\/staging.lucky-hunter.com\/product\/fa-floating-sheath-132-cm\/#primaryimage\"},\"image\":{\"@id\":\"https:\/\/staging.lucky-hunter.com\/product\/fa-floating-sheath-132-cm\/#primaryimage\"},\"thumbnailUrl\":\"https:\/\/staging.lucky-hunter.com\/wp-content\/uploads\/2024\/02\/LF-421-removebg.png\",\"datePublished\":\"2024-02-07T10:42:38+00:00\",\"dateModified\":\"2025-06-23T13:20:20+00:00\",\"description\":\"Cet \u00e9tui flottant Final Approach est r\u00e9sistant \u00e0 l'eau et dispose de toutes les fonctionnalit\u00e9s essentielles. Bandouli\u00e8re r\u00e9glable et fermeture \u00e9clair imperm\u00e9able.\",\"breadcrumb\":{\"@id\":\"https:\/\/staging.lucky-hunter.com\/product\/fa-floating-sheath-132-cm\/#breadcrumb\"},\"inLanguage\":\"fr-FR\",\"potentialAction\":[{\"@type\":\"ReadAction\",\"target\":[\"https:\/\/staging.lucky-hunter.com\/product\/fa-floating-sheath-132-cm\/\"]}]},{\"@type\":\"ImageObject\",\"inLanguage\":\"fr-FR\",\"@id\":\"https:\/\/staging.lucky-hunter.com\/product\/fa-floating-sheath-132-cm\/#primaryimage\",\"url\":\"https:\/\/staging.lucky-hunter.com\/wp-content\/uploads\/2024\/02\/LF-421-removebg.png\",\"contentUrl\":\"https:\/\/staging.lucky-hunter.com\/wp-content\/uploads\/2024\/02\/LF-421-removebg.png\",\"width\":1200,\"height\":1200},{\"@type\":\"BreadcrumbList\",\"@id\":\"https:\/\/staging.lucky-hunter.com\/product\/fa-floating-sheath-132-cm\/#breadcrumb\",\"itemListElement\":[{\"@type\":\"ListItem\",\"position\":1,\"name\":\"Home\",\"item\":\"https:\/\/staging.lucky-hunter.com\/fr\/\"},{\"@type\":\"ListItem\",\"position\":2,\"name\":\"Boutique\",\"item\":\"https:\/\/staging.lucky-hunter.com\/fr\/shop\/\"},{\"@type\":\"ListItem\",\"position\":3,\"name\":\"\u00c9tui Flottant 132 cm &#8211; Final Approach\"}]},{\"@type\":\"WebSite\",\"@id\":\"https:\/\/staging.lucky-hunter.com\/#website\",\"url\":\"https:\/\/staging.lucky-hunter.com\/\",\"name\":\"Lucky-Hunter\",\"description\":\"Gear Up or Give Up\",\"potentialAction\":[{\"@type\":\"SearchAction\",\"target\":{\"@type\":\"EntryPoint\",\"urlTemplate\":\"https:\/\/staging.lucky-hunter.com\/?s={search_term_string}\"},\"query-input\":{\"@type\":\"PropertyValueSpecification\",\"valueRequired\":true,\"valueName\":\"search_term_string\"}}],\"inLanguage\":\"fr-FR\"}]}<\/script>\n<!-- \/ Yoast SEO plugin. -->","yoast_head_json":{"title":"\u00c9tui Flottant 132 cm - Final Approach","description":"Cet \u00e9tui flottant Final Approach est r\u00e9sistant \u00e0 l'eau et dispose de toutes les fonctionnalit\u00e9s essentielles. Bandouli\u00e8re r\u00e9glable et fermeture \u00e9clair imperm\u00e9able.","robots":{"index":"noindex","follow":"follow","max-snippet":"max-snippet:-1","max-image-preview":"max-image-preview:large","max-video-preview":"max-video-preview:-1"},"og_locale":"fr_FR","og_type":"article","og_title":"\u00c9tui Flottant 132 cm - Final Approach","og_description":"Cet \u00e9tui flottant Final Approach est r\u00e9sistant \u00e0 l'eau et dispose de toutes les fonctionnalit\u00e9s essentielles. Bandouli\u00e8re r\u00e9glable et fermeture \u00e9clair imperm\u00e9able.","og_url":"https:\/\/staging.lucky-hunter.com\/product\/fa-floating-sheath-132-cm\/","og_site_name":"Lucky-Hunter","article_modified_time":"2025-06-23T13:20:20+00:00","og_image":[{"width":1200,"height":1200,"url":"https:\/\/staging.lucky-hunter.com\/wp-content\/uploads\/2024\/02\/LF-421-removebg.png","type":"image\/png"}],"twitter_card":"summary_large_image","twitter_misc":{"Dur\u00e9e de lecture estim\u00e9e":"1 minute"},"schema":{"@context":"https:\/\/schema.org","@graph":[{"@type":"WebPage","@id":"https:\/\/staging.lucky-hunter.com\/product\/fa-floating-sheath-132-cm\/","url":"https:\/\/staging.lucky-hunter.com\/product\/fa-floating-sheath-132-cm\/","name":"\u00c9tui Flottant 132 cm - Final Approach","isPartOf":{"@id":"https:\/\/staging.lucky-hunter.com\/#website"},"primaryImageOfPage":{"@id":"https:\/\/staging.lucky-hunter.com\/product\/fa-floating-sheath-132-cm\/#primaryimage"},"image":{"@id":"https:\/\/staging.lucky-hunter.com\/product\/fa-floating-sheath-132-cm\/#primaryimage"},"thumbnailUrl":"https:\/\/staging.lucky-hunter.com\/wp-content\/uploads\/2024\/02\/LF-421-removebg.png","datePublished":"2024-02-07T10:42:38+00:00","dateModified":"2025-06-23T13:20:20+00:00","description":"Cet \u00e9tui flottant Final Approach est r\u00e9sistant \u00e0 l'eau et dispose de toutes les fonctionnalit\u00e9s essentielles. Bandouli\u00e8re r\u00e9glable et fermeture \u00e9clair imperm\u00e9able.","breadcrumb":{"@id":"https:\/\/staging.lucky-hunter.com\/product\/fa-floating-sheath-132-cm\/#breadcrumb"},"inLanguage":"fr-FR","potentialAction":[{"@type":"ReadAction","target":["https:\/\/staging.lucky-hunter.com\/product\/fa-floating-sheath-132-cm\/"]}]},{"@type":"ImageObject","inLanguage":"fr-FR","@id":"https:\/\/staging.lucky-hunter.com\/product\/fa-floating-sheath-132-cm\/#primaryimage","url":"https:\/\/staging.lucky-hunter.com\/wp-content\/uploads\/2024\/02\/LF-421-removebg.png","contentUrl":"https:\/\/staging.lucky-hunter.com\/wp-content\/uploads\/2024\/02\/LF-421-removebg.png","width":1200,"height":1200},{"@type":"BreadcrumbList","@id":"https:\/\/staging.lucky-hunter.com\/product\/fa-floating-sheath-132-cm\/#breadcrumb","itemListElement":[{"@type":"ListItem","position":1,"name":"Home","item":"https:\/\/staging.lucky-hunter.com\/fr\/"},{"@type":"ListItem","position":2,"name":"Boutique","item":"https:\/\/staging.lucky-hunter.com\/fr\/shop\/"},{"@type":"ListItem","position":3,"name":"\u00c9tui Flottant 132 cm &#8211; Final Approach"}]},{"@type":"WebSite","@id":"https:\/\/staging.lucky-hunter.com\/#website","url":"https:\/\/staging.lucky-hunter.com\/","name":"Lucky-Hunter","description":"Gear Up or Give Up","potentialAction":[{"@type":"SearchAction","target":{"@type":"EntryPoint","urlTemplate":"https:\/\/staging.lucky-hunter.com\/?s={search_term_string}"},"query-input":{"@type":"PropertyValueSpecification","valueRequired":true,"valueName":"search_term_string"}}],"inLanguage":"fr-FR"}]}},"_links":{"self":[{"href":"https:\/\/staging.lucky-hunter.com\/fr\/wp-json\/wp\/v2\/product\/75404"}],"collection":[{"href":"https:\/\/staging.lucky-hunter.com\/fr\/wp-json\/wp\/v2\/product"}],"about":[{"href":"https:\/\/staging.lucky-hunter.com\/fr\/wp-json\/wp\/v2\/types\/product"}],"wp:featuredmedia":[{"embeddable":true,"href":"https:\/\/staging.lucky-hunter.com\/fr\/wp-json\/wp\/v2\/media\/131082"}],"wp:attachment":[{"href":"https:\/\/staging.lucky-hunter.com\/fr\/wp-json\/wp\/v2\/media?parent=75404"}],"wp:term":[{"taxonomy":"product_brand","embeddable":true,"href":"https:\/\/staging.lucky-hunter.com\/fr\/wp-json\/wp\/v2\/product_brand?post=75404"},{"taxonomy":"product_cat","embeddable":true,"href":"https:\/\/staging.lucky-hunter.com\/fr\/wp-json\/wp\/v2\/product_cat?post=75404"},{"taxonomy":"product_tag","embeddable":true,"href":"https:\/\/staging.lucky-hunter.com\/fr\/wp-json\/wp\/v2\/product_tag?post=75404"}],"curies":[{"name":"wp","href":"https:\/\/api.w.org\/{rel}","templated":true}]}}