{"id":72527,"date":"2024-02-01T14:09:06","date_gmt":"2024-02-01T13:09:06","guid":{"rendered":"https:\/\/staging.lucky-hunter.com\/?post_type=product&#038;p=72527"},"modified":"2025-06-23T15:21:58","modified_gmt":"2025-06-23T13:21:58","slug":"final-approach-siege-chauffant-avec-batterie","status":"publish","type":"product","link":"https:\/\/staging.lucky-hunter.com\/fr\/product\/final-approach-siege-chauffant-avec-batterie\/","title":{"rendered":"Si\u00e8ge Chauffant avec Batterie &#8211; Final Approach"},"content":{"rendered":"<h2><strong>Final Approach Si\u00e8ge Chauffant &#8211; un indispensable pour les chasseurs de gibier d&#8217;eau<\/strong><\/h2>\n<p><iframe title=\"Final Approach Electronic Hot Seat\" width=\"1020\" height=\"574\" src=\"https:\/\/www.youtube.com\/embed\/sUuOpbW8UVc?wmode=transparent&amp;rel=0&amp;feature=oembed&#038;enablejsapi=1&#038;origin=https:\/\/staging.lucky-hunter.com\" frameborder=\"0\" allow=\"accelerometer; autoplay; clipboard-write; encrypted-media; gyroscope; picture-in-picture; web-share\" referrerpolicy=\"strict-origin-when-cross-origin\" allowfullscreen><\/iframe><\/p>\n<div>Dites adieu au froid dans votre aff\u00fbt couch\u00e9.<\/div>\n<div><\/div>\n<div>Le Si\u00e8ge Chauffant \u00c9lectronique Final Approach combine la chaleur g\u00e9n\u00e9r\u00e9e par un rembourrage en billes de polystyr\u00e8ne et 3 cellules de chaleur \u00e9lectroniques pour offrir un confort ultime.<\/div>\n<div><\/div>\n<div>Lors de la compression, le rembourrage en billes de polystyr\u00e8ne g\u00e9n\u00e8re naturellement de la chaleur, cr\u00e9ant ainsi une couche de confort parfaite entre vous et le sol.<\/div>\n<div><\/div>\n<div>Pour aller encore plus loin, il y a 2 cellules chauffantes situ\u00e9es au niveau du bas du dos et une plus grande au niveau du haut du dos, qui g\u00e9n\u00e8rent 3 niveaux de chaleur.<\/div>\n<div><\/div>\n<div>Il suffit de placer le si\u00e8ge chauffant dans un aff\u00fbt couch\u00e9, de brancher la batterie rechargeable, et de maintenir le bouton d&#8217;alimentation pendant 5 secondes. Pour ajuster les r\u00e9glages de chaleur, appuyez rapidement sur le bouton pour passer du mode bas, moyen \u00e0 \u00e9lev\u00e9.<\/div>\n<div><\/div>\n<div>C&#8217;est un accessoire indispensable pour les chasseurs par temps froid qui veulent rester confortables.<\/div>\n<div><\/div>\n<div><span style=\"color: #555555;\">Taille : 142 x 48 cm (adapt\u00e9 \u00e0 tous types d&#8217;aff\u00fbts).<\/span><\/div>\n<div>Couleur : Marron.<\/div>\n","protected":false},"excerpt":{"rendered":"<p>Dites adieu au froid dans votre aff\u00fbt couch\u00e9 &#8211; le Si\u00e8ge Chauffant \u00c9lectronique Final Approach est un incontournable pour les chasseurs de gibier d&#8217;eau<\/p>\n","protected":false},"featured_media":131162,"template":"","meta":[],"product_brand":[8136],"product_cat":[8161],"product_tag":[9446],"yoast_head":"<!-- This site is optimized with the Yoast SEO plugin v24.3 - https:\/\/yoast.com\/wordpress\/plugins\/seo\/ -->\n<title>Final Approach Si\u00e8ge Chauffant avec Batterie<\/title>\n<meta name=\"description\" content=\"Dites adieu au froid dans votre aff\u00fbt couch\u00e9 - le Si\u00e8ge Chauffant \u00c9lectronique Final Approach est un incontournable pour les chasseurs de gibier d&#039;eau.\" \/>\n<meta name=\"robots\" content=\"noindex, follow, max-snippet:-1, max-image-preview:large, max-video-preview:-1\" \/>\n<meta property=\"og:locale\" content=\"fr_FR\" \/>\n<meta property=\"og:type\" content=\"article\" \/>\n<meta property=\"og:title\" content=\"Hot Seat d&#039;approche finale - Indispensable pour les chasseurs de sauvagine | Chasseur chanceux\" \/>\n<meta property=\"og:description\" content=\"Final Approach Hot Seat est un incontournable pour les chasseurs de gibier \u00e0 plumes. Au lieu de chasser dans un store froid, utilisez le si\u00e8ge chaud pour plus de confort et de chaleur.\" \/>\n<meta property=\"og:url\" content=\"https:\/\/staging.lucky-hunter.com\/fr\/product\/final-approach-siege-chauffant-avec-batterie\/\" \/>\n<meta property=\"og:site_name\" content=\"Lucky-Hunter\" \/>\n<meta property=\"article:modified_time\" content=\"2025-06-23T13:21:58+00:00\" \/>\n<meta property=\"og:image\" content=\"https:\/\/staging.lucky-hunter.com\/wp-content\/uploads\/2024\/02\/LF-423-removebg.png\" \/>\n\t<meta property=\"og:image:width\" content=\"1200\" \/>\n\t<meta property=\"og:image:height\" content=\"1200\" \/>\n\t<meta property=\"og:image:type\" content=\"image\/png\" \/>\n<meta name=\"twitter:card\" content=\"summary_large_image\" \/>\n<meta name=\"twitter:title\" content=\"Hot Seat d&#039;approche finale - Indispensable pour les chasseurs de sauvagine | Chasseur chanceux\" \/>\n<meta name=\"twitter:description\" content=\"Final Approach Hot Seat est un incontournable pour les chasseurs de gibier \u00e0 plumes. Au lieu de chasser dans un store froid, utilisez le si\u00e8ge chaud pour plus de confort et de chaleur.\" \/>\n<meta name=\"twitter:label1\" content=\"Dur\u00e9e de lecture estim\u00e9e\" \/>\n\t<meta name=\"twitter:data1\" content=\"1 minute\" \/>\n<script type=\"application\/ld+json\" class=\"yoast-schema-graph\">{\"@context\":\"https:\/\/schema.org\",\"@graph\":[{\"@type\":\"WebPage\",\"@id\":\"https:\/\/staging.lucky-hunter.com\/fr\/product\/final-approach-siege-chauffant-avec-batterie\/\",\"url\":\"https:\/\/staging.lucky-hunter.com\/fr\/product\/final-approach-siege-chauffant-avec-batterie\/\",\"name\":\"Final Approach Si\u00e8ge Chauffant avec Batterie\",\"isPartOf\":{\"@id\":\"https:\/\/staging.lucky-hunter.com\/#website\"},\"primaryImageOfPage\":{\"@id\":\"https:\/\/staging.lucky-hunter.com\/fr\/product\/final-approach-siege-chauffant-avec-batterie\/#primaryimage\"},\"image\":{\"@id\":\"https:\/\/staging.lucky-hunter.com\/fr\/product\/final-approach-siege-chauffant-avec-batterie\/#primaryimage\"},\"thumbnailUrl\":\"https:\/\/staging.lucky-hunter.com\/wp-content\/uploads\/2024\/02\/LF-423-removebg.png\",\"datePublished\":\"2024-02-01T13:09:06+00:00\",\"dateModified\":\"2025-06-23T13:21:58+00:00\",\"description\":\"Dites adieu au froid dans votre aff\u00fbt couch\u00e9 - le Si\u00e8ge Chauffant \u00c9lectronique Final Approach est un incontournable pour les chasseurs de gibier d'eau.\",\"breadcrumb\":{\"@id\":\"https:\/\/staging.lucky-hunter.com\/fr\/product\/final-approach-siege-chauffant-avec-batterie\/#breadcrumb\"},\"inLanguage\":\"fr-FR\",\"potentialAction\":[{\"@type\":\"ReadAction\",\"target\":[\"https:\/\/staging.lucky-hunter.com\/fr\/product\/final-approach-siege-chauffant-avec-batterie\/\"]}]},{\"@type\":\"ImageObject\",\"inLanguage\":\"fr-FR\",\"@id\":\"https:\/\/staging.lucky-hunter.com\/fr\/product\/final-approach-siege-chauffant-avec-batterie\/#primaryimage\",\"url\":\"https:\/\/staging.lucky-hunter.com\/wp-content\/uploads\/2024\/02\/LF-423-removebg.png\",\"contentUrl\":\"https:\/\/staging.lucky-hunter.com\/wp-content\/uploads\/2024\/02\/LF-423-removebg.png\",\"width\":1200,\"height\":1200},{\"@type\":\"BreadcrumbList\",\"@id\":\"https:\/\/staging.lucky-hunter.com\/fr\/product\/final-approach-siege-chauffant-avec-batterie\/#breadcrumb\",\"itemListElement\":[{\"@type\":\"ListItem\",\"position\":1,\"name\":\"Home\",\"item\":\"https:\/\/staging.lucky-hunter.com\/fr\/\"},{\"@type\":\"ListItem\",\"position\":2,\"name\":\"Boutique\",\"item\":\"https:\/\/staging.lucky-hunter.com\/fr\/shop\/\"},{\"@type\":\"ListItem\",\"position\":3,\"name\":\"Si\u00e8ge Chauffant avec Batterie &#8211; Final Approach\"}]},{\"@type\":\"WebSite\",\"@id\":\"https:\/\/staging.lucky-hunter.com\/#website\",\"url\":\"https:\/\/staging.lucky-hunter.com\/\",\"name\":\"Lucky-Hunter\",\"description\":\"Gear Up or Give Up\",\"potentialAction\":[{\"@type\":\"SearchAction\",\"target\":{\"@type\":\"EntryPoint\",\"urlTemplate\":\"https:\/\/staging.lucky-hunter.com\/?s={search_term_string}\"},\"query-input\":{\"@type\":\"PropertyValueSpecification\",\"valueRequired\":true,\"valueName\":\"search_term_string\"}}],\"inLanguage\":\"fr-FR\"}]}<\/script>\n<!-- \/ Yoast SEO plugin. -->","yoast_head_json":{"title":"Final Approach Si\u00e8ge Chauffant avec Batterie","description":"Dites adieu au froid dans votre aff\u00fbt couch\u00e9 - le Si\u00e8ge Chauffant \u00c9lectronique Final Approach est un incontournable pour les chasseurs de gibier d'eau.","robots":{"index":"noindex","follow":"follow","max-snippet":"max-snippet:-1","max-image-preview":"max-image-preview:large","max-video-preview":"max-video-preview:-1"},"og_locale":"fr_FR","og_type":"article","og_title":"Hot Seat d'approche finale - Indispensable pour les chasseurs de sauvagine | Chasseur chanceux","og_description":"Final Approach Hot Seat est un incontournable pour les chasseurs de gibier \u00e0 plumes. Au lieu de chasser dans un store froid, utilisez le si\u00e8ge chaud pour plus de confort et de chaleur.","og_url":"https:\/\/staging.lucky-hunter.com\/fr\/product\/final-approach-siege-chauffant-avec-batterie\/","og_site_name":"Lucky-Hunter","article_modified_time":"2025-06-23T13:21:58+00:00","og_image":[{"width":1200,"height":1200,"url":"https:\/\/staging.lucky-hunter.com\/wp-content\/uploads\/2024\/02\/LF-423-removebg.png","type":"image\/png"}],"twitter_card":"summary_large_image","twitter_title":"Hot Seat d'approche finale - Indispensable pour les chasseurs de sauvagine | Chasseur chanceux","twitter_description":"Final Approach Hot Seat est un incontournable pour les chasseurs de gibier \u00e0 plumes. Au lieu de chasser dans un store froid, utilisez le si\u00e8ge chaud pour plus de confort et de chaleur.","twitter_misc":{"Dur\u00e9e de lecture estim\u00e9e":"1 minute"},"schema":{"@context":"https:\/\/schema.org","@graph":[{"@type":"WebPage","@id":"https:\/\/staging.lucky-hunter.com\/fr\/product\/final-approach-siege-chauffant-avec-batterie\/","url":"https:\/\/staging.lucky-hunter.com\/fr\/product\/final-approach-siege-chauffant-avec-batterie\/","name":"Final Approach Si\u00e8ge Chauffant avec Batterie","isPartOf":{"@id":"https:\/\/staging.lucky-hunter.com\/#website"},"primaryImageOfPage":{"@id":"https:\/\/staging.lucky-hunter.com\/fr\/product\/final-approach-siege-chauffant-avec-batterie\/#primaryimage"},"image":{"@id":"https:\/\/staging.lucky-hunter.com\/fr\/product\/final-approach-siege-chauffant-avec-batterie\/#primaryimage"},"thumbnailUrl":"https:\/\/staging.lucky-hunter.com\/wp-content\/uploads\/2024\/02\/LF-423-removebg.png","datePublished":"2024-02-01T13:09:06+00:00","dateModified":"2025-06-23T13:21:58+00:00","description":"Dites adieu au froid dans votre aff\u00fbt couch\u00e9 - le Si\u00e8ge Chauffant \u00c9lectronique Final Approach est un incontournable pour les chasseurs de gibier d'eau.","breadcrumb":{"@id":"https:\/\/staging.lucky-hunter.com\/fr\/product\/final-approach-siege-chauffant-avec-batterie\/#breadcrumb"},"inLanguage":"fr-FR","potentialAction":[{"@type":"ReadAction","target":["https:\/\/staging.lucky-hunter.com\/fr\/product\/final-approach-siege-chauffant-avec-batterie\/"]}]},{"@type":"ImageObject","inLanguage":"fr-FR","@id":"https:\/\/staging.lucky-hunter.com\/fr\/product\/final-approach-siege-chauffant-avec-batterie\/#primaryimage","url":"https:\/\/staging.lucky-hunter.com\/wp-content\/uploads\/2024\/02\/LF-423-removebg.png","contentUrl":"https:\/\/staging.lucky-hunter.com\/wp-content\/uploads\/2024\/02\/LF-423-removebg.png","width":1200,"height":1200},{"@type":"BreadcrumbList","@id":"https:\/\/staging.lucky-hunter.com\/fr\/product\/final-approach-siege-chauffant-avec-batterie\/#breadcrumb","itemListElement":[{"@type":"ListItem","position":1,"name":"Home","item":"https:\/\/staging.lucky-hunter.com\/fr\/"},{"@type":"ListItem","position":2,"name":"Boutique","item":"https:\/\/staging.lucky-hunter.com\/fr\/shop\/"},{"@type":"ListItem","position":3,"name":"Si\u00e8ge Chauffant avec Batterie &#8211; Final Approach"}]},{"@type":"WebSite","@id":"https:\/\/staging.lucky-hunter.com\/#website","url":"https:\/\/staging.lucky-hunter.com\/","name":"Lucky-Hunter","description":"Gear Up or Give Up","potentialAction":[{"@type":"SearchAction","target":{"@type":"EntryPoint","urlTemplate":"https:\/\/staging.lucky-hunter.com\/?s={search_term_string}"},"query-input":{"@type":"PropertyValueSpecification","valueRequired":true,"valueName":"search_term_string"}}],"inLanguage":"fr-FR"}]}},"_links":{"self":[{"href":"https:\/\/staging.lucky-hunter.com\/fr\/wp-json\/wp\/v2\/product\/72527"}],"collection":[{"href":"https:\/\/staging.lucky-hunter.com\/fr\/wp-json\/wp\/v2\/product"}],"about":[{"href":"https:\/\/staging.lucky-hunter.com\/fr\/wp-json\/wp\/v2\/types\/product"}],"wp:featuredmedia":[{"embeddable":true,"href":"https:\/\/staging.lucky-hunter.com\/fr\/wp-json\/wp\/v2\/media\/131162"}],"wp:attachment":[{"href":"https:\/\/staging.lucky-hunter.com\/fr\/wp-json\/wp\/v2\/media?parent=72527"}],"wp:term":[{"taxonomy":"product_brand","embeddable":true,"href":"https:\/\/staging.lucky-hunter.com\/fr\/wp-json\/wp\/v2\/product_brand?post=72527"},{"taxonomy":"product_cat","embeddable":true,"href":"https:\/\/staging.lucky-hunter.com\/fr\/wp-json\/wp\/v2\/product_cat?post=72527"},{"taxonomy":"product_tag","embeddable":true,"href":"https:\/\/staging.lucky-hunter.com\/fr\/wp-json\/wp\/v2\/product_tag?post=72527"}],"curies":[{"name":"wp","href":"https:\/\/api.w.org\/{rel}","templated":true}]}}