{"id":72385,"date":"2024-02-01T12:20:07","date_gmt":"2024-02-01T11:20:07","guid":{"rendered":"https:\/\/staging.lucky-hunter.com\/?post_type=product&#038;p=72385"},"modified":"2024-08-22T14:50:17","modified_gmt":"2024-08-22T12:50:17","slug":"silhouettes-doies-du-canada-big-als-pack-rester-12-pcs","status":"publish","type":"product","link":"https:\/\/staging.lucky-hunter.com\/fr\/product\/silhouettes-doies-du-canada-big-als-pack-rester-12-pcs\/","title":{"rendered":"Silhouettes d&#8217;oies du Canada Big Al\u2019s \u2013 Pack Rester 12 pcs"},"content":{"rendered":"<h1>Big Al\u2019s rend la chasse \u00e0 l&#8217;oie facile<\/h1>\n<p><strong>12 x Formes par paquet<\/strong><br \/>\n<strong>4 x Positions de t\u00eate diff\u00e9rentes<\/strong><br \/>\n<strong>12 x Piquets traversant le corps, peinture noire avec rev\u00eatement en poudre<\/strong><\/p>\n<p>Big Al\u2019s Decoys USA est l&#8217;un des principaux producteurs de formes pour la chasse aux canards et aux oies dans l&#8217;industrie.<\/p>\n<p>Le grand avantage des formes en silhouette est le m\u00eame qu&#8217;avec les Sillosocks : vous pouvez recr\u00e9er un large \u00e9talement d&#8217;oies se nourrissant et se reposant sans avoir \u00e0 transporter de nombreux sacs charg\u00e9s de formes \u00e0 corps entier.<\/p>\n<p>Les Sillosocks ajoutent du mouvement \u00e0 l&#8217;\u00e9talement, mais le vent orientera tous les leurres dans la m\u00eame direction, ce qui n&#8217;est pas naturel. Placez les silhouettes de Big Al dans une configuration vari\u00e9e avec des formes \u00e0 corps entier, des coquilles et des Sillosocks. C&#8217;est une m\u00e9thode tr\u00e8s efficace pour masquer votre aff\u00fbt, car les oies se concentreront sur le nombre d&#8217;oies qui ont atterri pour se nourrir.<\/p>\n","protected":false},"excerpt":{"rendered":"<p>Vous souhaitez avoir de nombreuses formes avec vous sur le terrain lorsque vous chassez ? Alors vous devriez certainement jeter un \u0153il aux silhouettes de Big Al.<\/p>\n<p>&nbsp;<\/p>\n","protected":false},"featured_media":206827,"template":"","meta":[],"product_brand":[8135],"product_cat":[8178],"product_tag":[],"yoast_head":"<!-- This site is optimized with the Yoast SEO plugin v24.3 - https:\/\/yoast.com\/wordpress\/plugins\/seo\/ -->\n<title>Silhouettes d&#039;oies du Canada Big Al\u2019s \u2013 Pack Rester 12 pcs | Lucky-hunter.com<\/title>\n<meta name=\"description\" content=\"Vous souhaitez avoir de nombreuses formes avec vous sur le terrain lorsque vous chassez ? Alors vous devriez absolument jeter un \u0153il aux silhouettes de Big Al\u2019s\" \/>\n<meta name=\"robots\" content=\"noindex, follow, max-snippet:-1, max-image-preview:large, max-video-preview:-1\" \/>\n<meta property=\"og:locale\" content=\"fr_FR\" \/>\n<meta property=\"og:type\" content=\"article\" \/>\n<meta property=\"og:title\" content=\"Silhouettes d&#039;oies du Canada Big Al\u2019s \u2013 Pack Rester 12 pcs | Lucky-hunter.com\" \/>\n<meta property=\"og:description\" content=\"Vous souhaitez avoir de nombreuses formes avec vous sur le terrain lorsque vous chassez ? Alors vous devriez absolument jeter un \u0153il aux silhouettes de Big Al\u2019s\" \/>\n<meta property=\"og:url\" content=\"https:\/\/staging.lucky-hunter.com\/fr\/product\/silhouettes-doies-du-canada-big-als-pack-rester-12-pcs\/\" \/>\n<meta property=\"og:site_name\" content=\"Lucky-Hunter\" \/>\n<meta property=\"article:modified_time\" content=\"2024-08-22T12:50:17+00:00\" \/>\n<meta property=\"og:image\" content=\"https:\/\/staging.lucky-hunter.com\/wp-content\/uploads\/2024\/02\/LF-631-a.png\" \/>\n\t<meta property=\"og:image:width\" content=\"1000\" \/>\n\t<meta property=\"og:image:height\" content=\"1000\" \/>\n\t<meta property=\"og:image:type\" content=\"image\/png\" \/>\n<meta name=\"twitter:card\" content=\"summary_large_image\" \/>\n<meta name=\"twitter:label1\" content=\"Dur\u00e9e de lecture estim\u00e9e\" \/>\n\t<meta name=\"twitter:data1\" content=\"1 minute\" \/>\n<script type=\"application\/ld+json\" class=\"yoast-schema-graph\">{\"@context\":\"https:\/\/schema.org\",\"@graph\":[{\"@type\":\"WebPage\",\"@id\":\"https:\/\/staging.lucky-hunter.com\/fr\/product\/silhouettes-doies-du-canada-big-als-pack-rester-12-pcs\/\",\"url\":\"https:\/\/staging.lucky-hunter.com\/fr\/product\/silhouettes-doies-du-canada-big-als-pack-rester-12-pcs\/\",\"name\":\"Silhouettes d'oies du Canada Big Al\u2019s \u2013 Pack Rester 12 pcs | Lucky-hunter.com\",\"isPartOf\":{\"@id\":\"https:\/\/staging.lucky-hunter.com\/#website\"},\"primaryImageOfPage\":{\"@id\":\"https:\/\/staging.lucky-hunter.com\/fr\/product\/silhouettes-doies-du-canada-big-als-pack-rester-12-pcs\/#primaryimage\"},\"image\":{\"@id\":\"https:\/\/staging.lucky-hunter.com\/fr\/product\/silhouettes-doies-du-canada-big-als-pack-rester-12-pcs\/#primaryimage\"},\"thumbnailUrl\":\"https:\/\/staging.lucky-hunter.com\/wp-content\/uploads\/2024\/02\/LF-631-a.png\",\"datePublished\":\"2024-02-01T11:20:07+00:00\",\"dateModified\":\"2024-08-22T12:50:17+00:00\",\"description\":\"Vous souhaitez avoir de nombreuses formes avec vous sur le terrain lorsque vous chassez ? Alors vous devriez absolument jeter un \u0153il aux silhouettes de Big Al\u2019s\",\"breadcrumb\":{\"@id\":\"https:\/\/staging.lucky-hunter.com\/fr\/product\/silhouettes-doies-du-canada-big-als-pack-rester-12-pcs\/#breadcrumb\"},\"inLanguage\":\"fr-FR\",\"potentialAction\":[{\"@type\":\"ReadAction\",\"target\":[\"https:\/\/staging.lucky-hunter.com\/fr\/product\/silhouettes-doies-du-canada-big-als-pack-rester-12-pcs\/\"]}]},{\"@type\":\"ImageObject\",\"inLanguage\":\"fr-FR\",\"@id\":\"https:\/\/staging.lucky-hunter.com\/fr\/product\/silhouettes-doies-du-canada-big-als-pack-rester-12-pcs\/#primaryimage\",\"url\":\"https:\/\/staging.lucky-hunter.com\/wp-content\/uploads\/2024\/02\/LF-631-a.png\",\"contentUrl\":\"https:\/\/staging.lucky-hunter.com\/wp-content\/uploads\/2024\/02\/LF-631-a.png\",\"width\":1000,\"height\":1000},{\"@type\":\"BreadcrumbList\",\"@id\":\"https:\/\/staging.lucky-hunter.com\/fr\/product\/silhouettes-doies-du-canada-big-als-pack-rester-12-pcs\/#breadcrumb\",\"itemListElement\":[{\"@type\":\"ListItem\",\"position\":1,\"name\":\"Home\",\"item\":\"https:\/\/staging.lucky-hunter.com\/fr\/\"},{\"@type\":\"ListItem\",\"position\":2,\"name\":\"Boutique\",\"item\":\"https:\/\/staging.lucky-hunter.com\/fr\/shop\/\"},{\"@type\":\"ListItem\",\"position\":3,\"name\":\"Silhouettes d&#8217;oies du Canada Big Al\u2019s \u2013 Pack Rester 12 pcs\"}]},{\"@type\":\"WebSite\",\"@id\":\"https:\/\/staging.lucky-hunter.com\/#website\",\"url\":\"https:\/\/staging.lucky-hunter.com\/\",\"name\":\"Lucky-Hunter\",\"description\":\"Gear Up or Give Up\",\"potentialAction\":[{\"@type\":\"SearchAction\",\"target\":{\"@type\":\"EntryPoint\",\"urlTemplate\":\"https:\/\/staging.lucky-hunter.com\/?s={search_term_string}\"},\"query-input\":{\"@type\":\"PropertyValueSpecification\",\"valueRequired\":true,\"valueName\":\"search_term_string\"}}],\"inLanguage\":\"fr-FR\"}]}<\/script>\n<!-- \/ Yoast SEO plugin. -->","yoast_head_json":{"title":"Silhouettes d'oies du Canada Big Al\u2019s \u2013 Pack Rester 12 pcs | Lucky-hunter.com","description":"Vous souhaitez avoir de nombreuses formes avec vous sur le terrain lorsque vous chassez ? Alors vous devriez absolument jeter un \u0153il aux silhouettes de Big Al\u2019s","robots":{"index":"noindex","follow":"follow","max-snippet":"max-snippet:-1","max-image-preview":"max-image-preview:large","max-video-preview":"max-video-preview:-1"},"og_locale":"fr_FR","og_type":"article","og_title":"Silhouettes d'oies du Canada Big Al\u2019s \u2013 Pack Rester 12 pcs | Lucky-hunter.com","og_description":"Vous souhaitez avoir de nombreuses formes avec vous sur le terrain lorsque vous chassez ? Alors vous devriez absolument jeter un \u0153il aux silhouettes de Big Al\u2019s","og_url":"https:\/\/staging.lucky-hunter.com\/fr\/product\/silhouettes-doies-du-canada-big-als-pack-rester-12-pcs\/","og_site_name":"Lucky-Hunter","article_modified_time":"2024-08-22T12:50:17+00:00","og_image":[{"width":1000,"height":1000,"url":"https:\/\/staging.lucky-hunter.com\/wp-content\/uploads\/2024\/02\/LF-631-a.png","type":"image\/png"}],"twitter_card":"summary_large_image","twitter_misc":{"Dur\u00e9e de lecture estim\u00e9e":"1 minute"},"schema":{"@context":"https:\/\/schema.org","@graph":[{"@type":"WebPage","@id":"https:\/\/staging.lucky-hunter.com\/fr\/product\/silhouettes-doies-du-canada-big-als-pack-rester-12-pcs\/","url":"https:\/\/staging.lucky-hunter.com\/fr\/product\/silhouettes-doies-du-canada-big-als-pack-rester-12-pcs\/","name":"Silhouettes d'oies du Canada Big Al\u2019s \u2013 Pack Rester 12 pcs | Lucky-hunter.com","isPartOf":{"@id":"https:\/\/staging.lucky-hunter.com\/#website"},"primaryImageOfPage":{"@id":"https:\/\/staging.lucky-hunter.com\/fr\/product\/silhouettes-doies-du-canada-big-als-pack-rester-12-pcs\/#primaryimage"},"image":{"@id":"https:\/\/staging.lucky-hunter.com\/fr\/product\/silhouettes-doies-du-canada-big-als-pack-rester-12-pcs\/#primaryimage"},"thumbnailUrl":"https:\/\/staging.lucky-hunter.com\/wp-content\/uploads\/2024\/02\/LF-631-a.png","datePublished":"2024-02-01T11:20:07+00:00","dateModified":"2024-08-22T12:50:17+00:00","description":"Vous souhaitez avoir de nombreuses formes avec vous sur le terrain lorsque vous chassez ? Alors vous devriez absolument jeter un \u0153il aux silhouettes de Big Al\u2019s","breadcrumb":{"@id":"https:\/\/staging.lucky-hunter.com\/fr\/product\/silhouettes-doies-du-canada-big-als-pack-rester-12-pcs\/#breadcrumb"},"inLanguage":"fr-FR","potentialAction":[{"@type":"ReadAction","target":["https:\/\/staging.lucky-hunter.com\/fr\/product\/silhouettes-doies-du-canada-big-als-pack-rester-12-pcs\/"]}]},{"@type":"ImageObject","inLanguage":"fr-FR","@id":"https:\/\/staging.lucky-hunter.com\/fr\/product\/silhouettes-doies-du-canada-big-als-pack-rester-12-pcs\/#primaryimage","url":"https:\/\/staging.lucky-hunter.com\/wp-content\/uploads\/2024\/02\/LF-631-a.png","contentUrl":"https:\/\/staging.lucky-hunter.com\/wp-content\/uploads\/2024\/02\/LF-631-a.png","width":1000,"height":1000},{"@type":"BreadcrumbList","@id":"https:\/\/staging.lucky-hunter.com\/fr\/product\/silhouettes-doies-du-canada-big-als-pack-rester-12-pcs\/#breadcrumb","itemListElement":[{"@type":"ListItem","position":1,"name":"Home","item":"https:\/\/staging.lucky-hunter.com\/fr\/"},{"@type":"ListItem","position":2,"name":"Boutique","item":"https:\/\/staging.lucky-hunter.com\/fr\/shop\/"},{"@type":"ListItem","position":3,"name":"Silhouettes d&#8217;oies du Canada Big Al\u2019s \u2013 Pack Rester 12 pcs"}]},{"@type":"WebSite","@id":"https:\/\/staging.lucky-hunter.com\/#website","url":"https:\/\/staging.lucky-hunter.com\/","name":"Lucky-Hunter","description":"Gear Up or Give Up","potentialAction":[{"@type":"SearchAction","target":{"@type":"EntryPoint","urlTemplate":"https:\/\/staging.lucky-hunter.com\/?s={search_term_string}"},"query-input":{"@type":"PropertyValueSpecification","valueRequired":true,"valueName":"search_term_string"}}],"inLanguage":"fr-FR"}]}},"_links":{"self":[{"href":"https:\/\/staging.lucky-hunter.com\/fr\/wp-json\/wp\/v2\/product\/72385"}],"collection":[{"href":"https:\/\/staging.lucky-hunter.com\/fr\/wp-json\/wp\/v2\/product"}],"about":[{"href":"https:\/\/staging.lucky-hunter.com\/fr\/wp-json\/wp\/v2\/types\/product"}],"wp:featuredmedia":[{"embeddable":true,"href":"https:\/\/staging.lucky-hunter.com\/fr\/wp-json\/wp\/v2\/media\/206827"}],"wp:attachment":[{"href":"https:\/\/staging.lucky-hunter.com\/fr\/wp-json\/wp\/v2\/media?parent=72385"}],"wp:term":[{"taxonomy":"product_brand","embeddable":true,"href":"https:\/\/staging.lucky-hunter.com\/fr\/wp-json\/wp\/v2\/product_brand?post=72385"},{"taxonomy":"product_cat","embeddable":true,"href":"https:\/\/staging.lucky-hunter.com\/fr\/wp-json\/wp\/v2\/product_cat?post=72385"},{"taxonomy":"product_tag","embeddable":true,"href":"https:\/\/staging.lucky-hunter.com\/fr\/wp-json\/wp\/v2\/product_tag?post=72385"}],"curies":[{"name":"wp","href":"https:\/\/api.w.org\/{rel}","templated":true}]}}