{"id":71719,"date":"2024-01-31T16:05:27","date_gmt":"2024-01-31T15:05:27","guid":{"rendered":"https:\/\/staging.lucky-hunter.com\/?post_type=product&#038;p=71719"},"modified":"2024-08-22T14:56:54","modified_gmt":"2024-08-22T12:56:54","slug":"big-als-silhouettes-de-canards-pilet-12-pcs","status":"publish","type":"product","link":"https:\/\/staging.lucky-hunter.com\/fr\/product\/big-als-silhouettes-de-canards-pilet-12-pcs\/","title":{"rendered":"Big Al\u2019s Silhouettes de Canards Pilet &#8211; 12 pcs"},"content":{"rendered":"<h1>Big Al\u2019s Silhouettes de Canards Pilet<\/h1>\n<p>Avec les leurres en silhouette de Big Al, vous pouvez recr\u00e9er un grand nombre de canards pilet se reposant et se nourrissant sur le terrain ou au bord de l&#8217;eau.<br \/>\n<strong>Big Al\u2019s Silhouettes de Canards Pilet<\/strong><br \/>\nBig Al\u2019s Decoys USA est l&#8217;un des principaux producteurs de formes pour la chasse aux canards et aux oies dans l&#8217;industrie.<\/p>\n<p>Le grand avantage des formes en silhouette est le m\u00eame qu&#8217;avec les Sillosocks : vous pouvez recr\u00e9er un large \u00e9talement d&#8217;oiseaux se nourrissant et se reposant sans avoir \u00e0 transporter de nombreux sacs charg\u00e9s de formes \u00e0 corps entier.<\/p>\n<p>Placez les silhouettes de Big Al dans une configuration vari\u00e9e avec des formes \u00e0 corps entier, des coquilles et des Sillosocks. C&#8217;est une m\u00e9thode tr\u00e8s efficace pour masquer votre aff\u00fbt, car les canards se concentreront sur le nombre de canards qui ont atterri pour se nourrir.<\/p>\n<p>Assurez-vous de varier l&#8217;angle des silhouettes afin que les canards les voient sous tous les angles.<\/p>\n<p><strong>Dans le paquet :<\/strong><\/p>\n<ul>\n<li>x4 Mangeurs Femelles<\/li>\n<li>x4 Mangeurs M\u00e2les<\/li>\n<li>x4 M\u00e2les en alerte<\/li>\n<li>x12 Piquets de montage.<\/li>\n<\/ul>\n<p>Fabriqu\u00e9es en mat\u00e9riau robuste, les silhouettes peuvent tout de m\u00eame se plier ou se d\u00e9former si elles ne sont pas manipul\u00e9es correctement. Nous vous conseillons de les transporter et de les ranger dans un sac de transport.<\/p>\n<p><strong>\u00c0 propos du fabricant :<\/strong><\/p>\n<p>Big Al a grandi dans l&#8217;Ohio au sein d&#8217;une famille de chasseurs de gibier d&#8217;eau passionn\u00e9s. Depuis le d\u00e9but des ann\u00e9es 1970, il chasse et \u00e9tudie ces magnifiques oiseaux, et peu \u00e0 peu, le d\u00e9veloppement de leurres r\u00e9alistes est devenu sa grande passion. Depuis lors, sous le nom de la soci\u00e9t\u00e9 Big Al\u2019s Decoys, il est devenu un grand nom des leurres aux \u00c9tats-Unis, o\u00f9 ses leurres en silhouette sont connus pour leur tr\u00e8s haute qualit\u00e9 en termes de mat\u00e9riaux, de d\u00e9tails, de couleurs et d&#8217;impressions.<\/p>\n<p>Big Al est toujours la figure principale dans le processus de conception et d&#8217;impression.<\/p>\n","protected":false},"excerpt":{"rendered":"<p>Avec les formes en silhouette de Big Al, vous pouvez recr\u00e9er un grand nombre de colverts se reposant et se nourrissant sur le terrain ou au bord de l&#8217;eau<\/p>\n","protected":false},"featured_media":130911,"template":"","meta":[],"product_brand":[9662],"product_cat":[8184],"product_tag":[9235],"yoast_head":"<!-- This site is optimized with the Yoast SEO plugin v24.3 - https:\/\/yoast.com\/wordpress\/plugins\/seo\/ -->\n<title>Big Al&#039;s Silhouette Mallards - | Lucky Hunter<\/title>\n<meta name=\"description\" content=\"With Big Al\u00b4s silhouette decoys, you can recreate a large number of mallards resting and eating on the field or the edge of the water.\" \/>\n<meta name=\"robots\" content=\"noindex, follow, max-snippet:-1, max-image-preview:large, max-video-preview:-1\" \/>\n<meta property=\"og:locale\" content=\"fr_FR\" \/>\n<meta property=\"og:type\" content=\"article\" \/>\n<meta property=\"og:title\" content=\"Big Al&#039;s Silhouette Mallards - BIG News for 2019 Wildfowl Season | Lucky Hunter\" \/>\n<meta property=\"og:description\" content=\"Big Al&#039;s Silhouette Mallards are coming for the 2019 wildfowl season! Big Al&#039;s Silhouette decoys are ideal for all wildfowl situations.\" \/>\n<meta property=\"og:url\" content=\"https:\/\/staging.lucky-hunter.com\/fr\/product\/big-als-silhouettes-de-canards-pilet-12-pcs\/\" \/>\n<meta property=\"og:site_name\" content=\"Lucky-Hunter\" \/>\n<meta property=\"article:modified_time\" content=\"2024-08-22T12:56:54+00:00\" \/>\n<meta property=\"og:image\" content=\"https:\/\/staging.lucky-hunter.com\/wp-content\/uploads\/2024\/01\/LF-651-1-removebg.png\" \/>\n\t<meta property=\"og:image:width\" content=\"1280\" \/>\n\t<meta property=\"og:image:height\" content=\"1280\" \/>\n\t<meta property=\"og:image:type\" content=\"image\/png\" \/>\n<meta name=\"twitter:card\" content=\"summary_large_image\" \/>\n<meta name=\"twitter:title\" content=\"Big Al&#039;s Silhouette Mallards - BIG News for 2019 Wildfowl Season | Lucky Hunter\" \/>\n<meta name=\"twitter:description\" content=\"Big Al&#039;s Silhouette Mallards are coming for the 2019 wildfowl season! Big Al&#039;s Silhouette decoys are ideal for all wildfowl situations.\" \/>\n<meta name=\"twitter:label1\" content=\"Dur\u00e9e de lecture estim\u00e9e\" \/>\n\t<meta name=\"twitter:data1\" content=\"2 minutes\" \/>\n<script type=\"application\/ld+json\" class=\"yoast-schema-graph\">{\"@context\":\"https:\/\/schema.org\",\"@graph\":[{\"@type\":\"WebPage\",\"@id\":\"https:\/\/staging.lucky-hunter.com\/fr\/product\/big-als-silhouettes-de-canards-pilet-12-pcs\/\",\"url\":\"https:\/\/staging.lucky-hunter.com\/fr\/product\/big-als-silhouettes-de-canards-pilet-12-pcs\/\",\"name\":\"Big Al's Silhouette Mallards - | Lucky Hunter\",\"isPartOf\":{\"@id\":\"https:\/\/staging.lucky-hunter.com\/#website\"},\"primaryImageOfPage\":{\"@id\":\"https:\/\/staging.lucky-hunter.com\/fr\/product\/big-als-silhouettes-de-canards-pilet-12-pcs\/#primaryimage\"},\"image\":{\"@id\":\"https:\/\/staging.lucky-hunter.com\/fr\/product\/big-als-silhouettes-de-canards-pilet-12-pcs\/#primaryimage\"},\"thumbnailUrl\":\"https:\/\/staging.lucky-hunter.com\/wp-content\/uploads\/2024\/01\/LF-651-1-removebg.png\",\"datePublished\":\"2024-01-31T15:05:27+00:00\",\"dateModified\":\"2024-08-22T12:56:54+00:00\",\"description\":\"With Big Al\u00b4s silhouette decoys, you can recreate a large number of mallards resting and eating on the field or the edge of the water.\",\"breadcrumb\":{\"@id\":\"https:\/\/staging.lucky-hunter.com\/fr\/product\/big-als-silhouettes-de-canards-pilet-12-pcs\/#breadcrumb\"},\"inLanguage\":\"fr-FR\",\"potentialAction\":[{\"@type\":\"ReadAction\",\"target\":[\"https:\/\/staging.lucky-hunter.com\/fr\/product\/big-als-silhouettes-de-canards-pilet-12-pcs\/\"]}]},{\"@type\":\"ImageObject\",\"inLanguage\":\"fr-FR\",\"@id\":\"https:\/\/staging.lucky-hunter.com\/fr\/product\/big-als-silhouettes-de-canards-pilet-12-pcs\/#primaryimage\",\"url\":\"https:\/\/staging.lucky-hunter.com\/wp-content\/uploads\/2024\/01\/LF-651-1-removebg.png\",\"contentUrl\":\"https:\/\/staging.lucky-hunter.com\/wp-content\/uploads\/2024\/01\/LF-651-1-removebg.png\",\"width\":1280,\"height\":1280},{\"@type\":\"BreadcrumbList\",\"@id\":\"https:\/\/staging.lucky-hunter.com\/fr\/product\/big-als-silhouettes-de-canards-pilet-12-pcs\/#breadcrumb\",\"itemListElement\":[{\"@type\":\"ListItem\",\"position\":1,\"name\":\"Home\",\"item\":\"https:\/\/staging.lucky-hunter.com\/fr\/\"},{\"@type\":\"ListItem\",\"position\":2,\"name\":\"Boutique\",\"item\":\"https:\/\/staging.lucky-hunter.com\/fr\/shop\/\"},{\"@type\":\"ListItem\",\"position\":3,\"name\":\"Big Al\u2019s Silhouettes de Canards Pilet &#8211; 12 pcs\"}]},{\"@type\":\"WebSite\",\"@id\":\"https:\/\/staging.lucky-hunter.com\/#website\",\"url\":\"https:\/\/staging.lucky-hunter.com\/\",\"name\":\"Lucky-Hunter\",\"description\":\"Gear Up or Give Up\",\"potentialAction\":[{\"@type\":\"SearchAction\",\"target\":{\"@type\":\"EntryPoint\",\"urlTemplate\":\"https:\/\/staging.lucky-hunter.com\/?s={search_term_string}\"},\"query-input\":{\"@type\":\"PropertyValueSpecification\",\"valueRequired\":true,\"valueName\":\"search_term_string\"}}],\"inLanguage\":\"fr-FR\"}]}<\/script>\n<!-- \/ Yoast SEO plugin. -->","yoast_head_json":{"title":"Big Al's Silhouette Mallards - | Lucky Hunter","description":"With Big Al\u00b4s silhouette decoys, you can recreate a large number of mallards resting and eating on the field or the edge of the water.","robots":{"index":"noindex","follow":"follow","max-snippet":"max-snippet:-1","max-image-preview":"max-image-preview:large","max-video-preview":"max-video-preview:-1"},"og_locale":"fr_FR","og_type":"article","og_title":"Big Al's Silhouette Mallards - BIG News for 2019 Wildfowl Season | Lucky Hunter","og_description":"Big Al's Silhouette Mallards are coming for the 2019 wildfowl season! Big Al's Silhouette decoys are ideal for all wildfowl situations.","og_url":"https:\/\/staging.lucky-hunter.com\/fr\/product\/big-als-silhouettes-de-canards-pilet-12-pcs\/","og_site_name":"Lucky-Hunter","article_modified_time":"2024-08-22T12:56:54+00:00","og_image":[{"width":1280,"height":1280,"url":"https:\/\/staging.lucky-hunter.com\/wp-content\/uploads\/2024\/01\/LF-651-1-removebg.png","type":"image\/png"}],"twitter_card":"summary_large_image","twitter_title":"Big Al's Silhouette Mallards - BIG News for 2019 Wildfowl Season | Lucky Hunter","twitter_description":"Big Al's Silhouette Mallards are coming for the 2019 wildfowl season! Big Al's Silhouette decoys are ideal for all wildfowl situations.","twitter_misc":{"Dur\u00e9e de lecture estim\u00e9e":"2 minutes"},"schema":{"@context":"https:\/\/schema.org","@graph":[{"@type":"WebPage","@id":"https:\/\/staging.lucky-hunter.com\/fr\/product\/big-als-silhouettes-de-canards-pilet-12-pcs\/","url":"https:\/\/staging.lucky-hunter.com\/fr\/product\/big-als-silhouettes-de-canards-pilet-12-pcs\/","name":"Big Al's Silhouette Mallards - | Lucky Hunter","isPartOf":{"@id":"https:\/\/staging.lucky-hunter.com\/#website"},"primaryImageOfPage":{"@id":"https:\/\/staging.lucky-hunter.com\/fr\/product\/big-als-silhouettes-de-canards-pilet-12-pcs\/#primaryimage"},"image":{"@id":"https:\/\/staging.lucky-hunter.com\/fr\/product\/big-als-silhouettes-de-canards-pilet-12-pcs\/#primaryimage"},"thumbnailUrl":"https:\/\/staging.lucky-hunter.com\/wp-content\/uploads\/2024\/01\/LF-651-1-removebg.png","datePublished":"2024-01-31T15:05:27+00:00","dateModified":"2024-08-22T12:56:54+00:00","description":"With Big Al\u00b4s silhouette decoys, you can recreate a large number of mallards resting and eating on the field or the edge of the water.","breadcrumb":{"@id":"https:\/\/staging.lucky-hunter.com\/fr\/product\/big-als-silhouettes-de-canards-pilet-12-pcs\/#breadcrumb"},"inLanguage":"fr-FR","potentialAction":[{"@type":"ReadAction","target":["https:\/\/staging.lucky-hunter.com\/fr\/product\/big-als-silhouettes-de-canards-pilet-12-pcs\/"]}]},{"@type":"ImageObject","inLanguage":"fr-FR","@id":"https:\/\/staging.lucky-hunter.com\/fr\/product\/big-als-silhouettes-de-canards-pilet-12-pcs\/#primaryimage","url":"https:\/\/staging.lucky-hunter.com\/wp-content\/uploads\/2024\/01\/LF-651-1-removebg.png","contentUrl":"https:\/\/staging.lucky-hunter.com\/wp-content\/uploads\/2024\/01\/LF-651-1-removebg.png","width":1280,"height":1280},{"@type":"BreadcrumbList","@id":"https:\/\/staging.lucky-hunter.com\/fr\/product\/big-als-silhouettes-de-canards-pilet-12-pcs\/#breadcrumb","itemListElement":[{"@type":"ListItem","position":1,"name":"Home","item":"https:\/\/staging.lucky-hunter.com\/fr\/"},{"@type":"ListItem","position":2,"name":"Boutique","item":"https:\/\/staging.lucky-hunter.com\/fr\/shop\/"},{"@type":"ListItem","position":3,"name":"Big Al\u2019s Silhouettes de Canards Pilet &#8211; 12 pcs"}]},{"@type":"WebSite","@id":"https:\/\/staging.lucky-hunter.com\/#website","url":"https:\/\/staging.lucky-hunter.com\/","name":"Lucky-Hunter","description":"Gear Up or Give Up","potentialAction":[{"@type":"SearchAction","target":{"@type":"EntryPoint","urlTemplate":"https:\/\/staging.lucky-hunter.com\/?s={search_term_string}"},"query-input":{"@type":"PropertyValueSpecification","valueRequired":true,"valueName":"search_term_string"}}],"inLanguage":"fr-FR"}]}},"_links":{"self":[{"href":"https:\/\/staging.lucky-hunter.com\/fr\/wp-json\/wp\/v2\/product\/71719"}],"collection":[{"href":"https:\/\/staging.lucky-hunter.com\/fr\/wp-json\/wp\/v2\/product"}],"about":[{"href":"https:\/\/staging.lucky-hunter.com\/fr\/wp-json\/wp\/v2\/types\/product"}],"wp:featuredmedia":[{"embeddable":true,"href":"https:\/\/staging.lucky-hunter.com\/fr\/wp-json\/wp\/v2\/media\/130911"}],"wp:attachment":[{"href":"https:\/\/staging.lucky-hunter.com\/fr\/wp-json\/wp\/v2\/media?parent=71719"}],"wp:term":[{"taxonomy":"product_brand","embeddable":true,"href":"https:\/\/staging.lucky-hunter.com\/fr\/wp-json\/wp\/v2\/product_brand?post=71719"},{"taxonomy":"product_cat","embeddable":true,"href":"https:\/\/staging.lucky-hunter.com\/fr\/wp-json\/wp\/v2\/product_cat?post=71719"},{"taxonomy":"product_tag","embeddable":true,"href":"https:\/\/staging.lucky-hunter.com\/fr\/wp-json\/wp\/v2\/product_tag?post=71719"}],"curies":[{"name":"wp","href":"https:\/\/api.w.org\/{rel}","templated":true}]}}