{"id":66014,"date":"2024-01-17T08:49:54","date_gmt":"2024-01-17T07:49:54","guid":{"rendered":"https:\/\/staging.lucky-hunter.com\/?post_type=product&#038;p=66014"},"modified":"2025-04-03T12:58:42","modified_gmt":"2025-04-03T10:58:42","slug":"super-swimmer-hdi-colvert","status":"publish","type":"product","link":"https:\/\/staging.lucky-hunter.com\/fr\/product\/super-swimmer-hdi-colvert\/","title":{"rendered":"Super Swimmer HDI Colvert"},"content":{"rendered":"<h2>Vraiment efficace pour la chasse aux canards sur lacs et \u00e9tangs<\/h2>\n<p>Un mouvement r\u00e9aliste au sein de votre troupe de formes peut s\u2019av\u00e9rer fatal pour les oiseaux, et c&#8217;est pr\u00e9cis\u00e9ment l\u2019objectif de ce \u00ab\u00a0Swimmer\u00a0\u00bb de Lucky Duck.<\/p>\n<p>Le Super Swimmer HDi est la forme nageuse la plus polyvalente et la plus naturelle du march\u00e9. Le puissant syst\u00e8me de propulsion \u00e0 jet produit un mouvement naturel, exactement comme un vrai canard qui nage. Dot\u00e9 de trois modes de minuterie diff\u00e9rents pour un r\u00e9glage facile. Cette forme est peinte de mani\u00e8re ultra-r\u00e9aliste et est fabriqu\u00e9e \u00e0 partir de plastique EVA durable qui ne se fissure pas. Le Swimmer comprend une batterie rechargeable au lithium-ion de 12 volts et un chargeur intelligent.<\/p>\n<p>La forme est compatible avec le <a href=\"https:\/\/staging.lucky-hunter.com\/product\/lucky-duck-hd-remote-kit\/\">Kit de t\u00e9l\u00e9commande Lucky HD 2.0 (vendu s\u00e9par\u00e9ment).<\/a><\/p>\n<p>Une forme qui nage comme celle-ci peut vraiment faire la diff\u00e9rence les jours calmes et sans courant, que vous soyez sur le fjord ou au bord d&#8217;un lac<\/p>\n<ul>\n<li>Imite le mouvement naturel d&#8217;un canard colvert qui nage<\/li>\n<li>Syst\u00e8me de propulsion \u00e0 jet unique<\/li>\n<li>Trois modes de minuterie diff\u00e9rents<\/li>\n<li>Plastique EVA durable qui r\u00e9siste aux fissures<\/li>\n<li>Compatible avec le kit de t\u00e9l\u00e9commande HD 2.0 (vendu s\u00e9par\u00e9ment)<\/li>\n<li>Batterie lithium-ion de 12 volts et chargeur intelligent<\/li>\n<\/ul>\n","protected":false},"excerpt":{"rendered":"<p>Une forme qui nage comme celle-ci peut vraiment faire la diff\u00e9rence les jours calmes et sans courant, que vous soyez sur le fjord ou au bord d&#8217;un lac<\/p>\n","protected":false},"featured_media":66016,"template":"","meta":[],"product_brand":[9638],"product_cat":[8184,9737],"product_tag":[],"yoast_head":"<!-- This site is optimized with the Yoast SEO plugin v24.3 - https:\/\/yoast.com\/wordpress\/plugins\/seo\/ -->\n<title>| Vraiment efficace pour la chasse au canard<\/title>\n<meta name=\"description\" content=\"Une forme qui nage comme celle-ci peut vraiment faire la diff\u00e9rence les jours calmes et sans courant, que vous soyez sur le fjord ou au bord d&#039;un lac\" \/>\n<meta name=\"robots\" content=\"noindex, follow, max-snippet:-1, max-image-preview:large, max-video-preview:-1\" \/>\n<meta property=\"og:locale\" content=\"fr_FR\" \/>\n<meta property=\"og:type\" content=\"article\" \/>\n<meta property=\"og:title\" content=\"| Vraiment efficace pour la chasse au canard\" \/>\n<meta property=\"og:description\" content=\"Une forme qui nage comme celle-ci peut vraiment faire la diff\u00e9rence les jours calmes et sans courant, que vous soyez sur le fjord ou au bord d&#039;un lac\" \/>\n<meta property=\"og:url\" content=\"https:\/\/staging.lucky-hunter.com\/fr\/product\/super-swimmer-hdi-colvert\/\" \/>\n<meta property=\"og:site_name\" content=\"Lucky-Hunter\" \/>\n<meta property=\"article:modified_time\" content=\"2025-04-03T10:58:42+00:00\" \/>\n<meta property=\"og:image\" content=\"https:\/\/staging.lucky-hunter.com\/wp-content\/uploads\/2024\/01\/LF-526-2.webp\" \/>\n\t<meta property=\"og:image:width\" content=\"750\" \/>\n\t<meta property=\"og:image:height\" content=\"938\" \/>\n\t<meta property=\"og:image:type\" content=\"image\/webp\" \/>\n<meta name=\"twitter:card\" content=\"summary_large_image\" \/>\n<meta name=\"twitter:label1\" content=\"Dur\u00e9e de lecture estim\u00e9e\" \/>\n\t<meta name=\"twitter:data1\" content=\"2 minutes\" \/>\n<script type=\"application\/ld+json\" class=\"yoast-schema-graph\">{\"@context\":\"https:\/\/schema.org\",\"@graph\":[{\"@type\":\"WebPage\",\"@id\":\"https:\/\/staging.lucky-hunter.com\/fr\/product\/super-swimmer-hdi-colvert\/\",\"url\":\"https:\/\/staging.lucky-hunter.com\/fr\/product\/super-swimmer-hdi-colvert\/\",\"name\":\"| Vraiment efficace pour la chasse au canard\",\"isPartOf\":{\"@id\":\"https:\/\/staging.lucky-hunter.com\/#website\"},\"primaryImageOfPage\":{\"@id\":\"https:\/\/staging.lucky-hunter.com\/fr\/product\/super-swimmer-hdi-colvert\/#primaryimage\"},\"image\":{\"@id\":\"https:\/\/staging.lucky-hunter.com\/fr\/product\/super-swimmer-hdi-colvert\/#primaryimage\"},\"thumbnailUrl\":\"https:\/\/staging.lucky-hunter.com\/wp-content\/uploads\/2024\/01\/LF-526-2.webp\",\"datePublished\":\"2024-01-17T07:49:54+00:00\",\"dateModified\":\"2025-04-03T10:58:42+00:00\",\"description\":\"Une forme qui nage comme celle-ci peut vraiment faire la diff\u00e9rence les jours calmes et sans courant, que vous soyez sur le fjord ou au bord d'un lac\",\"breadcrumb\":{\"@id\":\"https:\/\/staging.lucky-hunter.com\/fr\/product\/super-swimmer-hdi-colvert\/#breadcrumb\"},\"inLanguage\":\"fr-FR\",\"potentialAction\":[{\"@type\":\"ReadAction\",\"target\":[\"https:\/\/staging.lucky-hunter.com\/fr\/product\/super-swimmer-hdi-colvert\/\"]}]},{\"@type\":\"ImageObject\",\"inLanguage\":\"fr-FR\",\"@id\":\"https:\/\/staging.lucky-hunter.com\/fr\/product\/super-swimmer-hdi-colvert\/#primaryimage\",\"url\":\"https:\/\/staging.lucky-hunter.com\/wp-content\/uploads\/2024\/01\/LF-526-2.webp\",\"contentUrl\":\"https:\/\/staging.lucky-hunter.com\/wp-content\/uploads\/2024\/01\/LF-526-2.webp\",\"width\":750,\"height\":938},{\"@type\":\"BreadcrumbList\",\"@id\":\"https:\/\/staging.lucky-hunter.com\/fr\/product\/super-swimmer-hdi-colvert\/#breadcrumb\",\"itemListElement\":[{\"@type\":\"ListItem\",\"position\":1,\"name\":\"Home\",\"item\":\"https:\/\/staging.lucky-hunter.com\/fr\/\"},{\"@type\":\"ListItem\",\"position\":2,\"name\":\"Boutique\",\"item\":\"https:\/\/staging.lucky-hunter.com\/fr\/shop\/\"},{\"@type\":\"ListItem\",\"position\":3,\"name\":\"Super Swimmer HDI Colvert\"}]},{\"@type\":\"WebSite\",\"@id\":\"https:\/\/staging.lucky-hunter.com\/#website\",\"url\":\"https:\/\/staging.lucky-hunter.com\/\",\"name\":\"Lucky-Hunter\",\"description\":\"Gear Up or Give Up\",\"potentialAction\":[{\"@type\":\"SearchAction\",\"target\":{\"@type\":\"EntryPoint\",\"urlTemplate\":\"https:\/\/staging.lucky-hunter.com\/?s={search_term_string}\"},\"query-input\":{\"@type\":\"PropertyValueSpecification\",\"valueRequired\":true,\"valueName\":\"search_term_string\"}}],\"inLanguage\":\"fr-FR\"}]}<\/script>\n<!-- \/ Yoast SEO plugin. -->","yoast_head_json":{"title":"| Vraiment efficace pour la chasse au canard","description":"Une forme qui nage comme celle-ci peut vraiment faire la diff\u00e9rence les jours calmes et sans courant, que vous soyez sur le fjord ou au bord d'un lac","robots":{"index":"noindex","follow":"follow","max-snippet":"max-snippet:-1","max-image-preview":"max-image-preview:large","max-video-preview":"max-video-preview:-1"},"og_locale":"fr_FR","og_type":"article","og_title":"| Vraiment efficace pour la chasse au canard","og_description":"Une forme qui nage comme celle-ci peut vraiment faire la diff\u00e9rence les jours calmes et sans courant, que vous soyez sur le fjord ou au bord d'un lac","og_url":"https:\/\/staging.lucky-hunter.com\/fr\/product\/super-swimmer-hdi-colvert\/","og_site_name":"Lucky-Hunter","article_modified_time":"2025-04-03T10:58:42+00:00","og_image":[{"width":750,"height":938,"url":"https:\/\/staging.lucky-hunter.com\/wp-content\/uploads\/2024\/01\/LF-526-2.webp","type":"image\/webp"}],"twitter_card":"summary_large_image","twitter_misc":{"Dur\u00e9e de lecture estim\u00e9e":"2 minutes"},"schema":{"@context":"https:\/\/schema.org","@graph":[{"@type":"WebPage","@id":"https:\/\/staging.lucky-hunter.com\/fr\/product\/super-swimmer-hdi-colvert\/","url":"https:\/\/staging.lucky-hunter.com\/fr\/product\/super-swimmer-hdi-colvert\/","name":"| Vraiment efficace pour la chasse au canard","isPartOf":{"@id":"https:\/\/staging.lucky-hunter.com\/#website"},"primaryImageOfPage":{"@id":"https:\/\/staging.lucky-hunter.com\/fr\/product\/super-swimmer-hdi-colvert\/#primaryimage"},"image":{"@id":"https:\/\/staging.lucky-hunter.com\/fr\/product\/super-swimmer-hdi-colvert\/#primaryimage"},"thumbnailUrl":"https:\/\/staging.lucky-hunter.com\/wp-content\/uploads\/2024\/01\/LF-526-2.webp","datePublished":"2024-01-17T07:49:54+00:00","dateModified":"2025-04-03T10:58:42+00:00","description":"Une forme qui nage comme celle-ci peut vraiment faire la diff\u00e9rence les jours calmes et sans courant, que vous soyez sur le fjord ou au bord d'un lac","breadcrumb":{"@id":"https:\/\/staging.lucky-hunter.com\/fr\/product\/super-swimmer-hdi-colvert\/#breadcrumb"},"inLanguage":"fr-FR","potentialAction":[{"@type":"ReadAction","target":["https:\/\/staging.lucky-hunter.com\/fr\/product\/super-swimmer-hdi-colvert\/"]}]},{"@type":"ImageObject","inLanguage":"fr-FR","@id":"https:\/\/staging.lucky-hunter.com\/fr\/product\/super-swimmer-hdi-colvert\/#primaryimage","url":"https:\/\/staging.lucky-hunter.com\/wp-content\/uploads\/2024\/01\/LF-526-2.webp","contentUrl":"https:\/\/staging.lucky-hunter.com\/wp-content\/uploads\/2024\/01\/LF-526-2.webp","width":750,"height":938},{"@type":"BreadcrumbList","@id":"https:\/\/staging.lucky-hunter.com\/fr\/product\/super-swimmer-hdi-colvert\/#breadcrumb","itemListElement":[{"@type":"ListItem","position":1,"name":"Home","item":"https:\/\/staging.lucky-hunter.com\/fr\/"},{"@type":"ListItem","position":2,"name":"Boutique","item":"https:\/\/staging.lucky-hunter.com\/fr\/shop\/"},{"@type":"ListItem","position":3,"name":"Super Swimmer HDI Colvert"}]},{"@type":"WebSite","@id":"https:\/\/staging.lucky-hunter.com\/#website","url":"https:\/\/staging.lucky-hunter.com\/","name":"Lucky-Hunter","description":"Gear Up or Give Up","potentialAction":[{"@type":"SearchAction","target":{"@type":"EntryPoint","urlTemplate":"https:\/\/staging.lucky-hunter.com\/?s={search_term_string}"},"query-input":{"@type":"PropertyValueSpecification","valueRequired":true,"valueName":"search_term_string"}}],"inLanguage":"fr-FR"}]}},"_links":{"self":[{"href":"https:\/\/staging.lucky-hunter.com\/fr\/wp-json\/wp\/v2\/product\/66014"}],"collection":[{"href":"https:\/\/staging.lucky-hunter.com\/fr\/wp-json\/wp\/v2\/product"}],"about":[{"href":"https:\/\/staging.lucky-hunter.com\/fr\/wp-json\/wp\/v2\/types\/product"}],"wp:featuredmedia":[{"embeddable":true,"href":"https:\/\/staging.lucky-hunter.com\/fr\/wp-json\/wp\/v2\/media\/66016"}],"wp:attachment":[{"href":"https:\/\/staging.lucky-hunter.com\/fr\/wp-json\/wp\/v2\/media?parent=66014"}],"wp:term":[{"taxonomy":"product_brand","embeddable":true,"href":"https:\/\/staging.lucky-hunter.com\/fr\/wp-json\/wp\/v2\/product_brand?post=66014"},{"taxonomy":"product_cat","embeddable":true,"href":"https:\/\/staging.lucky-hunter.com\/fr\/wp-json\/wp\/v2\/product_cat?post=66014"},{"taxonomy":"product_tag","embeddable":true,"href":"https:\/\/staging.lucky-hunter.com\/fr\/wp-json\/wp\/v2\/product_tag?post=66014"}],"curies":[{"name":"wp","href":"https:\/\/api.w.org\/{rel}","templated":true}]}}