{"id":65869,"date":"2024-01-16T09:49:40","date_gmt":"2024-01-16T08:49:40","guid":{"rendered":"https:\/\/staging.lucky-hunter.com\/?post_type=product&#038;p=65869"},"modified":"2024-11-06T10:05:37","modified_gmt":"2024-11-06T09:05:37","slug":"final-approach-x-landr-affut-couche","status":"publish","type":"product","link":"https:\/\/staging.lucky-hunter.com\/fr\/product\/final-approach-x-landr-affut-couche\/","title":{"rendered":"Final Approach X-LAND&#8217;R Aff\u00fbt Couch\u00e9"},"content":{"rendered":"<h2><strong> L&#8217;aff\u00fbt couch\u00e9 original de la marque am\u00e9ricaine Final Approach<\/strong><\/h2>\n<p>Final Approach, fond\u00e9e en 1993 par Ron Latschaw, est n\u00e9e de son id\u00e9e de cr\u00e9er un aff\u00fbt qui soit \u00e0 la fois confortable et parfaitement adapt\u00e9 \u00e0 l&#8217;environnement de la chasse \u00e0 l&#8217;oie. Son intention initiale n&#8217;\u00e9tait pas de cr\u00e9er une entreprise, mais d&#8217;am\u00e9liorer ses comp\u00e9tences de chasseur.<\/p>\n<p>Depuis, plusieurs fabricants ont suivi son exemple et ont d\u00e9velopp\u00e9 ses id\u00e9es.<\/p>\n<div>L&#8217;aff\u00fbt couch\u00e9 FA X-Land&#8217;r a \u00e9t\u00e9 un succ\u00e8s d\u00e8s le d\u00e9but. Il poss\u00e8de un profil ultra bas, ne p\u00e8se que 5,5 kilos et est tr\u00e8s confortable.<\/div>\n<div><\/div>\n<div><strong>Caract\u00e9ristiques :<\/strong><\/div>\n<ul>\n<li>Cache d&#8217;oie \u00e0 profil bas avec dossier, cadre en aluminium l\u00e9ger et portes avec filet devant le visage<\/li>\n<li>De nombreuses sangles pour camoufler l&#8217;aff\u00fbt avec les roseaux et l&#8217;herbe de la zone environnante<\/li>\n<li>Fermeture \u00e9clair \u00e0 l&#8217;extr\u00e9mit\u00e9 des pieds pour faciliter le nettoyage de la boue et de la salet\u00e9<\/li>\n<li>Bretelles de sac \u00e0 dos pour un transport facile<\/li>\n<li>Poids : seulement 5,5 kilos<\/li>\n<li>Dimensions : Longueur 230 x Largeur 66 cm x Hauteur 35 cm<\/li>\n<li>Camouflage Mossy Oak Habitat<\/li>\n<\/ul>\n","protected":false},"excerpt":{"rendered":"<p>L&#8217;aff\u00fbt Final Approach X-Land&#8217;r \u00e0 profil ultra bas, avec un bon support pour le dos, un cadre en aluminium l\u00e9ger et des portes avec filet. Pr\u00eat rapidement pour la chasse \u00e0 l&#8217;oie.<\/p>\n","protected":false},"featured_media":236284,"template":"","meta":[],"product_brand":[8136],"product_cat":[8161],"product_tag":[9446],"yoast_head":"<!-- This site is optimized with the Yoast SEO plugin v24.3 - https:\/\/yoast.com\/wordpress\/plugins\/seo\/ -->\n<title>L&#039;aff\u00fbt couch\u00e9 original Final Approach X-LAND&#039;R<\/title>\n<meta name=\"description\" content=\"L&#039;aff\u00fbt Final Approach X-Land&#039;r \u00e0 profil ultra bas, avec un bon support pour le dos, un cadre en aluminium l\u00e9ger et des portes avec filet. Pr\u00eat rapidement pour la chasse \u00e0 l&#039;oie.\" \/>\n<meta name=\"robots\" content=\"noindex, follow, max-snippet:-1, max-image-preview:large, max-video-preview:-1\" \/>\n<meta property=\"og:locale\" content=\"fr_FR\" \/>\n<meta property=\"og:type\" content=\"article\" \/>\n<meta property=\"og:title\" content=\"Final Approach SUB Pack-N-Go Layout Blind | Lucky Hunter\" \/>\n<meta property=\"og:description\" content=\"Final Approach SUB Pack-N-Go Layout Blind is perfect for reclining in-field, as well as top for comfort and portability. Waterproof base.\" \/>\n<meta property=\"og:url\" content=\"https:\/\/staging.lucky-hunter.com\/fr\/product\/final-approach-x-landr-affut-couche\/\" \/>\n<meta property=\"og:site_name\" content=\"Lucky-Hunter\" \/>\n<meta property=\"article:modified_time\" content=\"2024-11-06T09:05:37+00:00\" \/>\n<meta property=\"og:image\" content=\"https:\/\/staging.lucky-hunter.com\/wp-content\/uploads\/2024\/01\/LS-303__1_-removebg.png\" \/>\n\t<meta property=\"og:image:width\" content=\"1200\" \/>\n\t<meta property=\"og:image:height\" content=\"1200\" \/>\n\t<meta property=\"og:image:type\" content=\"image\/png\" \/>\n<meta name=\"twitter:card\" content=\"summary_large_image\" \/>\n<meta name=\"twitter:title\" content=\"Final Approach SUB Pack-N-Go Layout Blind | Lucky Hunter\" \/>\n<meta name=\"twitter:description\" content=\"Final Approach SUB Pack-N-Go Layout Blind is perfect for reclining in-field, as well as top for comfort and portability. Waterproof base.\" \/>\n<meta name=\"twitter:label1\" content=\"Dur\u00e9e de lecture estim\u00e9e\" \/>\n\t<meta name=\"twitter:data1\" content=\"1 minute\" \/>\n<script type=\"application\/ld+json\" class=\"yoast-schema-graph\">{\"@context\":\"https:\/\/schema.org\",\"@graph\":[{\"@type\":\"WebPage\",\"@id\":\"https:\/\/staging.lucky-hunter.com\/fr\/product\/final-approach-x-landr-affut-couche\/\",\"url\":\"https:\/\/staging.lucky-hunter.com\/fr\/product\/final-approach-x-landr-affut-couche\/\",\"name\":\"L'aff\u00fbt couch\u00e9 original Final Approach X-LAND'R\",\"isPartOf\":{\"@id\":\"https:\/\/staging.lucky-hunter.com\/#website\"},\"primaryImageOfPage\":{\"@id\":\"https:\/\/staging.lucky-hunter.com\/fr\/product\/final-approach-x-landr-affut-couche\/#primaryimage\"},\"image\":{\"@id\":\"https:\/\/staging.lucky-hunter.com\/fr\/product\/final-approach-x-landr-affut-couche\/#primaryimage\"},\"thumbnailUrl\":\"https:\/\/staging.lucky-hunter.com\/wp-content\/uploads\/2024\/01\/LS-303__1_-removebg.png\",\"datePublished\":\"2024-01-16T08:49:40+00:00\",\"dateModified\":\"2024-11-06T09:05:37+00:00\",\"description\":\"L'aff\u00fbt Final Approach X-Land'r \u00e0 profil ultra bas, avec un bon support pour le dos, un cadre en aluminium l\u00e9ger et des portes avec filet. Pr\u00eat rapidement pour la chasse \u00e0 l'oie.\",\"breadcrumb\":{\"@id\":\"https:\/\/staging.lucky-hunter.com\/fr\/product\/final-approach-x-landr-affut-couche\/#breadcrumb\"},\"inLanguage\":\"fr-FR\",\"potentialAction\":[{\"@type\":\"ReadAction\",\"target\":[\"https:\/\/staging.lucky-hunter.com\/fr\/product\/final-approach-x-landr-affut-couche\/\"]}]},{\"@type\":\"ImageObject\",\"inLanguage\":\"fr-FR\",\"@id\":\"https:\/\/staging.lucky-hunter.com\/fr\/product\/final-approach-x-landr-affut-couche\/#primaryimage\",\"url\":\"https:\/\/staging.lucky-hunter.com\/wp-content\/uploads\/2024\/01\/LS-303__1_-removebg.png\",\"contentUrl\":\"https:\/\/staging.lucky-hunter.com\/wp-content\/uploads\/2024\/01\/LS-303__1_-removebg.png\",\"width\":1200,\"height\":1200},{\"@type\":\"BreadcrumbList\",\"@id\":\"https:\/\/staging.lucky-hunter.com\/fr\/product\/final-approach-x-landr-affut-couche\/#breadcrumb\",\"itemListElement\":[{\"@type\":\"ListItem\",\"position\":1,\"name\":\"Home\",\"item\":\"https:\/\/staging.lucky-hunter.com\/fr\/\"},{\"@type\":\"ListItem\",\"position\":2,\"name\":\"Boutique\",\"item\":\"https:\/\/staging.lucky-hunter.com\/fr\/shop\/\"},{\"@type\":\"ListItem\",\"position\":3,\"name\":\"Final Approach X-LAND&#8217;R Aff\u00fbt Couch\u00e9\"}]},{\"@type\":\"WebSite\",\"@id\":\"https:\/\/staging.lucky-hunter.com\/#website\",\"url\":\"https:\/\/staging.lucky-hunter.com\/\",\"name\":\"Lucky-Hunter\",\"description\":\"Gear Up or Give Up\",\"potentialAction\":[{\"@type\":\"SearchAction\",\"target\":{\"@type\":\"EntryPoint\",\"urlTemplate\":\"https:\/\/staging.lucky-hunter.com\/?s={search_term_string}\"},\"query-input\":{\"@type\":\"PropertyValueSpecification\",\"valueRequired\":true,\"valueName\":\"search_term_string\"}}],\"inLanguage\":\"fr-FR\"}]}<\/script>\n<!-- \/ Yoast SEO plugin. -->","yoast_head_json":{"title":"L'aff\u00fbt couch\u00e9 original Final Approach X-LAND'R","description":"L'aff\u00fbt Final Approach X-Land'r \u00e0 profil ultra bas, avec un bon support pour le dos, un cadre en aluminium l\u00e9ger et des portes avec filet. Pr\u00eat rapidement pour la chasse \u00e0 l'oie.","robots":{"index":"noindex","follow":"follow","max-snippet":"max-snippet:-1","max-image-preview":"max-image-preview:large","max-video-preview":"max-video-preview:-1"},"og_locale":"fr_FR","og_type":"article","og_title":"Final Approach SUB Pack-N-Go Layout Blind | Lucky Hunter","og_description":"Final Approach SUB Pack-N-Go Layout Blind is perfect for reclining in-field, as well as top for comfort and portability. Waterproof base.","og_url":"https:\/\/staging.lucky-hunter.com\/fr\/product\/final-approach-x-landr-affut-couche\/","og_site_name":"Lucky-Hunter","article_modified_time":"2024-11-06T09:05:37+00:00","og_image":[{"width":1200,"height":1200,"url":"https:\/\/staging.lucky-hunter.com\/wp-content\/uploads\/2024\/01\/LS-303__1_-removebg.png","type":"image\/png"}],"twitter_card":"summary_large_image","twitter_title":"Final Approach SUB Pack-N-Go Layout Blind | Lucky Hunter","twitter_description":"Final Approach SUB Pack-N-Go Layout Blind is perfect for reclining in-field, as well as top for comfort and portability. Waterproof base.","twitter_misc":{"Dur\u00e9e de lecture estim\u00e9e":"1 minute"},"schema":{"@context":"https:\/\/schema.org","@graph":[{"@type":"WebPage","@id":"https:\/\/staging.lucky-hunter.com\/fr\/product\/final-approach-x-landr-affut-couche\/","url":"https:\/\/staging.lucky-hunter.com\/fr\/product\/final-approach-x-landr-affut-couche\/","name":"L'aff\u00fbt couch\u00e9 original Final Approach X-LAND'R","isPartOf":{"@id":"https:\/\/staging.lucky-hunter.com\/#website"},"primaryImageOfPage":{"@id":"https:\/\/staging.lucky-hunter.com\/fr\/product\/final-approach-x-landr-affut-couche\/#primaryimage"},"image":{"@id":"https:\/\/staging.lucky-hunter.com\/fr\/product\/final-approach-x-landr-affut-couche\/#primaryimage"},"thumbnailUrl":"https:\/\/staging.lucky-hunter.com\/wp-content\/uploads\/2024\/01\/LS-303__1_-removebg.png","datePublished":"2024-01-16T08:49:40+00:00","dateModified":"2024-11-06T09:05:37+00:00","description":"L'aff\u00fbt Final Approach X-Land'r \u00e0 profil ultra bas, avec un bon support pour le dos, un cadre en aluminium l\u00e9ger et des portes avec filet. Pr\u00eat rapidement pour la chasse \u00e0 l'oie.","breadcrumb":{"@id":"https:\/\/staging.lucky-hunter.com\/fr\/product\/final-approach-x-landr-affut-couche\/#breadcrumb"},"inLanguage":"fr-FR","potentialAction":[{"@type":"ReadAction","target":["https:\/\/staging.lucky-hunter.com\/fr\/product\/final-approach-x-landr-affut-couche\/"]}]},{"@type":"ImageObject","inLanguage":"fr-FR","@id":"https:\/\/staging.lucky-hunter.com\/fr\/product\/final-approach-x-landr-affut-couche\/#primaryimage","url":"https:\/\/staging.lucky-hunter.com\/wp-content\/uploads\/2024\/01\/LS-303__1_-removebg.png","contentUrl":"https:\/\/staging.lucky-hunter.com\/wp-content\/uploads\/2024\/01\/LS-303__1_-removebg.png","width":1200,"height":1200},{"@type":"BreadcrumbList","@id":"https:\/\/staging.lucky-hunter.com\/fr\/product\/final-approach-x-landr-affut-couche\/#breadcrumb","itemListElement":[{"@type":"ListItem","position":1,"name":"Home","item":"https:\/\/staging.lucky-hunter.com\/fr\/"},{"@type":"ListItem","position":2,"name":"Boutique","item":"https:\/\/staging.lucky-hunter.com\/fr\/shop\/"},{"@type":"ListItem","position":3,"name":"Final Approach X-LAND&#8217;R Aff\u00fbt Couch\u00e9"}]},{"@type":"WebSite","@id":"https:\/\/staging.lucky-hunter.com\/#website","url":"https:\/\/staging.lucky-hunter.com\/","name":"Lucky-Hunter","description":"Gear Up or Give Up","potentialAction":[{"@type":"SearchAction","target":{"@type":"EntryPoint","urlTemplate":"https:\/\/staging.lucky-hunter.com\/?s={search_term_string}"},"query-input":{"@type":"PropertyValueSpecification","valueRequired":true,"valueName":"search_term_string"}}],"inLanguage":"fr-FR"}]}},"_links":{"self":[{"href":"https:\/\/staging.lucky-hunter.com\/fr\/wp-json\/wp\/v2\/product\/65869"}],"collection":[{"href":"https:\/\/staging.lucky-hunter.com\/fr\/wp-json\/wp\/v2\/product"}],"about":[{"href":"https:\/\/staging.lucky-hunter.com\/fr\/wp-json\/wp\/v2\/types\/product"}],"wp:featuredmedia":[{"embeddable":true,"href":"https:\/\/staging.lucky-hunter.com\/fr\/wp-json\/wp\/v2\/media\/236284"}],"wp:attachment":[{"href":"https:\/\/staging.lucky-hunter.com\/fr\/wp-json\/wp\/v2\/media?parent=65869"}],"wp:term":[{"taxonomy":"product_brand","embeddable":true,"href":"https:\/\/staging.lucky-hunter.com\/fr\/wp-json\/wp\/v2\/product_brand?post=65869"},{"taxonomy":"product_cat","embeddable":true,"href":"https:\/\/staging.lucky-hunter.com\/fr\/wp-json\/wp\/v2\/product_cat?post=65869"},{"taxonomy":"product_tag","embeddable":true,"href":"https:\/\/staging.lucky-hunter.com\/fr\/wp-json\/wp\/v2\/product_tag?post=65869"}],"curies":[{"name":"wp","href":"https:\/\/api.w.org\/{rel}","templated":true}]}}