{"id":65827,"date":"2024-01-11T12:49:58","date_gmt":"2024-01-11T11:49:58","guid":{"rendered":"https:\/\/staging.lucky-hunter.com\/?post_type=product&#038;p=65827"},"modified":"2025-06-23T15:24:28","modified_gmt":"2025-06-23T13:24:28","slug":"sac-a-formes-en-maille-final-approach","status":"publish","type":"product","link":"https:\/\/staging.lucky-hunter.com\/fr\/product\/sac-a-formes-en-maille-final-approach\/","title":{"rendered":"Sac \u00e0 formes en Maille &#8211; Final Approach"},"content":{"rendered":"<h2><strong>Sac de transport pratique pour leurres<\/strong><\/h2>\n<div>Le sac \u00e0 leurres en maille Final Approach Last Pass est parfait pour le transport et le rangement faciles de jusqu&#8217;\u00e0 36 leurres de taille standard (pigeons ou canards) ou 18 leurres de canards de grande taille.<\/div>\n<div><\/div>\n<div>Le filet se ferme avec un cordon en nylon pratique et dispose de bretelles confortables.<\/div>\n<div><\/div>\n<div>Dimensions : environ 54 x 92 x 41 cm.<\/div>\n<div><\/div>\n<div>Couleur : Marron<\/div>\n","protected":false},"excerpt":{"rendered":"<p>Le sac \u00e0 formes en maille Final Approach Last Pass est parfait pour le transport et le rangement faciles de forms de corbeaux, pigeons ou canard<\/p>\n","protected":false},"featured_media":236354,"template":"","meta":[],"product_brand":[8136],"product_cat":[9321],"product_tag":[],"yoast_head":"<!-- This site is optimized with the Yoast SEO plugin v24.3 - https:\/\/yoast.com\/wordpress\/plugins\/seo\/ -->\n<title>Sac \u00e0 formes en Maille - Final Approach<\/title>\n<meta name=\"description\" content=\"Le sac \u00e0 formes en maille Final Approach Last Pass est parfait pour le transport et le rangement faciles de forms de corbeaux, pigeons ou canard.\" \/>\n<meta name=\"robots\" content=\"noindex, follow, max-snippet:-1, max-image-preview:large, max-video-preview:-1\" \/>\n<meta property=\"og:locale\" content=\"fr_FR\" \/>\n<meta property=\"og:type\" content=\"article\" \/>\n<meta property=\"og:title\" content=\"GHG Pothole Mesh Bag - Rangement et transport faciles | Chasseur chanceux\" \/>\n<meta property=\"og:description\" content=\"Le sac en filet GHG Pothole est id\u00e9al pour ranger et transporter facilement vos leurres de pigeon, de corbeau et de canard de taille standard. Mat\u00e9riau r\u00e9sistant \u00e0 la moisissure.\" \/>\n<meta property=\"og:url\" content=\"https:\/\/staging.lucky-hunter.com\/fr\/product\/sac-a-formes-en-maille-final-approach\/\" \/>\n<meta property=\"og:site_name\" content=\"Lucky-Hunter\" \/>\n<meta property=\"article:modified_time\" content=\"2025-06-23T13:24:28+00:00\" \/>\n<meta property=\"og:image\" content=\"https:\/\/staging.lucky-hunter.com\/wp-content\/uploads\/2024\/01\/PU-609-removebg.png\" \/>\n\t<meta property=\"og:image:width\" content=\"1200\" \/>\n\t<meta property=\"og:image:height\" content=\"1200\" \/>\n\t<meta property=\"og:image:type\" content=\"image\/png\" \/>\n<meta name=\"twitter:card\" content=\"summary_large_image\" \/>\n<meta name=\"twitter:title\" content=\"GHG Pothole Mesh Bag - Rangement et transport faciles | Chasseur chanceux\" \/>\n<meta name=\"twitter:description\" content=\"Le sac en filet GHG Pothole est id\u00e9al pour ranger et transporter facilement vos leurres de pigeon, de corbeau et de canard de taille standard. Mat\u00e9riau r\u00e9sistant \u00e0 la moisissure.\" \/>\n<meta name=\"twitter:label1\" content=\"Dur\u00e9e de lecture estim\u00e9e\" \/>\n\t<meta name=\"twitter:data1\" content=\"1 minute\" \/>\n<script type=\"application\/ld+json\" class=\"yoast-schema-graph\">{\"@context\":\"https:\/\/schema.org\",\"@graph\":[{\"@type\":\"WebPage\",\"@id\":\"https:\/\/staging.lucky-hunter.com\/fr\/product\/sac-a-formes-en-maille-final-approach\/\",\"url\":\"https:\/\/staging.lucky-hunter.com\/fr\/product\/sac-a-formes-en-maille-final-approach\/\",\"name\":\"Sac \u00e0 formes en Maille - Final Approach\",\"isPartOf\":{\"@id\":\"https:\/\/staging.lucky-hunter.com\/#website\"},\"primaryImageOfPage\":{\"@id\":\"https:\/\/staging.lucky-hunter.com\/fr\/product\/sac-a-formes-en-maille-final-approach\/#primaryimage\"},\"image\":{\"@id\":\"https:\/\/staging.lucky-hunter.com\/fr\/product\/sac-a-formes-en-maille-final-approach\/#primaryimage\"},\"thumbnailUrl\":\"https:\/\/staging.lucky-hunter.com\/wp-content\/uploads\/2024\/01\/PU-609-removebg.png\",\"datePublished\":\"2024-01-11T11:49:58+00:00\",\"dateModified\":\"2025-06-23T13:24:28+00:00\",\"description\":\"Le sac \u00e0 formes en maille Final Approach Last Pass est parfait pour le transport et le rangement faciles de forms de corbeaux, pigeons ou canard.\",\"breadcrumb\":{\"@id\":\"https:\/\/staging.lucky-hunter.com\/fr\/product\/sac-a-formes-en-maille-final-approach\/#breadcrumb\"},\"inLanguage\":\"fr-FR\",\"potentialAction\":[{\"@type\":\"ReadAction\",\"target\":[\"https:\/\/staging.lucky-hunter.com\/fr\/product\/sac-a-formes-en-maille-final-approach\/\"]}]},{\"@type\":\"ImageObject\",\"inLanguage\":\"fr-FR\",\"@id\":\"https:\/\/staging.lucky-hunter.com\/fr\/product\/sac-a-formes-en-maille-final-approach\/#primaryimage\",\"url\":\"https:\/\/staging.lucky-hunter.com\/wp-content\/uploads\/2024\/01\/PU-609-removebg.png\",\"contentUrl\":\"https:\/\/staging.lucky-hunter.com\/wp-content\/uploads\/2024\/01\/PU-609-removebg.png\",\"width\":1200,\"height\":1200},{\"@type\":\"BreadcrumbList\",\"@id\":\"https:\/\/staging.lucky-hunter.com\/fr\/product\/sac-a-formes-en-maille-final-approach\/#breadcrumb\",\"itemListElement\":[{\"@type\":\"ListItem\",\"position\":1,\"name\":\"Home\",\"item\":\"https:\/\/staging.lucky-hunter.com\/fr\/\"},{\"@type\":\"ListItem\",\"position\":2,\"name\":\"Boutique\",\"item\":\"https:\/\/staging.lucky-hunter.com\/fr\/shop\/\"},{\"@type\":\"ListItem\",\"position\":3,\"name\":\"Sac \u00e0 formes en Maille &#8211; Final Approach\"}]},{\"@type\":\"WebSite\",\"@id\":\"https:\/\/staging.lucky-hunter.com\/#website\",\"url\":\"https:\/\/staging.lucky-hunter.com\/\",\"name\":\"Lucky-Hunter\",\"description\":\"Gear Up or Give Up\",\"potentialAction\":[{\"@type\":\"SearchAction\",\"target\":{\"@type\":\"EntryPoint\",\"urlTemplate\":\"https:\/\/staging.lucky-hunter.com\/?s={search_term_string}\"},\"query-input\":{\"@type\":\"PropertyValueSpecification\",\"valueRequired\":true,\"valueName\":\"search_term_string\"}}],\"inLanguage\":\"fr-FR\"}]}<\/script>\n<!-- \/ Yoast SEO plugin. -->","yoast_head_json":{"title":"Sac \u00e0 formes en Maille - Final Approach","description":"Le sac \u00e0 formes en maille Final Approach Last Pass est parfait pour le transport et le rangement faciles de forms de corbeaux, pigeons ou canard.","robots":{"index":"noindex","follow":"follow","max-snippet":"max-snippet:-1","max-image-preview":"max-image-preview:large","max-video-preview":"max-video-preview:-1"},"og_locale":"fr_FR","og_type":"article","og_title":"GHG Pothole Mesh Bag - Rangement et transport faciles | Chasseur chanceux","og_description":"Le sac en filet GHG Pothole est id\u00e9al pour ranger et transporter facilement vos leurres de pigeon, de corbeau et de canard de taille standard. Mat\u00e9riau r\u00e9sistant \u00e0 la moisissure.","og_url":"https:\/\/staging.lucky-hunter.com\/fr\/product\/sac-a-formes-en-maille-final-approach\/","og_site_name":"Lucky-Hunter","article_modified_time":"2025-06-23T13:24:28+00:00","og_image":[{"width":1200,"height":1200,"url":"https:\/\/staging.lucky-hunter.com\/wp-content\/uploads\/2024\/01\/PU-609-removebg.png","type":"image\/png"}],"twitter_card":"summary_large_image","twitter_title":"GHG Pothole Mesh Bag - Rangement et transport faciles | Chasseur chanceux","twitter_description":"Le sac en filet GHG Pothole est id\u00e9al pour ranger et transporter facilement vos leurres de pigeon, de corbeau et de canard de taille standard. Mat\u00e9riau r\u00e9sistant \u00e0 la moisissure.","twitter_misc":{"Dur\u00e9e de lecture estim\u00e9e":"1 minute"},"schema":{"@context":"https:\/\/schema.org","@graph":[{"@type":"WebPage","@id":"https:\/\/staging.lucky-hunter.com\/fr\/product\/sac-a-formes-en-maille-final-approach\/","url":"https:\/\/staging.lucky-hunter.com\/fr\/product\/sac-a-formes-en-maille-final-approach\/","name":"Sac \u00e0 formes en Maille - Final Approach","isPartOf":{"@id":"https:\/\/staging.lucky-hunter.com\/#website"},"primaryImageOfPage":{"@id":"https:\/\/staging.lucky-hunter.com\/fr\/product\/sac-a-formes-en-maille-final-approach\/#primaryimage"},"image":{"@id":"https:\/\/staging.lucky-hunter.com\/fr\/product\/sac-a-formes-en-maille-final-approach\/#primaryimage"},"thumbnailUrl":"https:\/\/staging.lucky-hunter.com\/wp-content\/uploads\/2024\/01\/PU-609-removebg.png","datePublished":"2024-01-11T11:49:58+00:00","dateModified":"2025-06-23T13:24:28+00:00","description":"Le sac \u00e0 formes en maille Final Approach Last Pass est parfait pour le transport et le rangement faciles de forms de corbeaux, pigeons ou canard.","breadcrumb":{"@id":"https:\/\/staging.lucky-hunter.com\/fr\/product\/sac-a-formes-en-maille-final-approach\/#breadcrumb"},"inLanguage":"fr-FR","potentialAction":[{"@type":"ReadAction","target":["https:\/\/staging.lucky-hunter.com\/fr\/product\/sac-a-formes-en-maille-final-approach\/"]}]},{"@type":"ImageObject","inLanguage":"fr-FR","@id":"https:\/\/staging.lucky-hunter.com\/fr\/product\/sac-a-formes-en-maille-final-approach\/#primaryimage","url":"https:\/\/staging.lucky-hunter.com\/wp-content\/uploads\/2024\/01\/PU-609-removebg.png","contentUrl":"https:\/\/staging.lucky-hunter.com\/wp-content\/uploads\/2024\/01\/PU-609-removebg.png","width":1200,"height":1200},{"@type":"BreadcrumbList","@id":"https:\/\/staging.lucky-hunter.com\/fr\/product\/sac-a-formes-en-maille-final-approach\/#breadcrumb","itemListElement":[{"@type":"ListItem","position":1,"name":"Home","item":"https:\/\/staging.lucky-hunter.com\/fr\/"},{"@type":"ListItem","position":2,"name":"Boutique","item":"https:\/\/staging.lucky-hunter.com\/fr\/shop\/"},{"@type":"ListItem","position":3,"name":"Sac \u00e0 formes en Maille &#8211; Final Approach"}]},{"@type":"WebSite","@id":"https:\/\/staging.lucky-hunter.com\/#website","url":"https:\/\/staging.lucky-hunter.com\/","name":"Lucky-Hunter","description":"Gear Up or Give Up","potentialAction":[{"@type":"SearchAction","target":{"@type":"EntryPoint","urlTemplate":"https:\/\/staging.lucky-hunter.com\/?s={search_term_string}"},"query-input":{"@type":"PropertyValueSpecification","valueRequired":true,"valueName":"search_term_string"}}],"inLanguage":"fr-FR"}]}},"_links":{"self":[{"href":"https:\/\/staging.lucky-hunter.com\/fr\/wp-json\/wp\/v2\/product\/65827"}],"collection":[{"href":"https:\/\/staging.lucky-hunter.com\/fr\/wp-json\/wp\/v2\/product"}],"about":[{"href":"https:\/\/staging.lucky-hunter.com\/fr\/wp-json\/wp\/v2\/types\/product"}],"wp:featuredmedia":[{"embeddable":true,"href":"https:\/\/staging.lucky-hunter.com\/fr\/wp-json\/wp\/v2\/media\/236354"}],"wp:attachment":[{"href":"https:\/\/staging.lucky-hunter.com\/fr\/wp-json\/wp\/v2\/media?parent=65827"}],"wp:term":[{"taxonomy":"product_brand","embeddable":true,"href":"https:\/\/staging.lucky-hunter.com\/fr\/wp-json\/wp\/v2\/product_brand?post=65827"},{"taxonomy":"product_cat","embeddable":true,"href":"https:\/\/staging.lucky-hunter.com\/fr\/wp-json\/wp\/v2\/product_cat?post=65827"},{"taxonomy":"product_tag","embeddable":true,"href":"https:\/\/staging.lucky-hunter.com\/fr\/wp-json\/wp\/v2\/product_tag?post=65827"}],"curies":[{"name":"wp","href":"https:\/\/api.w.org\/{rel}","templated":true}]}}