{"id":64468,"date":"2023-10-16T15:47:30","date_gmt":"2023-10-16T13:47:30","guid":{"rendered":"https:\/\/staging.lucky-hunter.com\/?post_type=product&#038;p=64468"},"modified":"2025-06-23T15:40:46","modified_gmt":"2025-06-23T13:40:46","slug":"chargeur-de-batterie-avec-2-batteries-rechargeables-pour-bolyguard-camera","status":"publish","type":"product","link":"https:\/\/staging.lucky-hunter.com\/fr\/product\/chargeur-de-batterie-avec-2-batteries-rechargeables-pour-bolyguard-camera\/","title":{"rendered":"Chargeur pour batterie Lithium 18650"},"content":{"rendered":"<h2><strong>Chargeur de qualit\u00e9 pour batterie 18650<\/strong><\/h2>\n<p>Emportez des batteries lithium 18650 fra\u00eechement charg\u00e9es avec vous lorsque vous devez remplacer les batteries de votre vision nocturne Pard ou Sytong, ou de votre cam\u00e9ra de chasse Bolyguard mod\u00e8le BG310 et BG410.<\/p>\n<p>Le chargeur peut charger une batterie et dispose d&#8217;un indicateur montrant le niveau de charge de la batterie.<\/p>\n<p>Le chargeur s&#8217;arr\u00eate automatiquement pour \u00e9viter la surcharge de la batterie.<\/p>\n<p>Nous vous recommandons de stocker vos batteries Li-ion dans un endroit frais et sec lorsqu&#8217;elles ne sont pas utilis\u00e9es.<\/p>\n<p>La batterie lithium 18650 n&#8217;est pas incluse.<\/p>\n","protected":false},"excerpt":{"rendered":"<p>Chargeur pour batterie lithium 18650. Assurez-vous d&#8217;avoir toujours des batteries fra\u00eeches pour votre cam\u00e9ra Bolyguard BG310 et BG410.<\/p>\n","protected":false},"featured_media":65019,"template":"","meta":[],"product_brand":[8121],"product_cat":[8232],"product_tag":[],"yoast_head":"<!-- This site is optimized with the Yoast SEO plugin v24.3 - https:\/\/yoast.com\/wordpress\/plugins\/seo\/ -->\n<title>Chargeur de batterie avec 2 batteries rechargeables pour Bolyguard camera<\/title>\n<meta name=\"description\" content=\"Chargeur pour batterie lithium 18650. Assurez-vous d&#039;avoir toujours des batteries fra\u00eeches pour votre cam\u00e9ra Bolyguard BG310 et BG410.\" \/>\n<meta name=\"robots\" content=\"noindex, follow, max-snippet:-1, max-image-preview:large, max-video-preview:-1\" \/>\n<meta property=\"og:locale\" content=\"fr_FR\" \/>\n<meta property=\"og:type\" content=\"article\" \/>\n<meta property=\"og:title\" content=\"Chargeur de batterie avec 2 batteries rechargeables pour Bolyguard camera\" \/>\n<meta property=\"og:description\" content=\"Chargeur de batterie et 2 batteries rechargeables pour Bolyguard BG310 Assurez-vous d&#039;avoir toujours des piles neuves pour votre cam\u00e9ra Bolyguard BG310\" \/>\n<meta property=\"og:url\" content=\"https:\/\/staging.lucky-hunter.com\/fr\/product\/chargeur-de-batterie-avec-2-batteries-rechargeables-pour-bolyguard-camera\/\" \/>\n<meta property=\"og:site_name\" content=\"Lucky-Hunter\" \/>\n<meta property=\"article:modified_time\" content=\"2025-06-23T13:40:46+00:00\" \/>\n<meta property=\"og:image\" content=\"https:\/\/staging.lucky-hunter.com\/wp-content\/uploads\/2023\/10\/NV-0481.png\" \/>\n\t<meta property=\"og:image:width\" content=\"1080\" \/>\n\t<meta property=\"og:image:height\" content=\"1080\" \/>\n\t<meta property=\"og:image:type\" content=\"image\/png\" \/>\n<meta name=\"twitter:card\" content=\"summary_large_image\" \/>\n<meta name=\"twitter:title\" content=\"Chargeur de batterie avec 2 batteries rechargeables pour Bolyguard BG310 | Lucky Hunter\" \/>\n<meta name=\"twitter:description\" content=\"Chargeur de batterie et 2 batteries rechargeables pour Bolyguard BG310 Assurez-vous d&#039;avoir toujours des piles neuves pour votre cam\u00e9ra Bolyguard BG310\" \/>\n<meta name=\"twitter:label1\" content=\"Dur\u00e9e de lecture estim\u00e9e\" \/>\n\t<meta name=\"twitter:data1\" content=\"1 minute\" \/>\n<script type=\"application\/ld+json\" class=\"yoast-schema-graph\">{\"@context\":\"https:\/\/schema.org\",\"@graph\":[{\"@type\":\"WebPage\",\"@id\":\"https:\/\/staging.lucky-hunter.com\/fr\/product\/chargeur-de-batterie-avec-2-batteries-rechargeables-pour-bolyguard-camera\/\",\"url\":\"https:\/\/staging.lucky-hunter.com\/fr\/product\/chargeur-de-batterie-avec-2-batteries-rechargeables-pour-bolyguard-camera\/\",\"name\":\"Chargeur de batterie avec 2 batteries rechargeables pour Bolyguard camera\",\"isPartOf\":{\"@id\":\"https:\/\/staging.lucky-hunter.com\/#website\"},\"primaryImageOfPage\":{\"@id\":\"https:\/\/staging.lucky-hunter.com\/fr\/product\/chargeur-de-batterie-avec-2-batteries-rechargeables-pour-bolyguard-camera\/#primaryimage\"},\"image\":{\"@id\":\"https:\/\/staging.lucky-hunter.com\/fr\/product\/chargeur-de-batterie-avec-2-batteries-rechargeables-pour-bolyguard-camera\/#primaryimage\"},\"thumbnailUrl\":\"https:\/\/staging.lucky-hunter.com\/wp-content\/uploads\/2023\/10\/NV-0481.png\",\"datePublished\":\"2023-10-16T13:47:30+00:00\",\"dateModified\":\"2025-06-23T13:40:46+00:00\",\"description\":\"Chargeur pour batterie lithium 18650. Assurez-vous d'avoir toujours des batteries fra\u00eeches pour votre cam\u00e9ra Bolyguard BG310 et BG410.\",\"breadcrumb\":{\"@id\":\"https:\/\/staging.lucky-hunter.com\/fr\/product\/chargeur-de-batterie-avec-2-batteries-rechargeables-pour-bolyguard-camera\/#breadcrumb\"},\"inLanguage\":\"fr-FR\",\"potentialAction\":[{\"@type\":\"ReadAction\",\"target\":[\"https:\/\/staging.lucky-hunter.com\/fr\/product\/chargeur-de-batterie-avec-2-batteries-rechargeables-pour-bolyguard-camera\/\"]}]},{\"@type\":\"ImageObject\",\"inLanguage\":\"fr-FR\",\"@id\":\"https:\/\/staging.lucky-hunter.com\/fr\/product\/chargeur-de-batterie-avec-2-batteries-rechargeables-pour-bolyguard-camera\/#primaryimage\",\"url\":\"https:\/\/staging.lucky-hunter.com\/wp-content\/uploads\/2023\/10\/NV-0481.png\",\"contentUrl\":\"https:\/\/staging.lucky-hunter.com\/wp-content\/uploads\/2023\/10\/NV-0481.png\",\"width\":1080,\"height\":1080},{\"@type\":\"BreadcrumbList\",\"@id\":\"https:\/\/staging.lucky-hunter.com\/fr\/product\/chargeur-de-batterie-avec-2-batteries-rechargeables-pour-bolyguard-camera\/#breadcrumb\",\"itemListElement\":[{\"@type\":\"ListItem\",\"position\":1,\"name\":\"Home\",\"item\":\"https:\/\/staging.lucky-hunter.com\/fr\/\"},{\"@type\":\"ListItem\",\"position\":2,\"name\":\"Boutique\",\"item\":\"https:\/\/staging.lucky-hunter.com\/fr\/shop\/\"},{\"@type\":\"ListItem\",\"position\":3,\"name\":\"Chargeur pour batterie Lithium 18650\"}]},{\"@type\":\"WebSite\",\"@id\":\"https:\/\/staging.lucky-hunter.com\/#website\",\"url\":\"https:\/\/staging.lucky-hunter.com\/\",\"name\":\"Lucky-Hunter\",\"description\":\"Gear Up or Give Up\",\"potentialAction\":[{\"@type\":\"SearchAction\",\"target\":{\"@type\":\"EntryPoint\",\"urlTemplate\":\"https:\/\/staging.lucky-hunter.com\/?s={search_term_string}\"},\"query-input\":{\"@type\":\"PropertyValueSpecification\",\"valueRequired\":true,\"valueName\":\"search_term_string\"}}],\"inLanguage\":\"fr-FR\"}]}<\/script>\n<!-- \/ Yoast SEO plugin. -->","yoast_head_json":{"title":"Chargeur de batterie avec 2 batteries rechargeables pour Bolyguard camera","description":"Chargeur pour batterie lithium 18650. Assurez-vous d'avoir toujours des batteries fra\u00eeches pour votre cam\u00e9ra Bolyguard BG310 et BG410.","robots":{"index":"noindex","follow":"follow","max-snippet":"max-snippet:-1","max-image-preview":"max-image-preview:large","max-video-preview":"max-video-preview:-1"},"og_locale":"fr_FR","og_type":"article","og_title":"Chargeur de batterie avec 2 batteries rechargeables pour Bolyguard camera","og_description":"Chargeur de batterie et 2 batteries rechargeables pour Bolyguard BG310 Assurez-vous d'avoir toujours des piles neuves pour votre cam\u00e9ra Bolyguard BG310","og_url":"https:\/\/staging.lucky-hunter.com\/fr\/product\/chargeur-de-batterie-avec-2-batteries-rechargeables-pour-bolyguard-camera\/","og_site_name":"Lucky-Hunter","article_modified_time":"2025-06-23T13:40:46+00:00","og_image":[{"width":1080,"height":1080,"url":"https:\/\/staging.lucky-hunter.com\/wp-content\/uploads\/2023\/10\/NV-0481.png","type":"image\/png"}],"twitter_card":"summary_large_image","twitter_title":"Chargeur de batterie avec 2 batteries rechargeables pour Bolyguard BG310 | Lucky Hunter","twitter_description":"Chargeur de batterie et 2 batteries rechargeables pour Bolyguard BG310 Assurez-vous d'avoir toujours des piles neuves pour votre cam\u00e9ra Bolyguard BG310","twitter_misc":{"Dur\u00e9e de lecture estim\u00e9e":"1 minute"},"schema":{"@context":"https:\/\/schema.org","@graph":[{"@type":"WebPage","@id":"https:\/\/staging.lucky-hunter.com\/fr\/product\/chargeur-de-batterie-avec-2-batteries-rechargeables-pour-bolyguard-camera\/","url":"https:\/\/staging.lucky-hunter.com\/fr\/product\/chargeur-de-batterie-avec-2-batteries-rechargeables-pour-bolyguard-camera\/","name":"Chargeur de batterie avec 2 batteries rechargeables pour Bolyguard camera","isPartOf":{"@id":"https:\/\/staging.lucky-hunter.com\/#website"},"primaryImageOfPage":{"@id":"https:\/\/staging.lucky-hunter.com\/fr\/product\/chargeur-de-batterie-avec-2-batteries-rechargeables-pour-bolyguard-camera\/#primaryimage"},"image":{"@id":"https:\/\/staging.lucky-hunter.com\/fr\/product\/chargeur-de-batterie-avec-2-batteries-rechargeables-pour-bolyguard-camera\/#primaryimage"},"thumbnailUrl":"https:\/\/staging.lucky-hunter.com\/wp-content\/uploads\/2023\/10\/NV-0481.png","datePublished":"2023-10-16T13:47:30+00:00","dateModified":"2025-06-23T13:40:46+00:00","description":"Chargeur pour batterie lithium 18650. Assurez-vous d'avoir toujours des batteries fra\u00eeches pour votre cam\u00e9ra Bolyguard BG310 et BG410.","breadcrumb":{"@id":"https:\/\/staging.lucky-hunter.com\/fr\/product\/chargeur-de-batterie-avec-2-batteries-rechargeables-pour-bolyguard-camera\/#breadcrumb"},"inLanguage":"fr-FR","potentialAction":[{"@type":"ReadAction","target":["https:\/\/staging.lucky-hunter.com\/fr\/product\/chargeur-de-batterie-avec-2-batteries-rechargeables-pour-bolyguard-camera\/"]}]},{"@type":"ImageObject","inLanguage":"fr-FR","@id":"https:\/\/staging.lucky-hunter.com\/fr\/product\/chargeur-de-batterie-avec-2-batteries-rechargeables-pour-bolyguard-camera\/#primaryimage","url":"https:\/\/staging.lucky-hunter.com\/wp-content\/uploads\/2023\/10\/NV-0481.png","contentUrl":"https:\/\/staging.lucky-hunter.com\/wp-content\/uploads\/2023\/10\/NV-0481.png","width":1080,"height":1080},{"@type":"BreadcrumbList","@id":"https:\/\/staging.lucky-hunter.com\/fr\/product\/chargeur-de-batterie-avec-2-batteries-rechargeables-pour-bolyguard-camera\/#breadcrumb","itemListElement":[{"@type":"ListItem","position":1,"name":"Home","item":"https:\/\/staging.lucky-hunter.com\/fr\/"},{"@type":"ListItem","position":2,"name":"Boutique","item":"https:\/\/staging.lucky-hunter.com\/fr\/shop\/"},{"@type":"ListItem","position":3,"name":"Chargeur pour batterie Lithium 18650"}]},{"@type":"WebSite","@id":"https:\/\/staging.lucky-hunter.com\/#website","url":"https:\/\/staging.lucky-hunter.com\/","name":"Lucky-Hunter","description":"Gear Up or Give Up","potentialAction":[{"@type":"SearchAction","target":{"@type":"EntryPoint","urlTemplate":"https:\/\/staging.lucky-hunter.com\/?s={search_term_string}"},"query-input":{"@type":"PropertyValueSpecification","valueRequired":true,"valueName":"search_term_string"}}],"inLanguage":"fr-FR"}]}},"_links":{"self":[{"href":"https:\/\/staging.lucky-hunter.com\/fr\/wp-json\/wp\/v2\/product\/64468"}],"collection":[{"href":"https:\/\/staging.lucky-hunter.com\/fr\/wp-json\/wp\/v2\/product"}],"about":[{"href":"https:\/\/staging.lucky-hunter.com\/fr\/wp-json\/wp\/v2\/types\/product"}],"wp:featuredmedia":[{"embeddable":true,"href":"https:\/\/staging.lucky-hunter.com\/fr\/wp-json\/wp\/v2\/media\/65019"}],"wp:attachment":[{"href":"https:\/\/staging.lucky-hunter.com\/fr\/wp-json\/wp\/v2\/media?parent=64468"}],"wp:term":[{"taxonomy":"product_brand","embeddable":true,"href":"https:\/\/staging.lucky-hunter.com\/fr\/wp-json\/wp\/v2\/product_brand?post=64468"},{"taxonomy":"product_cat","embeddable":true,"href":"https:\/\/staging.lucky-hunter.com\/fr\/wp-json\/wp\/v2\/product_cat?post=64468"},{"taxonomy":"product_tag","embeddable":true,"href":"https:\/\/staging.lucky-hunter.com\/fr\/wp-json\/wp\/v2\/product_tag?post=64468"}],"curies":[{"name":"wp","href":"https:\/\/api.w.org\/{rel}","templated":true}]}}