{"id":63372,"date":"2023-06-29T14:57:47","date_gmt":"2023-06-29T12:57:47","guid":{"rendered":"https:\/\/staging.lucky-hunter.com\/product\/avian-x-powerflight-hen-teal\/"},"modified":"2025-08-22T14:36:36","modified_gmt":"2025-08-22T12:36:36","slug":"avian-x-powerflight-hen-teal","status":"publish","type":"product","link":"https:\/\/staging.lucky-hunter.com\/fr\/product\/avian-x-powerflight-hen-teal\/","title":{"rendered":"Sarcelle Femelle Avian-X Powerflight"},"content":{"rendered":"<p>La nouvelle sarcelle femelle Avian-X PowerFlight est parfaitement \u00e0 la hauteur de la qualit\u00e9 sans compromis que vous connaissez de vos leurres Avian-X.<\/p>\n<p>Avian-X est sans aucun doute la marque la plus innovante du march\u00e9. Leur objectif est de d\u00e9velopper des leurres aussi r\u00e9alistes que les canards qui volent au-dessus de votre t\u00eate.<\/p>\n<p>Contrairement aux autres leurres \u00e0 ailes tournantes, les ailes de l&#8217;Avian-X Powerflight int\u00e8grent le mouvement brevet\u00e9 \u00ab\u00a0Angel Wing\u00a0\u00bb.<\/p>\n<p>La sarcelle femelle PowerFlight est fabriqu\u00e9e \u00e0 partir de mat\u00e9riaux r\u00e9sistants aux intemp\u00e9ries, capables d\u2019offrir des performances m\u00eame dans les conditions de vent les plus extr\u00eames (jusqu&#8217;\u00e0 30 mph).<\/p>\n<p>Comprend un piquet de montage et un sac de transport et de protection.<\/p>\n<p>Aliment\u00e9e par 4 piles AA de bonne qualit\u00e9.<\/p>\n","protected":false},"excerpt":{"rendered":"<p>La nouvelle sarcelle femelle Avian-X PowerFlight est parfaitement \u00e0 la hauteur de la qualit\u00e9 sans compromis que vous connaissez de vos leurres Avian-X.<\/p>\n","protected":false},"featured_media":62528,"template":"","meta":[],"product_brand":[8132],"product_cat":[8180,9737],"product_tag":[9235],"yoast_head":"<!-- This site is optimized with the Yoast SEO plugin v24.3 - https:\/\/yoast.com\/wordpress\/plugins\/seo\/ -->\n<title>Sarcelle Femelle Avian-X Powerflight<\/title>\n<meta name=\"description\" content=\"La nouvelle sarcelle femelle Avian-X PowerFlight est parfaitement \u00e0 la hauteur de la qualit\u00e9 sans compromis que vous connaissez de vos leurres Avian-X.\" \/>\n<meta name=\"robots\" content=\"noindex, follow, max-snippet:-1, max-image-preview:large, max-video-preview:-1\" \/>\n<meta property=\"og:locale\" content=\"fr_FR\" \/>\n<meta property=\"og:type\" content=\"article\" \/>\n<meta property=\"og:title\" content=\"Sarcelle Femelle Avian-X Powerflight\" \/>\n<meta property=\"og:description\" content=\"La nouvelle sarcelle femelle Avian-X PowerFlight est parfaitement \u00e0 la hauteur de la qualit\u00e9 sans compromis que vous connaissez de vos leurres Avian-X.\" \/>\n<meta property=\"og:url\" content=\"https:\/\/staging.lucky-hunter.com\/product\/avian-x-powerflight-hen-teal\/\" \/>\n<meta property=\"og:site_name\" content=\"Lucky-Hunter\" \/>\n<meta property=\"article:modified_time\" content=\"2025-08-22T12:36:36+00:00\" \/>\n<meta property=\"og:image\" content=\"https:\/\/staging.lucky-hunter.com\/wp-content\/uploads\/2023\/06\/LF-363.png\" \/>\n\t<meta property=\"og:image:width\" content=\"1000\" \/>\n\t<meta property=\"og:image:height\" content=\"1000\" \/>\n\t<meta property=\"og:image:type\" content=\"image\/png\" \/>\n<meta name=\"twitter:card\" content=\"summary_large_image\" \/>\n<meta name=\"twitter:label1\" content=\"Dur\u00e9e de lecture estim\u00e9e\" \/>\n\t<meta name=\"twitter:data1\" content=\"1 minute\" \/>\n<script type=\"application\/ld+json\" class=\"yoast-schema-graph\">{\"@context\":\"https:\/\/schema.org\",\"@graph\":[{\"@type\":\"WebPage\",\"@id\":\"https:\/\/staging.lucky-hunter.com\/product\/avian-x-powerflight-hen-teal\/\",\"url\":\"https:\/\/staging.lucky-hunter.com\/product\/avian-x-powerflight-hen-teal\/\",\"name\":\"Sarcelle Femelle Avian-X Powerflight\",\"isPartOf\":{\"@id\":\"https:\/\/staging.lucky-hunter.com\/#website\"},\"primaryImageOfPage\":{\"@id\":\"https:\/\/staging.lucky-hunter.com\/product\/avian-x-powerflight-hen-teal\/#primaryimage\"},\"image\":{\"@id\":\"https:\/\/staging.lucky-hunter.com\/product\/avian-x-powerflight-hen-teal\/#primaryimage\"},\"thumbnailUrl\":\"https:\/\/staging.lucky-hunter.com\/wp-content\/uploads\/2023\/06\/LF-363.png\",\"datePublished\":\"2023-06-29T12:57:47+00:00\",\"dateModified\":\"2025-08-22T12:36:36+00:00\",\"description\":\"La nouvelle sarcelle femelle Avian-X PowerFlight est parfaitement \u00e0 la hauteur de la qualit\u00e9 sans compromis que vous connaissez de vos leurres Avian-X.\",\"breadcrumb\":{\"@id\":\"https:\/\/staging.lucky-hunter.com\/product\/avian-x-powerflight-hen-teal\/#breadcrumb\"},\"inLanguage\":\"fr-FR\",\"potentialAction\":[{\"@type\":\"ReadAction\",\"target\":[\"https:\/\/staging.lucky-hunter.com\/product\/avian-x-powerflight-hen-teal\/\"]}]},{\"@type\":\"ImageObject\",\"inLanguage\":\"fr-FR\",\"@id\":\"https:\/\/staging.lucky-hunter.com\/product\/avian-x-powerflight-hen-teal\/#primaryimage\",\"url\":\"https:\/\/staging.lucky-hunter.com\/wp-content\/uploads\/2023\/06\/LF-363.png\",\"contentUrl\":\"https:\/\/staging.lucky-hunter.com\/wp-content\/uploads\/2023\/06\/LF-363.png\",\"width\":1000,\"height\":1000},{\"@type\":\"BreadcrumbList\",\"@id\":\"https:\/\/staging.lucky-hunter.com\/product\/avian-x-powerflight-hen-teal\/#breadcrumb\",\"itemListElement\":[{\"@type\":\"ListItem\",\"position\":1,\"name\":\"Home\",\"item\":\"https:\/\/staging.lucky-hunter.com\/fr\/\"},{\"@type\":\"ListItem\",\"position\":2,\"name\":\"Boutique\",\"item\":\"https:\/\/staging.lucky-hunter.com\/fr\/shop\/\"},{\"@type\":\"ListItem\",\"position\":3,\"name\":\"Sarcelle Femelle Avian-X Powerflight\"}]},{\"@type\":\"WebSite\",\"@id\":\"https:\/\/staging.lucky-hunter.com\/#website\",\"url\":\"https:\/\/staging.lucky-hunter.com\/\",\"name\":\"Lucky-Hunter\",\"description\":\"Gear Up or Give Up\",\"potentialAction\":[{\"@type\":\"SearchAction\",\"target\":{\"@type\":\"EntryPoint\",\"urlTemplate\":\"https:\/\/staging.lucky-hunter.com\/?s={search_term_string}\"},\"query-input\":{\"@type\":\"PropertyValueSpecification\",\"valueRequired\":true,\"valueName\":\"search_term_string\"}}],\"inLanguage\":\"fr-FR\"}]}<\/script>\n<!-- \/ Yoast SEO plugin. -->","yoast_head_json":{"title":"Sarcelle Femelle Avian-X Powerflight","description":"La nouvelle sarcelle femelle Avian-X PowerFlight est parfaitement \u00e0 la hauteur de la qualit\u00e9 sans compromis que vous connaissez de vos leurres Avian-X.","robots":{"index":"noindex","follow":"follow","max-snippet":"max-snippet:-1","max-image-preview":"max-image-preview:large","max-video-preview":"max-video-preview:-1"},"og_locale":"fr_FR","og_type":"article","og_title":"Sarcelle Femelle Avian-X Powerflight","og_description":"La nouvelle sarcelle femelle Avian-X PowerFlight est parfaitement \u00e0 la hauteur de la qualit\u00e9 sans compromis que vous connaissez de vos leurres Avian-X.","og_url":"https:\/\/staging.lucky-hunter.com\/product\/avian-x-powerflight-hen-teal\/","og_site_name":"Lucky-Hunter","article_modified_time":"2025-08-22T12:36:36+00:00","og_image":[{"width":1000,"height":1000,"url":"https:\/\/staging.lucky-hunter.com\/wp-content\/uploads\/2023\/06\/LF-363.png","type":"image\/png"}],"twitter_card":"summary_large_image","twitter_misc":{"Dur\u00e9e de lecture estim\u00e9e":"1 minute"},"schema":{"@context":"https:\/\/schema.org","@graph":[{"@type":"WebPage","@id":"https:\/\/staging.lucky-hunter.com\/product\/avian-x-powerflight-hen-teal\/","url":"https:\/\/staging.lucky-hunter.com\/product\/avian-x-powerflight-hen-teal\/","name":"Sarcelle Femelle Avian-X Powerflight","isPartOf":{"@id":"https:\/\/staging.lucky-hunter.com\/#website"},"primaryImageOfPage":{"@id":"https:\/\/staging.lucky-hunter.com\/product\/avian-x-powerflight-hen-teal\/#primaryimage"},"image":{"@id":"https:\/\/staging.lucky-hunter.com\/product\/avian-x-powerflight-hen-teal\/#primaryimage"},"thumbnailUrl":"https:\/\/staging.lucky-hunter.com\/wp-content\/uploads\/2023\/06\/LF-363.png","datePublished":"2023-06-29T12:57:47+00:00","dateModified":"2025-08-22T12:36:36+00:00","description":"La nouvelle sarcelle femelle Avian-X PowerFlight est parfaitement \u00e0 la hauteur de la qualit\u00e9 sans compromis que vous connaissez de vos leurres Avian-X.","breadcrumb":{"@id":"https:\/\/staging.lucky-hunter.com\/product\/avian-x-powerflight-hen-teal\/#breadcrumb"},"inLanguage":"fr-FR","potentialAction":[{"@type":"ReadAction","target":["https:\/\/staging.lucky-hunter.com\/product\/avian-x-powerflight-hen-teal\/"]}]},{"@type":"ImageObject","inLanguage":"fr-FR","@id":"https:\/\/staging.lucky-hunter.com\/product\/avian-x-powerflight-hen-teal\/#primaryimage","url":"https:\/\/staging.lucky-hunter.com\/wp-content\/uploads\/2023\/06\/LF-363.png","contentUrl":"https:\/\/staging.lucky-hunter.com\/wp-content\/uploads\/2023\/06\/LF-363.png","width":1000,"height":1000},{"@type":"BreadcrumbList","@id":"https:\/\/staging.lucky-hunter.com\/product\/avian-x-powerflight-hen-teal\/#breadcrumb","itemListElement":[{"@type":"ListItem","position":1,"name":"Home","item":"https:\/\/staging.lucky-hunter.com\/fr\/"},{"@type":"ListItem","position":2,"name":"Boutique","item":"https:\/\/staging.lucky-hunter.com\/fr\/shop\/"},{"@type":"ListItem","position":3,"name":"Sarcelle Femelle Avian-X Powerflight"}]},{"@type":"WebSite","@id":"https:\/\/staging.lucky-hunter.com\/#website","url":"https:\/\/staging.lucky-hunter.com\/","name":"Lucky-Hunter","description":"Gear Up or Give Up","potentialAction":[{"@type":"SearchAction","target":{"@type":"EntryPoint","urlTemplate":"https:\/\/staging.lucky-hunter.com\/?s={search_term_string}"},"query-input":{"@type":"PropertyValueSpecification","valueRequired":true,"valueName":"search_term_string"}}],"inLanguage":"fr-FR"}]}},"_links":{"self":[{"href":"https:\/\/staging.lucky-hunter.com\/fr\/wp-json\/wp\/v2\/product\/63372"}],"collection":[{"href":"https:\/\/staging.lucky-hunter.com\/fr\/wp-json\/wp\/v2\/product"}],"about":[{"href":"https:\/\/staging.lucky-hunter.com\/fr\/wp-json\/wp\/v2\/types\/product"}],"wp:featuredmedia":[{"embeddable":true,"href":"https:\/\/staging.lucky-hunter.com\/fr\/wp-json\/wp\/v2\/media\/62528"}],"wp:attachment":[{"href":"https:\/\/staging.lucky-hunter.com\/fr\/wp-json\/wp\/v2\/media?parent=63372"}],"wp:term":[{"taxonomy":"product_brand","embeddable":true,"href":"https:\/\/staging.lucky-hunter.com\/fr\/wp-json\/wp\/v2\/product_brand?post=63372"},{"taxonomy":"product_cat","embeddable":true,"href":"https:\/\/staging.lucky-hunter.com\/fr\/wp-json\/wp\/v2\/product_cat?post=63372"},{"taxonomy":"product_tag","embeddable":true,"href":"https:\/\/staging.lucky-hunter.com\/fr\/wp-json\/wp\/v2\/product_tag?post=63372"}],"curies":[{"name":"wp","href":"https:\/\/api.w.org\/{rel}","templated":true}]}}