{"id":63371,"date":"2023-06-29T14:43:53","date_gmt":"2023-06-29T12:43:53","guid":{"rendered":"https:\/\/staging.lucky-hunter.com\/product\/avian-x-powerflight-dove\/"},"modified":"2024-01-30T12:14:49","modified_gmt":"2024-01-30T11:14:49","slug":"avian-x-powerflight-dove","status":"publish","type":"product","link":"https:\/\/staging.lucky-hunter.com\/fr\/product\/avian-x-powerflight-dove\/","title":{"rendered":"Colombe Avian-X Powerflight"},"content":{"rendered":"<h2><strong>Pour les chasseurs de colombes \u00e0 la recherche du leurre ultime \u00e0 ailes tournantes, l&#8217;attente est termin\u00e9e !<\/strong><\/h2>\n<div>Avec la nouvelle colombe Powerflight, l&#8217;\u00e9quipe d\u2019Avian-X red\u00e9finit une fois encore les normes en mati\u00e8re de d\u00e9veloppement de leurres aussi r\u00e9alistes que ceux qui volent au-dessus de votre t\u00eate.<\/div>\n<div><\/div>\n<div>Les ing\u00e9nieurs produits d\u2019Avian-X ont investi d&#8217;innombrables heures de d\u2019observation et de chasse aux pigeons afin de ne rien n\u00e9gliger en termes de conception, de peinture ou de vitesse de rotation des ailes.<\/div>\n<div><\/div>\n<div>La nouvelle colombe PowerFlight est livr\u00e9e avec une aile innovante au mouvement brevet\u00e9 qui imite parfaitement le battement des ailes de la colombe.<\/div>\n<div><\/div>\n<div>Elle est fabriqu\u00e9e \u00e0 partir de mat\u00e9riaux r\u00e9sistants aux intemp\u00e9ries et capables de fonctionner m\u00eame dans les conditions de vent les plus extr\u00eames (jusqu&#8217;\u00e0 30 Mph).<\/div>\n<div><\/div>\n<div>Avian-X Powerflight est livr\u00e9 avec un \u00e9tui de transport, un piquet de terrain et un bras de mouvement \u00e9olien avec support de c\u00e2ble.<\/div>\n","protected":false},"excerpt":{"rendered":"<p>Avec la nouvelle colombe Powerflight, l&#8217;\u00e9quipe d\u2019Avian-X red\u00e9finit une fois encore les normes en mati\u00e8re de d\u00e9veloppement de leurres.<\/p>\n","protected":false},"featured_media":62536,"template":"","meta":[],"product_brand":[8132],"product_cat":[8163,9683,9744],"product_tag":[],"yoast_head":"<!-- This site is optimized with the Yoast SEO plugin v24.3 - https:\/\/yoast.com\/wordpress\/plugins\/seo\/ -->\n<title>Leurre colombe Avian-X Powerflight avec ailes tournantes<\/title>\n<meta name=\"description\" content=\"Avec la nouvelle colombe Powerflight, l&#039;\u00e9quipe d\u2019Avian-X red\u00e9finit une fois encore les normes en mati\u00e8re de d\u00e9veloppement de leurres.\" \/>\n<meta name=\"robots\" content=\"noindex, follow, max-snippet:-1, max-image-preview:large, max-video-preview:-1\" \/>\n<meta property=\"og:locale\" content=\"fr_FR\" \/>\n<meta property=\"og:type\" content=\"article\" \/>\n<meta property=\"og:title\" content=\"Leurre colombe Avian-X Powerflight avec ailes tournantes\" \/>\n<meta property=\"og:description\" content=\"Avec la nouvelle colombe Powerflight, l&#039;\u00e9quipe d\u2019Avian-X red\u00e9finit une fois encore les normes en mati\u00e8re de d\u00e9veloppement de leurres.\" \/>\n<meta property=\"og:url\" content=\"https:\/\/staging.lucky-hunter.com\/product\/avian-x-powerflight-dove\/\" \/>\n<meta property=\"og:site_name\" content=\"Lucky-Hunter\" \/>\n<meta property=\"article:modified_time\" content=\"2024-01-30T11:14:49+00:00\" \/>\n<meta property=\"og:image\" content=\"https:\/\/staging.lucky-hunter.com\/wp-content\/uploads\/2023\/06\/LF-362.png\" \/>\n\t<meta property=\"og:image:width\" content=\"1000\" \/>\n\t<meta property=\"og:image:height\" content=\"1000\" \/>\n\t<meta property=\"og:image:type\" content=\"image\/png\" \/>\n<meta name=\"twitter:card\" content=\"summary_large_image\" \/>\n<meta name=\"twitter:label1\" content=\"Dur\u00e9e de lecture estim\u00e9e\" \/>\n\t<meta name=\"twitter:data1\" content=\"1 minute\" \/>\n<script type=\"application\/ld+json\" class=\"yoast-schema-graph\">{\"@context\":\"https:\/\/schema.org\",\"@graph\":[{\"@type\":\"WebPage\",\"@id\":\"https:\/\/staging.lucky-hunter.com\/product\/avian-x-powerflight-dove\/\",\"url\":\"https:\/\/staging.lucky-hunter.com\/product\/avian-x-powerflight-dove\/\",\"name\":\"Leurre colombe Avian-X Powerflight avec ailes tournantes\",\"isPartOf\":{\"@id\":\"https:\/\/staging.lucky-hunter.com\/#website\"},\"primaryImageOfPage\":{\"@id\":\"https:\/\/staging.lucky-hunter.com\/product\/avian-x-powerflight-dove\/#primaryimage\"},\"image\":{\"@id\":\"https:\/\/staging.lucky-hunter.com\/product\/avian-x-powerflight-dove\/#primaryimage\"},\"thumbnailUrl\":\"https:\/\/staging.lucky-hunter.com\/wp-content\/uploads\/2023\/06\/LF-362.png\",\"datePublished\":\"2023-06-29T12:43:53+00:00\",\"dateModified\":\"2024-01-30T11:14:49+00:00\",\"description\":\"Avec la nouvelle colombe Powerflight, l'\u00e9quipe d\u2019Avian-X red\u00e9finit une fois encore les normes en mati\u00e8re de d\u00e9veloppement de leurres.\",\"breadcrumb\":{\"@id\":\"https:\/\/staging.lucky-hunter.com\/product\/avian-x-powerflight-dove\/#breadcrumb\"},\"inLanguage\":\"fr-FR\",\"potentialAction\":[{\"@type\":\"ReadAction\",\"target\":[\"https:\/\/staging.lucky-hunter.com\/product\/avian-x-powerflight-dove\/\"]}]},{\"@type\":\"ImageObject\",\"inLanguage\":\"fr-FR\",\"@id\":\"https:\/\/staging.lucky-hunter.com\/product\/avian-x-powerflight-dove\/#primaryimage\",\"url\":\"https:\/\/staging.lucky-hunter.com\/wp-content\/uploads\/2023\/06\/LF-362.png\",\"contentUrl\":\"https:\/\/staging.lucky-hunter.com\/wp-content\/uploads\/2023\/06\/LF-362.png\",\"width\":1000,\"height\":1000},{\"@type\":\"BreadcrumbList\",\"@id\":\"https:\/\/staging.lucky-hunter.com\/product\/avian-x-powerflight-dove\/#breadcrumb\",\"itemListElement\":[{\"@type\":\"ListItem\",\"position\":1,\"name\":\"Home\",\"item\":\"https:\/\/staging.lucky-hunter.com\/fr\/\"},{\"@type\":\"ListItem\",\"position\":2,\"name\":\"Boutique\",\"item\":\"https:\/\/staging.lucky-hunter.com\/fr\/shop\/\"},{\"@type\":\"ListItem\",\"position\":3,\"name\":\"Colombe Avian-X Powerflight\"}]},{\"@type\":\"WebSite\",\"@id\":\"https:\/\/staging.lucky-hunter.com\/#website\",\"url\":\"https:\/\/staging.lucky-hunter.com\/\",\"name\":\"Lucky-Hunter\",\"description\":\"Gear Up or Give Up\",\"potentialAction\":[{\"@type\":\"SearchAction\",\"target\":{\"@type\":\"EntryPoint\",\"urlTemplate\":\"https:\/\/staging.lucky-hunter.com\/?s={search_term_string}\"},\"query-input\":{\"@type\":\"PropertyValueSpecification\",\"valueRequired\":true,\"valueName\":\"search_term_string\"}}],\"inLanguage\":\"fr-FR\"}]}<\/script>\n<!-- \/ Yoast SEO plugin. -->","yoast_head_json":{"title":"Leurre colombe Avian-X Powerflight avec ailes tournantes","description":"Avec la nouvelle colombe Powerflight, l'\u00e9quipe d\u2019Avian-X red\u00e9finit une fois encore les normes en mati\u00e8re de d\u00e9veloppement de leurres.","robots":{"index":"noindex","follow":"follow","max-snippet":"max-snippet:-1","max-image-preview":"max-image-preview:large","max-video-preview":"max-video-preview:-1"},"og_locale":"fr_FR","og_type":"article","og_title":"Leurre colombe Avian-X Powerflight avec ailes tournantes","og_description":"Avec la nouvelle colombe Powerflight, l'\u00e9quipe d\u2019Avian-X red\u00e9finit une fois encore les normes en mati\u00e8re de d\u00e9veloppement de leurres.","og_url":"https:\/\/staging.lucky-hunter.com\/product\/avian-x-powerflight-dove\/","og_site_name":"Lucky-Hunter","article_modified_time":"2024-01-30T11:14:49+00:00","og_image":[{"width":1000,"height":1000,"url":"https:\/\/staging.lucky-hunter.com\/wp-content\/uploads\/2023\/06\/LF-362.png","type":"image\/png"}],"twitter_card":"summary_large_image","twitter_misc":{"Dur\u00e9e de lecture estim\u00e9e":"1 minute"},"schema":{"@context":"https:\/\/schema.org","@graph":[{"@type":"WebPage","@id":"https:\/\/staging.lucky-hunter.com\/product\/avian-x-powerflight-dove\/","url":"https:\/\/staging.lucky-hunter.com\/product\/avian-x-powerflight-dove\/","name":"Leurre colombe Avian-X Powerflight avec ailes tournantes","isPartOf":{"@id":"https:\/\/staging.lucky-hunter.com\/#website"},"primaryImageOfPage":{"@id":"https:\/\/staging.lucky-hunter.com\/product\/avian-x-powerflight-dove\/#primaryimage"},"image":{"@id":"https:\/\/staging.lucky-hunter.com\/product\/avian-x-powerflight-dove\/#primaryimage"},"thumbnailUrl":"https:\/\/staging.lucky-hunter.com\/wp-content\/uploads\/2023\/06\/LF-362.png","datePublished":"2023-06-29T12:43:53+00:00","dateModified":"2024-01-30T11:14:49+00:00","description":"Avec la nouvelle colombe Powerflight, l'\u00e9quipe d\u2019Avian-X red\u00e9finit une fois encore les normes en mati\u00e8re de d\u00e9veloppement de leurres.","breadcrumb":{"@id":"https:\/\/staging.lucky-hunter.com\/product\/avian-x-powerflight-dove\/#breadcrumb"},"inLanguage":"fr-FR","potentialAction":[{"@type":"ReadAction","target":["https:\/\/staging.lucky-hunter.com\/product\/avian-x-powerflight-dove\/"]}]},{"@type":"ImageObject","inLanguage":"fr-FR","@id":"https:\/\/staging.lucky-hunter.com\/product\/avian-x-powerflight-dove\/#primaryimage","url":"https:\/\/staging.lucky-hunter.com\/wp-content\/uploads\/2023\/06\/LF-362.png","contentUrl":"https:\/\/staging.lucky-hunter.com\/wp-content\/uploads\/2023\/06\/LF-362.png","width":1000,"height":1000},{"@type":"BreadcrumbList","@id":"https:\/\/staging.lucky-hunter.com\/product\/avian-x-powerflight-dove\/#breadcrumb","itemListElement":[{"@type":"ListItem","position":1,"name":"Home","item":"https:\/\/staging.lucky-hunter.com\/fr\/"},{"@type":"ListItem","position":2,"name":"Boutique","item":"https:\/\/staging.lucky-hunter.com\/fr\/shop\/"},{"@type":"ListItem","position":3,"name":"Colombe Avian-X Powerflight"}]},{"@type":"WebSite","@id":"https:\/\/staging.lucky-hunter.com\/#website","url":"https:\/\/staging.lucky-hunter.com\/","name":"Lucky-Hunter","description":"Gear Up or Give Up","potentialAction":[{"@type":"SearchAction","target":{"@type":"EntryPoint","urlTemplate":"https:\/\/staging.lucky-hunter.com\/?s={search_term_string}"},"query-input":{"@type":"PropertyValueSpecification","valueRequired":true,"valueName":"search_term_string"}}],"inLanguage":"fr-FR"}]}},"_links":{"self":[{"href":"https:\/\/staging.lucky-hunter.com\/fr\/wp-json\/wp\/v2\/product\/63371"}],"collection":[{"href":"https:\/\/staging.lucky-hunter.com\/fr\/wp-json\/wp\/v2\/product"}],"about":[{"href":"https:\/\/staging.lucky-hunter.com\/fr\/wp-json\/wp\/v2\/types\/product"}],"wp:featuredmedia":[{"embeddable":true,"href":"https:\/\/staging.lucky-hunter.com\/fr\/wp-json\/wp\/v2\/media\/62536"}],"wp:attachment":[{"href":"https:\/\/staging.lucky-hunter.com\/fr\/wp-json\/wp\/v2\/media?parent=63371"}],"wp:term":[{"taxonomy":"product_brand","embeddable":true,"href":"https:\/\/staging.lucky-hunter.com\/fr\/wp-json\/wp\/v2\/product_brand?post=63371"},{"taxonomy":"product_cat","embeddable":true,"href":"https:\/\/staging.lucky-hunter.com\/fr\/wp-json\/wp\/v2\/product_cat?post=63371"},{"taxonomy":"product_tag","embeddable":true,"href":"https:\/\/staging.lucky-hunter.com\/fr\/wp-json\/wp\/v2\/product_tag?post=63371"}],"curies":[{"name":"wp","href":"https:\/\/api.w.org\/{rel}","templated":true}]}}