{"id":63335,"date":"2023-08-23T14:41:54","date_gmt":"2023-08-23T12:41:54","guid":{"rendered":"https:\/\/staging.lucky-hunter.com\/?post_type=product&#038;p=63335"},"modified":"2023-08-31T11:38:20","modified_gmt":"2023-08-31T09:38:20","slug":"spypoint-force-pro-2","status":"publish","type":"product","link":"https:\/\/staging.lucky-hunter.com\/fr\/product\/spypoint-force-pro-2\/","title":{"rendered":"Spypoint FORCE-PRO-S"},"content":{"rendered":"<h1><strong><span class=\"VIiyi\" lang=\"en\"><span class=\"JLqJ4b ChMk0b\" data-language-for-alternatives=\"en\" data-language-to-translate-into=\"da\" data-phrase-index=\"0\">Spypoint, c\u2019est la garantie d\u2019un produit innovant de premi\u00e8re qualit\u00e9<\/span> <\/span><\/strong><\/h1>\n<p>Le nouveau FORCE-PRO-S allie les performances puissantes de la s\u00e9rie FORCE avec l\u2019autonomie des c\u00e9l\u00e8bres cam\u00e9ras SOLAR.<\/p>\n<p>\u00c0 l\u2019int\u00e9rieur de la cam\u00e9ra se trouve une batterie lithium-ion non-amovible qui alimente la cam\u00e9ra pendant des semaines, voire des mois.<\/p>\n<p>Capturez des images \u00e0 une r\u00e9solution incroyable de 30 m\u00e9gapixels et des vid\u00e9os 4K\u00a0: de quoi vous donner l&#8217;impression d&#8217;avoir vous-m\u00eame \u00e9t\u00e9 dans la for\u00eat. La dur\u00e9e de vie plus longue de la batterie signifie \u00e9galement moins d&#8217;entretien et des \u00e9conomies, car elles n&#8217;ont pas besoin d&#8217;\u00eatre remplac\u00e9es.<\/p>\n<p><span class=\"VIiyi\" lang=\"en\"><strong><span class=\"JLqJ4b ChMk0b\" data-language-for-alternatives=\"en\" data-language-to-translate-into=\"da\" data-phrase-index=\"0\">Caract\u00e9ristiques :<\/span><\/strong> <\/span><\/p>\n<ul>\n<li><span class=\"VIiyi\" lang=\"en\"><span class=\"JLqJ4b ChMk0b\" data-language-for-alternatives=\"en\" data-language-to-translate-into=\"da\" data-phrase-index=\"2\">Vitesse de d\u00e9clenchement de 0,2 sec.<\/span> <\/span><\/li>\n<li><span class=\"VIiyi\" lang=\"en\"><span class=\"JLqJ4b ChMk0b\" data-language-for-alternatives=\"en\" data-language-to-translate-into=\"da\" data-phrase-index=\"4\">Enregistrement vid\u00e9o en qualit\u00e9 4K<\/span> <\/span><\/li>\n<li><span class=\"VIiyi\" lang=\"en\"><span class=\"JLqJ4b ChMk0b\" data-language-for-alternatives=\"en\" data-language-to-translate-into=\"da\" data-phrase-index=\"6\">Photos de 30 m\u00e9gapixels<\/span> <\/span><\/li>\n<li><span class=\"VIiyi\" lang=\"en\"><span class=\"JLqJ4b ChMk0b\" data-language-for-alternatives=\"en\" data-language-to-translate-into=\"da\" data-phrase-index=\"8\">LED \u00e0 faible luminosit\u00e9<\/span> <\/span><\/li>\n<li><span class=\"VIiyi\" lang=\"en\"><span class=\"JLqJ4b ChMk0b\" data-language-for-alternatives=\"en\" data-language-to-translate-into=\"da\" data-phrase-index=\"10\">Port\u00e9e record de 27 m\u00e8tres<\/span> <\/span><\/li>\n<li><span class=\"VIiyi\" lang=\"en\"><span class=\"JLqJ4b ChMk0b\" data-language-for-alternatives=\"en\" data-language-to-translate-into=\"da\" data-phrase-index=\"12\">Fonction Time Lapse (enregistrement \u00e0 intervalle r\u00e9gulier)<\/span> <\/span><\/li>\n<li><span class=\"VIiyi\" lang=\"en\"><span class=\"JLqJ4b ChMk0b\" data-language-for-alternatives=\"en\" data-language-to-translate-into=\"da\" data-phrase-index=\"14\">Images couleur de jour et noir et blanc de nuit<\/span> <\/span><\/li>\n<li><span class=\"VIiyi\" lang=\"en\"><span class=\"JLqJ4b ChMk0b\" data-language-for-alternatives=\"en\" data-language-to-translate-into=\"da\" data-phrase-index=\"16\">Date, heure, temp\u00e9rature et phase de la lune sur toutes les images<\/span> <\/span><\/li>\n<li><span class=\"VIiyi\" lang=\"en\"><span class=\"JLqJ4b ChMk0b\" data-language-for-alternatives=\"en\" data-language-to-translate-into=\"da\" data-phrase-index=\"18\">Mode Multi Shot (jusqu&#8217;\u00e0 6 images par prise)<\/span> <\/span><\/li>\n<li><span class=\"VIiyi\" lang=\"en\"><span class=\"JLqJ4b ChMk0b\" data-language-for-alternatives=\"en\" data-language-to-translate-into=\"da\" data-phrase-index=\"20\">Port\u00e9e du flash\u00a0: 27 m\u00e8tres<\/span> <\/span><\/li>\n<li><span class=\"VIiyi\" lang=\"en\"><span class=\"JLqJ4b ChMk0b\" data-language-for-alternatives=\"en\" data-language-to-translate-into=\"da\" data-phrase-index=\"22\">Peut utiliser une carte SD jusqu&#8217;\u00e0 32 Go<\/span> <\/span><\/li>\n<li>Batterie lithium-ion incluse<\/li>\n<li><span class=\"VIiyi\" lang=\"en\"><span class=\"JLqJ4b ChMk0b\" data-language-for-alternatives=\"en\" data-language-to-translate-into=\"da\" data-phrase-index=\"30\">Couleur : Camouflage.<\/span><\/span><\/li>\n<\/ul>\n","protected":false},"excerpt":{"rendered":"<p>Le nouveau FORCE-PRO-S allie les performances puissantes de la s\u00e9rie FORCE avec l\u2019autonomie des c\u00e9l\u00e8bres cam\u00e9ras SOLAR.<\/p>\n","protected":false},"featured_media":63398,"template":"","meta":[],"product_brand":[8209],"product_cat":[8241],"product_tag":[],"yoast_head":"<!-- This site is optimized with the Yoast SEO plugin v24.3 - https:\/\/yoast.com\/wordpress\/plugins\/seo\/ -->\n<title>Spypoint FORCE-PRO-S avec panneau solaire 30\u00a0Mpx et vid\u00e9o 4K<\/title>\n<meta name=\"description\" content=\"Le nouveau FORCE-PRO-S allie les performances puissantes de la s\u00e9rie FORCE avec l\u2019autonomie des c\u00e9l\u00e8bres cam\u00e9ras SOLAR.\" \/>\n<meta name=\"robots\" content=\"noindex, follow, max-snippet:-1, max-image-preview:large, max-video-preview:-1\" \/>\n<meta property=\"og:locale\" content=\"fr_FR\" \/>\n<meta property=\"og:type\" content=\"article\" \/>\n<meta property=\"og:title\" content=\"Spypoint FORCE-PRO-S avec panneau solaire 30\u00a0Mpx et vid\u00e9o 4K\" \/>\n<meta property=\"og:description\" content=\"Le nouveau FORCE-PRO-S allie les performances puissantes de la s\u00e9rie FORCE avec l\u2019autonomie des c\u00e9l\u00e8bres cam\u00e9ras SOLAR.\" \/>\n<meta property=\"og:url\" content=\"https:\/\/staging.lucky-hunter.com\/fr\/product\/spypoint-force-pro-2\/\" \/>\n<meta property=\"og:site_name\" content=\"Lucky-Hunter\" \/>\n<meta property=\"article:modified_time\" content=\"2023-08-31T09:38:20+00:00\" \/>\n<meta property=\"og:image\" content=\"https:\/\/staging.lucky-hunter.com\/wp-content\/uploads\/2023\/08\/680608-2.png\" \/>\n\t<meta property=\"og:image:width\" content=\"1000\" \/>\n\t<meta property=\"og:image:height\" content=\"1000\" \/>\n\t<meta property=\"og:image:type\" content=\"image\/png\" \/>\n<meta name=\"twitter:card\" content=\"summary_large_image\" \/>\n<meta name=\"twitter:label1\" content=\"Dur\u00e9e de lecture estim\u00e9e\" \/>\n\t<meta name=\"twitter:data1\" content=\"1 minute\" \/>\n<script type=\"application\/ld+json\" class=\"yoast-schema-graph\">{\"@context\":\"https:\/\/schema.org\",\"@graph\":[{\"@type\":\"WebPage\",\"@id\":\"https:\/\/staging.lucky-hunter.com\/fr\/product\/spypoint-force-pro-2\/\",\"url\":\"https:\/\/staging.lucky-hunter.com\/fr\/product\/spypoint-force-pro-2\/\",\"name\":\"Spypoint FORCE-PRO-S avec panneau solaire 30\u00a0Mpx et vid\u00e9o 4K\",\"isPartOf\":{\"@id\":\"https:\/\/staging.lucky-hunter.com\/#website\"},\"primaryImageOfPage\":{\"@id\":\"https:\/\/staging.lucky-hunter.com\/fr\/product\/spypoint-force-pro-2\/#primaryimage\"},\"image\":{\"@id\":\"https:\/\/staging.lucky-hunter.com\/fr\/product\/spypoint-force-pro-2\/#primaryimage\"},\"thumbnailUrl\":\"https:\/\/staging.lucky-hunter.com\/wp-content\/uploads\/2023\/08\/680608-2.png\",\"datePublished\":\"2023-08-23T12:41:54+00:00\",\"dateModified\":\"2023-08-31T09:38:20+00:00\",\"description\":\"Le nouveau FORCE-PRO-S allie les performances puissantes de la s\u00e9rie FORCE avec l\u2019autonomie des c\u00e9l\u00e8bres cam\u00e9ras SOLAR.\",\"breadcrumb\":{\"@id\":\"https:\/\/staging.lucky-hunter.com\/fr\/product\/spypoint-force-pro-2\/#breadcrumb\"},\"inLanguage\":\"fr-FR\",\"potentialAction\":[{\"@type\":\"ReadAction\",\"target\":[\"https:\/\/staging.lucky-hunter.com\/fr\/product\/spypoint-force-pro-2\/\"]}]},{\"@type\":\"ImageObject\",\"inLanguage\":\"fr-FR\",\"@id\":\"https:\/\/staging.lucky-hunter.com\/fr\/product\/spypoint-force-pro-2\/#primaryimage\",\"url\":\"https:\/\/staging.lucky-hunter.com\/wp-content\/uploads\/2023\/08\/680608-2.png\",\"contentUrl\":\"https:\/\/staging.lucky-hunter.com\/wp-content\/uploads\/2023\/08\/680608-2.png\",\"width\":1000,\"height\":1000},{\"@type\":\"BreadcrumbList\",\"@id\":\"https:\/\/staging.lucky-hunter.com\/fr\/product\/spypoint-force-pro-2\/#breadcrumb\",\"itemListElement\":[{\"@type\":\"ListItem\",\"position\":1,\"name\":\"Home\",\"item\":\"https:\/\/staging.lucky-hunter.com\/fr\/\"},{\"@type\":\"ListItem\",\"position\":2,\"name\":\"Boutique\",\"item\":\"https:\/\/staging.lucky-hunter.com\/fr\/shop\/\"},{\"@type\":\"ListItem\",\"position\":3,\"name\":\"Spypoint FORCE-PRO-S\"}]},{\"@type\":\"WebSite\",\"@id\":\"https:\/\/staging.lucky-hunter.com\/#website\",\"url\":\"https:\/\/staging.lucky-hunter.com\/\",\"name\":\"Lucky-Hunter\",\"description\":\"Gear Up or Give Up\",\"potentialAction\":[{\"@type\":\"SearchAction\",\"target\":{\"@type\":\"EntryPoint\",\"urlTemplate\":\"https:\/\/staging.lucky-hunter.com\/?s={search_term_string}\"},\"query-input\":{\"@type\":\"PropertyValueSpecification\",\"valueRequired\":true,\"valueName\":\"search_term_string\"}}],\"inLanguage\":\"fr-FR\"}]}<\/script>\n<!-- \/ Yoast SEO plugin. -->","yoast_head_json":{"title":"Spypoint FORCE-PRO-S avec panneau solaire 30\u00a0Mpx et vid\u00e9o 4K","description":"Le nouveau FORCE-PRO-S allie les performances puissantes de la s\u00e9rie FORCE avec l\u2019autonomie des c\u00e9l\u00e8bres cam\u00e9ras SOLAR.","robots":{"index":"noindex","follow":"follow","max-snippet":"max-snippet:-1","max-image-preview":"max-image-preview:large","max-video-preview":"max-video-preview:-1"},"og_locale":"fr_FR","og_type":"article","og_title":"Spypoint FORCE-PRO-S avec panneau solaire 30\u00a0Mpx et vid\u00e9o 4K","og_description":"Le nouveau FORCE-PRO-S allie les performances puissantes de la s\u00e9rie FORCE avec l\u2019autonomie des c\u00e9l\u00e8bres cam\u00e9ras SOLAR.","og_url":"https:\/\/staging.lucky-hunter.com\/fr\/product\/spypoint-force-pro-2\/","og_site_name":"Lucky-Hunter","article_modified_time":"2023-08-31T09:38:20+00:00","og_image":[{"width":1000,"height":1000,"url":"https:\/\/staging.lucky-hunter.com\/wp-content\/uploads\/2023\/08\/680608-2.png","type":"image\/png"}],"twitter_card":"summary_large_image","twitter_misc":{"Dur\u00e9e de lecture estim\u00e9e":"1 minute"},"schema":{"@context":"https:\/\/schema.org","@graph":[{"@type":"WebPage","@id":"https:\/\/staging.lucky-hunter.com\/fr\/product\/spypoint-force-pro-2\/","url":"https:\/\/staging.lucky-hunter.com\/fr\/product\/spypoint-force-pro-2\/","name":"Spypoint FORCE-PRO-S avec panneau solaire 30\u00a0Mpx et vid\u00e9o 4K","isPartOf":{"@id":"https:\/\/staging.lucky-hunter.com\/#website"},"primaryImageOfPage":{"@id":"https:\/\/staging.lucky-hunter.com\/fr\/product\/spypoint-force-pro-2\/#primaryimage"},"image":{"@id":"https:\/\/staging.lucky-hunter.com\/fr\/product\/spypoint-force-pro-2\/#primaryimage"},"thumbnailUrl":"https:\/\/staging.lucky-hunter.com\/wp-content\/uploads\/2023\/08\/680608-2.png","datePublished":"2023-08-23T12:41:54+00:00","dateModified":"2023-08-31T09:38:20+00:00","description":"Le nouveau FORCE-PRO-S allie les performances puissantes de la s\u00e9rie FORCE avec l\u2019autonomie des c\u00e9l\u00e8bres cam\u00e9ras SOLAR.","breadcrumb":{"@id":"https:\/\/staging.lucky-hunter.com\/fr\/product\/spypoint-force-pro-2\/#breadcrumb"},"inLanguage":"fr-FR","potentialAction":[{"@type":"ReadAction","target":["https:\/\/staging.lucky-hunter.com\/fr\/product\/spypoint-force-pro-2\/"]}]},{"@type":"ImageObject","inLanguage":"fr-FR","@id":"https:\/\/staging.lucky-hunter.com\/fr\/product\/spypoint-force-pro-2\/#primaryimage","url":"https:\/\/staging.lucky-hunter.com\/wp-content\/uploads\/2023\/08\/680608-2.png","contentUrl":"https:\/\/staging.lucky-hunter.com\/wp-content\/uploads\/2023\/08\/680608-2.png","width":1000,"height":1000},{"@type":"BreadcrumbList","@id":"https:\/\/staging.lucky-hunter.com\/fr\/product\/spypoint-force-pro-2\/#breadcrumb","itemListElement":[{"@type":"ListItem","position":1,"name":"Home","item":"https:\/\/staging.lucky-hunter.com\/fr\/"},{"@type":"ListItem","position":2,"name":"Boutique","item":"https:\/\/staging.lucky-hunter.com\/fr\/shop\/"},{"@type":"ListItem","position":3,"name":"Spypoint FORCE-PRO-S"}]},{"@type":"WebSite","@id":"https:\/\/staging.lucky-hunter.com\/#website","url":"https:\/\/staging.lucky-hunter.com\/","name":"Lucky-Hunter","description":"Gear Up or Give Up","potentialAction":[{"@type":"SearchAction","target":{"@type":"EntryPoint","urlTemplate":"https:\/\/staging.lucky-hunter.com\/?s={search_term_string}"},"query-input":{"@type":"PropertyValueSpecification","valueRequired":true,"valueName":"search_term_string"}}],"inLanguage":"fr-FR"}]}},"_links":{"self":[{"href":"https:\/\/staging.lucky-hunter.com\/fr\/wp-json\/wp\/v2\/product\/63335"}],"collection":[{"href":"https:\/\/staging.lucky-hunter.com\/fr\/wp-json\/wp\/v2\/product"}],"about":[{"href":"https:\/\/staging.lucky-hunter.com\/fr\/wp-json\/wp\/v2\/types\/product"}],"wp:featuredmedia":[{"embeddable":true,"href":"https:\/\/staging.lucky-hunter.com\/fr\/wp-json\/wp\/v2\/media\/63398"}],"wp:attachment":[{"href":"https:\/\/staging.lucky-hunter.com\/fr\/wp-json\/wp\/v2\/media?parent=63335"}],"wp:term":[{"taxonomy":"product_brand","embeddable":true,"href":"https:\/\/staging.lucky-hunter.com\/fr\/wp-json\/wp\/v2\/product_brand?post=63335"},{"taxonomy":"product_cat","embeddable":true,"href":"https:\/\/staging.lucky-hunter.com\/fr\/wp-json\/wp\/v2\/product_cat?post=63335"},{"taxonomy":"product_tag","embeddable":true,"href":"https:\/\/staging.lucky-hunter.com\/fr\/wp-json\/wp\/v2\/product_tag?post=63335"}],"curies":[{"name":"wp","href":"https:\/\/api.w.org\/{rel}","templated":true}]}}