{"id":63325,"date":"2023-08-23T14:23:02","date_gmt":"2023-08-23T12:23:02","guid":{"rendered":"https:\/\/staging.lucky-hunter.com\/?post_type=product&#038;p=63325"},"modified":"2025-09-08T14:04:48","modified_gmt":"2025-09-08T12:04:48","slug":"spypoint-flex","status":"publish","type":"product","link":"https:\/\/staging.lucky-hunter.com\/fr\/product\/spypoint-flex\/","title":{"rendered":"Spypoint Flex-S DARK"},"content":{"rendered":"<p>SPYPOINT FLEX-S DARK combine la puissante cam\u00e9ra FLEX avec un panneau solaire et une batterie lithium-ion int\u00e9gr\u00e9e. De quoi prolonger l\u2019autonomie et vous \u00e9vite des d\u00e9placements sur le terrain pour changer les piles.<\/p>\n<p>Gr\u00e2ce \u00e0 une r\u00e9solution de 40 m\u00e9gapixels, de la vid\u00e9o en 1080p et l&#8217;application SPYPOINT, vous serez plus proche du terrain que jamais.<\/p>\n<p>Le FLEX-S-DARK est dot\u00e9 d&#8217;une nouvelle antenne flexible avec des fixations en laiton antid\u00e9rapantes qui ne se cassent ni ne glissent. La fermeture a \u00e9t\u00e9 am\u00e9lior\u00e9e et renforc\u00e9e pour garantir un fonctionnement optimal, m\u00eame dans des conditions difficiles.<\/p>\n<div><strong>Caract\u00e9ristiques\u00a0:<\/strong><\/div>\n<ul>\n<li>40 Mpx<\/li>\n<li>Vid\u00e9o 1080p<\/li>\n<li>LED Black-Flash (invisibles) ou LED Low-Glow (port\u00e9e sup\u00e9rieure), facilement commutables via l&#8217;application<\/li>\n<li>R\u00e9seau LTE<\/li>\n<li>Vitesse de d\u00e9clenchement de 0,3 sec<\/li>\n<li>Transmission vid\u00e9o<\/li>\n<li>Fonction Multi Shot jusqu\u2019\u00e0 3 images par d\u00e9tection<\/li>\n<li>Enregistrement audio<\/li>\n<li>Dur\u00e9e de la vid\u00e9o\u00a0: 15 secondes Full HD<\/li>\n<li>4 LED<\/li>\n<li>Distance de d\u00e9tection\u00a0: 30 m\u00e8tres<\/li>\n<li>Carte Micro SD jusqu&#8217;\u00e0 32 Go (non incluse)<\/li>\n<li>Batterie lithium-ion incluse.<\/li>\n<\/ul>\n","protected":false},"excerpt":{"rendered":"<p>SPYPOINT FLEX-S DARK combine la puissante cam\u00e9ra FLEX avec un panneau solaire et une batterie lithium-ion int\u00e9gr\u00e9e.<\/p>\n","protected":false},"featured_media":1432950,"template":"","meta":[],"product_brand":[8209],"product_cat":[8241],"product_tag":[],"yoast_head":"<!-- This site is optimized with the Yoast SEO plugin v24.3 - https:\/\/yoast.com\/wordpress\/plugins\/seo\/ -->\n<title>Spypoint Flex-S DARK - La performance de cam\u00e9ra de pistage dont vous avez besoin !<\/title>\n<meta name=\"description\" content=\"Le nouveau SPYPOINT FLEX-S DARK combine la puissante cam\u00e9ra FLEX avec un panneau solaire et une batterie lithium-ion int\u00e9gr\u00e9e.\" \/>\n<meta name=\"robots\" content=\"noindex, follow, max-snippet:-1, max-image-preview:large, max-video-preview:-1\" \/>\n<meta property=\"og:locale\" content=\"fr_FR\" \/>\n<meta property=\"og:type\" content=\"article\" \/>\n<meta property=\"og:title\" content=\"Spypoint Flex-S DARK - La performance de cam\u00e9ra de pistage dont vous avez besoin !\" \/>\n<meta property=\"og:description\" content=\"Le nouveau SPYPOINT FLEX-S DARK combine la puissante cam\u00e9ra FLEX avec un panneau solaire et une batterie lithium-ion int\u00e9gr\u00e9e.\" \/>\n<meta property=\"og:url\" content=\"https:\/\/staging.lucky-hunter.com\/fr\/product\/spypoint-flex\/\" \/>\n<meta property=\"og:site_name\" content=\"Lucky-Hunter\" \/>\n<meta property=\"article:modified_time\" content=\"2025-09-08T12:04:48+00:00\" \/>\n<meta property=\"og:image\" content=\"https:\/\/staging.lucky-hunter.com\/wp-content\/uploads\/2023\/08\/680620-removebg-e1757332823319.png\" \/>\n\t<meta property=\"og:image:width\" content=\"1920\" \/>\n\t<meta property=\"og:image:height\" content=\"1920\" \/>\n\t<meta property=\"og:image:type\" content=\"image\/png\" \/>\n<meta name=\"twitter:card\" content=\"summary_large_image\" \/>\n<meta name=\"twitter:label1\" content=\"Dur\u00e9e de lecture estim\u00e9e\" \/>\n\t<meta name=\"twitter:data1\" content=\"2 minutes\" \/>\n<script type=\"application\/ld+json\" class=\"yoast-schema-graph\">{\"@context\":\"https:\/\/schema.org\",\"@graph\":[{\"@type\":\"WebPage\",\"@id\":\"https:\/\/staging.lucky-hunter.com\/fr\/product\/spypoint-flex\/\",\"url\":\"https:\/\/staging.lucky-hunter.com\/fr\/product\/spypoint-flex\/\",\"name\":\"Spypoint Flex-S DARK - La performance de cam\u00e9ra de pistage dont vous avez besoin !\",\"isPartOf\":{\"@id\":\"https:\/\/staging.lucky-hunter.com\/#website\"},\"primaryImageOfPage\":{\"@id\":\"https:\/\/staging.lucky-hunter.com\/fr\/product\/spypoint-flex\/#primaryimage\"},\"image\":{\"@id\":\"https:\/\/staging.lucky-hunter.com\/fr\/product\/spypoint-flex\/#primaryimage\"},\"thumbnailUrl\":\"https:\/\/staging.lucky-hunter.com\/wp-content\/uploads\/2023\/08\/680620-removebg-e1757332823319.png\",\"datePublished\":\"2023-08-23T12:23:02+00:00\",\"dateModified\":\"2025-09-08T12:04:48+00:00\",\"description\":\"Le nouveau SPYPOINT FLEX-S DARK combine la puissante cam\u00e9ra FLEX avec un panneau solaire et une batterie lithium-ion int\u00e9gr\u00e9e.\",\"breadcrumb\":{\"@id\":\"https:\/\/staging.lucky-hunter.com\/fr\/product\/spypoint-flex\/#breadcrumb\"},\"inLanguage\":\"fr-FR\",\"potentialAction\":[{\"@type\":\"ReadAction\",\"target\":[\"https:\/\/staging.lucky-hunter.com\/fr\/product\/spypoint-flex\/\"]}]},{\"@type\":\"ImageObject\",\"inLanguage\":\"fr-FR\",\"@id\":\"https:\/\/staging.lucky-hunter.com\/fr\/product\/spypoint-flex\/#primaryimage\",\"url\":\"https:\/\/staging.lucky-hunter.com\/wp-content\/uploads\/2023\/08\/680620-removebg-e1757332823319.png\",\"contentUrl\":\"https:\/\/staging.lucky-hunter.com\/wp-content\/uploads\/2023\/08\/680620-removebg-e1757332823319.png\",\"width\":1920,\"height\":1920},{\"@type\":\"BreadcrumbList\",\"@id\":\"https:\/\/staging.lucky-hunter.com\/fr\/product\/spypoint-flex\/#breadcrumb\",\"itemListElement\":[{\"@type\":\"ListItem\",\"position\":1,\"name\":\"Home\",\"item\":\"https:\/\/staging.lucky-hunter.com\/fr\/\"},{\"@type\":\"ListItem\",\"position\":2,\"name\":\"Boutique\",\"item\":\"https:\/\/staging.lucky-hunter.com\/fr\/shop\/\"},{\"@type\":\"ListItem\",\"position\":3,\"name\":\"Spypoint Flex-S DARK\"}]},{\"@type\":\"WebSite\",\"@id\":\"https:\/\/staging.lucky-hunter.com\/#website\",\"url\":\"https:\/\/staging.lucky-hunter.com\/\",\"name\":\"Lucky-Hunter\",\"description\":\"Gear Up or Give Up\",\"potentialAction\":[{\"@type\":\"SearchAction\",\"target\":{\"@type\":\"EntryPoint\",\"urlTemplate\":\"https:\/\/staging.lucky-hunter.com\/?s={search_term_string}\"},\"query-input\":{\"@type\":\"PropertyValueSpecification\",\"valueRequired\":true,\"valueName\":\"search_term_string\"}}],\"inLanguage\":\"fr-FR\"}]}<\/script>\n<!-- \/ Yoast SEO plugin. -->","yoast_head_json":{"title":"Spypoint Flex-S DARK - La performance de cam\u00e9ra de pistage dont vous avez besoin !","description":"Le nouveau SPYPOINT FLEX-S DARK combine la puissante cam\u00e9ra FLEX avec un panneau solaire et une batterie lithium-ion int\u00e9gr\u00e9e.","robots":{"index":"noindex","follow":"follow","max-snippet":"max-snippet:-1","max-image-preview":"max-image-preview:large","max-video-preview":"max-video-preview:-1"},"og_locale":"fr_FR","og_type":"article","og_title":"Spypoint Flex-S DARK - La performance de cam\u00e9ra de pistage dont vous avez besoin !","og_description":"Le nouveau SPYPOINT FLEX-S DARK combine la puissante cam\u00e9ra FLEX avec un panneau solaire et une batterie lithium-ion int\u00e9gr\u00e9e.","og_url":"https:\/\/staging.lucky-hunter.com\/fr\/product\/spypoint-flex\/","og_site_name":"Lucky-Hunter","article_modified_time":"2025-09-08T12:04:48+00:00","og_image":[{"width":1920,"height":1920,"url":"https:\/\/staging.lucky-hunter.com\/wp-content\/uploads\/2023\/08\/680620-removebg-e1757332823319.png","type":"image\/png"}],"twitter_card":"summary_large_image","twitter_misc":{"Dur\u00e9e de lecture estim\u00e9e":"2 minutes"},"schema":{"@context":"https:\/\/schema.org","@graph":[{"@type":"WebPage","@id":"https:\/\/staging.lucky-hunter.com\/fr\/product\/spypoint-flex\/","url":"https:\/\/staging.lucky-hunter.com\/fr\/product\/spypoint-flex\/","name":"Spypoint Flex-S DARK - La performance de cam\u00e9ra de pistage dont vous avez besoin !","isPartOf":{"@id":"https:\/\/staging.lucky-hunter.com\/#website"},"primaryImageOfPage":{"@id":"https:\/\/staging.lucky-hunter.com\/fr\/product\/spypoint-flex\/#primaryimage"},"image":{"@id":"https:\/\/staging.lucky-hunter.com\/fr\/product\/spypoint-flex\/#primaryimage"},"thumbnailUrl":"https:\/\/staging.lucky-hunter.com\/wp-content\/uploads\/2023\/08\/680620-removebg-e1757332823319.png","datePublished":"2023-08-23T12:23:02+00:00","dateModified":"2025-09-08T12:04:48+00:00","description":"Le nouveau SPYPOINT FLEX-S DARK combine la puissante cam\u00e9ra FLEX avec un panneau solaire et une batterie lithium-ion int\u00e9gr\u00e9e.","breadcrumb":{"@id":"https:\/\/staging.lucky-hunter.com\/fr\/product\/spypoint-flex\/#breadcrumb"},"inLanguage":"fr-FR","potentialAction":[{"@type":"ReadAction","target":["https:\/\/staging.lucky-hunter.com\/fr\/product\/spypoint-flex\/"]}]},{"@type":"ImageObject","inLanguage":"fr-FR","@id":"https:\/\/staging.lucky-hunter.com\/fr\/product\/spypoint-flex\/#primaryimage","url":"https:\/\/staging.lucky-hunter.com\/wp-content\/uploads\/2023\/08\/680620-removebg-e1757332823319.png","contentUrl":"https:\/\/staging.lucky-hunter.com\/wp-content\/uploads\/2023\/08\/680620-removebg-e1757332823319.png","width":1920,"height":1920},{"@type":"BreadcrumbList","@id":"https:\/\/staging.lucky-hunter.com\/fr\/product\/spypoint-flex\/#breadcrumb","itemListElement":[{"@type":"ListItem","position":1,"name":"Home","item":"https:\/\/staging.lucky-hunter.com\/fr\/"},{"@type":"ListItem","position":2,"name":"Boutique","item":"https:\/\/staging.lucky-hunter.com\/fr\/shop\/"},{"@type":"ListItem","position":3,"name":"Spypoint Flex-S DARK"}]},{"@type":"WebSite","@id":"https:\/\/staging.lucky-hunter.com\/#website","url":"https:\/\/staging.lucky-hunter.com\/","name":"Lucky-Hunter","description":"Gear Up or Give Up","potentialAction":[{"@type":"SearchAction","target":{"@type":"EntryPoint","urlTemplate":"https:\/\/staging.lucky-hunter.com\/?s={search_term_string}"},"query-input":{"@type":"PropertyValueSpecification","valueRequired":true,"valueName":"search_term_string"}}],"inLanguage":"fr-FR"}]}},"_links":{"self":[{"href":"https:\/\/staging.lucky-hunter.com\/fr\/wp-json\/wp\/v2\/product\/63325"}],"collection":[{"href":"https:\/\/staging.lucky-hunter.com\/fr\/wp-json\/wp\/v2\/product"}],"about":[{"href":"https:\/\/staging.lucky-hunter.com\/fr\/wp-json\/wp\/v2\/types\/product"}],"wp:featuredmedia":[{"embeddable":true,"href":"https:\/\/staging.lucky-hunter.com\/fr\/wp-json\/wp\/v2\/media\/1432950"}],"wp:attachment":[{"href":"https:\/\/staging.lucky-hunter.com\/fr\/wp-json\/wp\/v2\/media?parent=63325"}],"wp:term":[{"taxonomy":"product_brand","embeddable":true,"href":"https:\/\/staging.lucky-hunter.com\/fr\/wp-json\/wp\/v2\/product_brand?post=63325"},{"taxonomy":"product_cat","embeddable":true,"href":"https:\/\/staging.lucky-hunter.com\/fr\/wp-json\/wp\/v2\/product_cat?post=63325"},{"taxonomy":"product_tag","embeddable":true,"href":"https:\/\/staging.lucky-hunter.com\/fr\/wp-json\/wp\/v2\/product_tag?post=63325"}],"curies":[{"name":"wp","href":"https:\/\/api.w.org\/{rel}","templated":true}]}}