{"id":63216,"date":"2023-08-14T14:00:03","date_gmt":"2023-08-14T12:00:03","guid":{"rendered":"https:\/\/staging.lucky-hunter.com\/product\/copy\/"},"modified":"2025-09-25T19:05:00","modified_gmt":"2025-09-25T17:05:00","slug":"pilets-last-pass-final-approach","status":"publish","type":"product","link":"https:\/\/staging.lucky-hunter.com\/fr\/product\/pilets-last-pass-final-approach\/","title":{"rendered":"Pilets Last Pass\u00a0&#8211; Final Approach"},"content":{"rendered":"<h1><strong>Formes \u00e9conomiques de Final Approach<\/strong><\/h1>\n<p>La s\u00e9rie de formes Last Pass vous propose des leurres de haute qualit\u00e9 \u00e0 un prix imbattable. Am\u00e9liorez le r\u00e9alisme de votre troupeau avec le Pilet flottant Last Pass \u00e0 la sculpture d\u00e9taill\u00e9e et au sch\u00e9ma de peinture r\u00e9aliste.<\/p>\n<p>Fabriqu\u00e9 \u00e0 partir d&#8217;un m\u00e9lange de plastique durable, ce leurre est con\u00e7u pour r\u00e9sister aux rigueurs de la saison des canards. Sa conception l\u00e9g\u00e8re et sa taille compacte le rendent id\u00e9al pour les longues promenades \u00e0 l&#8217;aveugle ou pour le rangement dans des tra\u00eeneaux et de petits bateaux tels que des kayaks.<\/p>\n<p>Ce pack de 12 comprend des leurres m\u00e2les uniquement, aux couleurs que vous d\u00e9sirez, pour votre configuration de leurre de Pilets. Que vous soyez d\u00e9butant dans ce sport ou chasseur de canard chevronn\u00e9, le Pilet flottant de Last Pass est un excellent choix.<\/p>\n<p><strong>Caract\u00e9ristiques\u00a0: <\/strong><\/p>\n<ul>\n<li><span style=\"font-size: 14.4px;\">Plastique PEHD r\u00e9sistant<\/span><\/li>\n<li>Nouvelle sculpture du triple champion du monde Jamie Welsh<\/li>\n<li>Parfait pour ajouter des chiffres \u00e0 votre propagation<\/li>\n<li>Conception monobloc<\/li>\n<li>Quille lest\u00e9e avec syst\u00e8me de blocage de corde<\/li>\n<li>Ce pack comprend\u00a0: 12 canards m\u00e2les<\/li>\n<li>Longueur des leurres (bec \u00e0 queue)\u00a0: 12 pouces<\/li>\n<\/ul>\n","protected":false},"excerpt":{"rendered":"<p>Vous cherchez des formes de canard \u00e0 un tr\u00e8s bon prix ? Alors le Pilet &#8220;Last Pass&#8221; de Final Approach est ce qu\u2019il vous faut<\/p>\n","protected":false},"featured_media":63173,"template":"","meta":[],"product_brand":[8136],"product_cat":[8184],"product_tag":[],"yoast_head":"<!-- This site is optimized with the Yoast SEO plugin v24.3 - https:\/\/yoast.com\/wordpress\/plugins\/seo\/ -->\n<title>Pilets Last Pass\u00a0- Final Approach<\/title>\n<meta name=\"description\" content=\"Vous cherchez des formes de canard \u00e0 un tr\u00e8s bon prix ? Alors, cliquez ici et d\u00e9couvrez le Pilet \u00ab\u00a0Last Pass\u00a0\u00bb de Final Approach\" \/>\n<meta name=\"robots\" content=\"noindex, follow, max-snippet:-1, max-image-preview:large, max-video-preview:-1\" \/>\n<meta property=\"og:locale\" content=\"fr_FR\" \/>\n<meta property=\"og:type\" content=\"article\" \/>\n<meta property=\"og:title\" content=\"Pilets Last Pass\u00a0- Final Approach\" \/>\n<meta property=\"og:description\" content=\"Vous cherchez des formes de canard \u00e0 un tr\u00e8s bon prix ? Alors, cliquez ici et d\u00e9couvrez le Pilet \u00ab\u00a0Last Pass\u00a0\u00bb de Final Approach\" \/>\n<meta property=\"og:url\" content=\"https:\/\/staging.lucky-hunter.com\/fr\/product\/pilets-last-pass-final-approach\/\" \/>\n<meta property=\"og:site_name\" content=\"Lucky-Hunter\" \/>\n<meta property=\"article:modified_time\" content=\"2025-09-25T17:05:00+00:00\" \/>\n<meta property=\"og:image\" content=\"https:\/\/staging.lucky-hunter.com\/wp-content\/uploads\/2023\/08\/lf-403-1.png\" \/>\n\t<meta property=\"og:image:width\" content=\"1200\" \/>\n\t<meta property=\"og:image:height\" content=\"1200\" \/>\n\t<meta property=\"og:image:type\" content=\"image\/png\" \/>\n<meta name=\"twitter:card\" content=\"summary_large_image\" \/>\n<meta name=\"twitter:label1\" content=\"Dur\u00e9e de lecture estim\u00e9e\" \/>\n\t<meta name=\"twitter:data1\" content=\"2 minutes\" \/>\n<script type=\"application\/ld+json\" class=\"yoast-schema-graph\">{\"@context\":\"https:\/\/schema.org\",\"@graph\":[{\"@type\":\"WebPage\",\"@id\":\"https:\/\/staging.lucky-hunter.com\/fr\/product\/pilets-last-pass-final-approach\/\",\"url\":\"https:\/\/staging.lucky-hunter.com\/fr\/product\/pilets-last-pass-final-approach\/\",\"name\":\"Pilets Last Pass\u00a0- Final Approach\",\"isPartOf\":{\"@id\":\"https:\/\/staging.lucky-hunter.com\/#website\"},\"primaryImageOfPage\":{\"@id\":\"https:\/\/staging.lucky-hunter.com\/fr\/product\/pilets-last-pass-final-approach\/#primaryimage\"},\"image\":{\"@id\":\"https:\/\/staging.lucky-hunter.com\/fr\/product\/pilets-last-pass-final-approach\/#primaryimage\"},\"thumbnailUrl\":\"https:\/\/staging.lucky-hunter.com\/wp-content\/uploads\/2023\/08\/lf-403-1.png\",\"datePublished\":\"2023-08-14T12:00:03+00:00\",\"dateModified\":\"2025-09-25T17:05:00+00:00\",\"description\":\"Vous cherchez des formes de canard \u00e0 un tr\u00e8s bon prix ? Alors, cliquez ici et d\u00e9couvrez le Pilet \u00ab\u00a0Last Pass\u00a0\u00bb de Final Approach\",\"breadcrumb\":{\"@id\":\"https:\/\/staging.lucky-hunter.com\/fr\/product\/pilets-last-pass-final-approach\/#breadcrumb\"},\"inLanguage\":\"fr-FR\",\"potentialAction\":[{\"@type\":\"ReadAction\",\"target\":[\"https:\/\/staging.lucky-hunter.com\/fr\/product\/pilets-last-pass-final-approach\/\"]}]},{\"@type\":\"ImageObject\",\"inLanguage\":\"fr-FR\",\"@id\":\"https:\/\/staging.lucky-hunter.com\/fr\/product\/pilets-last-pass-final-approach\/#primaryimage\",\"url\":\"https:\/\/staging.lucky-hunter.com\/wp-content\/uploads\/2023\/08\/lf-403-1.png\",\"contentUrl\":\"https:\/\/staging.lucky-hunter.com\/wp-content\/uploads\/2023\/08\/lf-403-1.png\",\"width\":1200,\"height\":1200},{\"@type\":\"BreadcrumbList\",\"@id\":\"https:\/\/staging.lucky-hunter.com\/fr\/product\/pilets-last-pass-final-approach\/#breadcrumb\",\"itemListElement\":[{\"@type\":\"ListItem\",\"position\":1,\"name\":\"Home\",\"item\":\"https:\/\/staging.lucky-hunter.com\/fr\/\"},{\"@type\":\"ListItem\",\"position\":2,\"name\":\"Boutique\",\"item\":\"https:\/\/staging.lucky-hunter.com\/fr\/shop\/\"},{\"@type\":\"ListItem\",\"position\":3,\"name\":\"Pilets Last Pass\u00a0&#8211; Final Approach\"}]},{\"@type\":\"WebSite\",\"@id\":\"https:\/\/staging.lucky-hunter.com\/#website\",\"url\":\"https:\/\/staging.lucky-hunter.com\/\",\"name\":\"Lucky-Hunter\",\"description\":\"Gear Up or Give Up\",\"potentialAction\":[{\"@type\":\"SearchAction\",\"target\":{\"@type\":\"EntryPoint\",\"urlTemplate\":\"https:\/\/staging.lucky-hunter.com\/?s={search_term_string}\"},\"query-input\":{\"@type\":\"PropertyValueSpecification\",\"valueRequired\":true,\"valueName\":\"search_term_string\"}}],\"inLanguage\":\"fr-FR\"}]}<\/script>\n<!-- \/ Yoast SEO plugin. -->","yoast_head_json":{"title":"Pilets Last Pass\u00a0- Final Approach","description":"Vous cherchez des formes de canard \u00e0 un tr\u00e8s bon prix ? Alors, cliquez ici et d\u00e9couvrez le Pilet \u00ab\u00a0Last Pass\u00a0\u00bb de Final Approach","robots":{"index":"noindex","follow":"follow","max-snippet":"max-snippet:-1","max-image-preview":"max-image-preview:large","max-video-preview":"max-video-preview:-1"},"og_locale":"fr_FR","og_type":"article","og_title":"Pilets Last Pass\u00a0- Final Approach","og_description":"Vous cherchez des formes de canard \u00e0 un tr\u00e8s bon prix ? Alors, cliquez ici et d\u00e9couvrez le Pilet \u00ab\u00a0Last Pass\u00a0\u00bb de Final Approach","og_url":"https:\/\/staging.lucky-hunter.com\/fr\/product\/pilets-last-pass-final-approach\/","og_site_name":"Lucky-Hunter","article_modified_time":"2025-09-25T17:05:00+00:00","og_image":[{"width":1200,"height":1200,"url":"https:\/\/staging.lucky-hunter.com\/wp-content\/uploads\/2023\/08\/lf-403-1.png","type":"image\/png"}],"twitter_card":"summary_large_image","twitter_misc":{"Dur\u00e9e de lecture estim\u00e9e":"2 minutes"},"schema":{"@context":"https:\/\/schema.org","@graph":[{"@type":"WebPage","@id":"https:\/\/staging.lucky-hunter.com\/fr\/product\/pilets-last-pass-final-approach\/","url":"https:\/\/staging.lucky-hunter.com\/fr\/product\/pilets-last-pass-final-approach\/","name":"Pilets Last Pass\u00a0- Final Approach","isPartOf":{"@id":"https:\/\/staging.lucky-hunter.com\/#website"},"primaryImageOfPage":{"@id":"https:\/\/staging.lucky-hunter.com\/fr\/product\/pilets-last-pass-final-approach\/#primaryimage"},"image":{"@id":"https:\/\/staging.lucky-hunter.com\/fr\/product\/pilets-last-pass-final-approach\/#primaryimage"},"thumbnailUrl":"https:\/\/staging.lucky-hunter.com\/wp-content\/uploads\/2023\/08\/lf-403-1.png","datePublished":"2023-08-14T12:00:03+00:00","dateModified":"2025-09-25T17:05:00+00:00","description":"Vous cherchez des formes de canard \u00e0 un tr\u00e8s bon prix ? Alors, cliquez ici et d\u00e9couvrez le Pilet \u00ab\u00a0Last Pass\u00a0\u00bb de Final Approach","breadcrumb":{"@id":"https:\/\/staging.lucky-hunter.com\/fr\/product\/pilets-last-pass-final-approach\/#breadcrumb"},"inLanguage":"fr-FR","potentialAction":[{"@type":"ReadAction","target":["https:\/\/staging.lucky-hunter.com\/fr\/product\/pilets-last-pass-final-approach\/"]}]},{"@type":"ImageObject","inLanguage":"fr-FR","@id":"https:\/\/staging.lucky-hunter.com\/fr\/product\/pilets-last-pass-final-approach\/#primaryimage","url":"https:\/\/staging.lucky-hunter.com\/wp-content\/uploads\/2023\/08\/lf-403-1.png","contentUrl":"https:\/\/staging.lucky-hunter.com\/wp-content\/uploads\/2023\/08\/lf-403-1.png","width":1200,"height":1200},{"@type":"BreadcrumbList","@id":"https:\/\/staging.lucky-hunter.com\/fr\/product\/pilets-last-pass-final-approach\/#breadcrumb","itemListElement":[{"@type":"ListItem","position":1,"name":"Home","item":"https:\/\/staging.lucky-hunter.com\/fr\/"},{"@type":"ListItem","position":2,"name":"Boutique","item":"https:\/\/staging.lucky-hunter.com\/fr\/shop\/"},{"@type":"ListItem","position":3,"name":"Pilets Last Pass\u00a0&#8211; Final Approach"}]},{"@type":"WebSite","@id":"https:\/\/staging.lucky-hunter.com\/#website","url":"https:\/\/staging.lucky-hunter.com\/","name":"Lucky-Hunter","description":"Gear Up or Give Up","potentialAction":[{"@type":"SearchAction","target":{"@type":"EntryPoint","urlTemplate":"https:\/\/staging.lucky-hunter.com\/?s={search_term_string}"},"query-input":{"@type":"PropertyValueSpecification","valueRequired":true,"valueName":"search_term_string"}}],"inLanguage":"fr-FR"}]}},"_links":{"self":[{"href":"https:\/\/staging.lucky-hunter.com\/fr\/wp-json\/wp\/v2\/product\/63216"}],"collection":[{"href":"https:\/\/staging.lucky-hunter.com\/fr\/wp-json\/wp\/v2\/product"}],"about":[{"href":"https:\/\/staging.lucky-hunter.com\/fr\/wp-json\/wp\/v2\/types\/product"}],"wp:featuredmedia":[{"embeddable":true,"href":"https:\/\/staging.lucky-hunter.com\/fr\/wp-json\/wp\/v2\/media\/63173"}],"wp:attachment":[{"href":"https:\/\/staging.lucky-hunter.com\/fr\/wp-json\/wp\/v2\/media?parent=63216"}],"wp:term":[{"taxonomy":"product_brand","embeddable":true,"href":"https:\/\/staging.lucky-hunter.com\/fr\/wp-json\/wp\/v2\/product_brand?post=63216"},{"taxonomy":"product_cat","embeddable":true,"href":"https:\/\/staging.lucky-hunter.com\/fr\/wp-json\/wp\/v2\/product_cat?post=63216"},{"taxonomy":"product_tag","embeddable":true,"href":"https:\/\/staging.lucky-hunter.com\/fr\/wp-json\/wp\/v2\/product_tag?post=63216"}],"curies":[{"name":"wp","href":"https:\/\/api.w.org\/{rel}","templated":true}]}}