{"id":63199,"date":"2023-08-14T14:03:23","date_gmt":"2023-08-14T12:03:23","guid":{"rendered":"https:\/\/staging.lucky-hunter.com\/product\/fina-approach-last-pass-eurasian-wigeon-12-pcs\/"},"modified":"2025-06-23T15:54:51","modified_gmt":"2025-06-23T13:54:51","slug":"canard-siffleur-last-pass-final-approach-12-pieces","status":"publish","type":"product","link":"https:\/\/staging.lucky-hunter.com\/fr\/product\/canard-siffleur-last-pass-final-approach-12-pieces\/","title":{"rendered":"Canard siffleur Last Pass\u00a0&#8211; Final Approach 12 pi\u00e8ces"},"content":{"rendered":"<h1><strong>Formes siffleur \u00e9conomiques de Final Approach<\/strong><\/h1>\n<p>La s\u00e9rie de formes Last Pass vous propose des formes de haute qualit\u00e9 \u00e0 un prix imbattable. Am\u00e9liorez le r\u00e9alisme de votre troupeau avec le canard siffleur flottant Last Pass \u00e0 la sculpture d\u00e9taill\u00e9e et au sch\u00e9ma de peinture r\u00e9aliste.<\/p>\n<p>Fabriqu\u00e9 \u00e0 partir d&#8217;un m\u00e9lange de plastique durable, cette forme est con\u00e7ue pour r\u00e9sister aux rigueurs de la saison des canards. Sa conception l\u00e9g\u00e8re et sa taille compacte le rendent id\u00e9al pour les longues promenades \u00e0 l&#8217;aveugle ou pour le rangement dans des tra\u00eeneaux et de petits bateaux tels que des kayaks.<\/p>\n<p>Ce pack de 12 comprend des formes m\u00e2les uniquement, aux couleurs que vous d\u00e9sirez, pour votre configuration de formes de canards siffleurs. Que vous soyez d\u00e9butant dans ce sport ou chasseur de canard chevronn\u00e9, le canard siffleur flottant de Last Pass est un excellent choix.<\/p>\n<p><strong>Caract\u00e9ristiques\u00a0: <\/strong><\/p>\n<ul>\n<li><span style=\"font-size: 14.4px;\">Plastique PEHD r\u00e9sistant<\/span><\/li>\n<li>Nouvelle sculpture du triple champion du monde Jamie Welsh<\/li>\n<li>Parfait pour augmenter la taille de votre troupeau<\/li>\n<li>Conception monobloc<\/li>\n<li>Quille lest\u00e9e et syst\u00e8me de blocage de cordon<\/li>\n<li>Le lot de 12 comprend : 12 canards m\u00e2les<\/li>\n<li>Longueur des formes (bec \u00e0 queue)\u00a0: 12 pouces<\/li>\n<\/ul>\n","protected":false},"excerpt":{"rendered":"<p>Vous cherchez des formes de siffleur \u00e0 un tr\u00e8s bon prix ? Alors le canard siffleur &#8220;Last Pass&#8221; de Final Approach est ce qu\u2019il vous faut<\/p>\n","protected":false},"featured_media":63233,"template":"","meta":[],"product_brand":[8136],"product_cat":[8182],"product_tag":[],"yoast_head":"<!-- This site is optimized with the Yoast SEO plugin v24.3 - https:\/\/yoast.com\/wordpress\/plugins\/seo\/ -->\n<title>Canard siffleur Last Pass\u00a0- Final Approach 12 pi\u00e8ces<\/title>\n<meta name=\"description\" content=\"Vous cherchez des leurres de canard \u00e0 un tr\u00e8s bon prix ? Alors cliquez ici pour d\u00e9couvrir le canard siffleur &quot;Last Pass&quot; de Final Approach\" \/>\n<meta name=\"robots\" content=\"noindex, follow, max-snippet:-1, max-image-preview:large, max-video-preview:-1\" \/>\n<meta property=\"og:locale\" content=\"fr_FR\" \/>\n<meta property=\"og:type\" content=\"article\" \/>\n<meta property=\"og:title\" content=\"Canard siffleur Last Pass\u00a0- Final Approach 12 pi\u00e8ces\" \/>\n<meta property=\"og:description\" content=\"Vous cherchez des leurres de canard \u00e0 un tr\u00e8s bon prix ? Alors cliquez ici pour d\u00e9couvrir le canard siffleur &quot;Last Pass&quot; de Final Approach\" \/>\n<meta property=\"og:url\" content=\"https:\/\/staging.lucky-hunter.com\/fr\/product\/canard-siffleur-last-pass-final-approach-12-pieces\/\" \/>\n<meta property=\"og:site_name\" content=\"Lucky-Hunter\" \/>\n<meta property=\"article:modified_time\" content=\"2025-06-23T13:54:51+00:00\" \/>\n<meta property=\"og:image\" content=\"https:\/\/staging.lucky-hunter.com\/wp-content\/uploads\/2023\/08\/LF-414.png\" \/>\n\t<meta property=\"og:image:width\" content=\"1000\" \/>\n\t<meta property=\"og:image:height\" content=\"1000\" \/>\n\t<meta property=\"og:image:type\" content=\"image\/png\" \/>\n<meta name=\"twitter:card\" content=\"summary_large_image\" \/>\n<meta name=\"twitter:label1\" content=\"Dur\u00e9e de lecture estim\u00e9e\" \/>\n\t<meta name=\"twitter:data1\" content=\"2 minutes\" \/>\n<script type=\"application\/ld+json\" class=\"yoast-schema-graph\">{\"@context\":\"https:\/\/schema.org\",\"@graph\":[{\"@type\":\"WebPage\",\"@id\":\"https:\/\/staging.lucky-hunter.com\/fr\/product\/canard-siffleur-last-pass-final-approach-12-pieces\/\",\"url\":\"https:\/\/staging.lucky-hunter.com\/fr\/product\/canard-siffleur-last-pass-final-approach-12-pieces\/\",\"name\":\"Canard siffleur Last Pass\u00a0- Final Approach 12 pi\u00e8ces\",\"isPartOf\":{\"@id\":\"https:\/\/staging.lucky-hunter.com\/#website\"},\"primaryImageOfPage\":{\"@id\":\"https:\/\/staging.lucky-hunter.com\/fr\/product\/canard-siffleur-last-pass-final-approach-12-pieces\/#primaryimage\"},\"image\":{\"@id\":\"https:\/\/staging.lucky-hunter.com\/fr\/product\/canard-siffleur-last-pass-final-approach-12-pieces\/#primaryimage\"},\"thumbnailUrl\":\"https:\/\/staging.lucky-hunter.com\/wp-content\/uploads\/2023\/08\/LF-414.png\",\"datePublished\":\"2023-08-14T12:03:23+00:00\",\"dateModified\":\"2025-06-23T13:54:51+00:00\",\"description\":\"Vous cherchez des leurres de canard \u00e0 un tr\u00e8s bon prix ? Alors cliquez ici pour d\u00e9couvrir le canard siffleur \\\"Last Pass\\\" de Final Approach\",\"breadcrumb\":{\"@id\":\"https:\/\/staging.lucky-hunter.com\/fr\/product\/canard-siffleur-last-pass-final-approach-12-pieces\/#breadcrumb\"},\"inLanguage\":\"fr-FR\",\"potentialAction\":[{\"@type\":\"ReadAction\",\"target\":[\"https:\/\/staging.lucky-hunter.com\/fr\/product\/canard-siffleur-last-pass-final-approach-12-pieces\/\"]}]},{\"@type\":\"ImageObject\",\"inLanguage\":\"fr-FR\",\"@id\":\"https:\/\/staging.lucky-hunter.com\/fr\/product\/canard-siffleur-last-pass-final-approach-12-pieces\/#primaryimage\",\"url\":\"https:\/\/staging.lucky-hunter.com\/wp-content\/uploads\/2023\/08\/LF-414.png\",\"contentUrl\":\"https:\/\/staging.lucky-hunter.com\/wp-content\/uploads\/2023\/08\/LF-414.png\",\"width\":1000,\"height\":1000},{\"@type\":\"BreadcrumbList\",\"@id\":\"https:\/\/staging.lucky-hunter.com\/fr\/product\/canard-siffleur-last-pass-final-approach-12-pieces\/#breadcrumb\",\"itemListElement\":[{\"@type\":\"ListItem\",\"position\":1,\"name\":\"Home\",\"item\":\"https:\/\/staging.lucky-hunter.com\/fr\/\"},{\"@type\":\"ListItem\",\"position\":2,\"name\":\"Boutique\",\"item\":\"https:\/\/staging.lucky-hunter.com\/fr\/shop\/\"},{\"@type\":\"ListItem\",\"position\":3,\"name\":\"Canard siffleur Last Pass\u00a0&#8211; Final Approach 12 pi\u00e8ces\"}]},{\"@type\":\"WebSite\",\"@id\":\"https:\/\/staging.lucky-hunter.com\/#website\",\"url\":\"https:\/\/staging.lucky-hunter.com\/\",\"name\":\"Lucky-Hunter\",\"description\":\"Gear Up or Give Up\",\"potentialAction\":[{\"@type\":\"SearchAction\",\"target\":{\"@type\":\"EntryPoint\",\"urlTemplate\":\"https:\/\/staging.lucky-hunter.com\/?s={search_term_string}\"},\"query-input\":{\"@type\":\"PropertyValueSpecification\",\"valueRequired\":true,\"valueName\":\"search_term_string\"}}],\"inLanguage\":\"fr-FR\"}]}<\/script>\n<!-- \/ Yoast SEO plugin. -->","yoast_head_json":{"title":"Canard siffleur Last Pass\u00a0- Final Approach 12 pi\u00e8ces","description":"Vous cherchez des leurres de canard \u00e0 un tr\u00e8s bon prix ? Alors cliquez ici pour d\u00e9couvrir le canard siffleur \"Last Pass\" de Final Approach","robots":{"index":"noindex","follow":"follow","max-snippet":"max-snippet:-1","max-image-preview":"max-image-preview:large","max-video-preview":"max-video-preview:-1"},"og_locale":"fr_FR","og_type":"article","og_title":"Canard siffleur Last Pass\u00a0- Final Approach 12 pi\u00e8ces","og_description":"Vous cherchez des leurres de canard \u00e0 un tr\u00e8s bon prix ? Alors cliquez ici pour d\u00e9couvrir le canard siffleur \"Last Pass\" de Final Approach","og_url":"https:\/\/staging.lucky-hunter.com\/fr\/product\/canard-siffleur-last-pass-final-approach-12-pieces\/","og_site_name":"Lucky-Hunter","article_modified_time":"2025-06-23T13:54:51+00:00","og_image":[{"width":1000,"height":1000,"url":"https:\/\/staging.lucky-hunter.com\/wp-content\/uploads\/2023\/08\/LF-414.png","type":"image\/png"}],"twitter_card":"summary_large_image","twitter_misc":{"Dur\u00e9e de lecture estim\u00e9e":"2 minutes"},"schema":{"@context":"https:\/\/schema.org","@graph":[{"@type":"WebPage","@id":"https:\/\/staging.lucky-hunter.com\/fr\/product\/canard-siffleur-last-pass-final-approach-12-pieces\/","url":"https:\/\/staging.lucky-hunter.com\/fr\/product\/canard-siffleur-last-pass-final-approach-12-pieces\/","name":"Canard siffleur Last Pass\u00a0- Final Approach 12 pi\u00e8ces","isPartOf":{"@id":"https:\/\/staging.lucky-hunter.com\/#website"},"primaryImageOfPage":{"@id":"https:\/\/staging.lucky-hunter.com\/fr\/product\/canard-siffleur-last-pass-final-approach-12-pieces\/#primaryimage"},"image":{"@id":"https:\/\/staging.lucky-hunter.com\/fr\/product\/canard-siffleur-last-pass-final-approach-12-pieces\/#primaryimage"},"thumbnailUrl":"https:\/\/staging.lucky-hunter.com\/wp-content\/uploads\/2023\/08\/LF-414.png","datePublished":"2023-08-14T12:03:23+00:00","dateModified":"2025-06-23T13:54:51+00:00","description":"Vous cherchez des leurres de canard \u00e0 un tr\u00e8s bon prix ? Alors cliquez ici pour d\u00e9couvrir le canard siffleur \"Last Pass\" de Final Approach","breadcrumb":{"@id":"https:\/\/staging.lucky-hunter.com\/fr\/product\/canard-siffleur-last-pass-final-approach-12-pieces\/#breadcrumb"},"inLanguage":"fr-FR","potentialAction":[{"@type":"ReadAction","target":["https:\/\/staging.lucky-hunter.com\/fr\/product\/canard-siffleur-last-pass-final-approach-12-pieces\/"]}]},{"@type":"ImageObject","inLanguage":"fr-FR","@id":"https:\/\/staging.lucky-hunter.com\/fr\/product\/canard-siffleur-last-pass-final-approach-12-pieces\/#primaryimage","url":"https:\/\/staging.lucky-hunter.com\/wp-content\/uploads\/2023\/08\/LF-414.png","contentUrl":"https:\/\/staging.lucky-hunter.com\/wp-content\/uploads\/2023\/08\/LF-414.png","width":1000,"height":1000},{"@type":"BreadcrumbList","@id":"https:\/\/staging.lucky-hunter.com\/fr\/product\/canard-siffleur-last-pass-final-approach-12-pieces\/#breadcrumb","itemListElement":[{"@type":"ListItem","position":1,"name":"Home","item":"https:\/\/staging.lucky-hunter.com\/fr\/"},{"@type":"ListItem","position":2,"name":"Boutique","item":"https:\/\/staging.lucky-hunter.com\/fr\/shop\/"},{"@type":"ListItem","position":3,"name":"Canard siffleur Last Pass\u00a0&#8211; Final Approach 12 pi\u00e8ces"}]},{"@type":"WebSite","@id":"https:\/\/staging.lucky-hunter.com\/#website","url":"https:\/\/staging.lucky-hunter.com\/","name":"Lucky-Hunter","description":"Gear Up or Give Up","potentialAction":[{"@type":"SearchAction","target":{"@type":"EntryPoint","urlTemplate":"https:\/\/staging.lucky-hunter.com\/?s={search_term_string}"},"query-input":{"@type":"PropertyValueSpecification","valueRequired":true,"valueName":"search_term_string"}}],"inLanguage":"fr-FR"}]}},"_links":{"self":[{"href":"https:\/\/staging.lucky-hunter.com\/fr\/wp-json\/wp\/v2\/product\/63199"}],"collection":[{"href":"https:\/\/staging.lucky-hunter.com\/fr\/wp-json\/wp\/v2\/product"}],"about":[{"href":"https:\/\/staging.lucky-hunter.com\/fr\/wp-json\/wp\/v2\/types\/product"}],"wp:featuredmedia":[{"embeddable":true,"href":"https:\/\/staging.lucky-hunter.com\/fr\/wp-json\/wp\/v2\/media\/63233"}],"wp:attachment":[{"href":"https:\/\/staging.lucky-hunter.com\/fr\/wp-json\/wp\/v2\/media?parent=63199"}],"wp:term":[{"taxonomy":"product_brand","embeddable":true,"href":"https:\/\/staging.lucky-hunter.com\/fr\/wp-json\/wp\/v2\/product_brand?post=63199"},{"taxonomy":"product_cat","embeddable":true,"href":"https:\/\/staging.lucky-hunter.com\/fr\/wp-json\/wp\/v2\/product_cat?post=63199"},{"taxonomy":"product_tag","embeddable":true,"href":"https:\/\/staging.lucky-hunter.com\/fr\/wp-json\/wp\/v2\/product_tag?post=63199"}],"curies":[{"name":"wp","href":"https:\/\/api.w.org\/{rel}","templated":true}]}}