{"id":63198,"date":"2023-08-15T14:07:34","date_gmt":"2023-08-15T12:07:34","guid":{"rendered":"https:\/\/staging.lucky-hunter.com\/product\/final-approach-mallard-butt-up-floaters-4-pcs\/"},"modified":"2023-08-30T11:05:45","modified_gmt":"2023-08-30T09:05:45","slug":"final-approach-mallard-butt-up-floaters-4-pcs","status":"publish","type":"product","link":"https:\/\/staging.lucky-hunter.com\/fr\/product\/final-approach-mallard-butt-up-floaters-4-pcs\/","title":{"rendered":"Colvert flottant Butt Up Final Approach &#8211; 4 pi\u00e8ces"},"content":{"rendered":"<h2><strong>Colverts Butt Up super sympas \u00e0 un prix abordable<\/strong><\/h2>\n<p><iframe title=\"HD Mallard Duck Butt Floaters\" width=\"1020\" height=\"574\" src=\"https:\/\/www.youtube.com\/embed\/jYhd9I0q24Y?start=64&#038;wmode=transparent&amp;rel=0&amp;feature=oembed&#038;enablejsapi=1&#038;origin=https:\/\/staging.lucky-hunter.com\" frameborder=\"0\" allow=\"accelerometer; autoplay; clipboard-write; encrypted-media; gyroscope; picture-in-picture; web-share\" allowfullscreen><\/iframe><\/p>\n<p>\u00a0<\/p>\n<div>Les leurres Butt Up sont un excellent moyen de faire ressembler votre troupeau de leurres \u00e0 une vol\u00e9e de canards sur l&#8217;eau.<\/div>\n<div><\/div>\n<div>Lorsque les canards mangent, on voit leur arri\u00e8re-train se dresser, et c&#8217;est exactement ce que ces leurres imitent. La taille r\u00e9aliste et les tr\u00e8s beaux d\u00e9tails les rendent parfaitement r\u00e9alistes.<\/div>\n<div><\/div>\n<div>La conception sp\u00e9ciale de la quille garantit que les leurres ne basculent pas sous l&#8217;effet du vent ou des vagues.<\/div>\n<div><\/div>\n<div>Livr\u00e9 en pack de 2 m\u00e2les et 2 femelles.<\/div>\n<div><\/div>\n<div>Con\u00e7u par Pat Godin, 17 fois champion du monde de sculpture de leurres.<\/div>\n","protected":false},"excerpt":{"rendered":"<p>Les leurres Butt Up sont un excellent moyen de faire ressembler votre troupeau de leurres \u00e0 une vol\u00e9e de canards sur l&#8217;eau.<\/p>\n","protected":false},"featured_media":63141,"template":"","meta":[],"product_brand":[8136],"product_cat":[8180],"product_tag":[],"yoast_head":"<!-- This site is optimized with the Yoast SEO plugin v24.3 - https:\/\/yoast.com\/wordpress\/plugins\/seo\/ -->\n<title>Colvert flottant Butt Up Final Approach - 4 pi\u00e8ces - Lucky-Hunter<\/title>\n<meta name=\"description\" content=\"Colverts Butt Up super sympas \u00e0 un prix abordable. Livr\u00e9 en pack de 2 m\u00e2les et 2 femelles parfaitement r\u00e9alistes.\" \/>\n<meta name=\"robots\" content=\"noindex, follow, max-snippet:-1, max-image-preview:large, max-video-preview:-1\" \/>\n<meta property=\"og:locale\" content=\"fr_FR\" \/>\n<meta property=\"og:type\" content=\"article\" \/>\n<meta property=\"og:title\" content=\"Colvert flottant Butt Up Final Approach - 4 pi\u00e8ces - Lucky-Hunter\" \/>\n<meta property=\"og:description\" content=\"Colverts Butt Up super sympas \u00e0 un prix abordable. Livr\u00e9 en pack de 2 m\u00e2les et 2 femelles parfaitement r\u00e9alistes.\" \/>\n<meta property=\"og:url\" content=\"https:\/\/staging.lucky-hunter.com\/fr\/product\/final-approach-mallard-butt-up-floaters-4-pcs\/\" \/>\n<meta property=\"og:site_name\" content=\"Lucky-Hunter\" \/>\n<meta property=\"article:modified_time\" content=\"2023-08-30T09:05:45+00:00\" \/>\n<meta property=\"og:image\" content=\"https:\/\/staging.lucky-hunter.com\/wp-content\/uploads\/2023\/08\/LF-416-1-1.png\" \/>\n\t<meta property=\"og:image:width\" content=\"1200\" \/>\n\t<meta property=\"og:image:height\" content=\"1200\" \/>\n\t<meta property=\"og:image:type\" content=\"image\/png\" \/>\n<meta name=\"twitter:card\" content=\"summary_large_image\" \/>\n<meta name=\"twitter:label1\" content=\"Dur\u00e9e de lecture estim\u00e9e\" \/>\n\t<meta name=\"twitter:data1\" content=\"1 minute\" \/>\n<script type=\"application\/ld+json\" class=\"yoast-schema-graph\">{\"@context\":\"https:\/\/schema.org\",\"@graph\":[{\"@type\":\"WebPage\",\"@id\":\"https:\/\/staging.lucky-hunter.com\/fr\/product\/final-approach-mallard-butt-up-floaters-4-pcs\/\",\"url\":\"https:\/\/staging.lucky-hunter.com\/fr\/product\/final-approach-mallard-butt-up-floaters-4-pcs\/\",\"name\":\"Colvert flottant Butt Up Final Approach - 4 pi\u00e8ces - Lucky-Hunter\",\"isPartOf\":{\"@id\":\"https:\/\/staging.lucky-hunter.com\/#website\"},\"primaryImageOfPage\":{\"@id\":\"https:\/\/staging.lucky-hunter.com\/fr\/product\/final-approach-mallard-butt-up-floaters-4-pcs\/#primaryimage\"},\"image\":{\"@id\":\"https:\/\/staging.lucky-hunter.com\/fr\/product\/final-approach-mallard-butt-up-floaters-4-pcs\/#primaryimage\"},\"thumbnailUrl\":\"https:\/\/staging.lucky-hunter.com\/wp-content\/uploads\/2023\/08\/LF-416-1-1.png\",\"datePublished\":\"2023-08-15T12:07:34+00:00\",\"dateModified\":\"2023-08-30T09:05:45+00:00\",\"description\":\"Colverts Butt Up super sympas \u00e0 un prix abordable. Livr\u00e9 en pack de 2 m\u00e2les et 2 femelles parfaitement r\u00e9alistes.\",\"breadcrumb\":{\"@id\":\"https:\/\/staging.lucky-hunter.com\/fr\/product\/final-approach-mallard-butt-up-floaters-4-pcs\/#breadcrumb\"},\"inLanguage\":\"fr-FR\",\"potentialAction\":[{\"@type\":\"ReadAction\",\"target\":[\"https:\/\/staging.lucky-hunter.com\/fr\/product\/final-approach-mallard-butt-up-floaters-4-pcs\/\"]}]},{\"@type\":\"ImageObject\",\"inLanguage\":\"fr-FR\",\"@id\":\"https:\/\/staging.lucky-hunter.com\/fr\/product\/final-approach-mallard-butt-up-floaters-4-pcs\/#primaryimage\",\"url\":\"https:\/\/staging.lucky-hunter.com\/wp-content\/uploads\/2023\/08\/LF-416-1-1.png\",\"contentUrl\":\"https:\/\/staging.lucky-hunter.com\/wp-content\/uploads\/2023\/08\/LF-416-1-1.png\",\"width\":1200,\"height\":1200},{\"@type\":\"BreadcrumbList\",\"@id\":\"https:\/\/staging.lucky-hunter.com\/fr\/product\/final-approach-mallard-butt-up-floaters-4-pcs\/#breadcrumb\",\"itemListElement\":[{\"@type\":\"ListItem\",\"position\":1,\"name\":\"Home\",\"item\":\"https:\/\/staging.lucky-hunter.com\/fr\/\"},{\"@type\":\"ListItem\",\"position\":2,\"name\":\"Boutique\",\"item\":\"https:\/\/staging.lucky-hunter.com\/fr\/shop\/\"},{\"@type\":\"ListItem\",\"position\":3,\"name\":\"Colvert flottant Butt Up Final Approach &#8211; 4 pi\u00e8ces\"}]},{\"@type\":\"WebSite\",\"@id\":\"https:\/\/staging.lucky-hunter.com\/#website\",\"url\":\"https:\/\/staging.lucky-hunter.com\/\",\"name\":\"Lucky-Hunter\",\"description\":\"Gear Up or Give Up\",\"potentialAction\":[{\"@type\":\"SearchAction\",\"target\":{\"@type\":\"EntryPoint\",\"urlTemplate\":\"https:\/\/staging.lucky-hunter.com\/?s={search_term_string}\"},\"query-input\":{\"@type\":\"PropertyValueSpecification\",\"valueRequired\":true,\"valueName\":\"search_term_string\"}}],\"inLanguage\":\"fr-FR\"}]}<\/script>\n<!-- \/ Yoast SEO plugin. -->","yoast_head_json":{"title":"Colvert flottant Butt Up Final Approach - 4 pi\u00e8ces - Lucky-Hunter","description":"Colverts Butt Up super sympas \u00e0 un prix abordable. Livr\u00e9 en pack de 2 m\u00e2les et 2 femelles parfaitement r\u00e9alistes.","robots":{"index":"noindex","follow":"follow","max-snippet":"max-snippet:-1","max-image-preview":"max-image-preview:large","max-video-preview":"max-video-preview:-1"},"og_locale":"fr_FR","og_type":"article","og_title":"Colvert flottant Butt Up Final Approach - 4 pi\u00e8ces - Lucky-Hunter","og_description":"Colverts Butt Up super sympas \u00e0 un prix abordable. Livr\u00e9 en pack de 2 m\u00e2les et 2 femelles parfaitement r\u00e9alistes.","og_url":"https:\/\/staging.lucky-hunter.com\/fr\/product\/final-approach-mallard-butt-up-floaters-4-pcs\/","og_site_name":"Lucky-Hunter","article_modified_time":"2023-08-30T09:05:45+00:00","og_image":[{"width":1200,"height":1200,"url":"https:\/\/staging.lucky-hunter.com\/wp-content\/uploads\/2023\/08\/LF-416-1-1.png","type":"image\/png"}],"twitter_card":"summary_large_image","twitter_misc":{"Dur\u00e9e de lecture estim\u00e9e":"1 minute"},"schema":{"@context":"https:\/\/schema.org","@graph":[{"@type":"WebPage","@id":"https:\/\/staging.lucky-hunter.com\/fr\/product\/final-approach-mallard-butt-up-floaters-4-pcs\/","url":"https:\/\/staging.lucky-hunter.com\/fr\/product\/final-approach-mallard-butt-up-floaters-4-pcs\/","name":"Colvert flottant Butt Up Final Approach - 4 pi\u00e8ces - Lucky-Hunter","isPartOf":{"@id":"https:\/\/staging.lucky-hunter.com\/#website"},"primaryImageOfPage":{"@id":"https:\/\/staging.lucky-hunter.com\/fr\/product\/final-approach-mallard-butt-up-floaters-4-pcs\/#primaryimage"},"image":{"@id":"https:\/\/staging.lucky-hunter.com\/fr\/product\/final-approach-mallard-butt-up-floaters-4-pcs\/#primaryimage"},"thumbnailUrl":"https:\/\/staging.lucky-hunter.com\/wp-content\/uploads\/2023\/08\/LF-416-1-1.png","datePublished":"2023-08-15T12:07:34+00:00","dateModified":"2023-08-30T09:05:45+00:00","description":"Colverts Butt Up super sympas \u00e0 un prix abordable. Livr\u00e9 en pack de 2 m\u00e2les et 2 femelles parfaitement r\u00e9alistes.","breadcrumb":{"@id":"https:\/\/staging.lucky-hunter.com\/fr\/product\/final-approach-mallard-butt-up-floaters-4-pcs\/#breadcrumb"},"inLanguage":"fr-FR","potentialAction":[{"@type":"ReadAction","target":["https:\/\/staging.lucky-hunter.com\/fr\/product\/final-approach-mallard-butt-up-floaters-4-pcs\/"]}]},{"@type":"ImageObject","inLanguage":"fr-FR","@id":"https:\/\/staging.lucky-hunter.com\/fr\/product\/final-approach-mallard-butt-up-floaters-4-pcs\/#primaryimage","url":"https:\/\/staging.lucky-hunter.com\/wp-content\/uploads\/2023\/08\/LF-416-1-1.png","contentUrl":"https:\/\/staging.lucky-hunter.com\/wp-content\/uploads\/2023\/08\/LF-416-1-1.png","width":1200,"height":1200},{"@type":"BreadcrumbList","@id":"https:\/\/staging.lucky-hunter.com\/fr\/product\/final-approach-mallard-butt-up-floaters-4-pcs\/#breadcrumb","itemListElement":[{"@type":"ListItem","position":1,"name":"Home","item":"https:\/\/staging.lucky-hunter.com\/fr\/"},{"@type":"ListItem","position":2,"name":"Boutique","item":"https:\/\/staging.lucky-hunter.com\/fr\/shop\/"},{"@type":"ListItem","position":3,"name":"Colvert flottant Butt Up Final Approach &#8211; 4 pi\u00e8ces"}]},{"@type":"WebSite","@id":"https:\/\/staging.lucky-hunter.com\/#website","url":"https:\/\/staging.lucky-hunter.com\/","name":"Lucky-Hunter","description":"Gear Up or Give Up","potentialAction":[{"@type":"SearchAction","target":{"@type":"EntryPoint","urlTemplate":"https:\/\/staging.lucky-hunter.com\/?s={search_term_string}"},"query-input":{"@type":"PropertyValueSpecification","valueRequired":true,"valueName":"search_term_string"}}],"inLanguage":"fr-FR"}]}},"_links":{"self":[{"href":"https:\/\/staging.lucky-hunter.com\/fr\/wp-json\/wp\/v2\/product\/63198"}],"collection":[{"href":"https:\/\/staging.lucky-hunter.com\/fr\/wp-json\/wp\/v2\/product"}],"about":[{"href":"https:\/\/staging.lucky-hunter.com\/fr\/wp-json\/wp\/v2\/types\/product"}],"wp:featuredmedia":[{"embeddable":true,"href":"https:\/\/staging.lucky-hunter.com\/fr\/wp-json\/wp\/v2\/media\/63141"}],"wp:attachment":[{"href":"https:\/\/staging.lucky-hunter.com\/fr\/wp-json\/wp\/v2\/media?parent=63198"}],"wp:term":[{"taxonomy":"product_brand","embeddable":true,"href":"https:\/\/staging.lucky-hunter.com\/fr\/wp-json\/wp\/v2\/product_brand?post=63198"},{"taxonomy":"product_cat","embeddable":true,"href":"https:\/\/staging.lucky-hunter.com\/fr\/wp-json\/wp\/v2\/product_cat?post=63198"},{"taxonomy":"product_tag","embeddable":true,"href":"https:\/\/staging.lucky-hunter.com\/fr\/wp-json\/wp\/v2\/product_tag?post=63198"}],"curies":[{"name":"wp","href":"https:\/\/api.w.org\/{rel}","templated":true}]}}