{"id":62993,"date":"2023-08-15T10:52:22","date_gmt":"2023-08-15T08:52:22","guid":{"rendered":"https:\/\/staging.lucky-hunter.com\/?post_type=product&#038;p=62993"},"modified":"2024-07-23T11:04:34","modified_gmt":"2024-07-23T09:04:34","slug":"lucky-duck-pigeon-hd-spinner-2","status":"publish","type":"product","link":"https:\/\/staging.lucky-hunter.com\/fr\/product\/lucky-duck-pigeon-hd-spinner-2\/","title":{"rendered":"Lucky Duck Rapid Flyer Pigeon"},"content":{"rendered":"<h2><strong>Lucky Duck Pigeon HD : ajoutez du mouvement \u00e0 vos leurres<\/strong><\/h2>\n<p>Le nouveau Lucky Pigeon HD est le pigeonnier le plus durable et le plus r\u00e9aliste du march\u00e9.<\/p>\n<p>Le leurre est fabriqu\u00e9 en plastique EVA durable* et dispose d&#8217;un support de poitrine int\u00e9gr\u00e9. Il est aussi \u00e9quip\u00e9 d&#8217;un compartiment \u00e0 piles prot\u00e9g\u00e9 et d&#8217;une sangle en caoutchouc pour fixer le leurre au b\u00e2ton de montage.<\/p>\n<p>Lucky Duck Pigeon HD ressemble \u00e0 un pigeon ramier en train d\u2019atterrir, et les ailes mouvantes aideront \u00e0 attirer d&#8217;autres pigeons sur de longues distances.<\/p>\n<p>Fonctionne avec 4 piles AA de bonne qualit\u00e9 (non incluses mais peuvent \u00eatre achet\u00e9es ici dans la boutique sous Accessoires pour appareil photo).<\/p>\n<p>3 piquets de montage sont inclus.<\/p>\n<p>Compatible avec le kit de t\u00e9l\u00e9commande Lucky Duck HD (vendu s\u00e9par\u00e9ment).<\/p>\n<p>*L\u2019EVA est un type de plastique qui ne n\u00e9cessite pas d&#8217;adoucissant. Il est \u00e9galement sans BPA et est donc consid\u00e9r\u00e9 comme un mat\u00e9riau plus respectueux de l&#8217;environnement.<\/p>\n","protected":false},"excerpt":{"rendered":"<p>Le Pigeon HD Lucky Duck ressemble \u00e0 s\u2019y m\u00e9prendre \u00e0 un pigeon ramier en train d\u2019atterrir. Le mouvement de ses ailes vous aidera \u00e0 attirer d&#8217;autres pigeons sur de longues distances.<\/p>\n","protected":false},"featured_media":63545,"template":"","meta":[],"product_brand":[8124],"product_cat":[9683,8163,9744],"product_tag":[9250],"yoast_head":"<!-- This site is optimized with the Yoast SEO plugin v24.3 - https:\/\/yoast.com\/wordpress\/plugins\/seo\/ -->\n<title>Lucky Duck Pigeon HD avec des ailes battantes - Leurre avec des mouvements r\u00e9alistes | Lucky Hunter<\/title>\n<meta name=\"description\" content=\"Lucky Duck Pigeon HD ressemble \u00e0 un pigeon ramier en train d\u2019atterrir, et les ailes mouvantes aideront \u00e0 attirer d&#039;autres pigeons sur de longues distances.\" \/>\n<meta name=\"robots\" content=\"noindex, follow, max-snippet:-1, max-image-preview:large, max-video-preview:-1\" \/>\n<meta property=\"og:locale\" content=\"fr_FR\" \/>\n<meta property=\"og:type\" content=\"article\" \/>\n<meta property=\"og:title\" content=\"Lucky Duck Pigeon HD avec des ailes battantes - Leurre avec des mouvements r\u00e9alistes | Lucky Hunter\" \/>\n<meta property=\"og:description\" content=\"Lucky Duck Pigeon HD ressemble \u00e0 un pigeon ramier en train d\u2019atterrir, et les ailes mouvantes aideront \u00e0 attirer d&#039;autres pigeons sur de longues distances.\" \/>\n<meta property=\"og:url\" content=\"https:\/\/staging.lucky-hunter.com\/product\/lucky-duck-rapid-flyer-dove\/\" \/>\n<meta property=\"og:site_name\" content=\"Lucky-Hunter\" \/>\n<meta property=\"article:modified_time\" content=\"2024-07-23T09:04:34+00:00\" \/>\n<meta property=\"og:image\" content=\"https:\/\/staging.lucky-hunter.com\/wp-content\/uploads\/2023\/08\/LF-293-2.png\" \/>\n\t<meta property=\"og:image:width\" content=\"1000\" \/>\n\t<meta property=\"og:image:height\" content=\"1000\" \/>\n\t<meta property=\"og:image:type\" content=\"image\/png\" \/>\n<meta name=\"twitter:card\" content=\"summary_large_image\" \/>\n<meta name=\"twitter:title\" content=\"Lucky Duck Pigeon HD avec des ailes battantes - Leurre avec des mouvements r\u00e9alistes | Lucky Hunter\" \/>\n<meta name=\"twitter:description\" content=\"Lucky Duck Pigeon HD ressemble \u00e0 un pigeon ramier en train d\u2019atterrir, et les ailes mouvantes aideront \u00e0 attirer d&#039;autres pigeons sur de longues distances.\" \/>\n<meta name=\"twitter:label1\" content=\"Dur\u00e9e de lecture estim\u00e9e\" \/>\n\t<meta name=\"twitter:data1\" content=\"1 minute\" \/>\n<script type=\"application\/ld+json\" class=\"yoast-schema-graph\">{\"@context\":\"https:\/\/schema.org\",\"@graph\":[{\"@type\":\"WebPage\",\"@id\":\"https:\/\/staging.lucky-hunter.com\/product\/lucky-duck-rapid-flyer-dove\/\",\"url\":\"https:\/\/staging.lucky-hunter.com\/product\/lucky-duck-rapid-flyer-dove\/\",\"name\":\"Lucky Duck Pigeon HD avec des ailes battantes - Leurre avec des mouvements r\u00e9alistes | Lucky Hunter\",\"isPartOf\":{\"@id\":\"https:\/\/staging.lucky-hunter.com\/#website\"},\"primaryImageOfPage\":{\"@id\":\"https:\/\/staging.lucky-hunter.com\/product\/lucky-duck-rapid-flyer-dove\/#primaryimage\"},\"image\":{\"@id\":\"https:\/\/staging.lucky-hunter.com\/product\/lucky-duck-rapid-flyer-dove\/#primaryimage\"},\"thumbnailUrl\":\"https:\/\/staging.lucky-hunter.com\/wp-content\/uploads\/2023\/08\/LF-293-2.png\",\"datePublished\":\"2023-08-15T08:52:22+00:00\",\"dateModified\":\"2024-07-23T09:04:34+00:00\",\"description\":\"Lucky Duck Pigeon HD ressemble \u00e0 un pigeon ramier en train d\u2019atterrir, et les ailes mouvantes aideront \u00e0 attirer d'autres pigeons sur de longues distances.\",\"breadcrumb\":{\"@id\":\"https:\/\/staging.lucky-hunter.com\/product\/lucky-duck-rapid-flyer-dove\/#breadcrumb\"},\"inLanguage\":\"fr-FR\",\"potentialAction\":[{\"@type\":\"ReadAction\",\"target\":[\"https:\/\/staging.lucky-hunter.com\/product\/lucky-duck-rapid-flyer-dove\/\"]}]},{\"@type\":\"ImageObject\",\"inLanguage\":\"fr-FR\",\"@id\":\"https:\/\/staging.lucky-hunter.com\/product\/lucky-duck-rapid-flyer-dove\/#primaryimage\",\"url\":\"https:\/\/staging.lucky-hunter.com\/wp-content\/uploads\/2023\/08\/LF-293-2.png\",\"contentUrl\":\"https:\/\/staging.lucky-hunter.com\/wp-content\/uploads\/2023\/08\/LF-293-2.png\",\"width\":1000,\"height\":1000},{\"@type\":\"BreadcrumbList\",\"@id\":\"https:\/\/staging.lucky-hunter.com\/product\/lucky-duck-rapid-flyer-dove\/#breadcrumb\",\"itemListElement\":[{\"@type\":\"ListItem\",\"position\":1,\"name\":\"Home\",\"item\":\"https:\/\/staging.lucky-hunter.com\/fr\/\"},{\"@type\":\"ListItem\",\"position\":2,\"name\":\"Boutique\",\"item\":\"https:\/\/staging.lucky-hunter.com\/fr\/shop\/\"},{\"@type\":\"ListItem\",\"position\":3,\"name\":\"Lucky Duck Rapid Flyer Pigeon\"}]},{\"@type\":\"WebSite\",\"@id\":\"https:\/\/staging.lucky-hunter.com\/#website\",\"url\":\"https:\/\/staging.lucky-hunter.com\/\",\"name\":\"Lucky-Hunter\",\"description\":\"Gear Up or Give Up\",\"potentialAction\":[{\"@type\":\"SearchAction\",\"target\":{\"@type\":\"EntryPoint\",\"urlTemplate\":\"https:\/\/staging.lucky-hunter.com\/?s={search_term_string}\"},\"query-input\":{\"@type\":\"PropertyValueSpecification\",\"valueRequired\":true,\"valueName\":\"search_term_string\"}}],\"inLanguage\":\"fr-FR\"}]}<\/script>\n<!-- \/ Yoast SEO plugin. -->","yoast_head_json":{"title":"Lucky Duck Pigeon HD avec des ailes battantes - Leurre avec des mouvements r\u00e9alistes | Lucky Hunter","description":"Lucky Duck Pigeon HD ressemble \u00e0 un pigeon ramier en train d\u2019atterrir, et les ailes mouvantes aideront \u00e0 attirer d'autres pigeons sur de longues distances.","robots":{"index":"noindex","follow":"follow","max-snippet":"max-snippet:-1","max-image-preview":"max-image-preview:large","max-video-preview":"max-video-preview:-1"},"og_locale":"fr_FR","og_type":"article","og_title":"Lucky Duck Pigeon HD avec des ailes battantes - Leurre avec des mouvements r\u00e9alistes | Lucky Hunter","og_description":"Lucky Duck Pigeon HD ressemble \u00e0 un pigeon ramier en train d\u2019atterrir, et les ailes mouvantes aideront \u00e0 attirer d'autres pigeons sur de longues distances.","og_url":"https:\/\/staging.lucky-hunter.com\/product\/lucky-duck-rapid-flyer-dove\/","og_site_name":"Lucky-Hunter","article_modified_time":"2024-07-23T09:04:34+00:00","og_image":[{"width":1000,"height":1000,"url":"https:\/\/staging.lucky-hunter.com\/wp-content\/uploads\/2023\/08\/LF-293-2.png","type":"image\/png"}],"twitter_card":"summary_large_image","twitter_title":"Lucky Duck Pigeon HD avec des ailes battantes - Leurre avec des mouvements r\u00e9alistes | Lucky Hunter","twitter_description":"Lucky Duck Pigeon HD ressemble \u00e0 un pigeon ramier en train d\u2019atterrir, et les ailes mouvantes aideront \u00e0 attirer d'autres pigeons sur de longues distances.","twitter_misc":{"Dur\u00e9e de lecture estim\u00e9e":"1 minute"},"schema":{"@context":"https:\/\/schema.org","@graph":[{"@type":"WebPage","@id":"https:\/\/staging.lucky-hunter.com\/product\/lucky-duck-rapid-flyer-dove\/","url":"https:\/\/staging.lucky-hunter.com\/product\/lucky-duck-rapid-flyer-dove\/","name":"Lucky Duck Pigeon HD avec des ailes battantes - Leurre avec des mouvements r\u00e9alistes | Lucky Hunter","isPartOf":{"@id":"https:\/\/staging.lucky-hunter.com\/#website"},"primaryImageOfPage":{"@id":"https:\/\/staging.lucky-hunter.com\/product\/lucky-duck-rapid-flyer-dove\/#primaryimage"},"image":{"@id":"https:\/\/staging.lucky-hunter.com\/product\/lucky-duck-rapid-flyer-dove\/#primaryimage"},"thumbnailUrl":"https:\/\/staging.lucky-hunter.com\/wp-content\/uploads\/2023\/08\/LF-293-2.png","datePublished":"2023-08-15T08:52:22+00:00","dateModified":"2024-07-23T09:04:34+00:00","description":"Lucky Duck Pigeon HD ressemble \u00e0 un pigeon ramier en train d\u2019atterrir, et les ailes mouvantes aideront \u00e0 attirer d'autres pigeons sur de longues distances.","breadcrumb":{"@id":"https:\/\/staging.lucky-hunter.com\/product\/lucky-duck-rapid-flyer-dove\/#breadcrumb"},"inLanguage":"fr-FR","potentialAction":[{"@type":"ReadAction","target":["https:\/\/staging.lucky-hunter.com\/product\/lucky-duck-rapid-flyer-dove\/"]}]},{"@type":"ImageObject","inLanguage":"fr-FR","@id":"https:\/\/staging.lucky-hunter.com\/product\/lucky-duck-rapid-flyer-dove\/#primaryimage","url":"https:\/\/staging.lucky-hunter.com\/wp-content\/uploads\/2023\/08\/LF-293-2.png","contentUrl":"https:\/\/staging.lucky-hunter.com\/wp-content\/uploads\/2023\/08\/LF-293-2.png","width":1000,"height":1000},{"@type":"BreadcrumbList","@id":"https:\/\/staging.lucky-hunter.com\/product\/lucky-duck-rapid-flyer-dove\/#breadcrumb","itemListElement":[{"@type":"ListItem","position":1,"name":"Home","item":"https:\/\/staging.lucky-hunter.com\/fr\/"},{"@type":"ListItem","position":2,"name":"Boutique","item":"https:\/\/staging.lucky-hunter.com\/fr\/shop\/"},{"@type":"ListItem","position":3,"name":"Lucky Duck Rapid Flyer Pigeon"}]},{"@type":"WebSite","@id":"https:\/\/staging.lucky-hunter.com\/#website","url":"https:\/\/staging.lucky-hunter.com\/","name":"Lucky-Hunter","description":"Gear Up or Give Up","potentialAction":[{"@type":"SearchAction","target":{"@type":"EntryPoint","urlTemplate":"https:\/\/staging.lucky-hunter.com\/?s={search_term_string}"},"query-input":{"@type":"PropertyValueSpecification","valueRequired":true,"valueName":"search_term_string"}}],"inLanguage":"fr-FR"}]}},"_links":{"self":[{"href":"https:\/\/staging.lucky-hunter.com\/fr\/wp-json\/wp\/v2\/product\/62993"}],"collection":[{"href":"https:\/\/staging.lucky-hunter.com\/fr\/wp-json\/wp\/v2\/product"}],"about":[{"href":"https:\/\/staging.lucky-hunter.com\/fr\/wp-json\/wp\/v2\/types\/product"}],"wp:featuredmedia":[{"embeddable":true,"href":"https:\/\/staging.lucky-hunter.com\/fr\/wp-json\/wp\/v2\/media\/63545"}],"wp:attachment":[{"href":"https:\/\/staging.lucky-hunter.com\/fr\/wp-json\/wp\/v2\/media?parent=62993"}],"wp:term":[{"taxonomy":"product_brand","embeddable":true,"href":"https:\/\/staging.lucky-hunter.com\/fr\/wp-json\/wp\/v2\/product_brand?post=62993"},{"taxonomy":"product_cat","embeddable":true,"href":"https:\/\/staging.lucky-hunter.com\/fr\/wp-json\/wp\/v2\/product_cat?post=62993"},{"taxonomy":"product_tag","embeddable":true,"href":"https:\/\/staging.lucky-hunter.com\/fr\/wp-json\/wp\/v2\/product_tag?post=62993"}],"curies":[{"name":"wp","href":"https:\/\/api.w.org\/{rel}","templated":true}]}}