{"id":62975,"date":"2023-08-15T10:24:00","date_gmt":"2023-08-15T08:24:00","guid":{"rendered":"https:\/\/staging.lucky-hunter.com\/?post_type=product&#038;p=62975"},"modified":"2024-09-12T11:20:07","modified_gmt":"2024-09-12T09:20:07","slug":"lucky-duck-waterproof-hdi-2","status":"publish","type":"product","link":"https:\/\/staging.lucky-hunter.com\/fr\/product\/lucky-duck-waterproof-hdi-2\/","title":{"rendered":"Lucky Duck imperm\u00e9able HDI"},"content":{"rendered":"<p><iframe title=\"Lucky Waterproof HDi\" width=\"1020\" height=\"574\" src=\"https:\/\/www.youtube.com\/embed\/X6kboekHJTk?wmode=transparent&amp;rel=0&amp;feature=oembed&#038;enablejsapi=1&#038;origin=https:\/\/staging.lucky-hunter.com\" frameborder=\"0\" allow=\"accelerometer; autoplay; clipboard-write; encrypted-media; gyroscope; picture-in-picture\" allowfullscreen><\/iframe><\/p>\n<h2><strong>Lucky Duck Waterproof HDI &#8211; premier leurre ENTI\u00c8REMENT \u00c9TANCHE sur le march\u00e9<\/strong><\/h2>\n<p>L&#8217;innovation que vous attendiez.<\/p>\n<p>Le Lucky Waterproof HDI est le premier leurre ENTI\u00c8REMENT \u00c9TANCHE sur le march\u00e9. Le HDI est \u00e9galement le premier leurre \u00e0 fonctionner sur une batterie lithium-ion, ce qui signifie qu&#8217;il peut r\u00e9sister \u00e0 tous les temps et fournir une alimentation plus constante.<\/p>\n<p>M\u00eame style de bo\u00eetier HD, mais un syst\u00e8me de module nouvellement con\u00e7u (en attente de brevet) dot\u00e9 d&#8217;un bo\u00eetier de batterie compl\u00e8tement \u00e9tanche.<\/p>\n<p>Le module dispose d&#8217;un bouton de programmation \u00e0 distance externe, d&#8217;une charge externe et d&#8217;un bouton marche\/arr\u00eat externe.<\/p>\n<p>Le Waterproof HDI est rempli de mousse pour la flottabilit\u00e9, poss\u00e8de des ailes magn\u00e9tiques durables moul\u00e9es par injection et une impression d&#8217;aile r\u00e9aliste.<\/p>\n<p>REMARQUE\u00a0: Nous vous recommandons de laisser s\u00e9cher le leurre avant de le mettre dans le sac, sinon de la condensation peut se former dans et autour du bo\u00eetier de la batterie.<\/p>\n<p><strong>Caract\u00e9ristiques\u00a0:<\/strong><\/p>\n<ul>\n<li>Fonctionne sur une batterie lithium-ion pour r\u00e9sister \u00e0 tous les temps et fournir une alimentation constante<\/li>\n<li>Style de corps HD le plus vendu<\/li>\n<li>Bo\u00eetier de batterie compl\u00e8tement \u00e9tanche<\/li>\n<li>Bouton de programmation \u00e0 distance externe, port de charge externe et bouton marche\/arr\u00eat externe<\/li>\n<li>Rempli de mousse pour la flottabilit\u00e9<\/li>\n<li>Ailes magn\u00e9tiques durables moul\u00e9es par injection avec impression d&#8217;aile r\u00e9aliste<\/li>\n<\/ul>\n<p><strong>Comprend\u00a0:<\/strong><\/p>\n<ul>\n<li>Batterie lithium-ion de 7,4 volts et chargeur intelligent<\/li>\n<li>Piquet de pied 6 pi\u00e8ces<\/li>\n<li>Kit t\u00e9l\u00e9commande HD<\/li>\n<li>Sac d&#8217;\u00e9quipement<\/li>\n<\/ul>\n","protected":false},"excerpt":{"rendered":"<p>Lucky Duck imperm\u00e9able HDI est le premier leurre ENTI\u00c8REMENT \u00c9TANCHE sur le march\u00e9. Le HDI est \u00e9galement le premier leurre \u00e0 fonctionner sur une batterie lithium-ion, ce qui signifie qu&#8217;il peut r\u00e9sister \u00e0 tous les temps et fournir une alimentation plus constante.<\/p>\n","protected":false},"featured_media":63431,"template":"","meta":[],"product_brand":[8124],"product_cat":[8180,9737],"product_tag":[9235],"yoast_head":"<!-- This site is optimized with the Yoast SEO plugin v24.3 - https:\/\/yoast.com\/wordpress\/plugins\/seo\/ -->\n<title>Lucky Duck imperm\u00e9able HDI - premier leurre ENTI\u00c8REMENT \u00c9TANCHE sur le march\u00e9&lt;1}<\/title>\n<meta name=\"description\" content=\"Le Lucky imperm\u00e9able HDI est le premier leurre ENTI\u00c8REMENT \u00c9TANCHE sur le march\u00e9. Le HDI est \u00e9galement le premier spinner \u00e0 fonctionner sur une batterie Lithium-ion.\" \/>\n<meta name=\"robots\" content=\"noindex, follow, max-snippet:-1, max-image-preview:large, max-video-preview:-1\" \/>\n<meta property=\"og:locale\" content=\"fr_FR\" \/>\n<meta property=\"og:type\" content=\"article\" \/>\n<meta property=\"og:title\" content=\"{1&gt;Lucky Duck Waterproof HDI - premier leurre ENTI\u00c8REMENT \u00c9TANCHE sur le march\u00e9&lt;1}\" \/>\n<meta property=\"og:description\" content=\"Le Lucky imperm\u00e9able HDI est le premier leurre ENTI\u00c8REMENT \u00c9TANCHE sur le march\u00e9. Le HDI est \u00e9galement le premier spinner \u00e0 fonctionner sur une batterie Lithium-ion.\" \/>\n<meta property=\"og:url\" content=\"https:\/\/staging.lucky-hunter.com\/fr\/product\/lucky-duck-waterproof-hdi-2\/\" \/>\n<meta property=\"og:site_name\" content=\"Lucky-Hunter\" \/>\n<meta property=\"article:modified_time\" content=\"2024-09-12T09:20:07+00:00\" \/>\n<meta property=\"og:image\" content=\"https:\/\/staging.lucky-hunter.com\/wp-content\/uploads\/2023\/08\/LF-281.png\" \/>\n\t<meta property=\"og:image:width\" content=\"1000\" \/>\n\t<meta property=\"og:image:height\" content=\"1000\" \/>\n\t<meta property=\"og:image:type\" content=\"image\/png\" \/>\n<meta name=\"twitter:card\" content=\"summary_large_image\" \/>\n<meta name=\"twitter:title\" content=\"Lucky Duck imperm\u00e9able HDI - premier leurre ENTI\u00c8REMENT \u00c9TANCHE sur le march\u00e9&lt;1}\" \/>\n<meta name=\"twitter:description\" content=\"Le Lucky imperm\u00e9able HDI est le premier leurre ENTI\u00c8REMENT \u00c9TANCHE sur le march\u00e9. Le HDI est \u00e9galement le premier spinner \u00e0 fonctionner sur une batterie Lithium-ion.\" \/>\n<meta name=\"twitter:label1\" content=\"Dur\u00e9e de lecture estim\u00e9e\" \/>\n\t<meta name=\"twitter:data1\" content=\"2 minutes\" \/>\n<script type=\"application\/ld+json\" class=\"yoast-schema-graph\">{\"@context\":\"https:\/\/schema.org\",\"@graph\":[{\"@type\":\"WebPage\",\"@id\":\"https:\/\/staging.lucky-hunter.com\/fr\/product\/lucky-duck-waterproof-hdi-2\/\",\"url\":\"https:\/\/staging.lucky-hunter.com\/fr\/product\/lucky-duck-waterproof-hdi-2\/\",\"name\":\"Lucky Duck imperm\u00e9able HDI - premier leurre ENTI\u00c8REMENT \u00c9TANCHE sur le march\u00e9&lt;1}\",\"isPartOf\":{\"@id\":\"https:\/\/staging.lucky-hunter.com\/#website\"},\"primaryImageOfPage\":{\"@id\":\"https:\/\/staging.lucky-hunter.com\/fr\/product\/lucky-duck-waterproof-hdi-2\/#primaryimage\"},\"image\":{\"@id\":\"https:\/\/staging.lucky-hunter.com\/fr\/product\/lucky-duck-waterproof-hdi-2\/#primaryimage\"},\"thumbnailUrl\":\"https:\/\/staging.lucky-hunter.com\/wp-content\/uploads\/2023\/08\/LF-281.png\",\"datePublished\":\"2023-08-15T08:24:00+00:00\",\"dateModified\":\"2024-09-12T09:20:07+00:00\",\"description\":\"Le Lucky imperm\u00e9able HDI est le premier leurre ENTI\u00c8REMENT \u00c9TANCHE sur le march\u00e9. Le HDI est \u00e9galement le premier spinner \u00e0 fonctionner sur une batterie Lithium-ion.\",\"breadcrumb\":{\"@id\":\"https:\/\/staging.lucky-hunter.com\/fr\/product\/lucky-duck-waterproof-hdi-2\/#breadcrumb\"},\"inLanguage\":\"fr-FR\",\"potentialAction\":[{\"@type\":\"ReadAction\",\"target\":[\"https:\/\/staging.lucky-hunter.com\/fr\/product\/lucky-duck-waterproof-hdi-2\/\"]}]},{\"@type\":\"ImageObject\",\"inLanguage\":\"fr-FR\",\"@id\":\"https:\/\/staging.lucky-hunter.com\/fr\/product\/lucky-duck-waterproof-hdi-2\/#primaryimage\",\"url\":\"https:\/\/staging.lucky-hunter.com\/wp-content\/uploads\/2023\/08\/LF-281.png\",\"contentUrl\":\"https:\/\/staging.lucky-hunter.com\/wp-content\/uploads\/2023\/08\/LF-281.png\",\"width\":1000,\"height\":1000},{\"@type\":\"BreadcrumbList\",\"@id\":\"https:\/\/staging.lucky-hunter.com\/fr\/product\/lucky-duck-waterproof-hdi-2\/#breadcrumb\",\"itemListElement\":[{\"@type\":\"ListItem\",\"position\":1,\"name\":\"Home\",\"item\":\"https:\/\/staging.lucky-hunter.com\/fr\/\"},{\"@type\":\"ListItem\",\"position\":2,\"name\":\"Boutique\",\"item\":\"https:\/\/staging.lucky-hunter.com\/fr\/shop\/\"},{\"@type\":\"ListItem\",\"position\":3,\"name\":\"Lucky Duck imperm\u00e9able HDI\"}]},{\"@type\":\"WebSite\",\"@id\":\"https:\/\/staging.lucky-hunter.com\/#website\",\"url\":\"https:\/\/staging.lucky-hunter.com\/\",\"name\":\"Lucky-Hunter\",\"description\":\"Gear Up or Give Up\",\"potentialAction\":[{\"@type\":\"SearchAction\",\"target\":{\"@type\":\"EntryPoint\",\"urlTemplate\":\"https:\/\/staging.lucky-hunter.com\/?s={search_term_string}\"},\"query-input\":{\"@type\":\"PropertyValueSpecification\",\"valueRequired\":true,\"valueName\":\"search_term_string\"}}],\"inLanguage\":\"fr-FR\"}]}<\/script>\n<!-- \/ Yoast SEO plugin. -->","yoast_head_json":{"title":"Lucky Duck imperm\u00e9able HDI - premier leurre ENTI\u00c8REMENT \u00c9TANCHE sur le march\u00e9&lt;1}","description":"Le Lucky imperm\u00e9able HDI est le premier leurre ENTI\u00c8REMENT \u00c9TANCHE sur le march\u00e9. Le HDI est \u00e9galement le premier spinner \u00e0 fonctionner sur une batterie Lithium-ion.","robots":{"index":"noindex","follow":"follow","max-snippet":"max-snippet:-1","max-image-preview":"max-image-preview:large","max-video-preview":"max-video-preview:-1"},"og_locale":"fr_FR","og_type":"article","og_title":"{1>Lucky Duck Waterproof HDI - premier leurre ENTI\u00c8REMENT \u00c9TANCHE sur le march\u00e9&lt;1}","og_description":"Le Lucky imperm\u00e9able HDI est le premier leurre ENTI\u00c8REMENT \u00c9TANCHE sur le march\u00e9. Le HDI est \u00e9galement le premier spinner \u00e0 fonctionner sur une batterie Lithium-ion.","og_url":"https:\/\/staging.lucky-hunter.com\/fr\/product\/lucky-duck-waterproof-hdi-2\/","og_site_name":"Lucky-Hunter","article_modified_time":"2024-09-12T09:20:07+00:00","og_image":[{"width":1000,"height":1000,"url":"https:\/\/staging.lucky-hunter.com\/wp-content\/uploads\/2023\/08\/LF-281.png","type":"image\/png"}],"twitter_card":"summary_large_image","twitter_title":"Lucky Duck imperm\u00e9able HDI - premier leurre ENTI\u00c8REMENT \u00c9TANCHE sur le march\u00e9&lt;1}","twitter_description":"Le Lucky imperm\u00e9able HDI est le premier leurre ENTI\u00c8REMENT \u00c9TANCHE sur le march\u00e9. Le HDI est \u00e9galement le premier spinner \u00e0 fonctionner sur une batterie Lithium-ion.","twitter_misc":{"Dur\u00e9e de lecture estim\u00e9e":"2 minutes"},"schema":{"@context":"https:\/\/schema.org","@graph":[{"@type":"WebPage","@id":"https:\/\/staging.lucky-hunter.com\/fr\/product\/lucky-duck-waterproof-hdi-2\/","url":"https:\/\/staging.lucky-hunter.com\/fr\/product\/lucky-duck-waterproof-hdi-2\/","name":"Lucky Duck imperm\u00e9able HDI - premier leurre ENTI\u00c8REMENT \u00c9TANCHE sur le march\u00e9&lt;1}","isPartOf":{"@id":"https:\/\/staging.lucky-hunter.com\/#website"},"primaryImageOfPage":{"@id":"https:\/\/staging.lucky-hunter.com\/fr\/product\/lucky-duck-waterproof-hdi-2\/#primaryimage"},"image":{"@id":"https:\/\/staging.lucky-hunter.com\/fr\/product\/lucky-duck-waterproof-hdi-2\/#primaryimage"},"thumbnailUrl":"https:\/\/staging.lucky-hunter.com\/wp-content\/uploads\/2023\/08\/LF-281.png","datePublished":"2023-08-15T08:24:00+00:00","dateModified":"2024-09-12T09:20:07+00:00","description":"Le Lucky imperm\u00e9able HDI est le premier leurre ENTI\u00c8REMENT \u00c9TANCHE sur le march\u00e9. Le HDI est \u00e9galement le premier spinner \u00e0 fonctionner sur une batterie Lithium-ion.","breadcrumb":{"@id":"https:\/\/staging.lucky-hunter.com\/fr\/product\/lucky-duck-waterproof-hdi-2\/#breadcrumb"},"inLanguage":"fr-FR","potentialAction":[{"@type":"ReadAction","target":["https:\/\/staging.lucky-hunter.com\/fr\/product\/lucky-duck-waterproof-hdi-2\/"]}]},{"@type":"ImageObject","inLanguage":"fr-FR","@id":"https:\/\/staging.lucky-hunter.com\/fr\/product\/lucky-duck-waterproof-hdi-2\/#primaryimage","url":"https:\/\/staging.lucky-hunter.com\/wp-content\/uploads\/2023\/08\/LF-281.png","contentUrl":"https:\/\/staging.lucky-hunter.com\/wp-content\/uploads\/2023\/08\/LF-281.png","width":1000,"height":1000},{"@type":"BreadcrumbList","@id":"https:\/\/staging.lucky-hunter.com\/fr\/product\/lucky-duck-waterproof-hdi-2\/#breadcrumb","itemListElement":[{"@type":"ListItem","position":1,"name":"Home","item":"https:\/\/staging.lucky-hunter.com\/fr\/"},{"@type":"ListItem","position":2,"name":"Boutique","item":"https:\/\/staging.lucky-hunter.com\/fr\/shop\/"},{"@type":"ListItem","position":3,"name":"Lucky Duck imperm\u00e9able HDI"}]},{"@type":"WebSite","@id":"https:\/\/staging.lucky-hunter.com\/#website","url":"https:\/\/staging.lucky-hunter.com\/","name":"Lucky-Hunter","description":"Gear Up or Give Up","potentialAction":[{"@type":"SearchAction","target":{"@type":"EntryPoint","urlTemplate":"https:\/\/staging.lucky-hunter.com\/?s={search_term_string}"},"query-input":{"@type":"PropertyValueSpecification","valueRequired":true,"valueName":"search_term_string"}}],"inLanguage":"fr-FR"}]}},"_links":{"self":[{"href":"https:\/\/staging.lucky-hunter.com\/fr\/wp-json\/wp\/v2\/product\/62975"}],"collection":[{"href":"https:\/\/staging.lucky-hunter.com\/fr\/wp-json\/wp\/v2\/product"}],"about":[{"href":"https:\/\/staging.lucky-hunter.com\/fr\/wp-json\/wp\/v2\/types\/product"}],"wp:featuredmedia":[{"embeddable":true,"href":"https:\/\/staging.lucky-hunter.com\/fr\/wp-json\/wp\/v2\/media\/63431"}],"wp:attachment":[{"href":"https:\/\/staging.lucky-hunter.com\/fr\/wp-json\/wp\/v2\/media?parent=62975"}],"wp:term":[{"taxonomy":"product_brand","embeddable":true,"href":"https:\/\/staging.lucky-hunter.com\/fr\/wp-json\/wp\/v2\/product_brand?post=62975"},{"taxonomy":"product_cat","embeddable":true,"href":"https:\/\/staging.lucky-hunter.com\/fr\/wp-json\/wp\/v2\/product_cat?post=62975"},{"taxonomy":"product_tag","embeddable":true,"href":"https:\/\/staging.lucky-hunter.com\/fr\/wp-json\/wp\/v2\/product_tag?post=62975"}],"curies":[{"name":"wp","href":"https:\/\/api.w.org\/{rel}","templated":true}]}}