{"id":62791,"date":"2023-07-12T09:52:39","date_gmt":"2023-07-12T07:52:39","guid":{"rendered":"https:\/\/staging.lucky-hunter.com\/product\/higdon-redheads-6-pcs\/"},"modified":"2023-08-08T00:45:17","modified_gmt":"2023-08-07T22:45:17","slug":"higdon-redheads-6-pcs","status":"publish","type":"product","link":"https:\/\/staging.lucky-hunter.com\/fr\/product\/higdon-redheads-6-pcs\/","title":{"rendered":"T\u00eates rouges Higdon &#8211; Pack de 6"},"content":{"rendered":"<h1>Des formes magnifiques pour la chasse au canard plongeur<\/h1>\n<p><strong>Caract\u00e9ristiques des T\u00eates rouges Higdon<\/strong><br \/>\n\u2022 Remplies de mousse<br \/>\n\u2022 Quille lest\u00e9e<br \/>\n\u2022 Plusieurs postures de t\u00eate<br \/>\n\u2022 L\u00e9g\u00e8res et peu encombrantes<br \/>\n\u2022 D\u00e9tails r\u00e9alistes dans la finition<br \/>\n\u2022 Design de quille \u00e0 cordages courts<br \/>\n\u2022 Forme officielle de Ducks Unlimited<\/p>\n<p>Avec leurs dimensions extra-larges et leurs couleurs vibrantes, les formes de canards \u00e0 t\u00eate rouge Higdon sont con\u00e7ues pour attirer l\u2019attention au maximum. Mariant des tons gris vif, des rouges rouille naturels et des reflets dor\u00e9s, ces formes se d\u00e9marquent vraiment. La technique XHD Hyper-Feathering permet d\u2019am\u00e9liorer les contours de chaque plume, pour une apparence encore plus r\u00e9aliste.<\/p>\n<p>Ces formes de taille standard sont l\u00e9g\u00e8rement plus petites que de vrais canards, ce qui les rend l\u00e9g\u00e8res, abordables et faciles \u00e0 ranger. Pouvant \u00eatre utilis\u00e9es individuellement dans votre zone de chasse pr\u00e9f\u00e9r\u00e9e ou ajout\u00e9es \u00e0 votre d\u00e9ploiement pour le diversifier, ces formes offrent une grande polyvalence. La quille \u00e0 redressement automatique, lest\u00e9e vers l&#8217;avant, permet une installation rapide et sans effort dans n&#8217;importe quelle profondeur d&#8217;eau\u00a0; quant \u00e0 l\u2019innovant clip de quille, il permet l\u2019utilisation de cordages courts en eau peu profonde. Avec le processus m\u00e9ticuleux de peinture UV et les techniques de sculpture r\u00e9alistes de Higdon, les d\u00e9tails complexes de chaque plume sont mis en \u00e9vidence, r\u00e9duisant les reflets artificiels m\u00eame lorsqu&#8217;elles sont mouill\u00e9es. La peinture de haute qualit\u00e9 r\u00e9siste au pelage et \u00e0 la d\u00e9coloration, afin que les formes conservent leur apparence impressionnante saison apr\u00e8s saison.<\/p>\n<p>Le pack comprend 4 canards droits et 2 cannes au repos, tous remplis de mousse.<\/p>\n<p>En choisissant ce produit sous licence officielle de Ducks Unlimited, une partie du prix que vous payez est utilis\u00e9e pour soutenir la conservation des zones humides.<\/p>\n","protected":false},"excerpt":{"rendered":"<p>Avec leurs dimensions extra-larges et leurs couleurs vibrantes, les formes de canards \u00e0 t\u00eate rouge Higdon sont con\u00e7ues pour attirer l\u2019attention au maximum.<\/p>\n","protected":false},"featured_media":61286,"template":"","meta":[],"product_brand":[9513],"product_cat":[8187],"product_tag":[],"yoast_head":"<!-- This site is optimized with the Yoast SEO plugin v24.3 - https:\/\/yoast.com\/wordpress\/plugins\/seo\/ -->\n<title>T\u00eates rouges Higdon - Pack de 6 | Le plus grand choix de formes en Europe<\/title>\n<meta name=\"description\" content=\"Avec leurs dimensions extra-larges et leurs couleurs vibrantes, les formes de canards \u00e0 t\u00eate rouge Higdon sont con\u00e7ues pour attirer l\u2019attention au maximum. Le pack comprend 4 canards droits et 2 cannes au repos.\" \/>\n<meta name=\"robots\" content=\"noindex, follow, max-snippet:-1, max-image-preview:large, max-video-preview:-1\" \/>\n<meta property=\"og:locale\" content=\"fr_FR\" \/>\n<meta property=\"og:type\" content=\"article\" \/>\n<meta property=\"og:title\" content=\"T\u00eates rouges Higdon - Pack de 6 | Le plus grand choix de formes en Europe\" \/>\n<meta property=\"og:description\" content=\"Avec leurs dimensions extra-larges et leurs couleurs vibrantes, les formes de canards \u00e0 t\u00eate rouge Higdon sont con\u00e7ues pour attirer l\u2019attention au maximum. Le pack comprend 4 canards droits et 2 cannes au repos.\" \/>\n<meta property=\"og:url\" content=\"https:\/\/staging.lucky-hunter.com\/product\/higdon-redheads-6-pcs\/\" \/>\n<meta property=\"og:site_name\" content=\"Lucky-Hunter\" \/>\n<meta property=\"article:modified_time\" content=\"2023-08-07T22:45:17+00:00\" \/>\n<meta property=\"og:image\" content=\"https:\/\/staging.lucky-hunter.com\/wp-content\/uploads\/2023\/06\/LF-820.png\" \/>\n\t<meta property=\"og:image:width\" content=\"1000\" \/>\n\t<meta property=\"og:image:height\" content=\"1000\" \/>\n\t<meta property=\"og:image:type\" content=\"image\/png\" \/>\n<meta name=\"twitter:card\" content=\"summary_large_image\" \/>\n<meta name=\"twitter:label1\" content=\"Dur\u00e9e de lecture estim\u00e9e\" \/>\n\t<meta name=\"twitter:data1\" content=\"1 minute\" \/>\n<script type=\"application\/ld+json\" class=\"yoast-schema-graph\">{\"@context\":\"https:\/\/schema.org\",\"@graph\":[{\"@type\":\"WebPage\",\"@id\":\"https:\/\/staging.lucky-hunter.com\/product\/higdon-redheads-6-pcs\/\",\"url\":\"https:\/\/staging.lucky-hunter.com\/product\/higdon-redheads-6-pcs\/\",\"name\":\"T\u00eates rouges Higdon - Pack de 6 | Le plus grand choix de formes en Europe\",\"isPartOf\":{\"@id\":\"https:\/\/staging.lucky-hunter.com\/#website\"},\"primaryImageOfPage\":{\"@id\":\"https:\/\/staging.lucky-hunter.com\/product\/higdon-redheads-6-pcs\/#primaryimage\"},\"image\":{\"@id\":\"https:\/\/staging.lucky-hunter.com\/product\/higdon-redheads-6-pcs\/#primaryimage\"},\"thumbnailUrl\":\"https:\/\/staging.lucky-hunter.com\/wp-content\/uploads\/2023\/06\/LF-820.png\",\"datePublished\":\"2023-07-12T07:52:39+00:00\",\"dateModified\":\"2023-08-07T22:45:17+00:00\",\"description\":\"Avec leurs dimensions extra-larges et leurs couleurs vibrantes, les formes de canards \u00e0 t\u00eate rouge Higdon sont con\u00e7ues pour attirer l\u2019attention au maximum. Le pack comprend 4 canards droits et 2 cannes au repos.\",\"breadcrumb\":{\"@id\":\"https:\/\/staging.lucky-hunter.com\/product\/higdon-redheads-6-pcs\/#breadcrumb\"},\"inLanguage\":\"fr-FR\",\"potentialAction\":[{\"@type\":\"ReadAction\",\"target\":[\"https:\/\/staging.lucky-hunter.com\/product\/higdon-redheads-6-pcs\/\"]}]},{\"@type\":\"ImageObject\",\"inLanguage\":\"fr-FR\",\"@id\":\"https:\/\/staging.lucky-hunter.com\/product\/higdon-redheads-6-pcs\/#primaryimage\",\"url\":\"https:\/\/staging.lucky-hunter.com\/wp-content\/uploads\/2023\/06\/LF-820.png\",\"contentUrl\":\"https:\/\/staging.lucky-hunter.com\/wp-content\/uploads\/2023\/06\/LF-820.png\",\"width\":1000,\"height\":1000,\"caption\":\"Higdon Redheads\"},{\"@type\":\"BreadcrumbList\",\"@id\":\"https:\/\/staging.lucky-hunter.com\/product\/higdon-redheads-6-pcs\/#breadcrumb\",\"itemListElement\":[{\"@type\":\"ListItem\",\"position\":1,\"name\":\"Home\",\"item\":\"https:\/\/staging.lucky-hunter.com\/fr\/\"},{\"@type\":\"ListItem\",\"position\":2,\"name\":\"Boutique\",\"item\":\"https:\/\/staging.lucky-hunter.com\/fr\/shop\/\"},{\"@type\":\"ListItem\",\"position\":3,\"name\":\"T\u00eates rouges Higdon &#8211; Pack de 6\"}]},{\"@type\":\"WebSite\",\"@id\":\"https:\/\/staging.lucky-hunter.com\/#website\",\"url\":\"https:\/\/staging.lucky-hunter.com\/\",\"name\":\"Lucky-Hunter\",\"description\":\"Gear Up or Give Up\",\"potentialAction\":[{\"@type\":\"SearchAction\",\"target\":{\"@type\":\"EntryPoint\",\"urlTemplate\":\"https:\/\/staging.lucky-hunter.com\/?s={search_term_string}\"},\"query-input\":{\"@type\":\"PropertyValueSpecification\",\"valueRequired\":true,\"valueName\":\"search_term_string\"}}],\"inLanguage\":\"fr-FR\"}]}<\/script>\n<!-- \/ Yoast SEO plugin. -->","yoast_head_json":{"title":"T\u00eates rouges Higdon - Pack de 6 | Le plus grand choix de formes en Europe","description":"Avec leurs dimensions extra-larges et leurs couleurs vibrantes, les formes de canards \u00e0 t\u00eate rouge Higdon sont con\u00e7ues pour attirer l\u2019attention au maximum. Le pack comprend 4 canards droits et 2 cannes au repos.","robots":{"index":"noindex","follow":"follow","max-snippet":"max-snippet:-1","max-image-preview":"max-image-preview:large","max-video-preview":"max-video-preview:-1"},"og_locale":"fr_FR","og_type":"article","og_title":"T\u00eates rouges Higdon - Pack de 6 | Le plus grand choix de formes en Europe","og_description":"Avec leurs dimensions extra-larges et leurs couleurs vibrantes, les formes de canards \u00e0 t\u00eate rouge Higdon sont con\u00e7ues pour attirer l\u2019attention au maximum. Le pack comprend 4 canards droits et 2 cannes au repos.","og_url":"https:\/\/staging.lucky-hunter.com\/product\/higdon-redheads-6-pcs\/","og_site_name":"Lucky-Hunter","article_modified_time":"2023-08-07T22:45:17+00:00","og_image":[{"width":1000,"height":1000,"url":"https:\/\/staging.lucky-hunter.com\/wp-content\/uploads\/2023\/06\/LF-820.png","type":"image\/png"}],"twitter_card":"summary_large_image","twitter_misc":{"Dur\u00e9e de lecture estim\u00e9e":"1 minute"},"schema":{"@context":"https:\/\/schema.org","@graph":[{"@type":"WebPage","@id":"https:\/\/staging.lucky-hunter.com\/product\/higdon-redheads-6-pcs\/","url":"https:\/\/staging.lucky-hunter.com\/product\/higdon-redheads-6-pcs\/","name":"T\u00eates rouges Higdon - Pack de 6 | Le plus grand choix de formes en Europe","isPartOf":{"@id":"https:\/\/staging.lucky-hunter.com\/#website"},"primaryImageOfPage":{"@id":"https:\/\/staging.lucky-hunter.com\/product\/higdon-redheads-6-pcs\/#primaryimage"},"image":{"@id":"https:\/\/staging.lucky-hunter.com\/product\/higdon-redheads-6-pcs\/#primaryimage"},"thumbnailUrl":"https:\/\/staging.lucky-hunter.com\/wp-content\/uploads\/2023\/06\/LF-820.png","datePublished":"2023-07-12T07:52:39+00:00","dateModified":"2023-08-07T22:45:17+00:00","description":"Avec leurs dimensions extra-larges et leurs couleurs vibrantes, les formes de canards \u00e0 t\u00eate rouge Higdon sont con\u00e7ues pour attirer l\u2019attention au maximum. Le pack comprend 4 canards droits et 2 cannes au repos.","breadcrumb":{"@id":"https:\/\/staging.lucky-hunter.com\/product\/higdon-redheads-6-pcs\/#breadcrumb"},"inLanguage":"fr-FR","potentialAction":[{"@type":"ReadAction","target":["https:\/\/staging.lucky-hunter.com\/product\/higdon-redheads-6-pcs\/"]}]},{"@type":"ImageObject","inLanguage":"fr-FR","@id":"https:\/\/staging.lucky-hunter.com\/product\/higdon-redheads-6-pcs\/#primaryimage","url":"https:\/\/staging.lucky-hunter.com\/wp-content\/uploads\/2023\/06\/LF-820.png","contentUrl":"https:\/\/staging.lucky-hunter.com\/wp-content\/uploads\/2023\/06\/LF-820.png","width":1000,"height":1000,"caption":"Higdon Redheads"},{"@type":"BreadcrumbList","@id":"https:\/\/staging.lucky-hunter.com\/product\/higdon-redheads-6-pcs\/#breadcrumb","itemListElement":[{"@type":"ListItem","position":1,"name":"Home","item":"https:\/\/staging.lucky-hunter.com\/fr\/"},{"@type":"ListItem","position":2,"name":"Boutique","item":"https:\/\/staging.lucky-hunter.com\/fr\/shop\/"},{"@type":"ListItem","position":3,"name":"T\u00eates rouges Higdon &#8211; Pack de 6"}]},{"@type":"WebSite","@id":"https:\/\/staging.lucky-hunter.com\/#website","url":"https:\/\/staging.lucky-hunter.com\/","name":"Lucky-Hunter","description":"Gear Up or Give Up","potentialAction":[{"@type":"SearchAction","target":{"@type":"EntryPoint","urlTemplate":"https:\/\/staging.lucky-hunter.com\/?s={search_term_string}"},"query-input":{"@type":"PropertyValueSpecification","valueRequired":true,"valueName":"search_term_string"}}],"inLanguage":"fr-FR"}]}},"_links":{"self":[{"href":"https:\/\/staging.lucky-hunter.com\/fr\/wp-json\/wp\/v2\/product\/62791"}],"collection":[{"href":"https:\/\/staging.lucky-hunter.com\/fr\/wp-json\/wp\/v2\/product"}],"about":[{"href":"https:\/\/staging.lucky-hunter.com\/fr\/wp-json\/wp\/v2\/types\/product"}],"wp:featuredmedia":[{"embeddable":true,"href":"https:\/\/staging.lucky-hunter.com\/fr\/wp-json\/wp\/v2\/media\/61286"}],"wp:attachment":[{"href":"https:\/\/staging.lucky-hunter.com\/fr\/wp-json\/wp\/v2\/media?parent=62791"}],"wp:term":[{"taxonomy":"product_brand","embeddable":true,"href":"https:\/\/staging.lucky-hunter.com\/fr\/wp-json\/wp\/v2\/product_brand?post=62791"},{"taxonomy":"product_cat","embeddable":true,"href":"https:\/\/staging.lucky-hunter.com\/fr\/wp-json\/wp\/v2\/product_cat?post=62791"},{"taxonomy":"product_tag","embeddable":true,"href":"https:\/\/staging.lucky-hunter.com\/fr\/wp-json\/wp\/v2\/product_tag?post=62791"}],"curies":[{"name":"wp","href":"https:\/\/api.w.org\/{rel}","templated":true}]}}