{"id":62177,"date":"2023-06-29T16:01:40","date_gmt":"2023-06-29T14:01:40","guid":{"rendered":"https:\/\/staging.lucky-hunter.com\/product\/avian-x-powerflight-mallard-spinning-wing-duck\/"},"modified":"2024-12-10T08:58:03","modified_gmt":"2024-12-10T07:58:03","slug":"avian-x-powerflight-mallard-spinning-wing-duck","status":"publish","type":"product","link":"https:\/\/staging.lucky-hunter.com\/fr\/product\/avian-x-powerflight-mallard-spinning-wing-duck\/","title":{"rendered":"Colvert Avian-X Powerflight &#8211; Canard \u00e0 ailes tournantes"},"content":{"rendered":"<p><iframe title=\"All NEW Avian X PowerFlight Mallard\" width=\"1020\" height=\"574\" src=\"https:\/\/www.youtube.com\/embed\/iUVI66c9ITs?wmode=transparent&amp;rel=0&amp;feature=oembed&#038;enablejsapi=1&#038;origin=https:\/\/staging.lucky-hunter.com\" frameborder=\"0\" allow=\"accelerometer; autoplay; clipboard-write; encrypted-media; gyroscope; picture-in-picture; web-share\" allowfullscreen><\/iframe><\/p>\n<p>Le nouveau Colvert Avian-X PowerFlight est \u00e0 la hauteur des standards Avian-X : qualit\u00e9 sans compromis.<\/p>\n<p>Avian-X est sans aucun doute la marque la plus innovante du march\u00e9, leur objectif est de d\u00e9velopper des formes aussi r\u00e9alistes que les canards qui volent au-dessus de votre t\u00eate.<\/p>\n<p>Contrairement aux autres formes \u00e0 ailes tournantes, les ailes de l&#8217;Avian-X Powerflight int\u00e8grent le mouvement brevet\u00e9 \u00ab\u00a0Angel Wing\u00a0\u00bb.<\/p>\n<p>Le Colvert PowerFlight est fait de mat\u00e9riaux r\u00e9sistants aux intemp\u00e9ries qui peuvent fonctionner m\u00eame dans les vents les plus extr\u00eames (jusqu&#8217;\u00e0 48 km\/h).<\/p>\n<p><strong>Caract\u00e9ristiques\u00a0:<\/strong><\/p>\n<ul>\n<li>Batterie lithium-ion avec jusqu&#8217;\u00e0 16 heures d&#8217;utilisation lorsque enti\u00e8rement charg\u00e9e. Les batteries plomb-acide classiques de 6 volts ont une autonomie de 6 \u00e0 8 heures<\/li>\n<li>Recharge facile gr\u00e2ce au port de charge externe<\/li>\n<li>Vous pouvez \u00e9galement utiliser une batterie au plomb de 6 volts lors de la charge de la batterie au lithium-ion<\/li>\n<li>La t\u00e9l\u00e9commande, la batterie rechargeable, le chargeur et un piquet robuste pour marais sont inclus.<\/li>\n<\/ul>\n","protected":false},"excerpt":{"rendered":"<p>Le nouveau Colvert Avian-X PowerFlight est \u00e0 la hauteur des standards Avian-X : qualit\u00e9 sans compromis.<\/p>\n","protected":false},"featured_media":62520,"template":"","meta":[],"product_brand":[8132],"product_cat":[9737,8180],"product_tag":[9235],"yoast_head":"<!-- This site is optimized with the Yoast SEO plugin v24.3 - https:\/\/yoast.com\/wordpress\/plugins\/seo\/ -->\n<title>Colvert Avian-X Powerflight - Canard \u00e0 ailes tournantes<\/title>\n<meta name=\"description\" content=\"Le nouveau Colvert Avian-X PowerFlight est \u00e0 la hauteur des standards Avian-X : qualit\u00e9 sans compromis.\" \/>\n<meta name=\"robots\" content=\"noindex, follow, max-snippet:-1, max-image-preview:large, max-video-preview:-1\" \/>\n<meta property=\"og:locale\" content=\"fr_FR\" \/>\n<meta property=\"og:type\" content=\"article\" \/>\n<meta property=\"og:title\" content=\"Colvert Avian-X Powerflight - Canard \u00e0 ailes tournantes\" \/>\n<meta property=\"og:description\" content=\"Le nouveau Colvert Avian-X PowerFlight est \u00e0 la hauteur des standards Avian-X : qualit\u00e9 sans compromis.\" \/>\n<meta property=\"og:url\" content=\"https:\/\/staging.lucky-hunter.com\/fr\/product\/avian-x-powerflight-mallard-spinning-wing-duck\/\" \/>\n<meta property=\"og:site_name\" content=\"Lucky-Hunter\" \/>\n<meta property=\"article:modified_time\" content=\"2024-12-10T07:58:03+00:00\" \/>\n<meta property=\"og:image\" content=\"https:\/\/staging.lucky-hunter.com\/wp-content\/uploads\/2023\/06\/LF-361.png\" \/>\n\t<meta property=\"og:image:width\" content=\"1000\" \/>\n\t<meta property=\"og:image:height\" content=\"1000\" \/>\n\t<meta property=\"og:image:type\" content=\"image\/png\" \/>\n<meta name=\"twitter:card\" content=\"summary_large_image\" \/>\n<meta name=\"twitter:label1\" content=\"Dur\u00e9e de lecture estim\u00e9e\" \/>\n\t<meta name=\"twitter:data1\" content=\"1 minute\" \/>\n<script type=\"application\/ld+json\" class=\"yoast-schema-graph\">{\"@context\":\"https:\/\/schema.org\",\"@graph\":[{\"@type\":\"WebPage\",\"@id\":\"https:\/\/staging.lucky-hunter.com\/fr\/product\/avian-x-powerflight-mallard-spinning-wing-duck\/\",\"url\":\"https:\/\/staging.lucky-hunter.com\/fr\/product\/avian-x-powerflight-mallard-spinning-wing-duck\/\",\"name\":\"Colvert Avian-X Powerflight - Canard \u00e0 ailes tournantes\",\"isPartOf\":{\"@id\":\"https:\/\/staging.lucky-hunter.com\/#website\"},\"primaryImageOfPage\":{\"@id\":\"https:\/\/staging.lucky-hunter.com\/fr\/product\/avian-x-powerflight-mallard-spinning-wing-duck\/#primaryimage\"},\"image\":{\"@id\":\"https:\/\/staging.lucky-hunter.com\/fr\/product\/avian-x-powerflight-mallard-spinning-wing-duck\/#primaryimage\"},\"thumbnailUrl\":\"https:\/\/staging.lucky-hunter.com\/wp-content\/uploads\/2023\/06\/LF-361.png\",\"datePublished\":\"2023-06-29T14:01:40+00:00\",\"dateModified\":\"2024-12-10T07:58:03+00:00\",\"description\":\"Le nouveau Colvert Avian-X PowerFlight est \u00e0 la hauteur des standards Avian-X : qualit\u00e9 sans compromis.\",\"breadcrumb\":{\"@id\":\"https:\/\/staging.lucky-hunter.com\/fr\/product\/avian-x-powerflight-mallard-spinning-wing-duck\/#breadcrumb\"},\"inLanguage\":\"fr-FR\",\"potentialAction\":[{\"@type\":\"ReadAction\",\"target\":[\"https:\/\/staging.lucky-hunter.com\/fr\/product\/avian-x-powerflight-mallard-spinning-wing-duck\/\"]}]},{\"@type\":\"ImageObject\",\"inLanguage\":\"fr-FR\",\"@id\":\"https:\/\/staging.lucky-hunter.com\/fr\/product\/avian-x-powerflight-mallard-spinning-wing-duck\/#primaryimage\",\"url\":\"https:\/\/staging.lucky-hunter.com\/wp-content\/uploads\/2023\/06\/LF-361.png\",\"contentUrl\":\"https:\/\/staging.lucky-hunter.com\/wp-content\/uploads\/2023\/06\/LF-361.png\",\"width\":1000,\"height\":1000},{\"@type\":\"BreadcrumbList\",\"@id\":\"https:\/\/staging.lucky-hunter.com\/fr\/product\/avian-x-powerflight-mallard-spinning-wing-duck\/#breadcrumb\",\"itemListElement\":[{\"@type\":\"ListItem\",\"position\":1,\"name\":\"Home\",\"item\":\"https:\/\/staging.lucky-hunter.com\/fr\/\"},{\"@type\":\"ListItem\",\"position\":2,\"name\":\"Boutique\",\"item\":\"https:\/\/staging.lucky-hunter.com\/fr\/shop\/\"},{\"@type\":\"ListItem\",\"position\":3,\"name\":\"Colvert Avian-X Powerflight &#8211; Canard \u00e0 ailes tournantes\"}]},{\"@type\":\"WebSite\",\"@id\":\"https:\/\/staging.lucky-hunter.com\/#website\",\"url\":\"https:\/\/staging.lucky-hunter.com\/\",\"name\":\"Lucky-Hunter\",\"description\":\"Gear Up or Give Up\",\"potentialAction\":[{\"@type\":\"SearchAction\",\"target\":{\"@type\":\"EntryPoint\",\"urlTemplate\":\"https:\/\/staging.lucky-hunter.com\/?s={search_term_string}\"},\"query-input\":{\"@type\":\"PropertyValueSpecification\",\"valueRequired\":true,\"valueName\":\"search_term_string\"}}],\"inLanguage\":\"fr-FR\"}]}<\/script>\n<!-- \/ Yoast SEO plugin. -->","yoast_head_json":{"title":"Colvert Avian-X Powerflight - Canard \u00e0 ailes tournantes","description":"Le nouveau Colvert Avian-X PowerFlight est \u00e0 la hauteur des standards Avian-X : qualit\u00e9 sans compromis.","robots":{"index":"noindex","follow":"follow","max-snippet":"max-snippet:-1","max-image-preview":"max-image-preview:large","max-video-preview":"max-video-preview:-1"},"og_locale":"fr_FR","og_type":"article","og_title":"Colvert Avian-X Powerflight - Canard \u00e0 ailes tournantes","og_description":"Le nouveau Colvert Avian-X PowerFlight est \u00e0 la hauteur des standards Avian-X : qualit\u00e9 sans compromis.","og_url":"https:\/\/staging.lucky-hunter.com\/fr\/product\/avian-x-powerflight-mallard-spinning-wing-duck\/","og_site_name":"Lucky-Hunter","article_modified_time":"2024-12-10T07:58:03+00:00","og_image":[{"width":1000,"height":1000,"url":"https:\/\/staging.lucky-hunter.com\/wp-content\/uploads\/2023\/06\/LF-361.png","type":"image\/png"}],"twitter_card":"summary_large_image","twitter_misc":{"Dur\u00e9e de lecture estim\u00e9e":"1 minute"},"schema":{"@context":"https:\/\/schema.org","@graph":[{"@type":"WebPage","@id":"https:\/\/staging.lucky-hunter.com\/fr\/product\/avian-x-powerflight-mallard-spinning-wing-duck\/","url":"https:\/\/staging.lucky-hunter.com\/fr\/product\/avian-x-powerflight-mallard-spinning-wing-duck\/","name":"Colvert Avian-X Powerflight - Canard \u00e0 ailes tournantes","isPartOf":{"@id":"https:\/\/staging.lucky-hunter.com\/#website"},"primaryImageOfPage":{"@id":"https:\/\/staging.lucky-hunter.com\/fr\/product\/avian-x-powerflight-mallard-spinning-wing-duck\/#primaryimage"},"image":{"@id":"https:\/\/staging.lucky-hunter.com\/fr\/product\/avian-x-powerflight-mallard-spinning-wing-duck\/#primaryimage"},"thumbnailUrl":"https:\/\/staging.lucky-hunter.com\/wp-content\/uploads\/2023\/06\/LF-361.png","datePublished":"2023-06-29T14:01:40+00:00","dateModified":"2024-12-10T07:58:03+00:00","description":"Le nouveau Colvert Avian-X PowerFlight est \u00e0 la hauteur des standards Avian-X : qualit\u00e9 sans compromis.","breadcrumb":{"@id":"https:\/\/staging.lucky-hunter.com\/fr\/product\/avian-x-powerflight-mallard-spinning-wing-duck\/#breadcrumb"},"inLanguage":"fr-FR","potentialAction":[{"@type":"ReadAction","target":["https:\/\/staging.lucky-hunter.com\/fr\/product\/avian-x-powerflight-mallard-spinning-wing-duck\/"]}]},{"@type":"ImageObject","inLanguage":"fr-FR","@id":"https:\/\/staging.lucky-hunter.com\/fr\/product\/avian-x-powerflight-mallard-spinning-wing-duck\/#primaryimage","url":"https:\/\/staging.lucky-hunter.com\/wp-content\/uploads\/2023\/06\/LF-361.png","contentUrl":"https:\/\/staging.lucky-hunter.com\/wp-content\/uploads\/2023\/06\/LF-361.png","width":1000,"height":1000},{"@type":"BreadcrumbList","@id":"https:\/\/staging.lucky-hunter.com\/fr\/product\/avian-x-powerflight-mallard-spinning-wing-duck\/#breadcrumb","itemListElement":[{"@type":"ListItem","position":1,"name":"Home","item":"https:\/\/staging.lucky-hunter.com\/fr\/"},{"@type":"ListItem","position":2,"name":"Boutique","item":"https:\/\/staging.lucky-hunter.com\/fr\/shop\/"},{"@type":"ListItem","position":3,"name":"Colvert Avian-X Powerflight &#8211; Canard \u00e0 ailes tournantes"}]},{"@type":"WebSite","@id":"https:\/\/staging.lucky-hunter.com\/#website","url":"https:\/\/staging.lucky-hunter.com\/","name":"Lucky-Hunter","description":"Gear Up or Give Up","potentialAction":[{"@type":"SearchAction","target":{"@type":"EntryPoint","urlTemplate":"https:\/\/staging.lucky-hunter.com\/?s={search_term_string}"},"query-input":{"@type":"PropertyValueSpecification","valueRequired":true,"valueName":"search_term_string"}}],"inLanguage":"fr-FR"}]}},"_links":{"self":[{"href":"https:\/\/staging.lucky-hunter.com\/fr\/wp-json\/wp\/v2\/product\/62177"}],"collection":[{"href":"https:\/\/staging.lucky-hunter.com\/fr\/wp-json\/wp\/v2\/product"}],"about":[{"href":"https:\/\/staging.lucky-hunter.com\/fr\/wp-json\/wp\/v2\/types\/product"}],"wp:featuredmedia":[{"embeddable":true,"href":"https:\/\/staging.lucky-hunter.com\/fr\/wp-json\/wp\/v2\/media\/62520"}],"wp:attachment":[{"href":"https:\/\/staging.lucky-hunter.com\/fr\/wp-json\/wp\/v2\/media?parent=62177"}],"wp:term":[{"taxonomy":"product_brand","embeddable":true,"href":"https:\/\/staging.lucky-hunter.com\/fr\/wp-json\/wp\/v2\/product_brand?post=62177"},{"taxonomy":"product_cat","embeddable":true,"href":"https:\/\/staging.lucky-hunter.com\/fr\/wp-json\/wp\/v2\/product_cat?post=62177"},{"taxonomy":"product_tag","embeddable":true,"href":"https:\/\/staging.lucky-hunter.com\/fr\/wp-json\/wp\/v2\/product_tag?post=62177"}],"curies":[{"name":"wp","href":"https:\/\/api.w.org\/{rel}","templated":true}]}}