{"id":62175,"date":"2023-07-12T09:53:14","date_gmt":"2023-07-12T07:53:14","guid":{"rendered":"https:\/\/staging.lucky-hunter.com\/?post_type=product&#038;p=62175"},"modified":"2024-01-30T12:10:56","modified_gmt":"2024-01-30T11:10:56","slug":"higdon-floating-flasher-colvert","status":"publish","type":"product","link":"https:\/\/staging.lucky-hunter.com\/fr\/product\/higdon-floating-flasher-colvert\/","title":{"rendered":"Higdon Floating Flasher &#8211; Colvert"},"content":{"rendered":"<p><iframe title=\"XS Floating Flasher - Higdon Outdoors\" width=\"1020\" height=\"574\" src=\"https:\/\/www.youtube.com\/embed\/Lpt3c940upQ?wmode=transparent&amp;rel=0&amp;feature=oembed&#038;enablejsapi=1&#038;origin=https:\/\/staging.lucky-hunter.com\" frameborder=\"0\" allow=\"accelerometer; autoplay; clipboard-write; encrypted-media; gyroscope; picture-in-picture; web-share\" allowfullscreen><\/iframe><\/p>\n<h1>Chassez le canard comme un pro<\/h1>\n<p><strong>Caract\u00e9ristiques du Higdon Floating Flasher<\/strong><\/p>\n<p>\u2022 Base remplie de mousse<br \/>\n\u2022 10\u00a0heures d&#8217;autonomie<br \/>\n\u2022 Minuterie int\u00e9gr\u00e9e<br \/>\n\u2022 Plumes imprim\u00e9es sur les ailes<br \/>\n\u2022 L\u00e9ger, facile \u00e0 transporter<br \/>\n\u2022 Imite le mouvement des ailes de mani\u00e8re r\u00e9aliste<br \/>\n\u2022 D\u00e9tails r\u00e9alistes<br \/>\n\u2022 Forme officielle de Ducks Unlimited<\/p>\n<p>Voici le Higdon XS Floating Flasher &#8211; la solution contre les canards qui ignorent vos formes. Avec ses ailes imprim\u00e9es r\u00e9alistes et juste ce qu&#8217;il faut de mouvement, cette forme attire les canards en imitant un colvert en action. Son flotteur textur\u00e9 se marie parfaitement avec la couleur boueuse naturelle de l&#8217;eau. Le XS Floating Flasher a un design compact avec une petite batterie lithium-ion de 12 V, ce qui r\u00e9duit le poids et la taille. Il comprend un dispositif anti-retournement pour les conditions venteuses et est compatible avec une t\u00e9l\u00e9commande\/r\u00e9cepteur (vendus s\u00e9par\u00e9ment). Profitez d&#8217;une autonomie de 10 heures et d&#8217;un temps de recharge rapide de 3 heures. De plus, vous pouvez doubler l\u2019autonomie de la batterie gr\u00e2ce \u00e0 une batterie suppl\u00e9mentaire (vendue s\u00e9par\u00e9ment). Le pack comprend la forme, la batterie, le chargeur et les instructions d&#8217;utilisation. En l\u2019achetant, vous contribuez aux efforts de conservation des zones humides de Ducks Unlimited.<\/p>\n","protected":false},"excerpt":{"rendered":"<p>Avec ses ailes imprim\u00e9es r\u00e9alistes et juste ce qu&#8217;il faut de mouvement, le Higdon Floating Flasher attire les canards en imitant un colvert en action.<\/p>\n","protected":false},"featured_media":61361,"template":"","meta":[],"product_brand":[9513],"product_cat":[8180,9737],"product_tag":[9235],"yoast_head":"<!-- This site is optimized with the Yoast SEO plugin v24.3 - https:\/\/yoast.com\/wordpress\/plugins\/seo\/ -->\n<title>Higdon Floating Flasher - Colvert | Lucky-hunter.com<\/title>\n<meta name=\"description\" content=\"Avec ses ailes imprim\u00e9es r\u00e9alistes et juste ce qu&#039;il faut de mouvement, le Higdon Floating Flasher attire les canards en imitant un colvert en action.\" \/>\n<meta name=\"robots\" content=\"noindex, follow, max-snippet:-1, max-image-preview:large, max-video-preview:-1\" \/>\n<meta property=\"og:locale\" content=\"fr_FR\" \/>\n<meta property=\"og:type\" content=\"article\" \/>\n<meta property=\"og:title\" content=\"Higdon Floating Flasher - Colvert | Lucky-hunter.com\" \/>\n<meta property=\"og:description\" content=\"Avec ses ailes imprim\u00e9es r\u00e9alistes et juste ce qu&#039;il faut de mouvement, le Higdon Floating Flasher attire les canards en imitant un colvert en action.\" \/>\n<meta property=\"og:url\" content=\"https:\/\/staging.lucky-hunter.com\/product\/higdon-floating-flasher-mallard\/\" \/>\n<meta property=\"og:site_name\" content=\"Lucky-Hunter\" \/>\n<meta property=\"article:modified_time\" content=\"2024-01-30T11:10:56+00:00\" \/>\n<meta property=\"og:image\" content=\"https:\/\/staging.lucky-hunter.com\/wp-content\/uploads\/2023\/06\/LF-830.png\" \/>\n\t<meta property=\"og:image:width\" content=\"1000\" \/>\n\t<meta property=\"og:image:height\" content=\"1000\" \/>\n\t<meta property=\"og:image:type\" content=\"image\/png\" \/>\n<meta name=\"twitter:card\" content=\"summary_large_image\" \/>\n<meta name=\"twitter:label1\" content=\"Dur\u00e9e de lecture estim\u00e9e\" \/>\n\t<meta name=\"twitter:data1\" content=\"2 minutes\" \/>\n<script type=\"application\/ld+json\" class=\"yoast-schema-graph\">{\"@context\":\"https:\/\/schema.org\",\"@graph\":[{\"@type\":\"WebPage\",\"@id\":\"https:\/\/staging.lucky-hunter.com\/product\/higdon-floating-flasher-mallard\/\",\"url\":\"https:\/\/staging.lucky-hunter.com\/product\/higdon-floating-flasher-mallard\/\",\"name\":\"Higdon Floating Flasher - Colvert | Lucky-hunter.com\",\"isPartOf\":{\"@id\":\"https:\/\/staging.lucky-hunter.com\/#website\"},\"primaryImageOfPage\":{\"@id\":\"https:\/\/staging.lucky-hunter.com\/product\/higdon-floating-flasher-mallard\/#primaryimage\"},\"image\":{\"@id\":\"https:\/\/staging.lucky-hunter.com\/product\/higdon-floating-flasher-mallard\/#primaryimage\"},\"thumbnailUrl\":\"https:\/\/staging.lucky-hunter.com\/wp-content\/uploads\/2023\/06\/LF-830.png\",\"datePublished\":\"2023-07-12T07:53:14+00:00\",\"dateModified\":\"2024-01-30T11:10:56+00:00\",\"description\":\"Avec ses ailes imprim\u00e9es r\u00e9alistes et juste ce qu'il faut de mouvement, le Higdon Floating Flasher attire les canards en imitant un colvert en action.\",\"breadcrumb\":{\"@id\":\"https:\/\/staging.lucky-hunter.com\/product\/higdon-floating-flasher-mallard\/#breadcrumb\"},\"inLanguage\":\"fr-FR\",\"potentialAction\":[{\"@type\":\"ReadAction\",\"target\":[\"https:\/\/staging.lucky-hunter.com\/product\/higdon-floating-flasher-mallard\/\"]}]},{\"@type\":\"ImageObject\",\"inLanguage\":\"fr-FR\",\"@id\":\"https:\/\/staging.lucky-hunter.com\/product\/higdon-floating-flasher-mallard\/#primaryimage\",\"url\":\"https:\/\/staging.lucky-hunter.com\/wp-content\/uploads\/2023\/06\/LF-830.png\",\"contentUrl\":\"https:\/\/staging.lucky-hunter.com\/wp-content\/uploads\/2023\/06\/LF-830.png\",\"width\":1000,\"height\":1000},{\"@type\":\"BreadcrumbList\",\"@id\":\"https:\/\/staging.lucky-hunter.com\/product\/higdon-floating-flasher-mallard\/#breadcrumb\",\"itemListElement\":[{\"@type\":\"ListItem\",\"position\":1,\"name\":\"Home\",\"item\":\"https:\/\/staging.lucky-hunter.com\/fr\/\"},{\"@type\":\"ListItem\",\"position\":2,\"name\":\"Boutique\",\"item\":\"https:\/\/staging.lucky-hunter.com\/fr\/shop\/\"},{\"@type\":\"ListItem\",\"position\":3,\"name\":\"Higdon Floating Flasher &#8211; Colvert\"}]},{\"@type\":\"WebSite\",\"@id\":\"https:\/\/staging.lucky-hunter.com\/#website\",\"url\":\"https:\/\/staging.lucky-hunter.com\/\",\"name\":\"Lucky-Hunter\",\"description\":\"Gear Up or Give Up\",\"potentialAction\":[{\"@type\":\"SearchAction\",\"target\":{\"@type\":\"EntryPoint\",\"urlTemplate\":\"https:\/\/staging.lucky-hunter.com\/?s={search_term_string}\"},\"query-input\":{\"@type\":\"PropertyValueSpecification\",\"valueRequired\":true,\"valueName\":\"search_term_string\"}}],\"inLanguage\":\"fr-FR\"}]}<\/script>\n<!-- \/ Yoast SEO plugin. -->","yoast_head_json":{"title":"Higdon Floating Flasher - Colvert | Lucky-hunter.com","description":"Avec ses ailes imprim\u00e9es r\u00e9alistes et juste ce qu'il faut de mouvement, le Higdon Floating Flasher attire les canards en imitant un colvert en action.","robots":{"index":"noindex","follow":"follow","max-snippet":"max-snippet:-1","max-image-preview":"max-image-preview:large","max-video-preview":"max-video-preview:-1"},"og_locale":"fr_FR","og_type":"article","og_title":"Higdon Floating Flasher - Colvert | Lucky-hunter.com","og_description":"Avec ses ailes imprim\u00e9es r\u00e9alistes et juste ce qu'il faut de mouvement, le Higdon Floating Flasher attire les canards en imitant un colvert en action.","og_url":"https:\/\/staging.lucky-hunter.com\/product\/higdon-floating-flasher-mallard\/","og_site_name":"Lucky-Hunter","article_modified_time":"2024-01-30T11:10:56+00:00","og_image":[{"width":1000,"height":1000,"url":"https:\/\/staging.lucky-hunter.com\/wp-content\/uploads\/2023\/06\/LF-830.png","type":"image\/png"}],"twitter_card":"summary_large_image","twitter_misc":{"Dur\u00e9e de lecture estim\u00e9e":"2 minutes"},"schema":{"@context":"https:\/\/schema.org","@graph":[{"@type":"WebPage","@id":"https:\/\/staging.lucky-hunter.com\/product\/higdon-floating-flasher-mallard\/","url":"https:\/\/staging.lucky-hunter.com\/product\/higdon-floating-flasher-mallard\/","name":"Higdon Floating Flasher - Colvert | Lucky-hunter.com","isPartOf":{"@id":"https:\/\/staging.lucky-hunter.com\/#website"},"primaryImageOfPage":{"@id":"https:\/\/staging.lucky-hunter.com\/product\/higdon-floating-flasher-mallard\/#primaryimage"},"image":{"@id":"https:\/\/staging.lucky-hunter.com\/product\/higdon-floating-flasher-mallard\/#primaryimage"},"thumbnailUrl":"https:\/\/staging.lucky-hunter.com\/wp-content\/uploads\/2023\/06\/LF-830.png","datePublished":"2023-07-12T07:53:14+00:00","dateModified":"2024-01-30T11:10:56+00:00","description":"Avec ses ailes imprim\u00e9es r\u00e9alistes et juste ce qu'il faut de mouvement, le Higdon Floating Flasher attire les canards en imitant un colvert en action.","breadcrumb":{"@id":"https:\/\/staging.lucky-hunter.com\/product\/higdon-floating-flasher-mallard\/#breadcrumb"},"inLanguage":"fr-FR","potentialAction":[{"@type":"ReadAction","target":["https:\/\/staging.lucky-hunter.com\/product\/higdon-floating-flasher-mallard\/"]}]},{"@type":"ImageObject","inLanguage":"fr-FR","@id":"https:\/\/staging.lucky-hunter.com\/product\/higdon-floating-flasher-mallard\/#primaryimage","url":"https:\/\/staging.lucky-hunter.com\/wp-content\/uploads\/2023\/06\/LF-830.png","contentUrl":"https:\/\/staging.lucky-hunter.com\/wp-content\/uploads\/2023\/06\/LF-830.png","width":1000,"height":1000},{"@type":"BreadcrumbList","@id":"https:\/\/staging.lucky-hunter.com\/product\/higdon-floating-flasher-mallard\/#breadcrumb","itemListElement":[{"@type":"ListItem","position":1,"name":"Home","item":"https:\/\/staging.lucky-hunter.com\/fr\/"},{"@type":"ListItem","position":2,"name":"Boutique","item":"https:\/\/staging.lucky-hunter.com\/fr\/shop\/"},{"@type":"ListItem","position":3,"name":"Higdon Floating Flasher &#8211; Colvert"}]},{"@type":"WebSite","@id":"https:\/\/staging.lucky-hunter.com\/#website","url":"https:\/\/staging.lucky-hunter.com\/","name":"Lucky-Hunter","description":"Gear Up or Give Up","potentialAction":[{"@type":"SearchAction","target":{"@type":"EntryPoint","urlTemplate":"https:\/\/staging.lucky-hunter.com\/?s={search_term_string}"},"query-input":{"@type":"PropertyValueSpecification","valueRequired":true,"valueName":"search_term_string"}}],"inLanguage":"fr-FR"}]}},"_links":{"self":[{"href":"https:\/\/staging.lucky-hunter.com\/fr\/wp-json\/wp\/v2\/product\/62175"}],"collection":[{"href":"https:\/\/staging.lucky-hunter.com\/fr\/wp-json\/wp\/v2\/product"}],"about":[{"href":"https:\/\/staging.lucky-hunter.com\/fr\/wp-json\/wp\/v2\/types\/product"}],"wp:featuredmedia":[{"embeddable":true,"href":"https:\/\/staging.lucky-hunter.com\/fr\/wp-json\/wp\/v2\/media\/61361"}],"wp:attachment":[{"href":"https:\/\/staging.lucky-hunter.com\/fr\/wp-json\/wp\/v2\/media?parent=62175"}],"wp:term":[{"taxonomy":"product_brand","embeddable":true,"href":"https:\/\/staging.lucky-hunter.com\/fr\/wp-json\/wp\/v2\/product_brand?post=62175"},{"taxonomy":"product_cat","embeddable":true,"href":"https:\/\/staging.lucky-hunter.com\/fr\/wp-json\/wp\/v2\/product_cat?post=62175"},{"taxonomy":"product_tag","embeddable":true,"href":"https:\/\/staging.lucky-hunter.com\/fr\/wp-json\/wp\/v2\/product_tag?post=62175"}],"curies":[{"name":"wp","href":"https:\/\/api.w.org\/{rel}","templated":true}]}}