{"id":62165,"date":"2023-07-12T09:53:47","date_gmt":"2023-07-12T07:53:47","guid":{"rendered":"https:\/\/staging.lucky-hunter.com\/?post_type=product&#038;p=62165"},"modified":"2024-07-07T16:03:36","modified_gmt":"2024-07-07T14:03:36","slug":"oie-rieuse-higdon-clone","status":"publish","type":"product","link":"https:\/\/staging.lucky-hunter.com\/fr\/product\/oie-rieuse-higdon-clone\/","title":{"rendered":"Oie rieuse Higdon Clone"},"content":{"rendered":"<p><iframe title=\"The Clone\" width=\"1020\" height=\"574\" src=\"https:\/\/www.youtube.com\/embed\/eooKmAzrKOQ?wmode=transparent&amp;rel=0&amp;feature=oembed&#038;enablejsapi=1&#038;origin=https:\/\/staging.lucky-hunter.com\" frameborder=\"0\" allow=\"accelerometer; autoplay; clipboard-write; encrypted-media; gyroscope; picture-in-picture; web-share\" allowfullscreen><\/iframe><\/p>\n<h1>La forme anim\u00e9e la plus r\u00e9aliste que vous ayez jamais vue<\/h1>\n<p><strong>Caract\u00e9ristiques de l\u2019Oie rieuse Higdon Clone<\/strong><br \/>\n\u2022 Imite de vraies oies en train de battre des ailes<br \/>\n\u2022 Battement d&#8217;aile r\u00e9aliste<br \/>\n\u2022 Posture de vol naturelle<br \/>\n\u2022 D\u00e9tails r\u00e9alistes<\/p>\n<p>La forme d\u2019Oie rieuse Higdon Clone imite de mani\u00e8re authentique une oie en train de battre des ailes. Ce mouvement r\u00e9aliste, obtenu gr\u00e2ce \u00e0 des ann\u00e9es de tests et de raffinement, reproduit parfaitement le battement d&#8217;aile et la posture du corps d\u2019une v\u00e9ritable oie en vol. Durable et performante, m\u00eame dans les conditions les plus extr\u00eames. Cette forme motoris\u00e9e vous permettra de chasser comme un pro. Comprend\u00a0: T\u00e9l\u00e9commande (possibilit\u00e9 de synchroniser jusqu&#8217;\u00e0 six formes avec une seule t\u00e9l\u00e9commande), support \u00e0 distance, cordon d&#8217;alimentation, \u00e9tui de transport\/rangement durable. <strong>N\u00e9cessite une batterie de 12 volts (non incluse)<\/strong><\/p>\n<p><img decoding=\"async\" class=\"alignnone size-full wp-image-61465\" src=\"https:\/\/staging.lucky-hunter.com\/wp-content\/uploads\/2023\/06\/Speck_Goose_Clone_540x.webp\" alt=\"\" width=\"540\" height=\"304\" \/><\/p>\n","protected":false},"excerpt":{"rendered":"<p>Profitez d\u2019une exp\u00e9rience plus intense \u00e0 la chasse avec la forme d\u2019Oie rieuse Higdon Clone, qui reproduit avec pr\u00e9cision le mouvement d&#8217;une v\u00e9ritable oie en train de battre des ailes.<\/p>\n","protected":false},"featured_media":61474,"template":"","meta":[],"product_brand":[9513],"product_cat":[9736,8177],"product_tag":[9446],"yoast_head":"<!-- This site is optimized with the Yoast SEO plugin v24.3 - https:\/\/yoast.com\/wordpress\/plugins\/seo\/ -->\n<title>Oie rieuse Higdon Clone | Formes anim\u00e9es ultra-r\u00e9alistes<\/title>\n<meta name=\"description\" content=\"Profitez d\u2019une exp\u00e9rience plus intense \u00e0 la chasse avec la forme d\u2019Oie rieuse Higdon Clone, qui reproduit avec pr\u00e9cision le mouvement d&#039;une v\u00e9ritable oie en train de battre des ailes.\" \/>\n<meta name=\"robots\" content=\"noindex, follow, max-snippet:-1, max-image-preview:large, max-video-preview:-1\" \/>\n<meta property=\"og:locale\" content=\"fr_FR\" \/>\n<meta property=\"og:type\" content=\"article\" \/>\n<meta property=\"og:title\" content=\"Oie rieuse Higdon Clone | Formes anim\u00e9es ultra-r\u00e9alistes\" \/>\n<meta property=\"og:description\" content=\"Profitez d\u2019une exp\u00e9rience plus intense \u00e0 la chasse avec la forme d\u2019Oie rieuse Higdon Clone, qui reproduit avec pr\u00e9cision le mouvement d&#039;une v\u00e9ritable oie en train de battre des ailes.\" \/>\n<meta property=\"og:url\" content=\"https:\/\/staging.lucky-hunter.com\/fr\/product\/oie-rieuse-higdon-clone\/\" \/>\n<meta property=\"og:site_name\" content=\"Lucky-Hunter\" \/>\n<meta property=\"article:modified_time\" content=\"2024-07-07T14:03:36+00:00\" \/>\n<meta property=\"og:image\" content=\"https:\/\/staging.lucky-hunter.com\/wp-content\/uploads\/2023\/06\/LF-840.png\" \/>\n\t<meta property=\"og:image:width\" content=\"1800\" \/>\n\t<meta property=\"og:image:height\" content=\"1800\" \/>\n\t<meta property=\"og:image:type\" content=\"image\/png\" \/>\n<meta name=\"twitter:card\" content=\"summary_large_image\" \/>\n<meta name=\"twitter:label1\" content=\"Dur\u00e9e de lecture estim\u00e9e\" \/>\n\t<meta name=\"twitter:data1\" content=\"1 minute\" \/>\n<script type=\"application\/ld+json\" class=\"yoast-schema-graph\">{\"@context\":\"https:\/\/schema.org\",\"@graph\":[{\"@type\":\"WebPage\",\"@id\":\"https:\/\/staging.lucky-hunter.com\/fr\/product\/oie-rieuse-higdon-clone\/\",\"url\":\"https:\/\/staging.lucky-hunter.com\/fr\/product\/oie-rieuse-higdon-clone\/\",\"name\":\"Oie rieuse Higdon Clone | Formes anim\u00e9es ultra-r\u00e9alistes\",\"isPartOf\":{\"@id\":\"https:\/\/staging.lucky-hunter.com\/#website\"},\"primaryImageOfPage\":{\"@id\":\"https:\/\/staging.lucky-hunter.com\/fr\/product\/oie-rieuse-higdon-clone\/#primaryimage\"},\"image\":{\"@id\":\"https:\/\/staging.lucky-hunter.com\/fr\/product\/oie-rieuse-higdon-clone\/#primaryimage\"},\"thumbnailUrl\":\"https:\/\/staging.lucky-hunter.com\/wp-content\/uploads\/2023\/06\/LF-840.png\",\"datePublished\":\"2023-07-12T07:53:47+00:00\",\"dateModified\":\"2024-07-07T14:03:36+00:00\",\"description\":\"Profitez d\u2019une exp\u00e9rience plus intense \u00e0 la chasse avec la forme d\u2019Oie rieuse Higdon Clone, qui reproduit avec pr\u00e9cision le mouvement d'une v\u00e9ritable oie en train de battre des ailes.\",\"breadcrumb\":{\"@id\":\"https:\/\/staging.lucky-hunter.com\/fr\/product\/oie-rieuse-higdon-clone\/#breadcrumb\"},\"inLanguage\":\"fr-FR\",\"potentialAction\":[{\"@type\":\"ReadAction\",\"target\":[\"https:\/\/staging.lucky-hunter.com\/fr\/product\/oie-rieuse-higdon-clone\/\"]}]},{\"@type\":\"ImageObject\",\"inLanguage\":\"fr-FR\",\"@id\":\"https:\/\/staging.lucky-hunter.com\/fr\/product\/oie-rieuse-higdon-clone\/#primaryimage\",\"url\":\"https:\/\/staging.lucky-hunter.com\/wp-content\/uploads\/2023\/06\/LF-840.png\",\"contentUrl\":\"https:\/\/staging.lucky-hunter.com\/wp-content\/uploads\/2023\/06\/LF-840.png\",\"width\":1800,\"height\":1800,\"caption\":\"Higdon Clone specklebelly\"},{\"@type\":\"BreadcrumbList\",\"@id\":\"https:\/\/staging.lucky-hunter.com\/fr\/product\/oie-rieuse-higdon-clone\/#breadcrumb\",\"itemListElement\":[{\"@type\":\"ListItem\",\"position\":1,\"name\":\"Home\",\"item\":\"https:\/\/staging.lucky-hunter.com\/fr\/\"},{\"@type\":\"ListItem\",\"position\":2,\"name\":\"Boutique\",\"item\":\"https:\/\/staging.lucky-hunter.com\/fr\/shop\/\"},{\"@type\":\"ListItem\",\"position\":3,\"name\":\"Oie rieuse Higdon Clone\"}]},{\"@type\":\"WebSite\",\"@id\":\"https:\/\/staging.lucky-hunter.com\/#website\",\"url\":\"https:\/\/staging.lucky-hunter.com\/\",\"name\":\"Lucky-Hunter\",\"description\":\"Gear Up or Give Up\",\"potentialAction\":[{\"@type\":\"SearchAction\",\"target\":{\"@type\":\"EntryPoint\",\"urlTemplate\":\"https:\/\/staging.lucky-hunter.com\/?s={search_term_string}\"},\"query-input\":{\"@type\":\"PropertyValueSpecification\",\"valueRequired\":true,\"valueName\":\"search_term_string\"}}],\"inLanguage\":\"fr-FR\"}]}<\/script>\n<!-- \/ Yoast SEO plugin. -->","yoast_head_json":{"title":"Oie rieuse Higdon Clone | Formes anim\u00e9es ultra-r\u00e9alistes","description":"Profitez d\u2019une exp\u00e9rience plus intense \u00e0 la chasse avec la forme d\u2019Oie rieuse Higdon Clone, qui reproduit avec pr\u00e9cision le mouvement d'une v\u00e9ritable oie en train de battre des ailes.","robots":{"index":"noindex","follow":"follow","max-snippet":"max-snippet:-1","max-image-preview":"max-image-preview:large","max-video-preview":"max-video-preview:-1"},"og_locale":"fr_FR","og_type":"article","og_title":"Oie rieuse Higdon Clone | Formes anim\u00e9es ultra-r\u00e9alistes","og_description":"Profitez d\u2019une exp\u00e9rience plus intense \u00e0 la chasse avec la forme d\u2019Oie rieuse Higdon Clone, qui reproduit avec pr\u00e9cision le mouvement d'une v\u00e9ritable oie en train de battre des ailes.","og_url":"https:\/\/staging.lucky-hunter.com\/fr\/product\/oie-rieuse-higdon-clone\/","og_site_name":"Lucky-Hunter","article_modified_time":"2024-07-07T14:03:36+00:00","og_image":[{"width":1800,"height":1800,"url":"https:\/\/staging.lucky-hunter.com\/wp-content\/uploads\/2023\/06\/LF-840.png","type":"image\/png"}],"twitter_card":"summary_large_image","twitter_misc":{"Dur\u00e9e de lecture estim\u00e9e":"1 minute"},"schema":{"@context":"https:\/\/schema.org","@graph":[{"@type":"WebPage","@id":"https:\/\/staging.lucky-hunter.com\/fr\/product\/oie-rieuse-higdon-clone\/","url":"https:\/\/staging.lucky-hunter.com\/fr\/product\/oie-rieuse-higdon-clone\/","name":"Oie rieuse Higdon Clone | Formes anim\u00e9es ultra-r\u00e9alistes","isPartOf":{"@id":"https:\/\/staging.lucky-hunter.com\/#website"},"primaryImageOfPage":{"@id":"https:\/\/staging.lucky-hunter.com\/fr\/product\/oie-rieuse-higdon-clone\/#primaryimage"},"image":{"@id":"https:\/\/staging.lucky-hunter.com\/fr\/product\/oie-rieuse-higdon-clone\/#primaryimage"},"thumbnailUrl":"https:\/\/staging.lucky-hunter.com\/wp-content\/uploads\/2023\/06\/LF-840.png","datePublished":"2023-07-12T07:53:47+00:00","dateModified":"2024-07-07T14:03:36+00:00","description":"Profitez d\u2019une exp\u00e9rience plus intense \u00e0 la chasse avec la forme d\u2019Oie rieuse Higdon Clone, qui reproduit avec pr\u00e9cision le mouvement d'une v\u00e9ritable oie en train de battre des ailes.","breadcrumb":{"@id":"https:\/\/staging.lucky-hunter.com\/fr\/product\/oie-rieuse-higdon-clone\/#breadcrumb"},"inLanguage":"fr-FR","potentialAction":[{"@type":"ReadAction","target":["https:\/\/staging.lucky-hunter.com\/fr\/product\/oie-rieuse-higdon-clone\/"]}]},{"@type":"ImageObject","inLanguage":"fr-FR","@id":"https:\/\/staging.lucky-hunter.com\/fr\/product\/oie-rieuse-higdon-clone\/#primaryimage","url":"https:\/\/staging.lucky-hunter.com\/wp-content\/uploads\/2023\/06\/LF-840.png","contentUrl":"https:\/\/staging.lucky-hunter.com\/wp-content\/uploads\/2023\/06\/LF-840.png","width":1800,"height":1800,"caption":"Higdon Clone specklebelly"},{"@type":"BreadcrumbList","@id":"https:\/\/staging.lucky-hunter.com\/fr\/product\/oie-rieuse-higdon-clone\/#breadcrumb","itemListElement":[{"@type":"ListItem","position":1,"name":"Home","item":"https:\/\/staging.lucky-hunter.com\/fr\/"},{"@type":"ListItem","position":2,"name":"Boutique","item":"https:\/\/staging.lucky-hunter.com\/fr\/shop\/"},{"@type":"ListItem","position":3,"name":"Oie rieuse Higdon Clone"}]},{"@type":"WebSite","@id":"https:\/\/staging.lucky-hunter.com\/#website","url":"https:\/\/staging.lucky-hunter.com\/","name":"Lucky-Hunter","description":"Gear Up or Give Up","potentialAction":[{"@type":"SearchAction","target":{"@type":"EntryPoint","urlTemplate":"https:\/\/staging.lucky-hunter.com\/?s={search_term_string}"},"query-input":{"@type":"PropertyValueSpecification","valueRequired":true,"valueName":"search_term_string"}}],"inLanguage":"fr-FR"}]}},"_links":{"self":[{"href":"https:\/\/staging.lucky-hunter.com\/fr\/wp-json\/wp\/v2\/product\/62165"}],"collection":[{"href":"https:\/\/staging.lucky-hunter.com\/fr\/wp-json\/wp\/v2\/product"}],"about":[{"href":"https:\/\/staging.lucky-hunter.com\/fr\/wp-json\/wp\/v2\/types\/product"}],"wp:featuredmedia":[{"embeddable":true,"href":"https:\/\/staging.lucky-hunter.com\/fr\/wp-json\/wp\/v2\/media\/61474"}],"wp:attachment":[{"href":"https:\/\/staging.lucky-hunter.com\/fr\/wp-json\/wp\/v2\/media?parent=62165"}],"wp:term":[{"taxonomy":"product_brand","embeddable":true,"href":"https:\/\/staging.lucky-hunter.com\/fr\/wp-json\/wp\/v2\/product_brand?post=62165"},{"taxonomy":"product_cat","embeddable":true,"href":"https:\/\/staging.lucky-hunter.com\/fr\/wp-json\/wp\/v2\/product_cat?post=62165"},{"taxonomy":"product_tag","embeddable":true,"href":"https:\/\/staging.lucky-hunter.com\/fr\/wp-json\/wp\/v2\/product_tag?post=62165"}],"curies":[{"name":"wp","href":"https:\/\/api.w.org\/{rel}","templated":true}]}}