{"id":62164,"date":"2023-07-12T09:52:10","date_gmt":"2023-07-12T07:52:10","guid":{"rendered":"https:\/\/staging.lucky-hunter.com\/?post_type=product&#038;p=62164"},"modified":"2024-01-30T12:08:49","modified_gmt":"2024-01-30T11:08:49","slug":"canards-chipeaux-higdon-pack-de-6","status":"publish","type":"product","link":"https:\/\/staging.lucky-hunter.com\/fr\/product\/canards-chipeaux-higdon-pack-de-6\/","title":{"rendered":"Canards chipeaux Higdon &#8211; Pack de 6"},"content":{"rendered":"<h1>Formes de canards remplies de mousse pour tout chasseur de canards<\/h1>\n<p><strong>Informations sur les formes de Canards chipeaux Higdon\u00a0:<\/strong><br \/>\n\u2022 Remplies de mousse<br \/>\n\u2022 Quille lest\u00e9e<br \/>\n\u2022 Plusieurs postures de t\u00eate<br \/>\n\u2022 L\u00e9g\u00e8res et peu encombrantes<br \/>\n\u2022 D\u00e9tails r\u00e9alistes dans la finition<br \/>\n\u2022 Design de quille \u00e0 cordes courtes<br \/>\n\u2022 Forme officielle de Ducks Unlimited<\/p>\n<p>Il s\u2019agit d\u2019un pack de 6 formes de canards chipeaux Higdon, compactes mais incroyablement r\u00e9alistes, qui se distingue par sa vari\u00e9t\u00e9 in\u00e9gal\u00e9e, son attention m\u00e9ticuleuse aux d\u00e9tails et ses caract\u00e9ristiques r\u00e9alistes. Avec cinq postures corporelles et positions de t\u00eate diff\u00e9rentes, ces formes se fondent sans effort dans n&#8217;importe quel troupeau, offrant un aspect naturel qui inspire confiance tout au long de la saison de chasse. Con\u00e7ues pour \u00eatre l\u00e9g\u00e8rement sous-dimensionn\u00e9es par rapport aux vrais canards, ces formes de taille standard offrent la combinaison id\u00e9ale\u00a0: l\u00e9g\u00e8res, peu encombrantes et abordables. Un incontournable pour les chasseurs.<\/p>\n<p>Que vous pr\u00e9f\u00e9riez les utiliser individuellement ou les ajouter \u00e0 un d\u00e9ploiement existant pour en augmenter le nombre et la diversit\u00e9, ces formes offrent des performances exceptionnelles. \u00c9quip\u00e9es d&#8217;une quille lest\u00e9e \u00e0 redressement automatique, elles peuvent \u00eatre install\u00e9es sans effort, quelle que soit la profondeur de l&#8217;eau. De plus, le clip de quille innovant de Higdon permet l\u2019utilisation d\u2019un cordage court, pratique en eau peu profonde. Le savoir-faire exceptionnel que l\u2019on retrouve dans ces formes est mis en \u00e9vidence gr\u00e2ce au processus de peinture UV exclusif de Higdon et \u00e0 des techniques de sculpture m\u00e9ticuleuses qui accentuent chaque plume et minimisent les reflets, m\u00eame lorsque les formes sont mouill\u00e9es.<\/p>\n<p>Ces formes conserveront leur superbe apparence saison apr\u00e8s saison, car leur peinture r\u00e9siste \u00e0 l\u2019\u00e9caillement et \u00e0 la d\u00e9coloration. Le pack contient toute une vari\u00e9t\u00e9 de postures, avec 1 m\u00e2le debout, 1 m\u00e2le d\u00e9tendu, 2 m\u00e2les skimmer, 1 femelle t\u00eate baiss\u00e9e et 1 femelle au repos.<\/p>\n<p>Chaque forme est remplie de mousse, assurant durabilit\u00e9 et long\u00e9vit\u00e9. De plus, s\u2019agissant d\u2019un produit sous licence officielle de Ducks Unlimited, une partie de votre achat contribuera \u00e0 la conservation des zones humides, faisant de ce lot de 6 formes de chipeaux un choix qui, en plus d\u2019am\u00e9liorer votre exp\u00e9rience de chasse, soutient la pr\u00e9servation de l&#8217;environnement.<\/p>\n","protected":false},"excerpt":{"rendered":"<p>Avec les formes de Canards chipeaux Higdon, vous en aurez vraiment pour votre argent ! Les formes sont remplies de mousse, tr\u00e8s r\u00e9alistes et disposent de 5 positions diff\u00e9rentes (corps et t\u00eate)<\/p>\n","protected":false},"featured_media":61144,"template":"","meta":[],"product_brand":[9513],"product_cat":[8183],"product_tag":[],"yoast_head":"<!-- This site is optimized with the Yoast SEO plugin v24.3 - https:\/\/yoast.com\/wordpress\/plugins\/seo\/ -->\n<title>Canards chipeaux Higdon - Pack de 6 | Jetez un \u0153il \u00e0 vos prochaines formes ici.<\/title>\n<meta name=\"description\" content=\"Avec les formes de Canards chipeaux Higdon, vous en aurez vraiment pour votre argent ! Les formes sont remplies de mousse, tr\u00e8s r\u00e9alistes et disposent de 5 positions diff\u00e9rentes (corps et t\u00eate)\" \/>\n<meta name=\"robots\" content=\"noindex, follow, max-snippet:-1, max-image-preview:large, max-video-preview:-1\" \/>\n<meta property=\"og:locale\" content=\"fr_FR\" \/>\n<meta property=\"og:type\" content=\"article\" \/>\n<meta property=\"og:title\" content=\"Canards chipeaux Higdon - Pack de 6 | Jetez un \u0153il \u00e0 vos prochaines formes ici.\" \/>\n<meta property=\"og:description\" content=\"Avec les formes de Canards chipeaux Higdon, vous en aurez vraiment pour votre argent ! Les formes sont remplies de mousse, tr\u00e8s r\u00e9alistes et disposent de 5 positions diff\u00e9rentes (corps et t\u00eate)\" \/>\n<meta property=\"og:url\" content=\"https:\/\/staging.lucky-hunter.com\/product\/higdon-gadwall-6-pcs\/\" \/>\n<meta property=\"og:site_name\" content=\"Lucky-Hunter\" \/>\n<meta property=\"article:modified_time\" content=\"2024-01-30T11:08:49+00:00\" \/>\n<meta property=\"og:image\" content=\"https:\/\/staging.lucky-hunter.com\/wp-content\/uploads\/2023\/06\/LF-805.png\" \/>\n\t<meta property=\"og:image:width\" content=\"1000\" \/>\n\t<meta property=\"og:image:height\" content=\"1000\" \/>\n\t<meta property=\"og:image:type\" content=\"image\/png\" \/>\n<meta name=\"twitter:card\" content=\"summary_large_image\" \/>\n<meta name=\"twitter:label1\" content=\"Dur\u00e9e de lecture estim\u00e9e\" \/>\n\t<meta name=\"twitter:data1\" content=\"2 minutes\" \/>\n<script type=\"application\/ld+json\" class=\"yoast-schema-graph\">{\"@context\":\"https:\/\/schema.org\",\"@graph\":[{\"@type\":\"WebPage\",\"@id\":\"https:\/\/staging.lucky-hunter.com\/product\/higdon-gadwall-6-pcs\/\",\"url\":\"https:\/\/staging.lucky-hunter.com\/product\/higdon-gadwall-6-pcs\/\",\"name\":\"Canards chipeaux Higdon - Pack de 6 | Jetez un \u0153il \u00e0 vos prochaines formes ici.\",\"isPartOf\":{\"@id\":\"https:\/\/staging.lucky-hunter.com\/#website\"},\"primaryImageOfPage\":{\"@id\":\"https:\/\/staging.lucky-hunter.com\/product\/higdon-gadwall-6-pcs\/#primaryimage\"},\"image\":{\"@id\":\"https:\/\/staging.lucky-hunter.com\/product\/higdon-gadwall-6-pcs\/#primaryimage\"},\"thumbnailUrl\":\"https:\/\/staging.lucky-hunter.com\/wp-content\/uploads\/2023\/06\/LF-805.png\",\"datePublished\":\"2023-07-12T07:52:10+00:00\",\"dateModified\":\"2024-01-30T11:08:49+00:00\",\"description\":\"Avec les formes de Canards chipeaux Higdon, vous en aurez vraiment pour votre argent ! Les formes sont remplies de mousse, tr\u00e8s r\u00e9alistes et disposent de 5 positions diff\u00e9rentes (corps et t\u00eate)\",\"breadcrumb\":{\"@id\":\"https:\/\/staging.lucky-hunter.com\/product\/higdon-gadwall-6-pcs\/#breadcrumb\"},\"inLanguage\":\"fr-FR\",\"potentialAction\":[{\"@type\":\"ReadAction\",\"target\":[\"https:\/\/staging.lucky-hunter.com\/product\/higdon-gadwall-6-pcs\/\"]}]},{\"@type\":\"ImageObject\",\"inLanguage\":\"fr-FR\",\"@id\":\"https:\/\/staging.lucky-hunter.com\/product\/higdon-gadwall-6-pcs\/#primaryimage\",\"url\":\"https:\/\/staging.lucky-hunter.com\/wp-content\/uploads\/2023\/06\/LF-805.png\",\"contentUrl\":\"https:\/\/staging.lucky-hunter.com\/wp-content\/uploads\/2023\/06\/LF-805.png\",\"width\":1000,\"height\":1000,\"caption\":\"Higdon Gadwall Decoys\"},{\"@type\":\"BreadcrumbList\",\"@id\":\"https:\/\/staging.lucky-hunter.com\/product\/higdon-gadwall-6-pcs\/#breadcrumb\",\"itemListElement\":[{\"@type\":\"ListItem\",\"position\":1,\"name\":\"Home\",\"item\":\"https:\/\/staging.lucky-hunter.com\/fr\/\"},{\"@type\":\"ListItem\",\"position\":2,\"name\":\"Boutique\",\"item\":\"https:\/\/staging.lucky-hunter.com\/fr\/shop\/\"},{\"@type\":\"ListItem\",\"position\":3,\"name\":\"Canards chipeaux Higdon &#8211; Pack de 6\"}]},{\"@type\":\"WebSite\",\"@id\":\"https:\/\/staging.lucky-hunter.com\/#website\",\"url\":\"https:\/\/staging.lucky-hunter.com\/\",\"name\":\"Lucky-Hunter\",\"description\":\"Gear Up or Give Up\",\"potentialAction\":[{\"@type\":\"SearchAction\",\"target\":{\"@type\":\"EntryPoint\",\"urlTemplate\":\"https:\/\/staging.lucky-hunter.com\/?s={search_term_string}\"},\"query-input\":{\"@type\":\"PropertyValueSpecification\",\"valueRequired\":true,\"valueName\":\"search_term_string\"}}],\"inLanguage\":\"fr-FR\"}]}<\/script>\n<!-- \/ Yoast SEO plugin. -->","yoast_head_json":{"title":"Canards chipeaux Higdon - Pack de 6 | Jetez un \u0153il \u00e0 vos prochaines formes ici.","description":"Avec les formes de Canards chipeaux Higdon, vous en aurez vraiment pour votre argent ! Les formes sont remplies de mousse, tr\u00e8s r\u00e9alistes et disposent de 5 positions diff\u00e9rentes (corps et t\u00eate)","robots":{"index":"noindex","follow":"follow","max-snippet":"max-snippet:-1","max-image-preview":"max-image-preview:large","max-video-preview":"max-video-preview:-1"},"og_locale":"fr_FR","og_type":"article","og_title":"Canards chipeaux Higdon - Pack de 6 | Jetez un \u0153il \u00e0 vos prochaines formes ici.","og_description":"Avec les formes de Canards chipeaux Higdon, vous en aurez vraiment pour votre argent ! Les formes sont remplies de mousse, tr\u00e8s r\u00e9alistes et disposent de 5 positions diff\u00e9rentes (corps et t\u00eate)","og_url":"https:\/\/staging.lucky-hunter.com\/product\/higdon-gadwall-6-pcs\/","og_site_name":"Lucky-Hunter","article_modified_time":"2024-01-30T11:08:49+00:00","og_image":[{"width":1000,"height":1000,"url":"https:\/\/staging.lucky-hunter.com\/wp-content\/uploads\/2023\/06\/LF-805.png","type":"image\/png"}],"twitter_card":"summary_large_image","twitter_misc":{"Dur\u00e9e de lecture estim\u00e9e":"2 minutes"},"schema":{"@context":"https:\/\/schema.org","@graph":[{"@type":"WebPage","@id":"https:\/\/staging.lucky-hunter.com\/product\/higdon-gadwall-6-pcs\/","url":"https:\/\/staging.lucky-hunter.com\/product\/higdon-gadwall-6-pcs\/","name":"Canards chipeaux Higdon - Pack de 6 | Jetez un \u0153il \u00e0 vos prochaines formes ici.","isPartOf":{"@id":"https:\/\/staging.lucky-hunter.com\/#website"},"primaryImageOfPage":{"@id":"https:\/\/staging.lucky-hunter.com\/product\/higdon-gadwall-6-pcs\/#primaryimage"},"image":{"@id":"https:\/\/staging.lucky-hunter.com\/product\/higdon-gadwall-6-pcs\/#primaryimage"},"thumbnailUrl":"https:\/\/staging.lucky-hunter.com\/wp-content\/uploads\/2023\/06\/LF-805.png","datePublished":"2023-07-12T07:52:10+00:00","dateModified":"2024-01-30T11:08:49+00:00","description":"Avec les formes de Canards chipeaux Higdon, vous en aurez vraiment pour votre argent ! Les formes sont remplies de mousse, tr\u00e8s r\u00e9alistes et disposent de 5 positions diff\u00e9rentes (corps et t\u00eate)","breadcrumb":{"@id":"https:\/\/staging.lucky-hunter.com\/product\/higdon-gadwall-6-pcs\/#breadcrumb"},"inLanguage":"fr-FR","potentialAction":[{"@type":"ReadAction","target":["https:\/\/staging.lucky-hunter.com\/product\/higdon-gadwall-6-pcs\/"]}]},{"@type":"ImageObject","inLanguage":"fr-FR","@id":"https:\/\/staging.lucky-hunter.com\/product\/higdon-gadwall-6-pcs\/#primaryimage","url":"https:\/\/staging.lucky-hunter.com\/wp-content\/uploads\/2023\/06\/LF-805.png","contentUrl":"https:\/\/staging.lucky-hunter.com\/wp-content\/uploads\/2023\/06\/LF-805.png","width":1000,"height":1000,"caption":"Higdon Gadwall Decoys"},{"@type":"BreadcrumbList","@id":"https:\/\/staging.lucky-hunter.com\/product\/higdon-gadwall-6-pcs\/#breadcrumb","itemListElement":[{"@type":"ListItem","position":1,"name":"Home","item":"https:\/\/staging.lucky-hunter.com\/fr\/"},{"@type":"ListItem","position":2,"name":"Boutique","item":"https:\/\/staging.lucky-hunter.com\/fr\/shop\/"},{"@type":"ListItem","position":3,"name":"Canards chipeaux Higdon &#8211; Pack de 6"}]},{"@type":"WebSite","@id":"https:\/\/staging.lucky-hunter.com\/#website","url":"https:\/\/staging.lucky-hunter.com\/","name":"Lucky-Hunter","description":"Gear Up or Give Up","potentialAction":[{"@type":"SearchAction","target":{"@type":"EntryPoint","urlTemplate":"https:\/\/staging.lucky-hunter.com\/?s={search_term_string}"},"query-input":{"@type":"PropertyValueSpecification","valueRequired":true,"valueName":"search_term_string"}}],"inLanguage":"fr-FR"}]}},"_links":{"self":[{"href":"https:\/\/staging.lucky-hunter.com\/fr\/wp-json\/wp\/v2\/product\/62164"}],"collection":[{"href":"https:\/\/staging.lucky-hunter.com\/fr\/wp-json\/wp\/v2\/product"}],"about":[{"href":"https:\/\/staging.lucky-hunter.com\/fr\/wp-json\/wp\/v2\/types\/product"}],"wp:featuredmedia":[{"embeddable":true,"href":"https:\/\/staging.lucky-hunter.com\/fr\/wp-json\/wp\/v2\/media\/61144"}],"wp:attachment":[{"href":"https:\/\/staging.lucky-hunter.com\/fr\/wp-json\/wp\/v2\/media?parent=62164"}],"wp:term":[{"taxonomy":"product_brand","embeddable":true,"href":"https:\/\/staging.lucky-hunter.com\/fr\/wp-json\/wp\/v2\/product_brand?post=62164"},{"taxonomy":"product_cat","embeddable":true,"href":"https:\/\/staging.lucky-hunter.com\/fr\/wp-json\/wp\/v2\/product_cat?post=62164"},{"taxonomy":"product_tag","embeddable":true,"href":"https:\/\/staging.lucky-hunter.com\/fr\/wp-json\/wp\/v2\/product_tag?post=62164"}],"curies":[{"name":"wp","href":"https:\/\/api.w.org\/{rel}","templated":true}]}}