{"id":62163,"date":"2023-02-09T12:27:43","date_gmt":"2023-02-09T11:27:43","guid":{"rendered":"https:\/\/staging.lucky-hunter.com\/product\/22-gong-steel-shooting-target\/"},"modified":"2023-02-09T12:27:43","modified_gmt":"2023-02-09T11:27:43","slug":"22-gong-steel-shooting-target","status":"publish","type":"product","link":"https:\/\/staging.lucky-hunter.com\/fr\/product\/22-gong-steel-shooting-target\/","title":{"rendered":"22 Gong &#8211; Cible de tir en acier"},"content":{"rendered":"<h2>Cible de tir en acier Do-All Outdoors<\/h2>\n<p>Le gong en acier constitue une cible fantastique pour ceux qui aiment tirer et qui veulent am\u00e9liorer leurs comp\u00e9tences. Destin\u00e9 \u00e0 un calibre .22, il est compatible avec une large gamme d&#8217;armes \u00e0 feu et convient aussi bien aux tireurs d\u00e9butants qu&#8217;aux tireurs exp\u00e9riment\u00e9s.<\/p>\n<p>Le montage\/d\u00e9montage du gong est un jeu d&#8217;enfant, ce qui le rend parfait pour ceux qui veulent passer plus de temps \u00e0 tirer qu\u2019\u00e0 installer. Vous pouvez tirer de pr\u00e8s ou de loin, ce qui vous donne la possibilit\u00e9 de pratiquer votre pr\u00e9cision et d&#8217;am\u00e9liorer vos comp\u00e9tences.<\/p>\n<p>Lorsque vous touchez la cible, elle produit un effet sonore et visuel imm\u00e9diat et satisfaisant, ce qui vous permet de savoir imm\u00e9diatement si vous avez r\u00e9ussi votre tir. Cette r\u00e9troaction instantan\u00e9e vous permet d&#8217;ajuster plus facilement votre objectif et d&#8217;am\u00e9liorer votre pr\u00e9cision.<\/p>\n<p>Notre gong est fabriqu\u00e9 \u00e0 partir d&#8217;acier tremp\u00e9 de haute qualit\u00e9 avec rev\u00eatement en poudre, pour une durabilit\u00e9 ultime. La plaque mesure 10 cm de diam\u00e8tre et 4,7 mm d&#8217;\u00e9paisseur, elle peut donc r\u00e9sister \u00e0 des tirs r\u00e9p\u00e9t\u00e9s et constitue une cible durable pour vous faire plaisir en tirant autant que vous le souhaitez.<\/p>\n","protected":false},"excerpt":{"rendered":"<p>Un gong en acier constitue une cible fantastique pour le tir. Lorsque vous le touchez, vous entendrez un son imm\u00e9diat et satisfaisant et verrez le gong se balancer<\/p>\n","protected":false},"featured_media":57437,"template":"","meta":[],"product_brand":[8134],"product_cat":[8172],"product_tag":[],"yoast_head":"<!-- This site is optimized with the Yoast SEO plugin v24.3 - https:\/\/yoast.com\/wordpress\/plugins\/seo\/ -->\n<title>Gong en acier de Do-All | Cible de tir et canons d&#039;argile<\/title>\n<meta name=\"description\" content=\"Un gong en acier constitue une cible fantastique pour le tir. Lorsque vous le touchez, vous entendrez un son imm\u00e9diat et satisfaisant et verrez le gong se balancer\" \/>\n<meta name=\"robots\" content=\"noindex, follow, max-snippet:-1, max-image-preview:large, max-video-preview:-1\" \/>\n<meta property=\"og:locale\" content=\"fr_FR\" \/>\n<meta property=\"og:type\" content=\"article\" \/>\n<meta property=\"og:title\" content=\"Gong en acier de Do-All | Cible de tir et canons d&#039;argile\" \/>\n<meta property=\"og:description\" content=\"Un gong en acier constitue une cible fantastique pour le tir. Lorsque vous le touchez, vous entendrez un son imm\u00e9diat et satisfaisant et verrez le gong se balancer\" \/>\n<meta property=\"og:url\" content=\"https:\/\/staging.lucky-hunter.com\/fr\/product\/22-gong-steel-shooting-target\/\" \/>\n<meta property=\"og:site_name\" content=\"Lucky-Hunter\" \/>\n<meta property=\"og:image\" content=\"https:\/\/staging.lucky-hunter.com\/wp-content\/uploads\/2023\/02\/ST-66.png\" \/>\n\t<meta property=\"og:image:width\" content=\"1000\" \/>\n\t<meta property=\"og:image:height\" content=\"1000\" \/>\n\t<meta property=\"og:image:type\" content=\"image\/png\" \/>\n<meta name=\"twitter:card\" content=\"summary_large_image\" \/>\n<meta name=\"twitter:label1\" content=\"Dur\u00e9e de lecture estim\u00e9e\" \/>\n\t<meta name=\"twitter:data1\" content=\"1 minute\" \/>\n<script type=\"application\/ld+json\" class=\"yoast-schema-graph\">{\"@context\":\"https:\/\/schema.org\",\"@graph\":[{\"@type\":\"WebPage\",\"@id\":\"https:\/\/staging.lucky-hunter.com\/fr\/product\/22-gong-steel-shooting-target\/\",\"url\":\"https:\/\/staging.lucky-hunter.com\/fr\/product\/22-gong-steel-shooting-target\/\",\"name\":\"Gong en acier de Do-All | Cible de tir et canons d'argile\",\"isPartOf\":{\"@id\":\"https:\/\/staging.lucky-hunter.com\/#website\"},\"primaryImageOfPage\":{\"@id\":\"https:\/\/staging.lucky-hunter.com\/fr\/product\/22-gong-steel-shooting-target\/#primaryimage\"},\"image\":{\"@id\":\"https:\/\/staging.lucky-hunter.com\/fr\/product\/22-gong-steel-shooting-target\/#primaryimage\"},\"thumbnailUrl\":\"https:\/\/staging.lucky-hunter.com\/wp-content\/uploads\/2023\/02\/ST-66.png\",\"datePublished\":\"2023-02-09T11:27:43+00:00\",\"dateModified\":\"2023-02-09T11:27:43+00:00\",\"description\":\"Un gong en acier constitue une cible fantastique pour le tir. Lorsque vous le touchez, vous entendrez un son imm\u00e9diat et satisfaisant et verrez le gong se balancer\",\"breadcrumb\":{\"@id\":\"https:\/\/staging.lucky-hunter.com\/fr\/product\/22-gong-steel-shooting-target\/#breadcrumb\"},\"inLanguage\":\"fr-FR\",\"potentialAction\":[{\"@type\":\"ReadAction\",\"target\":[\"https:\/\/staging.lucky-hunter.com\/fr\/product\/22-gong-steel-shooting-target\/\"]}]},{\"@type\":\"ImageObject\",\"inLanguage\":\"fr-FR\",\"@id\":\"https:\/\/staging.lucky-hunter.com\/fr\/product\/22-gong-steel-shooting-target\/#primaryimage\",\"url\":\"https:\/\/staging.lucky-hunter.com\/wp-content\/uploads\/2023\/02\/ST-66.png\",\"contentUrl\":\"https:\/\/staging.lucky-hunter.com\/wp-content\/uploads\/2023\/02\/ST-66.png\",\"width\":1000,\"height\":1000,\"caption\":\"Shooting Target\"},{\"@type\":\"BreadcrumbList\",\"@id\":\"https:\/\/staging.lucky-hunter.com\/fr\/product\/22-gong-steel-shooting-target\/#breadcrumb\",\"itemListElement\":[{\"@type\":\"ListItem\",\"position\":1,\"name\":\"Home\",\"item\":\"https:\/\/staging.lucky-hunter.com\/fr\/\"},{\"@type\":\"ListItem\",\"position\":2,\"name\":\"Boutique\",\"item\":\"https:\/\/staging.lucky-hunter.com\/fr\/shop\/\"},{\"@type\":\"ListItem\",\"position\":3,\"name\":\"22 Gong &#8211; Cible de tir en acier\"}]},{\"@type\":\"WebSite\",\"@id\":\"https:\/\/staging.lucky-hunter.com\/#website\",\"url\":\"https:\/\/staging.lucky-hunter.com\/\",\"name\":\"Lucky-Hunter\",\"description\":\"Gear Up or Give Up\",\"potentialAction\":[{\"@type\":\"SearchAction\",\"target\":{\"@type\":\"EntryPoint\",\"urlTemplate\":\"https:\/\/staging.lucky-hunter.com\/?s={search_term_string}\"},\"query-input\":{\"@type\":\"PropertyValueSpecification\",\"valueRequired\":true,\"valueName\":\"search_term_string\"}}],\"inLanguage\":\"fr-FR\"}]}<\/script>\n<!-- \/ Yoast SEO plugin. -->","yoast_head_json":{"title":"Gong en acier de Do-All | Cible de tir et canons d'argile","description":"Un gong en acier constitue une cible fantastique pour le tir. Lorsque vous le touchez, vous entendrez un son imm\u00e9diat et satisfaisant et verrez le gong se balancer","robots":{"index":"noindex","follow":"follow","max-snippet":"max-snippet:-1","max-image-preview":"max-image-preview:large","max-video-preview":"max-video-preview:-1"},"og_locale":"fr_FR","og_type":"article","og_title":"Gong en acier de Do-All | Cible de tir et canons d'argile","og_description":"Un gong en acier constitue une cible fantastique pour le tir. Lorsque vous le touchez, vous entendrez un son imm\u00e9diat et satisfaisant et verrez le gong se balancer","og_url":"https:\/\/staging.lucky-hunter.com\/fr\/product\/22-gong-steel-shooting-target\/","og_site_name":"Lucky-Hunter","og_image":[{"width":1000,"height":1000,"url":"https:\/\/staging.lucky-hunter.com\/wp-content\/uploads\/2023\/02\/ST-66.png","type":"image\/png"}],"twitter_card":"summary_large_image","twitter_misc":{"Dur\u00e9e de lecture estim\u00e9e":"1 minute"},"schema":{"@context":"https:\/\/schema.org","@graph":[{"@type":"WebPage","@id":"https:\/\/staging.lucky-hunter.com\/fr\/product\/22-gong-steel-shooting-target\/","url":"https:\/\/staging.lucky-hunter.com\/fr\/product\/22-gong-steel-shooting-target\/","name":"Gong en acier de Do-All | Cible de tir et canons d'argile","isPartOf":{"@id":"https:\/\/staging.lucky-hunter.com\/#website"},"primaryImageOfPage":{"@id":"https:\/\/staging.lucky-hunter.com\/fr\/product\/22-gong-steel-shooting-target\/#primaryimage"},"image":{"@id":"https:\/\/staging.lucky-hunter.com\/fr\/product\/22-gong-steel-shooting-target\/#primaryimage"},"thumbnailUrl":"https:\/\/staging.lucky-hunter.com\/wp-content\/uploads\/2023\/02\/ST-66.png","datePublished":"2023-02-09T11:27:43+00:00","dateModified":"2023-02-09T11:27:43+00:00","description":"Un gong en acier constitue une cible fantastique pour le tir. Lorsque vous le touchez, vous entendrez un son imm\u00e9diat et satisfaisant et verrez le gong se balancer","breadcrumb":{"@id":"https:\/\/staging.lucky-hunter.com\/fr\/product\/22-gong-steel-shooting-target\/#breadcrumb"},"inLanguage":"fr-FR","potentialAction":[{"@type":"ReadAction","target":["https:\/\/staging.lucky-hunter.com\/fr\/product\/22-gong-steel-shooting-target\/"]}]},{"@type":"ImageObject","inLanguage":"fr-FR","@id":"https:\/\/staging.lucky-hunter.com\/fr\/product\/22-gong-steel-shooting-target\/#primaryimage","url":"https:\/\/staging.lucky-hunter.com\/wp-content\/uploads\/2023\/02\/ST-66.png","contentUrl":"https:\/\/staging.lucky-hunter.com\/wp-content\/uploads\/2023\/02\/ST-66.png","width":1000,"height":1000,"caption":"Shooting Target"},{"@type":"BreadcrumbList","@id":"https:\/\/staging.lucky-hunter.com\/fr\/product\/22-gong-steel-shooting-target\/#breadcrumb","itemListElement":[{"@type":"ListItem","position":1,"name":"Home","item":"https:\/\/staging.lucky-hunter.com\/fr\/"},{"@type":"ListItem","position":2,"name":"Boutique","item":"https:\/\/staging.lucky-hunter.com\/fr\/shop\/"},{"@type":"ListItem","position":3,"name":"22 Gong &#8211; Cible de tir en acier"}]},{"@type":"WebSite","@id":"https:\/\/staging.lucky-hunter.com\/#website","url":"https:\/\/staging.lucky-hunter.com\/","name":"Lucky-Hunter","description":"Gear Up or Give Up","potentialAction":[{"@type":"SearchAction","target":{"@type":"EntryPoint","urlTemplate":"https:\/\/staging.lucky-hunter.com\/?s={search_term_string}"},"query-input":{"@type":"PropertyValueSpecification","valueRequired":true,"valueName":"search_term_string"}}],"inLanguage":"fr-FR"}]}},"_links":{"self":[{"href":"https:\/\/staging.lucky-hunter.com\/fr\/wp-json\/wp\/v2\/product\/62163"}],"collection":[{"href":"https:\/\/staging.lucky-hunter.com\/fr\/wp-json\/wp\/v2\/product"}],"about":[{"href":"https:\/\/staging.lucky-hunter.com\/fr\/wp-json\/wp\/v2\/types\/product"}],"wp:featuredmedia":[{"embeddable":true,"href":"https:\/\/staging.lucky-hunter.com\/fr\/wp-json\/wp\/v2\/media\/57437"}],"wp:attachment":[{"href":"https:\/\/staging.lucky-hunter.com\/fr\/wp-json\/wp\/v2\/media?parent=62163"}],"wp:term":[{"taxonomy":"product_brand","embeddable":true,"href":"https:\/\/staging.lucky-hunter.com\/fr\/wp-json\/wp\/v2\/product_brand?post=62163"},{"taxonomy":"product_cat","embeddable":true,"href":"https:\/\/staging.lucky-hunter.com\/fr\/wp-json\/wp\/v2\/product_cat?post=62163"},{"taxonomy":"product_tag","embeddable":true,"href":"https:\/\/staging.lucky-hunter.com\/fr\/wp-json\/wp\/v2\/product_tag?post=62163"}],"curies":[{"name":"wp","href":"https:\/\/api.w.org\/{rel}","templated":true}]}}