{"id":62162,"date":"2023-04-05T00:48:30","date_gmt":"2023-04-04T22:48:30","guid":{"rendered":"https:\/\/staging.lucky-hunter.com\/product\/usa-clay-trap-full-package\/"},"modified":"2023-04-05T00:48:30","modified_gmt":"2023-04-04T22:48:30","slug":"usa-clay-trap-full-package","status":"publish","type":"product","link":"https:\/\/staging.lucky-hunter.com\/fr\/product\/usa-clay-trap-full-package\/","title":{"rendered":"USA Clay Trap | Pack complet"},"content":{"rendered":"<h1 class=\"title\">Lanceur USA Clay Trap avec t\u00e9l\u00e9commande et kit wobbler.<\/h1>\n<ul>\n<li>Temps de recharge de 2,5 secondes<\/li>\n<li>Lanc\u00e9s de plateaux d&#8217;argile \u00e0 plus de 50 m\u00e8tres<\/li>\n<li>Chargeur de 50 pigeons d&#8217;argile<\/li>\n<li>T\u00e9l\u00e9commande incluse<\/li>\n<li>Kit wobbler r\u00e9glable inclus<\/li>\n<\/ul>\n<p>Am\u00e9liorez votre talent de tireur avec le USA Clay Trap de Do-All Outdoors. Ce dispositif a \u00e9t\u00e9 con\u00e7u pour la USA Clay Target League et est \u00e9quip\u00e9 de toute une gamme de fonctionnalit\u00e9s qui le rendent id\u00e9al pour le tir de comp\u00e9tition.<\/p>\n<p>Avec un temps de recharge de 2,5 secondes et la possibilit\u00e9 de lancer des cibles d&#8217;argile \u00e0 plus de 50 m\u00e8tres, le USA Clay Trap offre une exp\u00e9rience de tir stimulante et r\u00e9aliste. Le chargeur de 50 pigeons d&#8217;argile vous permet de continuer \u00e0 tirer plus longtemps sans avoir besoin de recharger constamment.<\/p>\n<p>La t\u00e9l\u00e9commande incluse vous permet de contr\u00f4ler facilement le lancer des cibles d&#8217;argile, tandis que le kit wobbler r\u00e9glable vous permet d&#8217;imiter des lancers lat\u00e9raux, comme sur un terrain de ball-trap. Et si vous aimez les d\u00e9fis, changez les plaques directionnelles (incluses) et vous ne tirerez jamais deux fois sur le m\u00eame oiseau\u00a0!<\/p>\n<p>Le USA Clay Trap est l&#8217;outil parfait pour les tireurs qui cherchent \u00e0 perfectionner leurs comp\u00e9tences et \u00e0 s\u2019am\u00e9liorer. Que vous soyez un d\u00e9butant ou un tireur d&#8217;\u00e9lite exp\u00e9riment\u00e9, ce pack ne manquera pas de vous procurer des heures de pratique de tir amusante et stimulante.<\/p>\n","protected":false},"excerpt":{"rendered":"<p>Am\u00e9liorez votre talent de tireur avec le USA Clay Trap de Do-All Outdoors.<\/p>\n","protected":false},"featured_media":59529,"template":"","meta":[],"product_brand":[8134],"product_cat":[8172],"product_tag":[],"yoast_head":"<!-- This site is optimized with the Yoast SEO plugin v24.3 - https:\/\/yoast.com\/wordpress\/plugins\/seo\/ -->\n<title>USA Clay Trap | Pack complet - Lucky-Hunter<\/title>\n<meta name=\"description\" content=\"Am\u00e9liorez votre talent de tireur avec le USA Clay Trap de Do-All Outdoors. Ce dispositif de ball-trap a \u00e9t\u00e9 con\u00e7u pour la USA Clay Target League\" \/>\n<meta name=\"robots\" content=\"noindex, follow, max-snippet:-1, max-image-preview:large, max-video-preview:-1\" \/>\n<meta property=\"og:locale\" content=\"fr_FR\" \/>\n<meta property=\"og:type\" content=\"article\" \/>\n<meta property=\"og:title\" content=\"USA Clay Trap | Pack complet - Lucky-Hunter\" \/>\n<meta property=\"og:description\" content=\"Am\u00e9liorez votre talent de tireur avec le USA Clay Trap de Do-All Outdoors. Ce dispositif de ball-trap a \u00e9t\u00e9 con\u00e7u pour la USA Clay Target League\" \/>\n<meta property=\"og:url\" content=\"https:\/\/staging.lucky-hunter.com\/fr\/product\/usa-clay-trap-full-package\/\" \/>\n<meta property=\"og:site_name\" content=\"Lucky-Hunter\" \/>\n<meta property=\"og:image\" content=\"https:\/\/staging.lucky-hunter.com\/wp-content\/uploads\/2023\/03\/ST-14.png\" \/>\n\t<meta property=\"og:image:width\" content=\"1000\" \/>\n\t<meta property=\"og:image:height\" content=\"1000\" \/>\n\t<meta property=\"og:image:type\" content=\"image\/png\" \/>\n<meta name=\"twitter:card\" content=\"summary_large_image\" \/>\n<meta name=\"twitter:label1\" content=\"Dur\u00e9e de lecture estim\u00e9e\" \/>\n\t<meta name=\"twitter:data1\" content=\"1 minute\" \/>\n<script type=\"application\/ld+json\" class=\"yoast-schema-graph\">{\"@context\":\"https:\/\/schema.org\",\"@graph\":[{\"@type\":\"WebPage\",\"@id\":\"https:\/\/staging.lucky-hunter.com\/fr\/product\/usa-clay-trap-full-package\/\",\"url\":\"https:\/\/staging.lucky-hunter.com\/fr\/product\/usa-clay-trap-full-package\/\",\"name\":\"USA Clay Trap | Pack complet - Lucky-Hunter\",\"isPartOf\":{\"@id\":\"https:\/\/staging.lucky-hunter.com\/#website\"},\"primaryImageOfPage\":{\"@id\":\"https:\/\/staging.lucky-hunter.com\/fr\/product\/usa-clay-trap-full-package\/#primaryimage\"},\"image\":{\"@id\":\"https:\/\/staging.lucky-hunter.com\/fr\/product\/usa-clay-trap-full-package\/#primaryimage\"},\"thumbnailUrl\":\"https:\/\/staging.lucky-hunter.com\/wp-content\/uploads\/2023\/03\/ST-14.png\",\"datePublished\":\"2023-04-04T22:48:30+00:00\",\"dateModified\":\"2023-04-04T22:48:30+00:00\",\"description\":\"Am\u00e9liorez votre talent de tireur avec le USA Clay Trap de Do-All Outdoors. Ce dispositif de ball-trap a \u00e9t\u00e9 con\u00e7u pour la USA Clay Target League\",\"breadcrumb\":{\"@id\":\"https:\/\/staging.lucky-hunter.com\/fr\/product\/usa-clay-trap-full-package\/#breadcrumb\"},\"inLanguage\":\"fr-FR\",\"potentialAction\":[{\"@type\":\"ReadAction\",\"target\":[\"https:\/\/staging.lucky-hunter.com\/fr\/product\/usa-clay-trap-full-package\/\"]}]},{\"@type\":\"ImageObject\",\"inLanguage\":\"fr-FR\",\"@id\":\"https:\/\/staging.lucky-hunter.com\/fr\/product\/usa-clay-trap-full-package\/#primaryimage\",\"url\":\"https:\/\/staging.lucky-hunter.com\/wp-content\/uploads\/2023\/03\/ST-14.png\",\"contentUrl\":\"https:\/\/staging.lucky-hunter.com\/wp-content\/uploads\/2023\/03\/ST-14.png\",\"width\":1000,\"height\":1000,\"caption\":\"USA Clay Trap\"},{\"@type\":\"BreadcrumbList\",\"@id\":\"https:\/\/staging.lucky-hunter.com\/fr\/product\/usa-clay-trap-full-package\/#breadcrumb\",\"itemListElement\":[{\"@type\":\"ListItem\",\"position\":1,\"name\":\"Home\",\"item\":\"https:\/\/staging.lucky-hunter.com\/fr\/\"},{\"@type\":\"ListItem\",\"position\":2,\"name\":\"Boutique\",\"item\":\"https:\/\/staging.lucky-hunter.com\/fr\/shop\/\"},{\"@type\":\"ListItem\",\"position\":3,\"name\":\"USA Clay Trap | Pack complet\"}]},{\"@type\":\"WebSite\",\"@id\":\"https:\/\/staging.lucky-hunter.com\/#website\",\"url\":\"https:\/\/staging.lucky-hunter.com\/\",\"name\":\"Lucky-Hunter\",\"description\":\"Gear Up or Give Up\",\"potentialAction\":[{\"@type\":\"SearchAction\",\"target\":{\"@type\":\"EntryPoint\",\"urlTemplate\":\"https:\/\/staging.lucky-hunter.com\/?s={search_term_string}\"},\"query-input\":{\"@type\":\"PropertyValueSpecification\",\"valueRequired\":true,\"valueName\":\"search_term_string\"}}],\"inLanguage\":\"fr-FR\"}]}<\/script>\n<!-- \/ Yoast SEO plugin. -->","yoast_head_json":{"title":"USA Clay Trap | Pack complet - Lucky-Hunter","description":"Am\u00e9liorez votre talent de tireur avec le USA Clay Trap de Do-All Outdoors. Ce dispositif de ball-trap a \u00e9t\u00e9 con\u00e7u pour la USA Clay Target League","robots":{"index":"noindex","follow":"follow","max-snippet":"max-snippet:-1","max-image-preview":"max-image-preview:large","max-video-preview":"max-video-preview:-1"},"og_locale":"fr_FR","og_type":"article","og_title":"USA Clay Trap | Pack complet - Lucky-Hunter","og_description":"Am\u00e9liorez votre talent de tireur avec le USA Clay Trap de Do-All Outdoors. Ce dispositif de ball-trap a \u00e9t\u00e9 con\u00e7u pour la USA Clay Target League","og_url":"https:\/\/staging.lucky-hunter.com\/fr\/product\/usa-clay-trap-full-package\/","og_site_name":"Lucky-Hunter","og_image":[{"width":1000,"height":1000,"url":"https:\/\/staging.lucky-hunter.com\/wp-content\/uploads\/2023\/03\/ST-14.png","type":"image\/png"}],"twitter_card":"summary_large_image","twitter_misc":{"Dur\u00e9e de lecture estim\u00e9e":"1 minute"},"schema":{"@context":"https:\/\/schema.org","@graph":[{"@type":"WebPage","@id":"https:\/\/staging.lucky-hunter.com\/fr\/product\/usa-clay-trap-full-package\/","url":"https:\/\/staging.lucky-hunter.com\/fr\/product\/usa-clay-trap-full-package\/","name":"USA Clay Trap | Pack complet - Lucky-Hunter","isPartOf":{"@id":"https:\/\/staging.lucky-hunter.com\/#website"},"primaryImageOfPage":{"@id":"https:\/\/staging.lucky-hunter.com\/fr\/product\/usa-clay-trap-full-package\/#primaryimage"},"image":{"@id":"https:\/\/staging.lucky-hunter.com\/fr\/product\/usa-clay-trap-full-package\/#primaryimage"},"thumbnailUrl":"https:\/\/staging.lucky-hunter.com\/wp-content\/uploads\/2023\/03\/ST-14.png","datePublished":"2023-04-04T22:48:30+00:00","dateModified":"2023-04-04T22:48:30+00:00","description":"Am\u00e9liorez votre talent de tireur avec le USA Clay Trap de Do-All Outdoors. Ce dispositif de ball-trap a \u00e9t\u00e9 con\u00e7u pour la USA Clay Target League","breadcrumb":{"@id":"https:\/\/staging.lucky-hunter.com\/fr\/product\/usa-clay-trap-full-package\/#breadcrumb"},"inLanguage":"fr-FR","potentialAction":[{"@type":"ReadAction","target":["https:\/\/staging.lucky-hunter.com\/fr\/product\/usa-clay-trap-full-package\/"]}]},{"@type":"ImageObject","inLanguage":"fr-FR","@id":"https:\/\/staging.lucky-hunter.com\/fr\/product\/usa-clay-trap-full-package\/#primaryimage","url":"https:\/\/staging.lucky-hunter.com\/wp-content\/uploads\/2023\/03\/ST-14.png","contentUrl":"https:\/\/staging.lucky-hunter.com\/wp-content\/uploads\/2023\/03\/ST-14.png","width":1000,"height":1000,"caption":"USA Clay Trap"},{"@type":"BreadcrumbList","@id":"https:\/\/staging.lucky-hunter.com\/fr\/product\/usa-clay-trap-full-package\/#breadcrumb","itemListElement":[{"@type":"ListItem","position":1,"name":"Home","item":"https:\/\/staging.lucky-hunter.com\/fr\/"},{"@type":"ListItem","position":2,"name":"Boutique","item":"https:\/\/staging.lucky-hunter.com\/fr\/shop\/"},{"@type":"ListItem","position":3,"name":"USA Clay Trap | Pack complet"}]},{"@type":"WebSite","@id":"https:\/\/staging.lucky-hunter.com\/#website","url":"https:\/\/staging.lucky-hunter.com\/","name":"Lucky-Hunter","description":"Gear Up or Give Up","potentialAction":[{"@type":"SearchAction","target":{"@type":"EntryPoint","urlTemplate":"https:\/\/staging.lucky-hunter.com\/?s={search_term_string}"},"query-input":{"@type":"PropertyValueSpecification","valueRequired":true,"valueName":"search_term_string"}}],"inLanguage":"fr-FR"}]}},"_links":{"self":[{"href":"https:\/\/staging.lucky-hunter.com\/fr\/wp-json\/wp\/v2\/product\/62162"}],"collection":[{"href":"https:\/\/staging.lucky-hunter.com\/fr\/wp-json\/wp\/v2\/product"}],"about":[{"href":"https:\/\/staging.lucky-hunter.com\/fr\/wp-json\/wp\/v2\/types\/product"}],"wp:featuredmedia":[{"embeddable":true,"href":"https:\/\/staging.lucky-hunter.com\/fr\/wp-json\/wp\/v2\/media\/59529"}],"wp:attachment":[{"href":"https:\/\/staging.lucky-hunter.com\/fr\/wp-json\/wp\/v2\/media?parent=62162"}],"wp:term":[{"taxonomy":"product_brand","embeddable":true,"href":"https:\/\/staging.lucky-hunter.com\/fr\/wp-json\/wp\/v2\/product_brand?post=62162"},{"taxonomy":"product_cat","embeddable":true,"href":"https:\/\/staging.lucky-hunter.com\/fr\/wp-json\/wp\/v2\/product_cat?post=62162"},{"taxonomy":"product_tag","embeddable":true,"href":"https:\/\/staging.lucky-hunter.com\/fr\/wp-json\/wp\/v2\/product_tag?post=62162"}],"curies":[{"name":"wp","href":"https:\/\/api.w.org\/{rel}","templated":true}]}}