{"id":62017,"date":"2023-04-05T00:48:30","date_gmt":"2023-04-04T22:48:30","guid":{"rendered":"https:\/\/staging.lucky-hunter.com\/product\/flyway-90-clay-pigeon-thrower\/"},"modified":"2023-04-05T00:48:30","modified_gmt":"2023-04-04T22:48:30","slug":"flyway-90-clay-pigeon-thrower","status":"publish","type":"product","link":"https:\/\/staging.lucky-hunter.com\/fr\/product\/flyway-90-clay-pigeon-thrower\/","title":{"rendered":"Flyway 90 | Lanceur de pigeon d&#8217;argile"},"content":{"rendered":"<h2>Lanceur de pigeons d&#8217;argile Do All Outdoors<\/h2>\n<ul>\n<li>Chargeur de 90 plateaux d&#8217;argile<\/li>\n<li>Temps de recharge de 2,5 secondes<\/li>\n<li>P\u00e9dale de d\u00e9clenchement avec c\u00e2ble de 38 cm<\/li>\n<li>Facilement d\u00e9montable pour le rangement<\/li>\n<li>Distances de projection g\u00e9rables pour une acquisition facile de la cible<\/li>\n<\/ul>\n<p>D\u00e9couvrez le summum de la pratique du tir avec le lanceur de pigeons d&#8217;argile FlyWay 90 de Do-All Outdoors. Ce lanceur innovant est le seul de sa cat\u00e9gorie qui permette d\u2019effectuer des lanc\u00e9s simples ou des doubles simultan\u00e9s, vous procurant une exp\u00e9rience de tir r\u00e9aliste et stimulante. Avec une capacit\u00e9 de 90 plateaux d&#8217;argile, vous pouvez continuer \u00e0 tirer plus longtemps sans avoir besoin de recharger constamment.<\/p>\n<p>La p\u00e9dale amovible avec c\u00e2ble de 4,5 m vous offre la possibilit\u00e9 de vous positionner \u00e0 diff\u00e9rents angles et distances, ce qui rend vos s\u00e9ances d&#8217;entra\u00eenement plus dynamiques et attrayantes. De plus, le FlyWay 90 est compatible avec le kit Wobler, la t\u00e9l\u00e9commande sans fil et l&#8217;<a href=\"https:\/\/staging.lucky-hunter.com\/product\/do-all-smartshot-bluetooth-control\/\">appareil Bluetooth SmartSot<\/a>, ce qui en fait un produit vraiment polyvalent et personnalisable.<\/p>\n","protected":false},"excerpt":{"rendered":"<p>D\u00e9couvrez le summum de la pratique du tir avec le FlyWay 90. Ce lanceur est le seul de sa cat\u00e9gorie qui permette d\u2019effectuer des lanc\u00e9s simples ou des doubles<\/p>\n","protected":false},"featured_media":59512,"template":"","meta":[],"product_brand":[8134],"product_cat":[8172],"product_tag":[],"yoast_head":"<!-- This site is optimized with the Yoast SEO plugin v24.3 - https:\/\/yoast.com\/wordpress\/plugins\/seo\/ -->\n<title>Lanceur de pigeons d&#039;argile Flyway 90 | Plus de mod\u00e8les sur Lucky-hunter.com<\/title>\n<meta name=\"description\" content=\"D\u00e9couvrez le summum de la pratique du tir avec le FlyWay 90. Ce lanceur est le seul de sa cat\u00e9gorie qui permette d\u2019effectuer des lanc\u00e9s simples ou des doubles\" \/>\n<meta name=\"robots\" content=\"noindex, follow, max-snippet:-1, max-image-preview:large, max-video-preview:-1\" \/>\n<meta property=\"og:locale\" content=\"fr_FR\" \/>\n<meta property=\"og:type\" content=\"article\" \/>\n<meta property=\"og:title\" content=\"Lanceur de pigeons d&#039;argile Flyway 90 | Plus de mod\u00e8les sur Lucky-hunter.com\" \/>\n<meta property=\"og:description\" content=\"D\u00e9couvrez le summum de la pratique du tir avec le FlyWay 90. Ce lanceur est le seul de sa cat\u00e9gorie qui permette d\u2019effectuer des lanc\u00e9s simples ou des doubles\" \/>\n<meta property=\"og:url\" content=\"https:\/\/staging.lucky-hunter.com\/fr\/product\/flyway-90-clay-pigeon-thrower\/\" \/>\n<meta property=\"og:site_name\" content=\"Lucky-Hunter\" \/>\n<meta property=\"og:image\" content=\"https:\/\/staging.lucky-hunter.com\/wp-content\/uploads\/2023\/03\/ST-13.png\" \/>\n\t<meta property=\"og:image:width\" content=\"1000\" \/>\n\t<meta property=\"og:image:height\" content=\"1000\" \/>\n\t<meta property=\"og:image:type\" content=\"image\/png\" \/>\n<meta name=\"twitter:card\" content=\"summary_large_image\" \/>\n<meta name=\"twitter:label1\" content=\"Dur\u00e9e de lecture estim\u00e9e\" \/>\n\t<meta name=\"twitter:data1\" content=\"1 minute\" \/>\n<script type=\"application\/ld+json\" class=\"yoast-schema-graph\">{\"@context\":\"https:\/\/schema.org\",\"@graph\":[{\"@type\":\"WebPage\",\"@id\":\"https:\/\/staging.lucky-hunter.com\/fr\/product\/flyway-90-clay-pigeon-thrower\/\",\"url\":\"https:\/\/staging.lucky-hunter.com\/fr\/product\/flyway-90-clay-pigeon-thrower\/\",\"name\":\"Lanceur de pigeons d'argile Flyway 90 | Plus de mod\u00e8les sur Lucky-hunter.com\",\"isPartOf\":{\"@id\":\"https:\/\/staging.lucky-hunter.com\/#website\"},\"primaryImageOfPage\":{\"@id\":\"https:\/\/staging.lucky-hunter.com\/fr\/product\/flyway-90-clay-pigeon-thrower\/#primaryimage\"},\"image\":{\"@id\":\"https:\/\/staging.lucky-hunter.com\/fr\/product\/flyway-90-clay-pigeon-thrower\/#primaryimage\"},\"thumbnailUrl\":\"https:\/\/staging.lucky-hunter.com\/wp-content\/uploads\/2023\/03\/ST-13.png\",\"datePublished\":\"2023-04-04T22:48:30+00:00\",\"dateModified\":\"2023-04-04T22:48:30+00:00\",\"description\":\"D\u00e9couvrez le summum de la pratique du tir avec le FlyWay 90. Ce lanceur est le seul de sa cat\u00e9gorie qui permette d\u2019effectuer des lanc\u00e9s simples ou des doubles\",\"breadcrumb\":{\"@id\":\"https:\/\/staging.lucky-hunter.com\/fr\/product\/flyway-90-clay-pigeon-thrower\/#breadcrumb\"},\"inLanguage\":\"fr-FR\",\"potentialAction\":[{\"@type\":\"ReadAction\",\"target\":[\"https:\/\/staging.lucky-hunter.com\/fr\/product\/flyway-90-clay-pigeon-thrower\/\"]}]},{\"@type\":\"ImageObject\",\"inLanguage\":\"fr-FR\",\"@id\":\"https:\/\/staging.lucky-hunter.com\/fr\/product\/flyway-90-clay-pigeon-thrower\/#primaryimage\",\"url\":\"https:\/\/staging.lucky-hunter.com\/wp-content\/uploads\/2023\/03\/ST-13.png\",\"contentUrl\":\"https:\/\/staging.lucky-hunter.com\/wp-content\/uploads\/2023\/03\/ST-13.png\",\"width\":1000,\"height\":1000,\"caption\":\"Flyway 90\"},{\"@type\":\"BreadcrumbList\",\"@id\":\"https:\/\/staging.lucky-hunter.com\/fr\/product\/flyway-90-clay-pigeon-thrower\/#breadcrumb\",\"itemListElement\":[{\"@type\":\"ListItem\",\"position\":1,\"name\":\"Home\",\"item\":\"https:\/\/staging.lucky-hunter.com\/fr\/\"},{\"@type\":\"ListItem\",\"position\":2,\"name\":\"Boutique\",\"item\":\"https:\/\/staging.lucky-hunter.com\/fr\/shop\/\"},{\"@type\":\"ListItem\",\"position\":3,\"name\":\"Flyway 90 | Lanceur de pigeon d&#8217;argile\"}]},{\"@type\":\"WebSite\",\"@id\":\"https:\/\/staging.lucky-hunter.com\/#website\",\"url\":\"https:\/\/staging.lucky-hunter.com\/\",\"name\":\"Lucky-Hunter\",\"description\":\"Gear Up or Give Up\",\"potentialAction\":[{\"@type\":\"SearchAction\",\"target\":{\"@type\":\"EntryPoint\",\"urlTemplate\":\"https:\/\/staging.lucky-hunter.com\/?s={search_term_string}\"},\"query-input\":{\"@type\":\"PropertyValueSpecification\",\"valueRequired\":true,\"valueName\":\"search_term_string\"}}],\"inLanguage\":\"fr-FR\"}]}<\/script>\n<!-- \/ Yoast SEO plugin. -->","yoast_head_json":{"title":"Lanceur de pigeons d'argile Flyway 90 | Plus de mod\u00e8les sur Lucky-hunter.com","description":"D\u00e9couvrez le summum de la pratique du tir avec le FlyWay 90. Ce lanceur est le seul de sa cat\u00e9gorie qui permette d\u2019effectuer des lanc\u00e9s simples ou des doubles","robots":{"index":"noindex","follow":"follow","max-snippet":"max-snippet:-1","max-image-preview":"max-image-preview:large","max-video-preview":"max-video-preview:-1"},"og_locale":"fr_FR","og_type":"article","og_title":"Lanceur de pigeons d'argile Flyway 90 | Plus de mod\u00e8les sur Lucky-hunter.com","og_description":"D\u00e9couvrez le summum de la pratique du tir avec le FlyWay 90. Ce lanceur est le seul de sa cat\u00e9gorie qui permette d\u2019effectuer des lanc\u00e9s simples ou des doubles","og_url":"https:\/\/staging.lucky-hunter.com\/fr\/product\/flyway-90-clay-pigeon-thrower\/","og_site_name":"Lucky-Hunter","og_image":[{"width":1000,"height":1000,"url":"https:\/\/staging.lucky-hunter.com\/wp-content\/uploads\/2023\/03\/ST-13.png","type":"image\/png"}],"twitter_card":"summary_large_image","twitter_misc":{"Dur\u00e9e de lecture estim\u00e9e":"1 minute"},"schema":{"@context":"https:\/\/schema.org","@graph":[{"@type":"WebPage","@id":"https:\/\/staging.lucky-hunter.com\/fr\/product\/flyway-90-clay-pigeon-thrower\/","url":"https:\/\/staging.lucky-hunter.com\/fr\/product\/flyway-90-clay-pigeon-thrower\/","name":"Lanceur de pigeons d'argile Flyway 90 | Plus de mod\u00e8les sur Lucky-hunter.com","isPartOf":{"@id":"https:\/\/staging.lucky-hunter.com\/#website"},"primaryImageOfPage":{"@id":"https:\/\/staging.lucky-hunter.com\/fr\/product\/flyway-90-clay-pigeon-thrower\/#primaryimage"},"image":{"@id":"https:\/\/staging.lucky-hunter.com\/fr\/product\/flyway-90-clay-pigeon-thrower\/#primaryimage"},"thumbnailUrl":"https:\/\/staging.lucky-hunter.com\/wp-content\/uploads\/2023\/03\/ST-13.png","datePublished":"2023-04-04T22:48:30+00:00","dateModified":"2023-04-04T22:48:30+00:00","description":"D\u00e9couvrez le summum de la pratique du tir avec le FlyWay 90. Ce lanceur est le seul de sa cat\u00e9gorie qui permette d\u2019effectuer des lanc\u00e9s simples ou des doubles","breadcrumb":{"@id":"https:\/\/staging.lucky-hunter.com\/fr\/product\/flyway-90-clay-pigeon-thrower\/#breadcrumb"},"inLanguage":"fr-FR","potentialAction":[{"@type":"ReadAction","target":["https:\/\/staging.lucky-hunter.com\/fr\/product\/flyway-90-clay-pigeon-thrower\/"]}]},{"@type":"ImageObject","inLanguage":"fr-FR","@id":"https:\/\/staging.lucky-hunter.com\/fr\/product\/flyway-90-clay-pigeon-thrower\/#primaryimage","url":"https:\/\/staging.lucky-hunter.com\/wp-content\/uploads\/2023\/03\/ST-13.png","contentUrl":"https:\/\/staging.lucky-hunter.com\/wp-content\/uploads\/2023\/03\/ST-13.png","width":1000,"height":1000,"caption":"Flyway 90"},{"@type":"BreadcrumbList","@id":"https:\/\/staging.lucky-hunter.com\/fr\/product\/flyway-90-clay-pigeon-thrower\/#breadcrumb","itemListElement":[{"@type":"ListItem","position":1,"name":"Home","item":"https:\/\/staging.lucky-hunter.com\/fr\/"},{"@type":"ListItem","position":2,"name":"Boutique","item":"https:\/\/staging.lucky-hunter.com\/fr\/shop\/"},{"@type":"ListItem","position":3,"name":"Flyway 90 | Lanceur de pigeon d&#8217;argile"}]},{"@type":"WebSite","@id":"https:\/\/staging.lucky-hunter.com\/#website","url":"https:\/\/staging.lucky-hunter.com\/","name":"Lucky-Hunter","description":"Gear Up or Give Up","potentialAction":[{"@type":"SearchAction","target":{"@type":"EntryPoint","urlTemplate":"https:\/\/staging.lucky-hunter.com\/?s={search_term_string}"},"query-input":{"@type":"PropertyValueSpecification","valueRequired":true,"valueName":"search_term_string"}}],"inLanguage":"fr-FR"}]}},"_links":{"self":[{"href":"https:\/\/staging.lucky-hunter.com\/fr\/wp-json\/wp\/v2\/product\/62017"}],"collection":[{"href":"https:\/\/staging.lucky-hunter.com\/fr\/wp-json\/wp\/v2\/product"}],"about":[{"href":"https:\/\/staging.lucky-hunter.com\/fr\/wp-json\/wp\/v2\/types\/product"}],"wp:featuredmedia":[{"embeddable":true,"href":"https:\/\/staging.lucky-hunter.com\/fr\/wp-json\/wp\/v2\/media\/59512"}],"wp:attachment":[{"href":"https:\/\/staging.lucky-hunter.com\/fr\/wp-json\/wp\/v2\/media?parent=62017"}],"wp:term":[{"taxonomy":"product_brand","embeddable":true,"href":"https:\/\/staging.lucky-hunter.com\/fr\/wp-json\/wp\/v2\/product_brand?post=62017"},{"taxonomy":"product_cat","embeddable":true,"href":"https:\/\/staging.lucky-hunter.com\/fr\/wp-json\/wp\/v2\/product_cat?post=62017"},{"taxonomy":"product_tag","embeddable":true,"href":"https:\/\/staging.lucky-hunter.com\/fr\/wp-json\/wp\/v2\/product_tag?post=62017"}],"curies":[{"name":"wp","href":"https:\/\/api.w.org\/{rel}","templated":true}]}}