{"id":62010,"date":"2023-02-16T11:08:43","date_gmt":"2023-02-16T10:08:43","guid":{"rendered":"https:\/\/staging.lucky-hunter.com\/product\/tickless-mini-cat-rechargeable\/"},"modified":"2023-02-16T11:08:43","modified_gmt":"2023-02-16T10:08:43","slug":"tickless-mini-cat-rechargeable","status":"publish","type":"product","link":"https:\/\/staging.lucky-hunter.com\/fr\/product\/tickless-mini-cat-rechargeable\/","title":{"rendered":"Tickless Mini Chat &#8211; Rechargeable"},"content":{"rendered":"<h2><strong>TICKLESS Mini \u2013 La nouvelle g\u00e9n\u00e9ration de r\u00e9pulsif anti-tiques et anti-puces, avec ultrasons et sans produits chimiques<\/strong><\/h2>\n<p>Notre derni\u00e8re \u00e9tude de terrain nous permet de conclure que l&#8217;appareil est efficace \u00e0 94 % contre les tiques, sans utiliser de produits chimiques dangereux ! Si vous souhaitez b\u00e9n\u00e9ficier de la protection la plus efficace dans les zones fortement infect\u00e9es par les tiques, utilisez TICKLESS avec votre produit anti-tiques habituel.<\/p>\n<p>La technologie TICKLESS\u00ae a subi des tests rigoureux et son efficacit\u00e9 a \u00e9t\u00e9 prouv\u00e9e par une \u00e9tude clinique \u00e0 l&#8217;\u00c9cole de microbiologie m\u00e9dicale v\u00e9t\u00e9rinaire et au Laboratoire des maladies infectieuses de l&#8217;Universit\u00e9 de Camerino, en Italie.<\/p>\n<ul>\n<li>94\u00a0% d&#8217;efficacit\u00e9 contre les tiques sans utiliser de produits chimiques<\/li>\n<li>Rechargeable<\/li>\n<li>Sans produits chimiques<\/li>\n<li>Sp\u00e9cialement con\u00e7u pour les animaux de petite taille<\/li>\n<li>Rayon d\u2019action de 2,5 m<\/li>\n<li>Fonction veilleuse pour un confort visible la nuit<\/li>\n<li>Sans aucun danger pour les animaux de compagnie, qu\u2019ils soient jeunes, \u00e2g\u00e9s, malades ou enceintes.<\/li>\n<li>Efficacit\u00e9 prouv\u00e9e scientifiquement<\/li>\n<li>Solution pr\u00e9ventive<\/li>\n<\/ul>\n<p>Mode d\u2019emploi\u00a0: Pour commencer \u00e0 utiliser TICKLESS MINI, baignez votre animal avec un shampooing non chimique contre les tiques et les puces, et \u00e9liminez tous les parasites restants. Chargez l&#8217;appareil pendant au moins 3 heures avant la premi\u00e8re utilisation. Choisissez un bracelet en silicone dans la bo\u00eete et ins\u00e9rez-le dans la languette lat\u00e9rale de l&#8217;appareil. Mettez le bracelet et l&#8217;appareil sur le collier et faites passer le bracelet sous le collier. Ins\u00e9rez le silicone dans l&#8217;autre languette lat\u00e9rale. Lorsqu&#8217;il est bien fix\u00e9, TICKLESS\u00ae ne tombera pas. Pour assurer son efficacit\u00e9, le dispositif doit rester fix\u00e9 \u00e0 l&#8217;animal en tout temps. Si vous retirez le collier de l&#8217;animal \u00e0 la maison, nous vous recommandons d&#8217;utiliser notre appareil TICKLESS Home.<\/p>\n<p>L&#8217;efficacit\u00e9 d\u00e9pend de l&#8217;\u00e9tat du pelage de l&#8217;animal, ainsi que du nombre de parasites pr\u00e9sents dans la zone. Dans les zones abritant d\u2019importantes populations de tiques, une protection \u00e0 100 % n&#8217;est pas garantie. Ne convient pas pour \u00e9liminer les tiques ou les puces des animaux d\u00e9j\u00e0 infect\u00e9s. N&#8217;obstruez pas les ondes ultrasonores \u00e9mises !<\/p>\n<p>En cas de dysfonctionnement technique, nous offrons une garantie de 12 mois pour l&#8217;appareil.<\/p>\n","protected":false},"excerpt":{"rendered":"<p>Tickless Mini prot\u00e8ge efficacement votre animal sans produits chimiques. Design de pointe avec une protection compl\u00e8te pour les animaux de compagnie m\u00eame les plus petits.<\/p>\n","protected":false},"featured_media":57735,"template":"","meta":[],"product_brand":[9511],"product_cat":[9383],"product_tag":[],"yoast_head":"<!-- This site is optimized with the Yoast SEO plugin v24.3 - https:\/\/yoast.com\/wordpress\/plugins\/seo\/ -->\n<title>Tickless Mini Chat - Rechargeable | Prot\u00e9gez vos animaux contre les tiques<\/title>\n<meta name=\"description\" content=\"Tickless Mini prot\u00e8ge efficacement votre animal sans produits chimiques. Design de pointe avec une protection compl\u00e8te pour les animaux de compagnie m\u00eame les plus petits.\" \/>\n<meta name=\"robots\" content=\"noindex, follow, max-snippet:-1, max-image-preview:large, max-video-preview:-1\" \/>\n<meta property=\"og:locale\" content=\"fr_FR\" \/>\n<meta property=\"og:type\" content=\"article\" \/>\n<meta property=\"og:title\" content=\"Tickless Mini Chat - Rechargeable | Prot\u00e9gez vos animaux contre les tiques\" \/>\n<meta property=\"og:description\" content=\"Tickless Mini prot\u00e8ge efficacement votre animal sans produits chimiques. Design de pointe avec une protection compl\u00e8te pour les animaux de compagnie m\u00eame les plus petits.\" \/>\n<meta property=\"og:url\" content=\"https:\/\/staging.lucky-hunter.com\/fr\/product\/tickless-mini-cat-rechargeable\/\" \/>\n<meta property=\"og:site_name\" content=\"Lucky-Hunter\" \/>\n<meta property=\"og:image\" content=\"https:\/\/staging.lucky-hunter.com\/wp-content\/uploads\/2023\/02\/570250_2_1920x1920.png\" \/>\n\t<meta property=\"og:image:width\" content=\"1046\" \/>\n\t<meta property=\"og:image:height\" content=\"1166\" \/>\n\t<meta property=\"og:image:type\" content=\"image\/png\" \/>\n<meta name=\"twitter:card\" content=\"summary_large_image\" \/>\n<meta name=\"twitter:label1\" content=\"Dur\u00e9e de lecture estim\u00e9e\" \/>\n\t<meta name=\"twitter:data1\" content=\"2 minutes\" \/>\n<script type=\"application\/ld+json\" class=\"yoast-schema-graph\">{\"@context\":\"https:\/\/schema.org\",\"@graph\":[{\"@type\":\"WebPage\",\"@id\":\"https:\/\/staging.lucky-hunter.com\/fr\/product\/tickless-mini-cat-rechargeable\/\",\"url\":\"https:\/\/staging.lucky-hunter.com\/fr\/product\/tickless-mini-cat-rechargeable\/\",\"name\":\"Tickless Mini Chat - Rechargeable | Prot\u00e9gez vos animaux contre les tiques\",\"isPartOf\":{\"@id\":\"https:\/\/staging.lucky-hunter.com\/#website\"},\"primaryImageOfPage\":{\"@id\":\"https:\/\/staging.lucky-hunter.com\/fr\/product\/tickless-mini-cat-rechargeable\/#primaryimage\"},\"image\":{\"@id\":\"https:\/\/staging.lucky-hunter.com\/fr\/product\/tickless-mini-cat-rechargeable\/#primaryimage\"},\"thumbnailUrl\":\"https:\/\/staging.lucky-hunter.com\/wp-content\/uploads\/2023\/02\/570250_2_1920x1920.png\",\"datePublished\":\"2023-02-16T10:08:43+00:00\",\"dateModified\":\"2023-02-16T10:08:43+00:00\",\"description\":\"Tickless Mini prot\u00e8ge efficacement votre animal sans produits chimiques. Design de pointe avec une protection compl\u00e8te pour les animaux de compagnie m\u00eame les plus petits.\",\"breadcrumb\":{\"@id\":\"https:\/\/staging.lucky-hunter.com\/fr\/product\/tickless-mini-cat-rechargeable\/#breadcrumb\"},\"inLanguage\":\"fr-FR\",\"potentialAction\":[{\"@type\":\"ReadAction\",\"target\":[\"https:\/\/staging.lucky-hunter.com\/fr\/product\/tickless-mini-cat-rechargeable\/\"]}]},{\"@type\":\"ImageObject\",\"inLanguage\":\"fr-FR\",\"@id\":\"https:\/\/staging.lucky-hunter.com\/fr\/product\/tickless-mini-cat-rechargeable\/#primaryimage\",\"url\":\"https:\/\/staging.lucky-hunter.com\/wp-content\/uploads\/2023\/02\/570250_2_1920x1920.png\",\"contentUrl\":\"https:\/\/staging.lucky-hunter.com\/wp-content\/uploads\/2023\/02\/570250_2_1920x1920.png\",\"width\":1046,\"height\":1166,\"caption\":\"Ticless Mini Cat\"},{\"@type\":\"BreadcrumbList\",\"@id\":\"https:\/\/staging.lucky-hunter.com\/fr\/product\/tickless-mini-cat-rechargeable\/#breadcrumb\",\"itemListElement\":[{\"@type\":\"ListItem\",\"position\":1,\"name\":\"Home\",\"item\":\"https:\/\/staging.lucky-hunter.com\/fr\/\"},{\"@type\":\"ListItem\",\"position\":2,\"name\":\"Boutique\",\"item\":\"https:\/\/staging.lucky-hunter.com\/fr\/shop\/\"},{\"@type\":\"ListItem\",\"position\":3,\"name\":\"Tickless Mini Chat &#8211; Rechargeable\"}]},{\"@type\":\"WebSite\",\"@id\":\"https:\/\/staging.lucky-hunter.com\/#website\",\"url\":\"https:\/\/staging.lucky-hunter.com\/\",\"name\":\"Lucky-Hunter\",\"description\":\"Gear Up or Give Up\",\"potentialAction\":[{\"@type\":\"SearchAction\",\"target\":{\"@type\":\"EntryPoint\",\"urlTemplate\":\"https:\/\/staging.lucky-hunter.com\/?s={search_term_string}\"},\"query-input\":{\"@type\":\"PropertyValueSpecification\",\"valueRequired\":true,\"valueName\":\"search_term_string\"}}],\"inLanguage\":\"fr-FR\"}]}<\/script>\n<!-- \/ Yoast SEO plugin. -->","yoast_head_json":{"title":"Tickless Mini Chat - Rechargeable | Prot\u00e9gez vos animaux contre les tiques","description":"Tickless Mini prot\u00e8ge efficacement votre animal sans produits chimiques. Design de pointe avec une protection compl\u00e8te pour les animaux de compagnie m\u00eame les plus petits.","robots":{"index":"noindex","follow":"follow","max-snippet":"max-snippet:-1","max-image-preview":"max-image-preview:large","max-video-preview":"max-video-preview:-1"},"og_locale":"fr_FR","og_type":"article","og_title":"Tickless Mini Chat - Rechargeable | Prot\u00e9gez vos animaux contre les tiques","og_description":"Tickless Mini prot\u00e8ge efficacement votre animal sans produits chimiques. Design de pointe avec une protection compl\u00e8te pour les animaux de compagnie m\u00eame les plus petits.","og_url":"https:\/\/staging.lucky-hunter.com\/fr\/product\/tickless-mini-cat-rechargeable\/","og_site_name":"Lucky-Hunter","og_image":[{"width":1046,"height":1166,"url":"https:\/\/staging.lucky-hunter.com\/wp-content\/uploads\/2023\/02\/570250_2_1920x1920.png","type":"image\/png"}],"twitter_card":"summary_large_image","twitter_misc":{"Dur\u00e9e de lecture estim\u00e9e":"2 minutes"},"schema":{"@context":"https:\/\/schema.org","@graph":[{"@type":"WebPage","@id":"https:\/\/staging.lucky-hunter.com\/fr\/product\/tickless-mini-cat-rechargeable\/","url":"https:\/\/staging.lucky-hunter.com\/fr\/product\/tickless-mini-cat-rechargeable\/","name":"Tickless Mini Chat - Rechargeable | Prot\u00e9gez vos animaux contre les tiques","isPartOf":{"@id":"https:\/\/staging.lucky-hunter.com\/#website"},"primaryImageOfPage":{"@id":"https:\/\/staging.lucky-hunter.com\/fr\/product\/tickless-mini-cat-rechargeable\/#primaryimage"},"image":{"@id":"https:\/\/staging.lucky-hunter.com\/fr\/product\/tickless-mini-cat-rechargeable\/#primaryimage"},"thumbnailUrl":"https:\/\/staging.lucky-hunter.com\/wp-content\/uploads\/2023\/02\/570250_2_1920x1920.png","datePublished":"2023-02-16T10:08:43+00:00","dateModified":"2023-02-16T10:08:43+00:00","description":"Tickless Mini prot\u00e8ge efficacement votre animal sans produits chimiques. Design de pointe avec une protection compl\u00e8te pour les animaux de compagnie m\u00eame les plus petits.","breadcrumb":{"@id":"https:\/\/staging.lucky-hunter.com\/fr\/product\/tickless-mini-cat-rechargeable\/#breadcrumb"},"inLanguage":"fr-FR","potentialAction":[{"@type":"ReadAction","target":["https:\/\/staging.lucky-hunter.com\/fr\/product\/tickless-mini-cat-rechargeable\/"]}]},{"@type":"ImageObject","inLanguage":"fr-FR","@id":"https:\/\/staging.lucky-hunter.com\/fr\/product\/tickless-mini-cat-rechargeable\/#primaryimage","url":"https:\/\/staging.lucky-hunter.com\/wp-content\/uploads\/2023\/02\/570250_2_1920x1920.png","contentUrl":"https:\/\/staging.lucky-hunter.com\/wp-content\/uploads\/2023\/02\/570250_2_1920x1920.png","width":1046,"height":1166,"caption":"Ticless Mini Cat"},{"@type":"BreadcrumbList","@id":"https:\/\/staging.lucky-hunter.com\/fr\/product\/tickless-mini-cat-rechargeable\/#breadcrumb","itemListElement":[{"@type":"ListItem","position":1,"name":"Home","item":"https:\/\/staging.lucky-hunter.com\/fr\/"},{"@type":"ListItem","position":2,"name":"Boutique","item":"https:\/\/staging.lucky-hunter.com\/fr\/shop\/"},{"@type":"ListItem","position":3,"name":"Tickless Mini Chat &#8211; Rechargeable"}]},{"@type":"WebSite","@id":"https:\/\/staging.lucky-hunter.com\/#website","url":"https:\/\/staging.lucky-hunter.com\/","name":"Lucky-Hunter","description":"Gear Up or Give Up","potentialAction":[{"@type":"SearchAction","target":{"@type":"EntryPoint","urlTemplate":"https:\/\/staging.lucky-hunter.com\/?s={search_term_string}"},"query-input":{"@type":"PropertyValueSpecification","valueRequired":true,"valueName":"search_term_string"}}],"inLanguage":"fr-FR"}]}},"_links":{"self":[{"href":"https:\/\/staging.lucky-hunter.com\/fr\/wp-json\/wp\/v2\/product\/62010"}],"collection":[{"href":"https:\/\/staging.lucky-hunter.com\/fr\/wp-json\/wp\/v2\/product"}],"about":[{"href":"https:\/\/staging.lucky-hunter.com\/fr\/wp-json\/wp\/v2\/types\/product"}],"wp:featuredmedia":[{"embeddable":true,"href":"https:\/\/staging.lucky-hunter.com\/fr\/wp-json\/wp\/v2\/media\/57735"}],"wp:attachment":[{"href":"https:\/\/staging.lucky-hunter.com\/fr\/wp-json\/wp\/v2\/media?parent=62010"}],"wp:term":[{"taxonomy":"product_brand","embeddable":true,"href":"https:\/\/staging.lucky-hunter.com\/fr\/wp-json\/wp\/v2\/product_brand?post=62010"},{"taxonomy":"product_cat","embeddable":true,"href":"https:\/\/staging.lucky-hunter.com\/fr\/wp-json\/wp\/v2\/product_cat?post=62010"},{"taxonomy":"product_tag","embeddable":true,"href":"https:\/\/staging.lucky-hunter.com\/fr\/wp-json\/wp\/v2\/product_tag?post=62010"}],"curies":[{"name":"wp","href":"https:\/\/api.w.org\/{rel}","templated":true}]}}