{"id":61977,"date":"2023-04-04T11:34:06","date_gmt":"2023-04-04T09:34:06","guid":{"rendered":"https:\/\/staging.lucky-hunter.com\/product\/acme-dog-whistle-211%c2%bd-alpha\/"},"modified":"2025-06-24T11:09:07","modified_gmt":"2025-06-24T09:09:07","slug":"sifflet-pour-chien-acme-alpha-211%c2%bd","status":"publish","type":"product","link":"https:\/\/staging.lucky-hunter.com\/fr\/product\/sifflet-pour-chien-acme-alpha-211%c2%bd\/","title":{"rendered":"Sifflet pour chien ACME ALPHA &#8211; 211\u00bd"},"content":{"rendered":"<ul>\n<li>D\u00e9velopp\u00e9 pendant quatre ans en collaboration avec des champions du monde de dressage.<\/li>\n<li>Les chambres sonores brevet\u00e9es permettent une utilisation plus efficace de l&#8217;air<\/li>\n<li>Un son plus brillant qui vous procure un meilleur contr\u00f4le et un chien plus r\u00e9actif<\/li>\n<li>Utilisation sans effort permettant de varier votre respiration et vos ordres pour plus de flexibilit\u00e9.<\/li>\n<li>Grip sur toute la surface, pour \u00eatre doux avec la bouche tout en offrant une prise en main parfaite dans toutes les conditions.<\/li>\n<\/ul>\n<p>D\u00e9couvrez la toute nouvelle gamme de sifflets pour chiens d\u00e9velopp\u00e9e sur quatre ans avec des champions du monde de dressage. Dot\u00e9e de chambres sonores brevet\u00e9es et d\u2019un grip confortable, vous aurez plus de contr\u00f4le et un chien plus r\u00e9actif.<\/p>\n","protected":false},"excerpt":{"rendered":"<p>D\u00e9couvrez la toute nouvelle gamme de sifflets pour chiens d\u00e9velopp\u00e9e sur quatre ans avec des champions du monde de dressage.<\/p>\n","protected":false},"featured_media":60633,"template":"","meta":[],"product_brand":[],"product_cat":[8260],"product_tag":[],"yoast_head":"<!-- This site is optimized with the Yoast SEO plugin v24.3 - https:\/\/yoast.com\/wordpress\/plugins\/seo\/ -->\n<title>Sifflet pour chien ACME ALPHA - 211\u00bd<\/title>\n<meta name=\"description\" content=\"D\u00e9couvrez la toute nouvelle gamme de sifflets pour chiens d\u00e9velopp\u00e9e sur quatre ans avec des champions du monde de dressage.\" \/>\n<meta name=\"robots\" content=\"noindex, follow, max-snippet:-1, max-image-preview:large, max-video-preview:-1\" \/>\n<meta property=\"og:locale\" content=\"fr_FR\" \/>\n<meta property=\"og:type\" content=\"article\" \/>\n<meta property=\"og:title\" content=\"Sifflet pour chien ACME ALPHA - 211\u00bd\" \/>\n<meta property=\"og:description\" content=\"D\u00e9couvrez la toute nouvelle gamme de sifflets pour chiens d\u00e9velopp\u00e9e sur quatre ans avec des champions du monde de dressage.\" \/>\n<meta property=\"og:url\" content=\"https:\/\/staging.lucky-hunter.com\/fr\/product\/sifflet-pour-chien-acme-alpha-211\u00bd\/\" \/>\n<meta property=\"og:site_name\" content=\"Lucky-Hunter\" \/>\n<meta property=\"article:modified_time\" content=\"2025-06-24T09:09:07+00:00\" \/>\n<meta property=\"og:image\" content=\"https:\/\/staging.lucky-hunter.com\/wp-content\/uploads\/2023\/04\/alpha_211.5_black_5_.png\" \/>\n\t<meta property=\"og:image:width\" content=\"1799\" \/>\n\t<meta property=\"og:image:height\" content=\"1200\" \/>\n\t<meta property=\"og:image:type\" content=\"image\/png\" \/>\n<meta name=\"twitter:card\" content=\"summary_large_image\" \/>\n<meta name=\"twitter:label1\" content=\"Dur\u00e9e de lecture estim\u00e9e\" \/>\n\t<meta name=\"twitter:data1\" content=\"1 minute\" \/>\n<script type=\"application\/ld+json\" class=\"yoast-schema-graph\">{\"@context\":\"https:\/\/schema.org\",\"@graph\":[{\"@type\":\"WebPage\",\"@id\":\"https:\/\/staging.lucky-hunter.com\/fr\/product\/sifflet-pour-chien-acme-alpha-211%c2%bd\/\",\"url\":\"https:\/\/staging.lucky-hunter.com\/fr\/product\/sifflet-pour-chien-acme-alpha-211%c2%bd\/\",\"name\":\"Sifflet pour chien ACME ALPHA - 211\u00bd\",\"isPartOf\":{\"@id\":\"https:\/\/staging.lucky-hunter.com\/#website\"},\"primaryImageOfPage\":{\"@id\":\"https:\/\/staging.lucky-hunter.com\/fr\/product\/sifflet-pour-chien-acme-alpha-211%c2%bd\/#primaryimage\"},\"image\":{\"@id\":\"https:\/\/staging.lucky-hunter.com\/fr\/product\/sifflet-pour-chien-acme-alpha-211%c2%bd\/#primaryimage\"},\"thumbnailUrl\":\"https:\/\/staging.lucky-hunter.com\/wp-content\/uploads\/2023\/04\/alpha_211.5_black_5_.png\",\"datePublished\":\"2023-04-04T09:34:06+00:00\",\"dateModified\":\"2025-06-24T09:09:07+00:00\",\"description\":\"D\u00e9couvrez la toute nouvelle gamme de sifflets pour chiens d\u00e9velopp\u00e9e sur quatre ans avec des champions du monde de dressage.\",\"breadcrumb\":{\"@id\":\"https:\/\/staging.lucky-hunter.com\/fr\/product\/sifflet-pour-chien-acme-alpha-211%c2%bd\/#breadcrumb\"},\"inLanguage\":\"fr-FR\",\"potentialAction\":[{\"@type\":\"ReadAction\",\"target\":[\"https:\/\/staging.lucky-hunter.com\/fr\/product\/sifflet-pour-chien-acme-alpha-211%c2%bd\/\"]}]},{\"@type\":\"ImageObject\",\"inLanguage\":\"fr-FR\",\"@id\":\"https:\/\/staging.lucky-hunter.com\/fr\/product\/sifflet-pour-chien-acme-alpha-211%c2%bd\/#primaryimage\",\"url\":\"https:\/\/staging.lucky-hunter.com\/wp-content\/uploads\/2023\/04\/alpha_211.5_black_5_.png\",\"contentUrl\":\"https:\/\/staging.lucky-hunter.com\/wp-content\/uploads\/2023\/04\/alpha_211.5_black_5_.png\",\"width\":1799,\"height\":1200},{\"@type\":\"BreadcrumbList\",\"@id\":\"https:\/\/staging.lucky-hunter.com\/fr\/product\/sifflet-pour-chien-acme-alpha-211%c2%bd\/#breadcrumb\",\"itemListElement\":[{\"@type\":\"ListItem\",\"position\":1,\"name\":\"Home\",\"item\":\"https:\/\/staging.lucky-hunter.com\/fr\/\"},{\"@type\":\"ListItem\",\"position\":2,\"name\":\"Boutique\",\"item\":\"https:\/\/staging.lucky-hunter.com\/fr\/shop\/\"},{\"@type\":\"ListItem\",\"position\":3,\"name\":\"Sifflet pour chien ACME ALPHA &#8211; 211\u00bd\"}]},{\"@type\":\"WebSite\",\"@id\":\"https:\/\/staging.lucky-hunter.com\/#website\",\"url\":\"https:\/\/staging.lucky-hunter.com\/\",\"name\":\"Lucky-Hunter\",\"description\":\"Gear Up or Give Up\",\"potentialAction\":[{\"@type\":\"SearchAction\",\"target\":{\"@type\":\"EntryPoint\",\"urlTemplate\":\"https:\/\/staging.lucky-hunter.com\/?s={search_term_string}\"},\"query-input\":{\"@type\":\"PropertyValueSpecification\",\"valueRequired\":true,\"valueName\":\"search_term_string\"}}],\"inLanguage\":\"fr-FR\"}]}<\/script>\n<!-- \/ Yoast SEO plugin. -->","yoast_head_json":{"title":"Sifflet pour chien ACME ALPHA - 211\u00bd","description":"D\u00e9couvrez la toute nouvelle gamme de sifflets pour chiens d\u00e9velopp\u00e9e sur quatre ans avec des champions du monde de dressage.","robots":{"index":"noindex","follow":"follow","max-snippet":"max-snippet:-1","max-image-preview":"max-image-preview:large","max-video-preview":"max-video-preview:-1"},"og_locale":"fr_FR","og_type":"article","og_title":"Sifflet pour chien ACME ALPHA - 211\u00bd","og_description":"D\u00e9couvrez la toute nouvelle gamme de sifflets pour chiens d\u00e9velopp\u00e9e sur quatre ans avec des champions du monde de dressage.","og_url":"https:\/\/staging.lucky-hunter.com\/fr\/product\/sifflet-pour-chien-acme-alpha-211\u00bd\/","og_site_name":"Lucky-Hunter","article_modified_time":"2025-06-24T09:09:07+00:00","og_image":[{"width":1799,"height":1200,"url":"https:\/\/staging.lucky-hunter.com\/wp-content\/uploads\/2023\/04\/alpha_211.5_black_5_.png","type":"image\/png"}],"twitter_card":"summary_large_image","twitter_misc":{"Dur\u00e9e de lecture estim\u00e9e":"1 minute"},"schema":{"@context":"https:\/\/schema.org","@graph":[{"@type":"WebPage","@id":"https:\/\/staging.lucky-hunter.com\/fr\/product\/sifflet-pour-chien-acme-alpha-211%c2%bd\/","url":"https:\/\/staging.lucky-hunter.com\/fr\/product\/sifflet-pour-chien-acme-alpha-211%c2%bd\/","name":"Sifflet pour chien ACME ALPHA - 211\u00bd","isPartOf":{"@id":"https:\/\/staging.lucky-hunter.com\/#website"},"primaryImageOfPage":{"@id":"https:\/\/staging.lucky-hunter.com\/fr\/product\/sifflet-pour-chien-acme-alpha-211%c2%bd\/#primaryimage"},"image":{"@id":"https:\/\/staging.lucky-hunter.com\/fr\/product\/sifflet-pour-chien-acme-alpha-211%c2%bd\/#primaryimage"},"thumbnailUrl":"https:\/\/staging.lucky-hunter.com\/wp-content\/uploads\/2023\/04\/alpha_211.5_black_5_.png","datePublished":"2023-04-04T09:34:06+00:00","dateModified":"2025-06-24T09:09:07+00:00","description":"D\u00e9couvrez la toute nouvelle gamme de sifflets pour chiens d\u00e9velopp\u00e9e sur quatre ans avec des champions du monde de dressage.","breadcrumb":{"@id":"https:\/\/staging.lucky-hunter.com\/fr\/product\/sifflet-pour-chien-acme-alpha-211%c2%bd\/#breadcrumb"},"inLanguage":"fr-FR","potentialAction":[{"@type":"ReadAction","target":["https:\/\/staging.lucky-hunter.com\/fr\/product\/sifflet-pour-chien-acme-alpha-211%c2%bd\/"]}]},{"@type":"ImageObject","inLanguage":"fr-FR","@id":"https:\/\/staging.lucky-hunter.com\/fr\/product\/sifflet-pour-chien-acme-alpha-211%c2%bd\/#primaryimage","url":"https:\/\/staging.lucky-hunter.com\/wp-content\/uploads\/2023\/04\/alpha_211.5_black_5_.png","contentUrl":"https:\/\/staging.lucky-hunter.com\/wp-content\/uploads\/2023\/04\/alpha_211.5_black_5_.png","width":1799,"height":1200},{"@type":"BreadcrumbList","@id":"https:\/\/staging.lucky-hunter.com\/fr\/product\/sifflet-pour-chien-acme-alpha-211%c2%bd\/#breadcrumb","itemListElement":[{"@type":"ListItem","position":1,"name":"Home","item":"https:\/\/staging.lucky-hunter.com\/fr\/"},{"@type":"ListItem","position":2,"name":"Boutique","item":"https:\/\/staging.lucky-hunter.com\/fr\/shop\/"},{"@type":"ListItem","position":3,"name":"Sifflet pour chien ACME ALPHA &#8211; 211\u00bd"}]},{"@type":"WebSite","@id":"https:\/\/staging.lucky-hunter.com\/#website","url":"https:\/\/staging.lucky-hunter.com\/","name":"Lucky-Hunter","description":"Gear Up or Give Up","potentialAction":[{"@type":"SearchAction","target":{"@type":"EntryPoint","urlTemplate":"https:\/\/staging.lucky-hunter.com\/?s={search_term_string}"},"query-input":{"@type":"PropertyValueSpecification","valueRequired":true,"valueName":"search_term_string"}}],"inLanguage":"fr-FR"}]}},"_links":{"self":[{"href":"https:\/\/staging.lucky-hunter.com\/fr\/wp-json\/wp\/v2\/product\/61977"}],"collection":[{"href":"https:\/\/staging.lucky-hunter.com\/fr\/wp-json\/wp\/v2\/product"}],"about":[{"href":"https:\/\/staging.lucky-hunter.com\/fr\/wp-json\/wp\/v2\/types\/product"}],"wp:featuredmedia":[{"embeddable":true,"href":"https:\/\/staging.lucky-hunter.com\/fr\/wp-json\/wp\/v2\/media\/60633"}],"wp:attachment":[{"href":"https:\/\/staging.lucky-hunter.com\/fr\/wp-json\/wp\/v2\/media?parent=61977"}],"wp:term":[{"taxonomy":"product_brand","embeddable":true,"href":"https:\/\/staging.lucky-hunter.com\/fr\/wp-json\/wp\/v2\/product_brand?post=61977"},{"taxonomy":"product_cat","embeddable":true,"href":"https:\/\/staging.lucky-hunter.com\/fr\/wp-json\/wp\/v2\/product_cat?post=61977"},{"taxonomy":"product_tag","embeddable":true,"href":"https:\/\/staging.lucky-hunter.com\/fr\/wp-json\/wp\/v2\/product_tag?post=61977"}],"curies":[{"name":"wp","href":"https:\/\/api.w.org\/{rel}","templated":true}]}}