{"id":61974,"date":"2023-03-31T15:12:17","date_gmt":"2023-03-31T13:12:17","guid":{"rendered":"https:\/\/staging.lucky-hunter.com\/product\/acme-combination-dog-whistle-641\/"},"modified":"2025-06-24T11:10:29","modified_gmt":"2025-06-24T09:10:29","slug":"sifflet-pour-chien-combine-acme-641","status":"publish","type":"product","link":"https:\/\/staging.lucky-hunter.com\/fr\/product\/sifflet-pour-chien-combine-acme-641\/","title":{"rendered":"Sifflet pour chien combin\u00e9 Acme &#8211; 641"},"content":{"rendered":"<ul>\n<li>Sifflet au design unique avec son combin\u00e9<\/li>\n<li>C\u00e9l\u00e8bre son Acme Triller et note unique aigu\u00eb<\/li>\n<li>Sifflet Airfast<\/li>\n<li>60 mm de long<\/li>\n<li>Id\u00e9al pour le dressage de diff\u00e9rentes races de chiens<\/li>\n<\/ul>\n<p>Ce sifflet au design unique combine le c\u00e9l\u00e8bre son Acme Triller et un sifflet Airfast \u00e0 note unique aigu\u00eb. Avec une longueur de 60 mm, il est id\u00e9al pour le dressage de diff\u00e9rentes races de chiens.<\/p>\n","protected":false},"excerpt":{"rendered":"<p>Ce sifflet au design unique combine le c\u00e9l\u00e8bre son Acme Triller et un sifflet Airfast \u00e0 note unique aigu\u00eb.<\/p>\n","protected":false},"featured_media":61184,"template":"","meta":[],"product_brand":[],"product_cat":[8260],"product_tag":[],"yoast_head":"<!-- This site is optimized with the Yoast SEO plugin v24.3 - https:\/\/yoast.com\/wordpress\/plugins\/seo\/ -->\n<title>Sifflet pour chien combin\u00e9 Acme - 641<\/title>\n<meta name=\"description\" content=\"Ce sifflet au design unique combine le c\u00e9l\u00e8bre son Acme Triller et un sifflet Airfast \u00e0 note unique aigu\u00eb.\" \/>\n<meta name=\"robots\" content=\"noindex, follow, max-snippet:-1, max-image-preview:large, max-video-preview:-1\" \/>\n<meta property=\"og:locale\" content=\"fr_FR\" \/>\n<meta property=\"og:type\" content=\"article\" \/>\n<meta property=\"og:title\" content=\"Sifflet pour chien combin\u00e9 Acme - 641\" \/>\n<meta property=\"og:description\" content=\"Ce sifflet au design unique combine le c\u00e9l\u00e8bre son Acme Triller et un sifflet Airfast \u00e0 note unique aigu\u00eb.\" \/>\n<meta property=\"og:url\" content=\"https:\/\/staging.lucky-hunter.com\/fr\/product\/sifflet-pour-chien-combine-acme-641\/\" \/>\n<meta property=\"og:site_name\" content=\"Lucky-Hunter\" \/>\n<meta property=\"article:modified_time\" content=\"2025-06-24T09:10:29+00:00\" \/>\n<meta property=\"og:image\" content=\"https:\/\/staging.lucky-hunter.com\/wp-content\/uploads\/2023\/03\/0641_dg_orange_front_1_.png\" \/>\n\t<meta property=\"og:image:width\" content=\"1000\" \/>\n\t<meta property=\"og:image:height\" content=\"1000\" \/>\n\t<meta property=\"og:image:type\" content=\"image\/png\" \/>\n<meta name=\"twitter:card\" content=\"summary_large_image\" \/>\n<meta name=\"twitter:label1\" content=\"Dur\u00e9e de lecture estim\u00e9e\" \/>\n\t<meta name=\"twitter:data1\" content=\"1 minute\" \/>\n<script type=\"application\/ld+json\" class=\"yoast-schema-graph\">{\"@context\":\"https:\/\/schema.org\",\"@graph\":[{\"@type\":\"WebPage\",\"@id\":\"https:\/\/staging.lucky-hunter.com\/fr\/product\/sifflet-pour-chien-combine-acme-641\/\",\"url\":\"https:\/\/staging.lucky-hunter.com\/fr\/product\/sifflet-pour-chien-combine-acme-641\/\",\"name\":\"Sifflet pour chien combin\u00e9 Acme - 641\",\"isPartOf\":{\"@id\":\"https:\/\/staging.lucky-hunter.com\/#website\"},\"primaryImageOfPage\":{\"@id\":\"https:\/\/staging.lucky-hunter.com\/fr\/product\/sifflet-pour-chien-combine-acme-641\/#primaryimage\"},\"image\":{\"@id\":\"https:\/\/staging.lucky-hunter.com\/fr\/product\/sifflet-pour-chien-combine-acme-641\/#primaryimage\"},\"thumbnailUrl\":\"https:\/\/staging.lucky-hunter.com\/wp-content\/uploads\/2023\/03\/0641_dg_orange_front_1_.png\",\"datePublished\":\"2023-03-31T13:12:17+00:00\",\"dateModified\":\"2025-06-24T09:10:29+00:00\",\"description\":\"Ce sifflet au design unique combine le c\u00e9l\u00e8bre son Acme Triller et un sifflet Airfast \u00e0 note unique aigu\u00eb.\",\"breadcrumb\":{\"@id\":\"https:\/\/staging.lucky-hunter.com\/fr\/product\/sifflet-pour-chien-combine-acme-641\/#breadcrumb\"},\"inLanguage\":\"fr-FR\",\"potentialAction\":[{\"@type\":\"ReadAction\",\"target\":[\"https:\/\/staging.lucky-hunter.com\/fr\/product\/sifflet-pour-chien-combine-acme-641\/\"]}]},{\"@type\":\"ImageObject\",\"inLanguage\":\"fr-FR\",\"@id\":\"https:\/\/staging.lucky-hunter.com\/fr\/product\/sifflet-pour-chien-combine-acme-641\/#primaryimage\",\"url\":\"https:\/\/staging.lucky-hunter.com\/wp-content\/uploads\/2023\/03\/0641_dg_orange_front_1_.png\",\"contentUrl\":\"https:\/\/staging.lucky-hunter.com\/wp-content\/uploads\/2023\/03\/0641_dg_orange_front_1_.png\",\"width\":1000,\"height\":1000},{\"@type\":\"BreadcrumbList\",\"@id\":\"https:\/\/staging.lucky-hunter.com\/fr\/product\/sifflet-pour-chien-combine-acme-641\/#breadcrumb\",\"itemListElement\":[{\"@type\":\"ListItem\",\"position\":1,\"name\":\"Home\",\"item\":\"https:\/\/staging.lucky-hunter.com\/fr\/\"},{\"@type\":\"ListItem\",\"position\":2,\"name\":\"Boutique\",\"item\":\"https:\/\/staging.lucky-hunter.com\/fr\/shop\/\"},{\"@type\":\"ListItem\",\"position\":3,\"name\":\"Sifflet pour chien combin\u00e9 Acme &#8211; 641\"}]},{\"@type\":\"WebSite\",\"@id\":\"https:\/\/staging.lucky-hunter.com\/#website\",\"url\":\"https:\/\/staging.lucky-hunter.com\/\",\"name\":\"Lucky-Hunter\",\"description\":\"Gear Up or Give Up\",\"potentialAction\":[{\"@type\":\"SearchAction\",\"target\":{\"@type\":\"EntryPoint\",\"urlTemplate\":\"https:\/\/staging.lucky-hunter.com\/?s={search_term_string}\"},\"query-input\":{\"@type\":\"PropertyValueSpecification\",\"valueRequired\":true,\"valueName\":\"search_term_string\"}}],\"inLanguage\":\"fr-FR\"}]}<\/script>\n<!-- \/ Yoast SEO plugin. -->","yoast_head_json":{"title":"Sifflet pour chien combin\u00e9 Acme - 641","description":"Ce sifflet au design unique combine le c\u00e9l\u00e8bre son Acme Triller et un sifflet Airfast \u00e0 note unique aigu\u00eb.","robots":{"index":"noindex","follow":"follow","max-snippet":"max-snippet:-1","max-image-preview":"max-image-preview:large","max-video-preview":"max-video-preview:-1"},"og_locale":"fr_FR","og_type":"article","og_title":"Sifflet pour chien combin\u00e9 Acme - 641","og_description":"Ce sifflet au design unique combine le c\u00e9l\u00e8bre son Acme Triller et un sifflet Airfast \u00e0 note unique aigu\u00eb.","og_url":"https:\/\/staging.lucky-hunter.com\/fr\/product\/sifflet-pour-chien-combine-acme-641\/","og_site_name":"Lucky-Hunter","article_modified_time":"2025-06-24T09:10:29+00:00","og_image":[{"width":1000,"height":1000,"url":"https:\/\/staging.lucky-hunter.com\/wp-content\/uploads\/2023\/03\/0641_dg_orange_front_1_.png","type":"image\/png"}],"twitter_card":"summary_large_image","twitter_misc":{"Dur\u00e9e de lecture estim\u00e9e":"1 minute"},"schema":{"@context":"https:\/\/schema.org","@graph":[{"@type":"WebPage","@id":"https:\/\/staging.lucky-hunter.com\/fr\/product\/sifflet-pour-chien-combine-acme-641\/","url":"https:\/\/staging.lucky-hunter.com\/fr\/product\/sifflet-pour-chien-combine-acme-641\/","name":"Sifflet pour chien combin\u00e9 Acme - 641","isPartOf":{"@id":"https:\/\/staging.lucky-hunter.com\/#website"},"primaryImageOfPage":{"@id":"https:\/\/staging.lucky-hunter.com\/fr\/product\/sifflet-pour-chien-combine-acme-641\/#primaryimage"},"image":{"@id":"https:\/\/staging.lucky-hunter.com\/fr\/product\/sifflet-pour-chien-combine-acme-641\/#primaryimage"},"thumbnailUrl":"https:\/\/staging.lucky-hunter.com\/wp-content\/uploads\/2023\/03\/0641_dg_orange_front_1_.png","datePublished":"2023-03-31T13:12:17+00:00","dateModified":"2025-06-24T09:10:29+00:00","description":"Ce sifflet au design unique combine le c\u00e9l\u00e8bre son Acme Triller et un sifflet Airfast \u00e0 note unique aigu\u00eb.","breadcrumb":{"@id":"https:\/\/staging.lucky-hunter.com\/fr\/product\/sifflet-pour-chien-combine-acme-641\/#breadcrumb"},"inLanguage":"fr-FR","potentialAction":[{"@type":"ReadAction","target":["https:\/\/staging.lucky-hunter.com\/fr\/product\/sifflet-pour-chien-combine-acme-641\/"]}]},{"@type":"ImageObject","inLanguage":"fr-FR","@id":"https:\/\/staging.lucky-hunter.com\/fr\/product\/sifflet-pour-chien-combine-acme-641\/#primaryimage","url":"https:\/\/staging.lucky-hunter.com\/wp-content\/uploads\/2023\/03\/0641_dg_orange_front_1_.png","contentUrl":"https:\/\/staging.lucky-hunter.com\/wp-content\/uploads\/2023\/03\/0641_dg_orange_front_1_.png","width":1000,"height":1000},{"@type":"BreadcrumbList","@id":"https:\/\/staging.lucky-hunter.com\/fr\/product\/sifflet-pour-chien-combine-acme-641\/#breadcrumb","itemListElement":[{"@type":"ListItem","position":1,"name":"Home","item":"https:\/\/staging.lucky-hunter.com\/fr\/"},{"@type":"ListItem","position":2,"name":"Boutique","item":"https:\/\/staging.lucky-hunter.com\/fr\/shop\/"},{"@type":"ListItem","position":3,"name":"Sifflet pour chien combin\u00e9 Acme &#8211; 641"}]},{"@type":"WebSite","@id":"https:\/\/staging.lucky-hunter.com\/#website","url":"https:\/\/staging.lucky-hunter.com\/","name":"Lucky-Hunter","description":"Gear Up or Give Up","potentialAction":[{"@type":"SearchAction","target":{"@type":"EntryPoint","urlTemplate":"https:\/\/staging.lucky-hunter.com\/?s={search_term_string}"},"query-input":{"@type":"PropertyValueSpecification","valueRequired":true,"valueName":"search_term_string"}}],"inLanguage":"fr-FR"}]}},"_links":{"self":[{"href":"https:\/\/staging.lucky-hunter.com\/fr\/wp-json\/wp\/v2\/product\/61974"}],"collection":[{"href":"https:\/\/staging.lucky-hunter.com\/fr\/wp-json\/wp\/v2\/product"}],"about":[{"href":"https:\/\/staging.lucky-hunter.com\/fr\/wp-json\/wp\/v2\/types\/product"}],"wp:featuredmedia":[{"embeddable":true,"href":"https:\/\/staging.lucky-hunter.com\/fr\/wp-json\/wp\/v2\/media\/61184"}],"wp:attachment":[{"href":"https:\/\/staging.lucky-hunter.com\/fr\/wp-json\/wp\/v2\/media?parent=61974"}],"wp:term":[{"taxonomy":"product_brand","embeddable":true,"href":"https:\/\/staging.lucky-hunter.com\/fr\/wp-json\/wp\/v2\/product_brand?post=61974"},{"taxonomy":"product_cat","embeddable":true,"href":"https:\/\/staging.lucky-hunter.com\/fr\/wp-json\/wp\/v2\/product_cat?post=61974"},{"taxonomy":"product_tag","embeddable":true,"href":"https:\/\/staging.lucky-hunter.com\/fr\/wp-json\/wp\/v2\/product_tag?post=61974"}],"curies":[{"name":"wp","href":"https:\/\/api.w.org\/{rel}","templated":true}]}}