{"id":61973,"date":"2023-02-02T15:02:27","date_gmt":"2023-02-02T14:02:27","guid":{"rendered":"https:\/\/staging.lucky-hunter.com\/product\/weisskirchen-wxt-universal-game-call-4all-plus\/"},"modified":"2023-02-02T15:02:27","modified_gmt":"2023-02-02T14:02:27","slug":"weisskirchen-wxt-universal-game-call-4all-plus","status":"publish","type":"product","link":"https:\/\/staging.lucky-hunter.com\/fr\/product\/weisskirchen-wxt-universal-game-call-4all-plus\/","title":{"rendered":"Appeau universel Weisskirchen WXT &#8211; \u00ab\u00a04all Plus\u00a0\u00bb"},"content":{"rendered":"<h2>Appeau universel pour chevreuils, renards et canards<\/h2>\n<p>Avec l&#8217;appeau universel Weisskirchen WXT &#8211; 4all, vous pouvez d\u00e9sormais imiter plusieurs animaux diff\u00e9rents de mani\u00e8re r\u00e9aliste. Il vous permet d&#8217;appeler aussi bien les chevreuils que les renards et les canards<\/p>\n<p>L&#8217;appeau est fabriqu\u00e9 avec un mat\u00e9riau robuste pour r\u00e9sister \u00e0 des conditions extr\u00eames et il peut \u00eatre utilis\u00e9 \u00e0 tout moment de l&#8217;ann\u00e9e.<\/p>\n<p>Pour vous faciliter les choses, l&#8217;appeau est de couleur orange et peut donc \u00eatre trouv\u00e9 rapidement \u00e0 tout moment.<\/p>\n<p><strong>Appels :<\/strong><\/p>\n<ul>\n<li>Chevreuil &#8211; &#8220;Cri de contact du faon&#8221; &#8220;Faon en d\u00e9tresse&#8221;<\/li>\n<li>Appeau \u00e0 canards<\/li>\n<li>Pr\u00e9dateurs \u2013 Li\u00e8vre en d\u00e9tresse + cri de souris<\/li>\n<\/ul>\n<p><strong>Sp\u00e9cifications techniques :<\/strong><\/p>\n<ul>\n<li>Dimensions (LxlxH): 10,5 x 2 x 1,5 cm<\/li>\n<li>Couleur : orange<\/li>\n<li>Mat\u00e9riau : Plastique<\/li>\n<li>Poids : environ 50 g<\/li>\n<\/ul>\n","protected":false},"excerpt":{"rendered":"<p>Avec l&#8217;appeau universel Weisskirchen WXT, vous pouvez d\u00e9sormais imiter plusieurs animaux diff\u00e9rents de mani\u00e8re r\u00e9aliste. Il vous permet d&#8217;appeler : Chevreuils, renards et canards<\/p>\n","protected":false},"featured_media":56992,"template":"","meta":[],"product_brand":[8203],"product_cat":[8237],"product_tag":[],"yoast_head":"<!-- This site is optimized with the Yoast SEO plugin v24.3 - https:\/\/yoast.com\/wordpress\/plugins\/seo\/ -->\n<title>Appeau universel de Klaus Weisskirchen | Lucky-hunter.com<\/title>\n<meta name=\"description\" content=\"Avec l&#039;appeau universel Weisskirchen WXT, vous pouvez d\u00e9sormais imiter plusieurs animaux diff\u00e9rents de mani\u00e8re r\u00e9aliste. Il vous permet d&#039;appeler : Chevreuils, renards et canards\" \/>\n<meta name=\"robots\" content=\"noindex, follow, max-snippet:-1, max-image-preview:large, max-video-preview:-1\" \/>\n<meta property=\"og:locale\" content=\"fr_FR\" \/>\n<meta property=\"og:type\" content=\"article\" \/>\n<meta property=\"og:title\" content=\"Appeau universel de Klaus Weisskirchen | Lucky-hunter.com\" \/>\n<meta property=\"og:description\" content=\"Avec l&#039;appeau universel Weisskirchen WXT, vous pouvez d\u00e9sormais imiter plusieurs animaux diff\u00e9rents de mani\u00e8re r\u00e9aliste. Il vous permet d&#039;appeler : Chevreuils, renards et canards\" \/>\n<meta property=\"og:url\" content=\"https:\/\/staging.lucky-hunter.com\/fr\/product\/weisskirchen-wxt-universal-game-call-4all-plus\/\" \/>\n<meta property=\"og:site_name\" content=\"Lucky-Hunter\" \/>\n<meta property=\"og:image\" content=\"https:\/\/staging.lucky-hunter.com\/wp-content\/uploads\/2023\/02\/510540.png\" \/>\n\t<meta property=\"og:image:width\" content=\"1000\" \/>\n\t<meta property=\"og:image:height\" content=\"1000\" \/>\n\t<meta property=\"og:image:type\" content=\"image\/png\" \/>\n<meta name=\"twitter:card\" content=\"summary_large_image\" \/>\n<meta name=\"twitter:label1\" content=\"Dur\u00e9e de lecture estim\u00e9e\" \/>\n\t<meta name=\"twitter:data1\" content=\"1 minute\" \/>\n<script type=\"application\/ld+json\" class=\"yoast-schema-graph\">{\"@context\":\"https:\/\/schema.org\",\"@graph\":[{\"@type\":\"WebPage\",\"@id\":\"https:\/\/staging.lucky-hunter.com\/fr\/product\/weisskirchen-wxt-universal-game-call-4all-plus\/\",\"url\":\"https:\/\/staging.lucky-hunter.com\/fr\/product\/weisskirchen-wxt-universal-game-call-4all-plus\/\",\"name\":\"Appeau universel de Klaus Weisskirchen | Lucky-hunter.com\",\"isPartOf\":{\"@id\":\"https:\/\/staging.lucky-hunter.com\/#website\"},\"primaryImageOfPage\":{\"@id\":\"https:\/\/staging.lucky-hunter.com\/fr\/product\/weisskirchen-wxt-universal-game-call-4all-plus\/#primaryimage\"},\"image\":{\"@id\":\"https:\/\/staging.lucky-hunter.com\/fr\/product\/weisskirchen-wxt-universal-game-call-4all-plus\/#primaryimage\"},\"thumbnailUrl\":\"https:\/\/staging.lucky-hunter.com\/wp-content\/uploads\/2023\/02\/510540.png\",\"datePublished\":\"2023-02-02T14:02:27+00:00\",\"dateModified\":\"2023-02-02T14:02:27+00:00\",\"description\":\"Avec l'appeau universel Weisskirchen WXT, vous pouvez d\u00e9sormais imiter plusieurs animaux diff\u00e9rents de mani\u00e8re r\u00e9aliste. Il vous permet d'appeler : Chevreuils, renards et canards\",\"breadcrumb\":{\"@id\":\"https:\/\/staging.lucky-hunter.com\/fr\/product\/weisskirchen-wxt-universal-game-call-4all-plus\/#breadcrumb\"},\"inLanguage\":\"fr-FR\",\"potentialAction\":[{\"@type\":\"ReadAction\",\"target\":[\"https:\/\/staging.lucky-hunter.com\/fr\/product\/weisskirchen-wxt-universal-game-call-4all-plus\/\"]}]},{\"@type\":\"ImageObject\",\"inLanguage\":\"fr-FR\",\"@id\":\"https:\/\/staging.lucky-hunter.com\/fr\/product\/weisskirchen-wxt-universal-game-call-4all-plus\/#primaryimage\",\"url\":\"https:\/\/staging.lucky-hunter.com\/wp-content\/uploads\/2023\/02\/510540.png\",\"contentUrl\":\"https:\/\/staging.lucky-hunter.com\/wp-content\/uploads\/2023\/02\/510540.png\",\"width\":1000,\"height\":1000,\"caption\":\"Universal game call\"},{\"@type\":\"BreadcrumbList\",\"@id\":\"https:\/\/staging.lucky-hunter.com\/fr\/product\/weisskirchen-wxt-universal-game-call-4all-plus\/#breadcrumb\",\"itemListElement\":[{\"@type\":\"ListItem\",\"position\":1,\"name\":\"Home\",\"item\":\"https:\/\/staging.lucky-hunter.com\/fr\/\"},{\"@type\":\"ListItem\",\"position\":2,\"name\":\"Boutique\",\"item\":\"https:\/\/staging.lucky-hunter.com\/fr\/shop\/\"},{\"@type\":\"ListItem\",\"position\":3,\"name\":\"Appeau universel Weisskirchen WXT &#8211; \u00ab\u00a04all Plus\u00a0\u00bb\"}]},{\"@type\":\"WebSite\",\"@id\":\"https:\/\/staging.lucky-hunter.com\/#website\",\"url\":\"https:\/\/staging.lucky-hunter.com\/\",\"name\":\"Lucky-Hunter\",\"description\":\"Gear Up or Give Up\",\"potentialAction\":[{\"@type\":\"SearchAction\",\"target\":{\"@type\":\"EntryPoint\",\"urlTemplate\":\"https:\/\/staging.lucky-hunter.com\/?s={search_term_string}\"},\"query-input\":{\"@type\":\"PropertyValueSpecification\",\"valueRequired\":true,\"valueName\":\"search_term_string\"}}],\"inLanguage\":\"fr-FR\"}]}<\/script>\n<!-- \/ Yoast SEO plugin. -->","yoast_head_json":{"title":"Appeau universel de Klaus Weisskirchen | Lucky-hunter.com","description":"Avec l'appeau universel Weisskirchen WXT, vous pouvez d\u00e9sormais imiter plusieurs animaux diff\u00e9rents de mani\u00e8re r\u00e9aliste. Il vous permet d'appeler : Chevreuils, renards et canards","robots":{"index":"noindex","follow":"follow","max-snippet":"max-snippet:-1","max-image-preview":"max-image-preview:large","max-video-preview":"max-video-preview:-1"},"og_locale":"fr_FR","og_type":"article","og_title":"Appeau universel de Klaus Weisskirchen | Lucky-hunter.com","og_description":"Avec l'appeau universel Weisskirchen WXT, vous pouvez d\u00e9sormais imiter plusieurs animaux diff\u00e9rents de mani\u00e8re r\u00e9aliste. Il vous permet d'appeler : Chevreuils, renards et canards","og_url":"https:\/\/staging.lucky-hunter.com\/fr\/product\/weisskirchen-wxt-universal-game-call-4all-plus\/","og_site_name":"Lucky-Hunter","og_image":[{"width":1000,"height":1000,"url":"https:\/\/staging.lucky-hunter.com\/wp-content\/uploads\/2023\/02\/510540.png","type":"image\/png"}],"twitter_card":"summary_large_image","twitter_misc":{"Dur\u00e9e de lecture estim\u00e9e":"1 minute"},"schema":{"@context":"https:\/\/schema.org","@graph":[{"@type":"WebPage","@id":"https:\/\/staging.lucky-hunter.com\/fr\/product\/weisskirchen-wxt-universal-game-call-4all-plus\/","url":"https:\/\/staging.lucky-hunter.com\/fr\/product\/weisskirchen-wxt-universal-game-call-4all-plus\/","name":"Appeau universel de Klaus Weisskirchen | Lucky-hunter.com","isPartOf":{"@id":"https:\/\/staging.lucky-hunter.com\/#website"},"primaryImageOfPage":{"@id":"https:\/\/staging.lucky-hunter.com\/fr\/product\/weisskirchen-wxt-universal-game-call-4all-plus\/#primaryimage"},"image":{"@id":"https:\/\/staging.lucky-hunter.com\/fr\/product\/weisskirchen-wxt-universal-game-call-4all-plus\/#primaryimage"},"thumbnailUrl":"https:\/\/staging.lucky-hunter.com\/wp-content\/uploads\/2023\/02\/510540.png","datePublished":"2023-02-02T14:02:27+00:00","dateModified":"2023-02-02T14:02:27+00:00","description":"Avec l'appeau universel Weisskirchen WXT, vous pouvez d\u00e9sormais imiter plusieurs animaux diff\u00e9rents de mani\u00e8re r\u00e9aliste. Il vous permet d'appeler : Chevreuils, renards et canards","breadcrumb":{"@id":"https:\/\/staging.lucky-hunter.com\/fr\/product\/weisskirchen-wxt-universal-game-call-4all-plus\/#breadcrumb"},"inLanguage":"fr-FR","potentialAction":[{"@type":"ReadAction","target":["https:\/\/staging.lucky-hunter.com\/fr\/product\/weisskirchen-wxt-universal-game-call-4all-plus\/"]}]},{"@type":"ImageObject","inLanguage":"fr-FR","@id":"https:\/\/staging.lucky-hunter.com\/fr\/product\/weisskirchen-wxt-universal-game-call-4all-plus\/#primaryimage","url":"https:\/\/staging.lucky-hunter.com\/wp-content\/uploads\/2023\/02\/510540.png","contentUrl":"https:\/\/staging.lucky-hunter.com\/wp-content\/uploads\/2023\/02\/510540.png","width":1000,"height":1000,"caption":"Universal game call"},{"@type":"BreadcrumbList","@id":"https:\/\/staging.lucky-hunter.com\/fr\/product\/weisskirchen-wxt-universal-game-call-4all-plus\/#breadcrumb","itemListElement":[{"@type":"ListItem","position":1,"name":"Home","item":"https:\/\/staging.lucky-hunter.com\/fr\/"},{"@type":"ListItem","position":2,"name":"Boutique","item":"https:\/\/staging.lucky-hunter.com\/fr\/shop\/"},{"@type":"ListItem","position":3,"name":"Appeau universel Weisskirchen WXT &#8211; \u00ab\u00a04all Plus\u00a0\u00bb"}]},{"@type":"WebSite","@id":"https:\/\/staging.lucky-hunter.com\/#website","url":"https:\/\/staging.lucky-hunter.com\/","name":"Lucky-Hunter","description":"Gear Up or Give Up","potentialAction":[{"@type":"SearchAction","target":{"@type":"EntryPoint","urlTemplate":"https:\/\/staging.lucky-hunter.com\/?s={search_term_string}"},"query-input":{"@type":"PropertyValueSpecification","valueRequired":true,"valueName":"search_term_string"}}],"inLanguage":"fr-FR"}]}},"_links":{"self":[{"href":"https:\/\/staging.lucky-hunter.com\/fr\/wp-json\/wp\/v2\/product\/61973"}],"collection":[{"href":"https:\/\/staging.lucky-hunter.com\/fr\/wp-json\/wp\/v2\/product"}],"about":[{"href":"https:\/\/staging.lucky-hunter.com\/fr\/wp-json\/wp\/v2\/types\/product"}],"wp:featuredmedia":[{"embeddable":true,"href":"https:\/\/staging.lucky-hunter.com\/fr\/wp-json\/wp\/v2\/media\/56992"}],"wp:attachment":[{"href":"https:\/\/staging.lucky-hunter.com\/fr\/wp-json\/wp\/v2\/media?parent=61973"}],"wp:term":[{"taxonomy":"product_brand","embeddable":true,"href":"https:\/\/staging.lucky-hunter.com\/fr\/wp-json\/wp\/v2\/product_brand?post=61973"},{"taxonomy":"product_cat","embeddable":true,"href":"https:\/\/staging.lucky-hunter.com\/fr\/wp-json\/wp\/v2\/product_cat?post=61973"},{"taxonomy":"product_tag","embeddable":true,"href":"https:\/\/staging.lucky-hunter.com\/fr\/wp-json\/wp\/v2\/product_tag?post=61973"}],"curies":[{"name":"wp","href":"https:\/\/api.w.org\/{rel}","templated":true}]}}